{"id":239145,"date":"2025-06-02T01:00:07","date_gmt":"2025-06-02T01:00:07","guid":{"rendered":"https:\/\/linkxa.es\/contratacion\/producto\/switch-24-puertos-10-100-19-pulgadas\/"},"modified":"2025-12-08T12:21:01","modified_gmt":"2025-12-08T12:21:01","slug":"switch-24-puertos-10-100-19-pulgadas","status":"publish","type":"product","link":"https:\/\/linkxa.es\/linkshop\/producto\/switch-24-puertos-10-100-19-pulgadas\/","title":{"rendered":"Switch 24 puertos 10 100 19 pulgadas"},"content":{"rendered":"<div style=\"text-align: center; margin-bottom: 20px;\">\n<h2 style=\"font-size: 22px; font-weight: 600; margin: 0; color: #333;\">Tp &#8211; link\u00a0|\u00a0 Switch<\/h2>\n<p><strong>Switch 24 puertos 10 &#8211; 100 19 pulgadas tp link<\/strong><\/p>\n<\/div>\n<p style=\"max-width: 700px; margin: 0px auto 30px; font-size: 18px; line-height: 1.6; color: #555555; font-style: italic; text-align: left;\">Switch para bastidor con 24 puertos a 10\/100 Mbps TL-SF1024<\/p>\n<p>24 puertos RJ45 a 10\/100 Mbps<br \/>Innovadora tecnolog\u00eda de eficiencia energ\u00e9tica que ahorra hasta un 75% de<br \/>energ\u00eda<br \/>Soporta aprendizaje de direcciones MAC (Auto-Learning) y MDI\/MDIX<br \/>autom\u00e1tico<br \/>Carcasa met\u00e1lica est\u00e1ndar de 19 pulgadas<\/p>\n<p>CARACTER\u00cdSTICAS DE HARDWARE<br \/>Est\u00e1ndares y Protocolos IEEE 802.3i, IEEE 802.3u, IEEE 802.3x<br \/>Interfaz 24 puertos RJ45 a 10\/100 Mbps<br \/>Negociaci\u00f3n autom\u00e1tica, MDI\/MDIX autom\u00e1tico<br \/>Medios de Red 10BASE-T: UTP category 3, 4, 5 cable (maximum 100m)<br \/>100BASE-TX: UTP category 5, 5e or above cable (maximum 100m)<br \/>Cantidad de Ventiladores Sin ventilador<br \/>Fuente de Alimentaci\u00f3n 100-240VAC, 50\/60Hz<br \/>Consumo de Potencia M\u00e1ximo: 3.53W (220V\/50Hz)<br \/>Dimensiones 17,3*7,2*1,7 pulgadas (440*360*44 mm)<br \/>Montaje Rack Mountable<br \/>Consumo de Potencia M\u00e1ximo 3.19W(220V\/50Hz)<br \/>Max Heat Dissipation 10.88BTU\/h<br \/>RENDIMIENTO<br \/>Capacidad de Conmutaci\u00f3n 4.8Gbps<br \/>Tasa de Reenv\u00edo de Paquetes 3.57Mpps<br \/>Tabla de Direcciones MAC 8K<br \/>Memoria de Buffer 2Mb<br \/>Tecnolog\u00eda Ecol\u00f3gica Tecnolog\u00eda de eficiencia energ\u00e9tica innovadora que<br \/>ahorra energ\u00eda hasta un 75%<br \/>M\u00e9todo de Transferencia Store-and-Forward<br \/>Otros<br \/>Certificaciones FCC, CE, RoHS<br \/>Contenido del Paquete Switch para Montaje en Rack de 24 puertos 10 \/<br \/>100Mbps<br \/>Cable de alimentaci\u00f3n<br \/>Gu\u00eda De Instalaci\u00f3n<br \/>Kit de Montaje en Rack<br \/>Pies de Goma<br \/>Requisitos del sistema Microsoft\u00ae Windows\u00ae 8, 7,Vista, XP or MAC\u00ae<br \/>OS, NetWare\u00ae, UNIX\u00ae or Linux.<br \/>Factores Ambientales Temperatura de funcionamiento : 0 ~ 40 (32<br \/>~ 104),<br \/>Temperatura de almacenamiento: -40 ~ 70 (-40 ~ 158),<br \/>Humedad: 10% ~ 90% sin condensaci\u00f3n,<br \/>Humedad de almacenamiento: 5% ~ 90% sin condensaci\u00f3n<\/p>\n","protected":false},"excerpt":{"rendered":"<p>Switch 24 puertos 10 &#8211; 100 19 pulgadas tp link<\/p>\n","protected":false},"featured_media":239146,"comment_status":"open","ping_status":"open","template":"","meta":{"_et_pb_use_builder":"","_et_pb_old_content":"","_et_gb_content_width":""},"product_brand":[3946],"product_cat":[2058,3261,3270,3955],"product_tag":[3264,3273,3948],"class_list":{"0":"post-239145","1":"product","2":"type-product","3":"status-publish","4":"has-post-thumbnail","6":"product_brand-tp-link","7":"product_cat-dispositivos","8":"product_cat-redes","9":"product_cat-switch","10":"product_cat-tp-link-switch","11":"product_tag-redes","12":"product_tag-switch","13":"product_tag-tp-link","14":"product_shipping_class-2088","15":"pa_canon-digital-impuesto-incluido-de-0-e","16":"pa_categoria-redes","17":"pa_marca-tp-link","18":"pa_peso-4058","19":"pa_referencia-tl-sf1024","21":"first","22":"instock","23":"sale","24":"taxable","25":"shipping-taxable","26":"purchasable","27":"product-type-simple"},"_links":{"self":[{"href":"https:\/\/linkxa.es\/linkshop\/wp-json\/wp\/v2\/product\/239145","targetHints":{"allow":["GET"]}}],"collection":[{"href":"https:\/\/linkxa.es\/linkshop\/wp-json\/wp\/v2\/product"}],"about":[{"href":"https:\/\/linkxa.es\/linkshop\/wp-json\/wp\/v2\/types\/product"}],"replies":[{"embeddable":true,"href":"https:\/\/linkxa.es\/linkshop\/wp-json\/wp\/v2\/comments?post=239145"}],"wp:featuredmedia":[{"embeddable":true,"href":"https:\/\/linkxa.es\/linkshop\/wp-json\/wp\/v2\/media\/239146"}],"wp:attachment":[{"href":"https:\/\/linkxa.es\/linkshop\/wp-json\/wp\/v2\/media?parent=239145"}],"wp:term":[{"taxonomy":"product_brand","embeddable":true,"href":"https:\/\/linkxa.es\/linkshop\/wp-json\/wp\/v2\/product_brand?post=239145"},{"taxonomy":"product_cat","embeddable":true,"href":"https:\/\/linkxa.es\/linkshop\/wp-json\/wp\/v2\/product_cat?post=239145"},{"taxonomy":"product_tag","embeddable":true,"href":"https:\/\/linkxa.es\/linkshop\/wp-json\/wp\/v2\/product_tag?post=239145"}],"curies":[{"name":"wp","href":"https:\/\/api.w.org\/{rel}","templated":true}]}}