{"id":239147,"date":"2025-02-01T05:09:21","date_gmt":"2025-02-01T05:09:21","guid":{"rendered":"https:\/\/linkxa.es\/contratacion\/producto\/switch-8-puertos-10-100-1000-3\/"},"modified":"2025-12-08T12:21:24","modified_gmt":"2025-12-08T12:21:24","slug":"switch-8-puertos-10-100-1000-3","status":"publish","type":"product","link":"https:\/\/linkxa.es\/linkshop\/producto\/switch-8-puertos-10-100-1000-3\/","title":{"rendered":"Switch 8 puertos 10 100 1000"},"content":{"rendered":"<div style=\"text-align: center; margin-bottom: 20px;\">\n<h2 style=\"font-size: 22px; font-weight: 600; margin: 0; color: #333;\">Tp &#8211; link\u00a0|\u00a0 Switch<\/h2>\n<p><strong>Switch 8 puertos 10 &#8211; 100 &#8211; 1000 tp &#8211; link gris<\/strong><\/p>\n<\/div>\n<p style=\"max-width: 700px; margin: 0px auto 30px; font-size: 18px; line-height: 1.6; color: #555555; font-style: italic; text-align: left;\">8 puertos de 10\/100\/1000Mbps RJ45<br \/>Proporciona funciones de supervisi\u00f3n de red, priorizaci\u00f3n de tr\u00e1fico y<br \/>VLAN Tecnolog\u00eda de eficiencia energ\u00e9tica innovadora que reduce el gasto<br \/>de energ\u00eda hasta en un 80%<br \/>F\u00e1cil configuraci\u00f3n de red con la conectividad plug-and-play<br \/>Administraci\u00f3n centralizada de todos los Switches Easy Smart con la<br \/>Utilidad de configuraci\u00f3n Easy Smart<\/p>\n<p>8 puertos 10\/100\/1000 Mbps que ofrecen grandes transferencias de<br \/>archivos al instante<br \/>Innovadora tecnolog\u00eda de eficiencia energ\u00e9tica que reduce el consumo de<br \/>energ\u00eda hasta en un 80%<br \/>Control de flujo IEEE 802.3x que proporciona transferencias de datos<br \/>fiables Jumbo Frames de 16K mejoran el rendimiento de las transferencias<br \/>de datos de gran tama\u00f1o<br \/>Supervisi\u00f3n de red efectiva a trav\u00e9s de la duplicaci\u00f3n de puertos,<br \/>prevenci\u00f3n de bucles y diagn\u00f3sticos de los cables<br \/>QoS basado en etiquetas y puertos que permiten que el tr\u00e1fico sensible a<br \/>la latencia sea muy suave<br \/>Las caracter\u00edsticas de VLAN mejoran la seguridad de la red a trav\u00e9s de la<br \/>segmentaci\u00f3n del tr\u00e1fico<br \/>IGMP Snooping que optimiza las aplicaciones de multidifusi\u00f3n<br \/>Administraci\u00f3n centralizada de todos los interruptores Easy Smart con la<br \/>Utilidad de configuraci\u00f3n Easy Smart<br \/>CARACTER\u00cdSTICAS DE HARDWARE<br \/>Est\u00e1ndares y Protocolos IEEE 802.3, IEEE 802.3u, IEEE 802.3ab, IEEE<br \/>802.3x, IEEE 802.1q, IEEE 802.1p<br \/>Interfaces 8 puertos 10\/100\/1000Mbps RJ45<br \/>AUTO Negociaci\u00f3n\/AUTO MDI\/MDIX<br \/>Interfaces 8 10\/100\/1000Mbps RJ45 Ports<br \/>AUTO Negotiation\/AUTO MDI\/MDIX<br \/>Red Multimedia 10BASE-T: Cable UTP categor\u00eda 3, 4, 5 (m\u00e1ximo de 100m)<br \/>EIA\/TIA-568 100O STP (m\u00e1ximo de 100m)<br \/>100BASE-TX: Cable UTP categor\u00eda 5, 5e (m\u00e1ximo de 100m)<br \/>EIA\/TIA-568 100O STP (m\u00e1ximo de 100m)<br \/>1000BASE-T: Cable UTP categor\u00eda 5, 5e, 6 o superior (m\u00e1ximo de 100m)<br \/>EIA\/TIA-568 100O STP (m\u00e1ximo de 100m)<br \/>Cantidad de Ventiladores Sin ventilador<br \/>Fuente de Alimentaci\u00f3n 100-240VAC, 50\/60Hz<br \/>Dimensiones 158*101*25 mm<br \/>Consumo de Potencia M\u00e1ximo: 5.46W (220V\/50Hz)<br \/>Rendimiento<br \/>Tasa de Reenv\u00edo de Paquetes 11.9Mpps<br \/>Tabla de Direcciones MAC 8K<br \/>Memoria del Paquete de Buffer 2Mb<br \/>Jumbo Frame 16KB<br \/>Caracter\u00edsticas de Software<br \/>Calidad de Servicio Soporta prioridad basada en puertos y 802.1p<br \/>Soporta 4 colas de prioridad<br \/>Limitador de tr\u00e1fico<br \/>Control de Tormentas<br \/>Caracter\u00edsticas L2 IGMP Snooping<br \/>Agregaci\u00f3n de puertos<br \/>Port Mirroring<br \/>Diagn\u00f3sticos del Cable<br \/>Prevenci\u00f3n de bucles<br \/>VLAN Soporta hasta 32 VLAN de manera simult\u00e1nea (de entre 4,000<br \/>VLAN)<br \/>VLAN MTU\/Puerto\/Etiqueta<br \/>M\u00e9todo de Transmisi\u00f3n Store-And-Forward<br \/>Otros<br \/>Certificaciones FCC, CE, RoHS<br \/>Contenido del Paquete TL-SG108E<br \/>Cable de corriente<br \/>Gu\u00eda de Instalaci\u00f3n<br \/>CD de Recursos<br \/>Bases de Goma<br \/>Requisitos del sistema Microsoft Windows XP, Vista Windows 7 or<br \/>Windows 8, MAC OS, NetWare, UNIX or Linux.<br \/>Ambiente Operating Temperature: 0?~40? (32?~104?)<br \/>Storage Temperature: -40?~70? (-40?~158?)<br \/>Operating Humidity: 10%~90% non-condensing<br \/>Storage Humidity: 5%~90% non-condensing<\/p>\n","protected":false},"excerpt":{"rendered":"<p>Switch 8 puertos 10 &#8211; 100 &#8211; 1000 tp &#8211; link gris<\/p>\n","protected":false},"featured_media":0,"comment_status":"open","ping_status":"open","template":"","meta":{"_et_pb_use_builder":"","_et_pb_old_content":"","_et_gb_content_width":""},"product_brand":[3946],"product_cat":[2058,3261,3270,3955],"product_tag":[3264,3273,3948],"class_list":{"0":"post-239147","1":"product","2":"type-product","3":"status-publish","5":"product_brand-tp-link","6":"product_cat-dispositivos","7":"product_cat-redes","8":"product_cat-switch","9":"product_cat-tp-link-switch","10":"product_tag-redes","11":"product_tag-switch","12":"product_tag-tp-link","13":"product_shipping_class-2088","14":"pa_canon-digital-impuesto-incluido-de-0-e","15":"pa_categoria-redes","16":"pa_marca-tp-link","17":"pa_peso-4060","18":"pa_referencia-tl-sg108e","20":"first","21":"instock","22":"sale","23":"taxable","24":"shipping-taxable","25":"purchasable","26":"product-type-simple"},"_links":{"self":[{"href":"https:\/\/linkxa.es\/linkshop\/wp-json\/wp\/v2\/product\/239147","targetHints":{"allow":["GET"]}}],"collection":[{"href":"https:\/\/linkxa.es\/linkshop\/wp-json\/wp\/v2\/product"}],"about":[{"href":"https:\/\/linkxa.es\/linkshop\/wp-json\/wp\/v2\/types\/product"}],"replies":[{"embeddable":true,"href":"https:\/\/linkxa.es\/linkshop\/wp-json\/wp\/v2\/comments?post=239147"}],"wp:attachment":[{"href":"https:\/\/linkxa.es\/linkshop\/wp-json\/wp\/v2\/media?parent=239147"}],"wp:term":[{"taxonomy":"product_brand","embeddable":true,"href":"https:\/\/linkxa.es\/linkshop\/wp-json\/wp\/v2\/product_brand?post=239147"},{"taxonomy":"product_cat","embeddable":true,"href":"https:\/\/linkxa.es\/linkshop\/wp-json\/wp\/v2\/product_cat?post=239147"},{"taxonomy":"product_tag","embeddable":true,"href":"https:\/\/linkxa.es\/linkshop\/wp-json\/wp\/v2\/product_tag?post=239147"}],"curies":[{"name":"wp","href":"https:\/\/api.w.org\/{rel}","templated":true}]}}