{"id":239148,"date":"2025-06-26T17:07:47","date_gmt":"2025-06-26T17:07:47","guid":{"rendered":"https:\/\/linkxa.es\/contratacion\/producto\/switch-8-puertos-10-100-1000-4\/"},"modified":"2025-12-08T12:21:55","modified_gmt":"2025-12-08T12:21:55","slug":"switch-8-puertos-10-100-1000-4","status":"publish","type":"product","link":"https:\/\/linkxa.es\/linkshop\/producto\/switch-8-puertos-10-100-1000-4\/","title":{"rendered":"Switch 8 puertos 10 100 1000"},"content":{"rendered":"<div style=\"text-align: center; margin-bottom: 20px;\">\n<h2 style=\"font-size: 22px; font-weight: 600; margin: 0; color: #333;\">Tp &#8211; link\u00a0|\u00a0 Switch<\/h2>\n<p><strong>Switch 8 puertos 10 &#8211; 100 &#8211; 1000 poe 150w +2 sfp gestion l2+ tp &#8211; link<\/strong><\/p>\n<\/div>\n<p style=\"max-width: 700px; margin: 0px auto 30px; font-size: 18px; line-height: 1.6; color: #555555; font-style: italic; text-align: left;\">Switch Smart Gigabit JetStream de 10 puertos con 8 puertos PoE +<\/p>\n<p>Presupuesto PoE de 150 W: 8 puertos 802.3at \/ af PoE + con un suministro<br \/>total de 150 W *.<br \/>Puertos Gigabit completos: los 8 puertos PoE + gigabit y las 2 ranuras SFP<br \/>gigabit proporcionan conexiones de alta velocidad.<br \/>Integrado en Omada SDN: Zero-Touch Provisioning (ZTP) **, Administraci\u00f3n<br \/>centralizada v\u00eda nube y monitorizaci\u00f3n inteligente.<br \/>Administraci\u00f3n centralizada: acceso a la nube y aplicaci\u00f3n Omada para una<br \/>comodidad y administraci\u00f3n f\u00e1ciles.<br \/>Estrategias de seguridad robustas: enlace de puertos IP-MAC, ACL,<br \/>seguridad de puertos, defensa DoS, control de tormentas, inspecci\u00f3n DHCP,<br \/>802.1X, autenticaci\u00f3n de radio y m\u00e1s.<br \/>Optimizaci\u00f3n de las aplicaciones de voz y video: L2 \/ L3 \/ L4 QoS e IGMP<br \/>snooping.<br \/>CARACTER\u00cdSTICAS DE HARDWARE<br \/>Est\u00e1ndares y Protocolos IEEE 802.3i, IEEE 802.3u, IEEE 802.3ab, IEEE802.3z, IEEE<br \/>802.3ad, IEEE 802.3x, IEEE 802.3af, IEEE 802.3at, IEEE 802.3az, IEEE 802.1d, IEEE<br \/>802.1s, IEEE 802.1w, IEEE 802.1q, IEEE 802.1x, IEEE 802.1p<br \/>Interfaz Puertos RJ45 8 10\/100\/1000 Mbps, todos compatibles con PoE +<br \/>(negociaci\u00f3n autom\u00e1tica \/ MDI \/ MDIX autom\u00e1tico)<br \/>2 ranuras SFP de 100\/1000 Mbps<br \/>Medios de Red 10BASE-T: cable UTP \/ STP categor\u00eda 3, 4, 5 (m\u00e1ximo 100 m)<br \/>100BASE-TX \/ 1000Base-T: cable UTP \/ STP categor\u00eda 5, 5e o superior (m\u00e1ximo<br \/>100 m)<br \/>100BASE-FX: MMF, SMF<br \/>1000BASE-X: MMF, SMF<br \/>Cantidad de Ventiladores 1<br \/>Bloqueo de Seguridad F\u00edsico Si<br \/>Puertos PoE+ (RJ45) Est\u00e1ndar: compatible con 802.3at \/ af<br \/>Puertos PoE +: 8 puertos<br \/>Fuente de alimentaci\u00f3n: 150 W<br \/>Dimensiones 294 x 180 x 44 mm (11.6 x 7.1 x 1.7 in)<br \/>Montaje Montaje en rack<br \/>Consumo de Potencia M\u00e1ximo 12.2 W (110 V \/ 60 Hz with no PD<br \/>connected)<br \/>173.9 W (110 V \/ 60 Hz with 150 W PD connected)<br \/>Max Heat Dissipation 41.63 BTU\/h (with no PD connected)<br \/>539.35 BTU\/h (with 150 W PD connected)<br \/>RENDIMIENTO<br \/>Capacidad de Conmutaci\u00f3n 20 Gbps<br \/>Tasa de Reenv\u00edo de Paquetes 14.9 Mpps<br \/>Tabla de Direcciones MAC 8K<br \/>Memoria del Buffer de Paquete 4.1 Mbit<br \/>Jumbo Frame 9 KB<br \/>CARACTER\u00cdSTICAS DE SOFTWARE<br \/>Calidad de Servicio 802.1p CoS \/ DSCP prioridad<br \/>8 colas prioritarias<br \/>Modo de programaci\u00f3n prioritaria<br \/>&#8211; SP (Prioridad estricta)<br \/>&#8211; WRR (ponderado Round Robin)<br \/>Configuraci\u00f3n de peso de cola<br \/>Control de Ancho de Banda<br \/>&#8211; L\u00edmite de clasificaci\u00f3n basado en puerto \/ flujo<br \/>Rendimiento m\u00e1s fluido<br \/>Acciones para flujos<br \/>&#8211; Espejo (a la interfaz compatible)<br \/>&#8211; Redirigir (a la interfaz compatible)<br \/>&#8211; L\u00edmite de tarifa<br \/>&#8211; Observaci\u00f3n de QoS<br \/>Control de tormentas<br \/>&#8211; Modos de control m\u00faltiples (kbps \/ ratio \/ pps)<br \/>&#8211; Control de difusi\u00f3n \/ multidifusi\u00f3n \/ desconocido-unidifusi\u00f3n<br \/>Caracter\u00edsticas L2 y L2+ DHCP Relay<br \/>&#8211; DHCP VLAN Relay<br \/>DHCP L2 Relay<br \/>Link Aggregation<br \/>&#8211; Static link aggregation<br \/>&#8211; 802.3ad LACP<br \/>&#8211; Up to 8 aggregation groups and up to 8 ports<br \/>per group<br \/>Spanning Tree Protocol<br \/>&#8211; 802.1D STP<br \/>&#8211; 802.1w RSTP<br \/>&#8211; 802.1s MSTP<br \/>&#8211; STP Security: TC Protect, BPDU Filter\/Protect,<br \/>Root Protect<br \/>Loopback Detection<br \/>Flow Control<br \/>&#8211; 802.3x Flow Control<br \/>Mirroring<br \/>&#8211; Port Mirroring<br \/>&#8211; CPU Mirroring<br \/>&#8211; One-to-One<br \/>&#8211; Many-to-One<br \/>&#8211; Flow-Based<br \/>&#8211; Ingress\/Egress\/Both<br \/>Device Link Detect Protocol (DLDP)<br \/>802.1ab LLDP\/ LLDP-MED<br \/>Caracter\u00edsticas L2 Link Aggregation<br \/>&#8211; static link aggregation<br \/>&#8211; Up to 8 aggregation groups and up to 8 ports per group<br \/>&#8211; 802.3ad LACP<br \/>Spanning Tree Protocol<br \/>&#8211; 802.1D STP<br \/>&#8211; 802.1w RSTP<br \/>&#8211; 802.1s MSTP<br \/>&#8211; STP Security: Loop back detection, TC Protect, BPDU Filter\/Protect, Root<br \/>Protect Loopback Detection<br \/>Flow Control<br \/>&#8211; 802.3x Flow Control<br \/>Mirroring<br \/>&#8211; Port Mirroring<br \/>&#8211; One-to-One<br \/>&#8211; Many-to-One<br \/>&#8211; Flow-Based<br \/>&#8211; Ingress\/Egress\/Both<br \/>&#8211; CPU Mirroring<br \/>Device Link Detect Protocol(DLDP)<br \/>Multicast L2 512 IPv4,IPv6 shared multicast groups<br \/>IGMP Snooping<br \/>&#8211; IGMP v1\/v2\/v3 Snooping<br \/>&#8211; Fast Leave<br \/>&#8211; IGMP Snooping Querier<br \/>&#8211; IGMP Authentication<br \/>&#8211; Static Group Config<br \/>MLD Snooping<br \/>&#8211; MLD v1\/v2 Snooping<br \/>&#8211; Fast Leave<br \/>&#8211; MLD Snooping Querier<br \/>&#8211; Static Group Config<br \/>Multicast VLAN Registration<br \/>Multicast Filtering<br \/>IPv6 Support IPv6 Dual IPv4\/IPv6<br \/>Multicast Listener Discovery(MLD) Snooping<br \/>IPv6 neighbor discovery (ND)<br \/>Path maximum transmission unit (MTU) discovery<br \/>Internet Control Message Protocol (ICMP) version 6<br \/>TCPv6\/UDPv6<br \/>IPv6 applications<br \/>&#8211; DHCPv6 Client<br \/>&#8211; Ping6<br \/>&#8211; Tracert6<br \/>&#8211; Telnet(v6)<br \/>&#8211; IPv6 SNMP<br \/>&#8211; IPv6 SSH<br \/>&#8211; IPv6 SSL<br \/>&#8211; Http\/Https<br \/>&#8211; IPv6 TFTP<br \/>VLAN VLAN Group<br \/>&#8211; Max. 4K VLAN Groups<br \/>802.1Q tag VLAN<br \/>MAC VLAN<br \/>Protocol VLAN<br \/>GVRP<br \/>Voice VLAN<br \/>Lista de Control de Acceso Support up to 230 entries<br \/>Time-Range<br \/>&#8211; Time Slice<br \/>&#8211; Week Time-Range<br \/>&#8211; Absolute Time-Range<br \/>&#8211; Holiday<br \/>Time-based ACL<br \/>MAC ACL<br \/>&#8211; Source MAC<br \/>&#8211; Destination MAC<br \/>&#8211; VLAN ID<br \/>&#8211; User Priority<br \/>&#8211; Ether Type<br \/>IP ACL<br \/>&#8211; Source IP<br \/>&#8211; Destination IP<br \/>&#8211; IP Protocol<br \/>&#8211; TCP Flag<br \/>&#8211; TCP\/UDP Source Port<br \/>&#8211; TCP\/UDP Destination Port<br \/>&#8211; DSCP\/IP TOS<br \/>IPv6 ACL<br \/>Combined ACL<br \/>Rule Operation<br \/>&#8211; Permit\/Deny<br \/>Policy Action<br \/>&#8211; Mirror<br \/>&#8211; Rate Limit<br \/>&#8211; Redirect<br \/>&#8211; QoS Remark<br \/>ACL Rules Binding<br \/>&#8211; Port Binding<br \/>&#8211; VLAN Binding<br \/>Seguridad AAA<br \/>802.1X<br \/>&#8211; Port based authentication<br \/>&#8211; MAC(Host) based authentication<br \/>&#8211; Authentication Method includes PAP\/EAP-MD5\/EAP-TLS\/EAP-TTLS\/EAP-PEAP<br \/>&#8211; MAB<br \/>&#8211; Guest VLAN<br \/>&#8211; Support Radius authentication and accountability<br \/>IP\/IPv6-MAC Binding<br \/>&#8211; 512 Binding Entries<br \/>&#8211; DHCP Snooping<br \/>&#8211; DHCPv6 Snooping<br \/>&#8211; ARP Inspection<br \/>&#8211; ND Detection<br \/>IP Source Gurad<br \/>&#8211; 253 Entries<br \/>&#8211; Source IP+Source MAC<br \/>IPv6 Source Gurad<br \/>&#8211; 183 Entries<br \/>&#8211; Source IPv6 Address+Source MAC<br \/>DoS Defend<br \/>Static\/Dynamic\/Permanent Port Security<br \/>&#8211; Up to 64 MAC addresses per port<br \/>Broadcast\/Multicast\/Unicast Storm Control<br \/>&#8211; kbps\/ratio\/pps control mode<br \/>Port Isolation<br \/>Secure web management through HTTPS with SSLv3\/TLS1.2<br \/>Secure Command Line Interface (CLI) management with SSHv1\/SSHv2<br \/>IP\/Port\/MAC based access control<br \/>MIBs MIB II (RFC1213)<br \/>Interface MIB (RFC2233)<br \/>Ethernet Interface MIB (RFC1643)<br \/>Bridge MIB (RFC1493)<br \/>P\/Q-Bridge MIB (RFC2674)<br \/>RMON MIB (RFC2819)<br \/>RMON2 MIB (RFC2021)<br \/>Radius Accounting Client MIB (RFC2620)<br \/>Radius Authentication Client MIB (RFC2618)<br \/>Remote Ping, Traceroute MIB (RFC2925)<br \/>Support TP-Link private MIBs<br \/>GESTI\u00d3N<br \/>Omada App Si<br \/>Centralized Management Omada Cloud-Based Controller<br \/>Omada Hardware Controller (OC300)<br \/>Omada Hardware Controller (OC200)<br \/>Omada Software Controller<br \/>Cloud Access S\u00ed (a trav\u00e9s de OC300, OC200, Omada Cloud-Based Controller o<br \/>Omada Software Controller)<br \/>Management Features<br \/>Gesti\u00f3n de GUI y CLI basada en web<br \/>SNMPv1 \/ v2c \/ v3<br \/>Captura \/ informe SNMP<br \/>RMON (grupos 1,2,3,9)<br \/>Plantilla SDM<br \/>Cliente DHCP \/ BOOTP<br \/>Imagen dual, configuraci\u00f3n dual<br \/>Monitorizaci\u00f3n de la CPU<br \/>Diagn\u00f3stico de cable<br \/>EEE<br \/>Registro del sistema<br \/>802.1ab LLDP \/ LLDP-MED<br \/>Otros<br \/>Certificaciones CE, FCC, RoHS<br \/>Contenido del Paquete TL-SG2210MP<br \/>Power Cord<br \/>Installation Guide<br \/>Rackmount Kit<br \/>Rubber Feet<br \/>Requisitos del sistema Microsoft Windows 98SE, NT, 2000, XP, Vista o<br \/>Windows 7\/8\/10, MAC OS, NetWare, UNIX o Linux.<br \/>Factores Ambientales Temperatura de Funcionamiento: 0~40<br \/>(32~104)<br \/>Temperatura de Almacenamiento: -40~70 (-40~158)<br \/>Humedad de Funcionamiento: 10%~90% sin condensaci\u00f3n<br \/>Humedad de Almacenamiento: 5%~90% sin condensaci\u00f3n<br \/>Para m\u00e1s informaci\u00f3n sobre su versi\u00f3n de hardware, por favor, vaya a la<br \/>p\u00e1gina de soporte, y consulte el datasheet de su versi\u00f3n.<\/p>\n<p>*Los c\u00e1lculos del presupuesto de PoE se basan en pruebas de laboratorio. El<br \/>presupuesto real de energ\u00eda PoE no est\u00e1 garantizado y variar\u00e1 como resultado<br \/>de las limitaciones del cliente y los factores ambientales.<\/p>\n<p>** El aprovisionamiento Zero-Touch requiere el uso del controlador basado en<br \/>la nube Omada.<\/p>\n","protected":false},"excerpt":{"rendered":"<p>Switch 8 puertos 10 &#8211; 100 &#8211; 1000 poe 150w +2 sfp gestion l2+ tp &#8211; link<\/p>\n","protected":false},"featured_media":0,"comment_status":"open","ping_status":"open","template":"","meta":{"_et_pb_use_builder":"","_et_pb_old_content":"","_et_gb_content_width":""},"product_brand":[3946],"product_cat":[2058,3261,3270,3955],"product_tag":[3264,3273,3948],"class_list":{"0":"post-239148","1":"product","2":"type-product","3":"status-publish","5":"product_brand-tp-link","6":"product_cat-dispositivos","7":"product_cat-redes","8":"product_cat-switch","9":"product_cat-tp-link-switch","10":"product_tag-redes","11":"product_tag-switch","12":"product_tag-tp-link","13":"product_shipping_class-2088","14":"pa_canon-digital-impuesto-incluido-de-0-e","15":"pa_categoria-redes","16":"pa_marca-tp-link","17":"pa_peso-4062","18":"pa_referencia-tl-sg2210mp","20":"first","21":"instock","22":"sale","23":"taxable","24":"shipping-taxable","25":"purchasable","26":"product-type-simple"},"_links":{"self":[{"href":"https:\/\/linkxa.es\/linkshop\/wp-json\/wp\/v2\/product\/239148","targetHints":{"allow":["GET"]}}],"collection":[{"href":"https:\/\/linkxa.es\/linkshop\/wp-json\/wp\/v2\/product"}],"about":[{"href":"https:\/\/linkxa.es\/linkshop\/wp-json\/wp\/v2\/types\/product"}],"replies":[{"embeddable":true,"href":"https:\/\/linkxa.es\/linkshop\/wp-json\/wp\/v2\/comments?post=239148"}],"wp:attachment":[{"href":"https:\/\/linkxa.es\/linkshop\/wp-json\/wp\/v2\/media?parent=239148"}],"wp:term":[{"taxonomy":"product_brand","embeddable":true,"href":"https:\/\/linkxa.es\/linkshop\/wp-json\/wp\/v2\/product_brand?post=239148"},{"taxonomy":"product_cat","embeddable":true,"href":"https:\/\/linkxa.es\/linkshop\/wp-json\/wp\/v2\/product_cat?post=239148"},{"taxonomy":"product_tag","embeddable":true,"href":"https:\/\/linkxa.es\/linkshop\/wp-json\/wp\/v2\/product_tag?post=239148"}],"curies":[{"name":"wp","href":"https:\/\/api.w.org\/{rel}","templated":true}]}}