{"id":239149,"date":"2025-09-15T06:02:37","date_gmt":"2025-09-15T06:02:37","guid":{"rendered":"https:\/\/linkxa.es\/contratacion\/producto\/kit-extensores-powerline-tp-link-tl-wpa4221-kit\/"},"modified":"2025-12-08T12:22:26","modified_gmt":"2025-12-08T12:22:26","slug":"kit-extensores-powerline-tp-link-tl-wpa4221-kit","status":"publish","type":"product","link":"https:\/\/linkxa.es\/linkshop\/producto\/kit-extensores-powerline-tp-link-tl-wpa4221-kit\/","title":{"rendered":"Kit extensores powerline tp &#8211; link tl &#8211; wpa4221 kit"},"content":{"rendered":"<div style=\"text-align: center; margin-bottom: 20px;\">\n<h2 style=\"font-size: 22px; font-weight: 600; margin: 0; color: #333;\">Tp &#8211; link\u00a0|\u00a0 Accesorios redes<\/h2>\n<p><strong>Kit de extensores powerline tp &#8211; link tl &#8211; wpa4221 kit wifi av600<\/strong><\/p>\n<\/div>\n<p style=\"max-width: 700px; margin: 0px auto 30px; font-size: 18px; line-height: 1.6; color: #555555; font-style: italic; text-align: left;\">Kit Extensor Powerline WiFi AV600 a 300 Mbps TL-WPA4221 KIT<\/p>\n<p>El est\u00e1ndar HomePlug AV proporciona transmisi\u00f3n de datos a alta<br \/>velocidad hasta 600Mbps sobre el cableado el\u00e9ctrico existente en el hogar,<br \/>ideal para streaming de v\u00eddeo HD o 3D sin retardos y juegos en red<br \/>Extiende las conexiones inal\u00e1mbricas a 300Mbps a zonas previamente<br \/>inaccesibles de su hogar y oficina<br \/>S\u00faper extensi\u00f3n de cobertura pulsando un bot\u00f3n El bot\u00f3n de clonado<br \/>Wi-Fi simplifica su configuraci\u00f3n Wi-Fi y le ayuda a construir una red<br \/>dom\u00e9stica unificada y sin cortes<br \/>Plug&#038;amp,Play, sin configuraci\u00f3n requerida<\/p>\n<p>CARACTER\u00cdSTICAS DE HARDWARE<br \/>Tipo de Enchufe EU, AU<br \/>Est\u00e1ndares y Protocolos HomePlug AV, IEEE802.3, IEEE802.3u,<br \/>IEEE802.11b\/g\/n<br \/>Interfaz 2 puertos Ethernet 10\/100Mbps<br \/>Botones Emparejamiento, Reset, Wi-Fi\/Clonado Wi-Fi<br \/>Consumo de Potencia TL-WPA4220: M\u00e1ximo: 5.6W, T\u00edpico: 5.2W<br \/>TL-PA4010: M\u00e1ximo: 2.6W, T\u00edpico: 2.3W<br \/>Indicador de LED PWR, PLC, ETH, Wi-Fi\/Clonado Wi-Fi<br \/>Dimensiones TL-WPA4220: 2.1 x 1.6 x 3.7 in. (54 \u00d7 40 \u00d7 94 mm)<br \/>TL-PA4010: 2.0 \u00d7 1.1 \u00d7 2.6 in. (52 \u00d7 28.5 \u00d7 65 mm)<br \/>Alcance 300 metros a trav\u00e9s del circuito el\u00e9ctrico<br \/>CARACTER\u00cdSTICAS INAL\u00c1MBRICAS<br \/>Frecuencia 2.4-2.4835GHz<br \/>Tasa de Se\u00f1al 11n: Hasta 300Mbps(din\u00e1mico)<br \/>11g: Hasta 54Mbps(din\u00e1mico)<br \/>11b: Hasta 11Mbps(din\u00e1mico)<br \/>Sensibilidad de Recepci\u00f3n 270M: -68dBm@10% PER<br \/>130M: -68dBm@10% PER<br \/>108M: -68dBm@10% PER<br \/>54M: -68dBm@10% PER<br \/>11M: -85dBm@8% PER<br \/>6M: -88dBm@10% PER<br \/>1M: -90dBm@8% PER<br \/>Potencia de Transmisi\u00f3n CE:&#038;lt,20dBm(2.4GHz)<br \/>FCC:&#038;lt,30dBm<br \/>Seguridad Inal\u00e1mbrica 64\/128-bit WEP \/ WPA \/ WPA2,WPA-PSK \/ WPA2<br \/>-PSK<br \/>Funciones Avanzadas Habilitar\/Deshabilitar Wireless Radio,WMM,<br \/>Estad\u00edsticas Inal\u00e1mbricas<br \/>CARACTER\u00cdSTICAS DE SOFTWARE<br \/>Tecnolog\u00eda de Modulaci\u00f3n OFDM (PLC)<br \/>Encriptaci\u00f3n Seguridad Powerline:<br \/>AES 128-bits<br \/>Seguridad Wireless:<br \/>Encriptaci\u00f3n WEP, WPA\/WPA2, WPA-PSK\/WPA2-PSK<br \/>Otros<br \/>Certificaciones CE, FCC, RoHS<br \/>Contenido del Paquete Adaptadores Powerline Ethernet TL-WPA4220<br \/>&#038; TL-PA4010<br \/>Cable Ethernet (RJ45) de 2 m<br \/>Gu\u00eda r\u00e1pida de instalaci\u00f3n<br \/>Requisitos del sistema Windows 10\/8.1\/8\/7\/Vista\/XP, Mac OS, Linux<br \/>Factores Ambientales Temperatura de funcionamiento: 0\u00b0C~40\u00b0C<br \/>(32\u00b0F ~104\u00b0F)<br \/>Temperatura de almacenamiento: -40\u00b0C~70\u00b0C (-40\u00b0F ~158\u00b0F)<br \/>Humedad de funcionamiento: 10%~90% sin condensaci\u00f3n<br \/>Humedad de almacenamiento: 5%~90% sin condensaci\u00f3n<\/p>\n","protected":false},"excerpt":{"rendered":"<p>Kit de extensores powerline tp &#8211; link tl &#8211; wpa4221 kit wifi av600<\/p>\n","protected":false},"featured_media":239150,"comment_status":"open","ping_status":"open","template":"","meta":{"_et_pb_use_builder":"","_et_pb_old_content":"","_et_gb_content_width":""},"product_brand":[3946],"product_cat":[3280,2058,3261,4053],"product_tag":[3283,3264,3948],"class_list":{"0":"post-239149","1":"product","2":"type-product","3":"status-publish","4":"has-post-thumbnail","6":"product_brand-tp-link","7":"product_cat-accesorios-redes","8":"product_cat-dispositivos","9":"product_cat-redes","10":"product_cat-tp-link-accesorios-redes","11":"product_tag-accesorios-redes","12":"product_tag-redes","13":"product_tag-tp-link","14":"product_shipping_class-2088","15":"pa_canon-digital-impuesto-incluido-de-0-e","16":"pa_categoria-redes","17":"pa_marca-tp-link","18":"pa_peso-3903","19":"pa_referencia-tl-wpa4221kit","21":"first","22":"instock","23":"sale","24":"taxable","25":"shipping-taxable","26":"purchasable","27":"product-type-simple"},"_links":{"self":[{"href":"https:\/\/linkxa.es\/linkshop\/wp-json\/wp\/v2\/product\/239149","targetHints":{"allow":["GET"]}}],"collection":[{"href":"https:\/\/linkxa.es\/linkshop\/wp-json\/wp\/v2\/product"}],"about":[{"href":"https:\/\/linkxa.es\/linkshop\/wp-json\/wp\/v2\/types\/product"}],"replies":[{"embeddable":true,"href":"https:\/\/linkxa.es\/linkshop\/wp-json\/wp\/v2\/comments?post=239149"}],"wp:featuredmedia":[{"embeddable":true,"href":"https:\/\/linkxa.es\/linkshop\/wp-json\/wp\/v2\/media\/239150"}],"wp:attachment":[{"href":"https:\/\/linkxa.es\/linkshop\/wp-json\/wp\/v2\/media?parent=239149"}],"wp:term":[{"taxonomy":"product_brand","embeddable":true,"href":"https:\/\/linkxa.es\/linkshop\/wp-json\/wp\/v2\/product_brand?post=239149"},{"taxonomy":"product_cat","embeddable":true,"href":"https:\/\/linkxa.es\/linkshop\/wp-json\/wp\/v2\/product_cat?post=239149"},{"taxonomy":"product_tag","embeddable":true,"href":"https:\/\/linkxa.es\/linkshop\/wp-json\/wp\/v2\/product_tag?post=239149"}],"curies":[{"name":"wp","href":"https:\/\/api.w.org\/{rel}","templated":true}]}}