{"id":239153,"date":"2025-09-03T02:20:57","date_gmt":"2025-09-03T02:20:57","guid":{"rendered":"https:\/\/linkxa.es\/contratacion\/producto\/pack-x2-adaptaroes-red-lina-elecrica\/"},"modified":"2025-12-08T12:22:52","modified_gmt":"2025-12-08T12:22:52","slug":"pack-x2-adaptaroes-red-lina-elecrica","status":"publish","type":"product","link":"https:\/\/linkxa.es\/linkshop\/producto\/pack-x2-adaptaroes-red-lina-elecrica\/","title":{"rendered":"Pack x2 adaptaroes red lina elecrica"},"content":{"rendered":"<div style=\"text-align: center; margin-bottom: 20px;\">\n<h2 style=\"font-size: 22px; font-weight: 600; margin: 0; color: #333;\">Tp &#8211; link\u00a0|\u00a0 Accesorios redes<\/h2>\n<p><strong>Pack x2 adaptaroes de red lina elecrica av500 power line wifi con enchufe tp &#8211; link<\/strong><\/p>\n<\/div>\n<p style=\"max-width: 700px; margin: 0px auto 30px; font-size: 18px; line-height: 1.6; color: #555555; font-style: italic; text-align: left;\">El TL-WPA4226KIT contiene 1 x TL-WPA4220 y 1 x TL-PA4020P<br \/>One Touch Super Range Extension ? El bot\u00f3n de clonado de Wi-Fi simplifica<br \/>la configuraci\u00f3n y le ayuda a crear una red inal\u00e1mbrica sin cortes<br \/>El est\u00e1ndar HomePlug AV le proporciona hasta 500 Mbps de transmisi\u00f3n<br \/>de datos a alta velocidad a trav\u00e9s del cableado el\u00e9ctrico existente en una<br \/>casa. Ideal para reproducci\u00f3n HD sin demoras, streaming de v\u00eddeo en 3D o<br \/>juegos en l\u00ednea<br \/>Extienda a 300Mbps conexiones inal\u00e1mbricas a \u00e1reas de su hogar y oficina<br \/>previamente dif\u00edciles de alcanzar<br \/>Toma de corriente integrada para asegurar que ninguna toma se pierde<br \/>CARACTER\u00cdSTICAS DE HARDWARE<br \/>Tipo de Enchufe EU, UK<br \/>Est\u00e1ndares y Protocolos HomePlug AV, IEEE802.3, IEEE802.3u,<br \/>IEEE802.11b\/g\/n, IEEE1901<br \/>Interfaz 2 puertos Ethernet 10\/100Mbps ?TL-WPA4220<br \/>2 puertos Ethernet 10\/100Mbps ? TL-PA4020P<br \/>Botones Bot\u00f3n de emparejamiento, Reset, Wi-Fi\/Clonado Wi-Fi<br \/>Consumo de Potencia M\u00e1ximo: 8.218W<br \/>Modo Standard: 7.686W<br \/>Modo en espera: 4.63W<br \/>Indicador de LED PWR, PLC, ETH, Wi-Fi\/Clonado Wi-Fi<br \/>Dimensiones (94 x 54 x 40mm) 3.7 x 2.1 x 1.6 in.<br \/>(95 x 58 x 42 mm) 3.7 x 2.3 x 1.7 in.<br \/>Alcance 300 metros a trav\u00e9s del circuito el\u00e9ctrico<br \/>Caracter\u00edsticas de Software<br \/>Tecnolog\u00eda de Modulaci\u00f3n OFDM (PLC)<br \/>Encriptaci\u00f3n Seguridad Powerline:<br \/>AES 128-bits<br \/>Seguridad Wireless:<br \/>Encriptaci\u00f3n WEP, WPA\/WPA2, WPA-PSK\/WPA2-PSK<br \/>Otros<br \/>Certificaciones CE, FCC, RoHS<br \/>Contenido del Paquete 1 Adaptador Powerline TL-WPA4220 &#038; 1<br \/>Adaptador Powerline TL-PA4020P<br \/>Cable Ethernet de 2 m (RJ45)<br \/>CD de Recursos<br \/>Gu\u00eda de Instalaci\u00f3n R\u00e1pida<br \/>Requisitos del sistema Windows 8\/7\/Vista\/XP<\/p>\n","protected":false},"excerpt":{"rendered":"<p>Pack x2 adaptaroes de red lina elecrica av500 power line wifi con enchufe tp &#8211; link<\/p>\n","protected":false},"featured_media":0,"comment_status":"open","ping_status":"open","template":"","meta":{"_et_pb_use_builder":"","_et_pb_old_content":"","_et_gb_content_width":""},"product_brand":[3946],"product_cat":[3280,2058,3261,4053],"product_tag":[3283,3264,3948],"class_list":{"0":"post-239153","1":"product","2":"type-product","3":"status-publish","5":"product_brand-tp-link","6":"product_cat-accesorios-redes","7":"product_cat-dispositivos","8":"product_cat-redes","9":"product_cat-tp-link-accesorios-redes","10":"product_tag-accesorios-redes","11":"product_tag-redes","12":"product_tag-tp-link","13":"product_shipping_class-2088","14":"pa_canon-digital-impuesto-incluido-de-0-e","15":"pa_categoria-redes","16":"pa_marca-tp-link","17":"pa_peso-4065","18":"pa_referencia-tl-wpa4226kit","20":"first","21":"instock","22":"sale","23":"taxable","24":"shipping-taxable","25":"purchasable","26":"product-type-simple"},"_links":{"self":[{"href":"https:\/\/linkxa.es\/linkshop\/wp-json\/wp\/v2\/product\/239153","targetHints":{"allow":["GET"]}}],"collection":[{"href":"https:\/\/linkxa.es\/linkshop\/wp-json\/wp\/v2\/product"}],"about":[{"href":"https:\/\/linkxa.es\/linkshop\/wp-json\/wp\/v2\/types\/product"}],"replies":[{"embeddable":true,"href":"https:\/\/linkxa.es\/linkshop\/wp-json\/wp\/v2\/comments?post=239153"}],"wp:attachment":[{"href":"https:\/\/linkxa.es\/linkshop\/wp-json\/wp\/v2\/media?parent=239153"}],"wp:term":[{"taxonomy":"product_brand","embeddable":true,"href":"https:\/\/linkxa.es\/linkshop\/wp-json\/wp\/v2\/product_brand?post=239153"},{"taxonomy":"product_cat","embeddable":true,"href":"https:\/\/linkxa.es\/linkshop\/wp-json\/wp\/v2\/product_cat?post=239153"},{"taxonomy":"product_tag","embeddable":true,"href":"https:\/\/linkxa.es\/linkshop\/wp-json\/wp\/v2\/product_tag?post=239153"}],"curies":[{"name":"wp","href":"https:\/\/api.w.org\/{rel}","templated":true}]}}