{"id":239154,"date":"2025-03-29T15:14:28","date_gmt":"2025-03-29T15:14:28","guid":{"rendered":"https:\/\/linkxa.es\/contratacion\/producto\/router-vpn-tp-link-er7206-4p-wan\/"},"modified":"2025-12-08T12:23:24","modified_gmt":"2025-12-08T12:23:24","slug":"router-vpn-tp-link-er7206-4p-wan","status":"publish","type":"product","link":"https:\/\/linkxa.es\/linkshop\/producto\/router-vpn-tp-link-er7206-4p-wan\/","title":{"rendered":"Router vpn tp &#8211; link er7206 4p wan"},"content":{"rendered":"<div style=\"text-align: center; margin-bottom: 20px;\">\n<h2 style=\"font-size: 22px; font-weight: 600; margin: 0; color: #333;\">Tp &#8211; link\u00a0|\u00a0 Routers<\/h2>\n<p><strong>Router vpn tp &#8211; link er7206 4p wan giga + 5p lan giga 100 conexiones vpn ipsec 50 conexiones openvpn<\/strong><\/p>\n<\/div>\n<p style=\"max-width: 700px; margin: 0px auto 30px; font-size: 18px; line-height: 1.6; color: #555555; font-style: italic; text-align: left;\">TL-ER7206 Router VPN SafeStream Gigabit Multi-WAN<br \/>Integrado en Omada SDN: Zero-Touch Provisioning (ZTP) **<br \/>Administraci\u00f3n centralizada en la nube y monitorizaci\u00f3n inteligente.<br \/>Aplicaci\u00f3n Omada para una comodidad y administraci\u00f3n f\u00e1ciles.<br \/>Puertos Gigabit: los puertos SFP de 1 gigabit y RJ45 de 5 gigabits conectividad<br \/>por cable de alta velocidad.<br \/>Hasta 4 puertos WAN: 1 puerto WAN SFP de 1 gigabit, puerto WAN RJ45 de 1<br \/>gigabit<br \/>Puertos WAN \/ LAN de 2 gigabit para optimizar el uso del ancho de banda.<br \/>VPN altamente segura: admite hasta 100 conexiones IPsec LAN a LAN,<br \/>OpenVPN, L2TP y VPN PPTP.<br \/>Seguridad avanzadas de firewall, defensa DoS, filtrado de IP \/ MAC \/ URL<\/p>\n","protected":false},"excerpt":{"rendered":"<p>Router vpn tp &#8211; link er7206 4p wan giga + 5p lan giga 100 conexiones vpn ipsec 50 conexiones openvpn<\/p>\n","protected":false},"featured_media":0,"comment_status":"open","ping_status":"open","template":"","meta":{"_et_pb_use_builder":"","_et_pb_old_content":"","_et_gb_content_width":""},"product_brand":[3946],"product_cat":[2058,3261,3311,3965],"product_tag":[3264,3314,3948],"class_list":{"0":"post-239154","1":"product","2":"type-product","3":"status-publish","5":"product_brand-tp-link","6":"product_cat-dispositivos","7":"product_cat-redes","8":"product_cat-routers","9":"product_cat-tp-link-routers","10":"product_tag-redes","11":"product_tag-routers","12":"product_tag-tp-link","13":"product_shipping_class-2088","14":"pa_canon-digital-impuesto-incluido-de-0-e","15":"pa_categoria-redes","16":"pa_marca-tp-link","17":"pa_peso-4067","18":"pa_referencia-tpl-er7206","20":"first","21":"instock","22":"sale","23":"taxable","24":"shipping-taxable","25":"purchasable","26":"product-type-simple"},"_links":{"self":[{"href":"https:\/\/linkxa.es\/linkshop\/wp-json\/wp\/v2\/product\/239154","targetHints":{"allow":["GET"]}}],"collection":[{"href":"https:\/\/linkxa.es\/linkshop\/wp-json\/wp\/v2\/product"}],"about":[{"href":"https:\/\/linkxa.es\/linkshop\/wp-json\/wp\/v2\/types\/product"}],"replies":[{"embeddable":true,"href":"https:\/\/linkxa.es\/linkshop\/wp-json\/wp\/v2\/comments?post=239154"}],"wp:attachment":[{"href":"https:\/\/linkxa.es\/linkshop\/wp-json\/wp\/v2\/media?parent=239154"}],"wp:term":[{"taxonomy":"product_brand","embeddable":true,"href":"https:\/\/linkxa.es\/linkshop\/wp-json\/wp\/v2\/product_brand?post=239154"},{"taxonomy":"product_cat","embeddable":true,"href":"https:\/\/linkxa.es\/linkshop\/wp-json\/wp\/v2\/product_cat?post=239154"},{"taxonomy":"product_tag","embeddable":true,"href":"https:\/\/linkxa.es\/linkshop\/wp-json\/wp\/v2\/product_tag?post=239154"}],"curies":[{"name":"wp","href":"https:\/\/api.w.org\/{rel}","templated":true}]}}