{"id":239155,"date":"2025-08-26T14:22:33","date_gmt":"2025-08-26T14:22:33","guid":{"rendered":"https:\/\/linkxa.es\/contratacion\/producto\/switch-28-puertos-10-100-1000-2\/"},"modified":"2025-12-08T12:23:57","modified_gmt":"2025-12-08T12:23:57","slug":"switch-28-puertos-10-100-1000-2","status":"publish","type":"product","link":"https:\/\/linkxa.es\/linkshop\/producto\/switch-28-puertos-10-100-1000-2\/","title":{"rendered":"Switch 28 puertos 10 100 1000"},"content":{"rendered":"<div style=\"text-align: center; margin-bottom: 20px;\">\n<h2 style=\"font-size: 22px; font-weight: 600; margin: 0; color: #333;\">Tp &#8211; link\u00a0|\u00a0 Switch<\/h2>\n<p><strong>Switch 28 puertos 10 &#8211; 100 &#8211; 1000 (24p poe + 4sfp) l2 tp &#8211; link<\/strong><\/p>\n<\/div>\n<p style=\"max-width: 700px; margin: 0px auto 30px; font-size: 18px; line-height: 1.6; color: #555555; font-style: italic; text-align: left;\">Switch administrado JetStream de 28 puertos Gigabit L2 con PoE + de 24 puertos<br \/>PoE total de 384 W : 24 puertos PoE + compatibles con 802.3at \/ af con una<br \/>fuente de alimentaci\u00f3n total de 384 W * .<br \/>Puertos Gigabit completos : 24 puertos Gigabit PoE + y 4 ranuras SFP gigabit<br \/>proporcionan conexiones de alta velocidad.<br \/>Integrado en Omada SDN : aprovisionamiento sin intervenci\u00f3n (ZTP) ** ,<br \/>administraci\u00f3n centralizada en la nube y monitoreo inteligente.<br \/>Gesti\u00f3n centralizada : acceso a la nube y la aplicaci\u00f3n Omada para una m\u00e1xima<br \/>comodidad y una gesti\u00f3n sencilla.<br \/>Enrutamiento est\u00e1tico : ayuda a enrutar el tr\u00e1fico interno para un uso m\u00e1s<br \/>eficiente de los recursos de la red.<br \/>Estrategias de seguridad s\u00f3lidas : enlace de puerto IP-MAC, ACL, seguridad de<br \/>puerto, defensa DoS, control de tormentas, indagaci\u00f3n DHCP, 802.1X,<br \/>autenticaci\u00f3n Radius y m\u00e1s.<br \/>Optimice las aplicaciones de voz y video : QoS L2 \/ L3 \/ L4 e IGMP snooping.<br \/>Gesti\u00f3n independiente : Web, CLI (puerto de consola, Telnet, SSH), SNMP, RMON<br \/>e imagen dual ofrecen potentes capacidades de gesti\u00f3n<br \/>CARACTER\u00cdSTICAS DE HARDWARE<br \/>Interfaz Puertos RJ45 de 24 \u00d7 10\/100 \/ 1000Mbps<br \/>4 ranuras Gigabit SFP<br \/>1 puerto de consola RJ45<br \/>1 puerto de consola micro-USB<br \/>Cantidad de Ventiladores 2<br \/>Fuente de Alimentaci\u00f3n 100-240 V AC~50\/60 Hz<br \/>Puertos PoE+ (RJ45) Est\u00e1ndar: compatible con 802.3at \/ af<br \/>Puertos PoE +: 24 puertos, hasta 30 W por puerto<br \/>PoE M\u00e1ximo: 384 W<br \/>Dimensiones 17.3 \u00d7 13.0 \u00d7 1.7 in (440 \u00d7 330 \u00d7 44 mm)<br \/>Montaje Montaje en rack<br \/>Consumo de Potencia M\u00e1ximo 31,0 W (110 V \/ 60 Hz) (sin PD conectado)<br \/>463,8 W (110 V \/ 60 Hz) (con 384 W PD conectado)<br \/>Max Heat Dissipation 105,78 BTU \/ h (110 V \/ 60 Hz) (sin PD conectado)<br \/>1582,49 BTU \/ h (110 V \/ 60 Hz) (con PD de 384 W conectado)<br \/>RENDIMIENTO<br \/>Capacidad de Conmutaci\u00f3n 56 Gbps<br \/>Tasa de Reenv\u00edo de Paquetes 41.66 Mpps<br \/>Tabla de Direcciones MAC 8K<br \/>Jumbo Frame 9 KB<br \/>CARACTER\u00cdSTICAS DE SOFTWARE<br \/>Calidad de Servicio 8 colas de prioridad<br \/>Prioridad 802.1p CoS \/ DSCP<br \/>Programaci\u00f3n de colas<br \/>&#8211; SP (prioridad estricta)<br \/>&#8211; WRR (Round Robin ponderado)<br \/>&#8211; SP + WRR<br \/>Control de Ancho de Banda<br \/>&#8211; Limitaci\u00f3n de clasificaci\u00f3n basada en puerto \/ flujo<br \/>Rendimiento m\u00e1s fluido<br \/>Acci\u00f3n por flujos<br \/>&#8211; Espejo (a la interfaz compatible)<br \/>&#8211; Redirigir (a la interfaz compatible)<br \/>&#8211; L\u00edmite de tarifa<br \/>&#8211; Observaci\u00f3n de QoS<br \/>Caracter\u00edsticas L2 y L2+ Agregar un link<br \/>&#8211; Agregaci\u00f3n de enlaces est\u00e1ticos<br \/>&#8211; LACP 802.3ad<br \/>&#8211; Hasta 8 grupos de agregaci\u00f3n y hasta 8 puertos por grupo<br \/>Protocolo de \u00e1rbol de expansi\u00f3n<br \/>&#8211; 802.1d STP<br \/>&#8211; 802.1w RSTP<br \/>&#8211; MSTP 802.1s<br \/>&#8211; Seguridad STP: TC Protect, BPDU Filter, BPDU Protect, Root Protect, Loop<br \/>Protect Detecci\u00f3n de bucle invertido<br \/>&#8211; Basado en puerto<br \/>&#8211; Basado en VLAN<br \/>Control de flujo<br \/>&#8211; Control de flujo 802.3x<br \/>&#8211; Prevenci\u00f3n de bloqueo HOL<br \/>Reflejo<br \/>&#8211; Duplicaci\u00f3n de puertos<br \/>&#8211; Duplicaci\u00f3n de CPU<br \/>&#8211; Doce y cincuenta y nueve de la noche<br \/>&#8211; Muchos a uno<br \/>&#8211; Tx \/ Rx \/ Ambos<br \/>Multicast L2 Admite grupos IGMP 511 (IPv4, IPv6)<br \/>Inspecci\u00f3n IGMP<br \/>&#8211; IGMP v1 \/ v2 \/ v3 Snooping<br \/>&#8211; Salida r\u00e1pida<br \/>&#8211; Consulta de indagaci\u00f3n IGMP<br \/>&#8211; Autenticaci\u00f3n IGMP<br \/>Autenticaci\u00f3n IGMP<br \/>MVR<br \/>Indagaci\u00f3n MLD<br \/>&#8211; Indagaci\u00f3n MLD v1 \/ v2<br \/>&#8211; Salida r\u00e1pida<br \/>&#8211; Consulta de indagaci\u00f3n MLD<br \/>&#8211; Configuraci\u00f3n de grupo est\u00e1tico<br \/>&#8211; Multidifusi\u00f3n IP limitada<br \/>Filtrado de multidifusi\u00f3n: 256 perfiles y 16 entradas por perfil<br \/>VLAN Grupo de VLAN<br \/>&#8211; Grupos m\u00e1ximos de VLAN 4K<br \/>VLAN etiquetada 802.1q<br \/>MAC VLAN: 12 entradas<br \/>Protocolo VLAN: plantilla de protocolo 16, protocolo VLAN 16<br \/>GVRP<br \/>VLAN VPN (QinQ)<br \/>&#8211; QinQ basado en puertos<br \/>&#8211; QinQ selectivo<br \/>VLAN de voz<br \/>Lista de Control de Acceso ACL basada en el tiempo<br \/>MAC ACL<br \/>&#8211; MAC de origen<br \/>&#8211; MAC de destino<br \/>&#8211; ID de VLAN<br \/>&#8211; Prioridad de usuario<br \/>&#8211; Tipo de \u00e9ter<br \/>IP ACL<br \/>-IP de origen<br \/>&#8211; IP de destino<br \/>&#8211; Fragmento<br \/>&#8211; Protocolo IP<br \/>&#8211; Bandera de TCP<br \/>&#8211; Puerto TCP \/ UDP<br \/>&#8211; TOS DSCP \/ IP<br \/>&#8211; Prioridad de usuario<br \/>ACL combinado<br \/>Contenido de paquete ACL<br \/>ACL de IPv6<br \/>Pol\u00edtica<br \/>&#8211; Reflejo<br \/>&#8211; Redirigir<br \/>&#8211; L\u00edmite de tarifa<br \/>&#8211; Observaci\u00f3n de QoS<br \/>ACL se aplica al puerto \/ VLAN<br \/>Seguridad Enlace de puerto IP-MAC<br \/>&#8211; Indagaci\u00f3n DHCP<br \/>&#8211; Inspecci\u00f3n ARP<br \/>&#8211; Protecci\u00f3n de fuente IPv4<br \/>Enlace IPv6-MAC-Port<br \/>&#8211; Indagaci\u00f3n DHCPv6<br \/>&#8211; Detecci\u00f3n de ND<br \/>&#8211; Protecci\u00f3n de fuente IPv6<br \/>Defensa DoS<br \/>Seguridad de puerto est\u00e1tica \/ din\u00e1mica<br \/>&#8211; Hasta 64 direcciones MAC por puerto<br \/>Control de tormentas de difusi\u00f3n \/ multidifusi\u00f3n \/ unidifusi\u00f3n<br \/>&#8211; modo de control kbps \/ ratio \/ pps<br \/>Control de acceso basado en IP \/ Puerto \/ MAC<br \/>802.1X<br \/>&#8211; Autenticaci\u00f3n basada en puerto<br \/>&#8211; Autenticaci\u00f3n basada en Mac<br \/>&#8211; Asignaci\u00f3n de VLAN<br \/>&#8211; MAB<br \/>&#8211; VLAN de invitado<br \/>&#8211; Soporte de autenticaci\u00f3n y responsabilidad Radius<br \/>AAA (incluido TACACS +)<br \/>Aislamiento de puertos<br \/>Gesti\u00f3n web segura a trav\u00e9s de HTTPS con SSLv3 \/ TLS 1.2<br \/>Gesti\u00f3n segura de la interfaz de l\u00ednea de comandos (CLI) con SSHv1 \/ SSHv2<br \/>IPv6 IPv6 doble IPv4 \/ IPv6<br \/>Detecci\u00f3n de detecci\u00f3n de escucha de multidifusi\u00f3n (MLD)<br \/>ACL de IPv6<br \/>Interfaz IPv6<br \/>Enrutamiento IPv6 est\u00e1tico<br \/>Descubrimiento de vecinos IPv6 (ND)<br \/>Descubrimiento de la unidad de transmisi\u00f3n m\u00e1xima de ruta (MTU)<br \/>Protocolo de mensajes de control de Internet (ICMP) versi\u00f3n 6<br \/>TCPv6 \/ UDPv6<br \/>Aplicaciones IPv6<br \/>&#8211; Cliente DHCPv6<br \/>&#8211; Ping6<br \/>&#8211; Tracert6<br \/>&#8211; Telnet (v6)<br \/>&#8211; IPv6 SNMP<br \/>&#8211; IPv6 SSH<br \/>&#8211; SSL IPv6<br \/>&#8211; Http \/ Https<br \/>&#8211; TFTP IPv6<br \/>Caracter\u00edsticas L3 16 interfaces IPv4 \/ IPv6<br \/>Enrutamiento estatico<br \/>&#8211; 48 rutas est\u00e1ticas<br \/>ARP est\u00e1tico<br \/>316 entradas ARP<br \/>ARP proxy<br \/>ARP gratuito<br \/>Servidor DHCP<br \/>Rel\u00e9 DHCP<br \/>Rel\u00e9 DHCP L2<br \/>Gesti\u00f3n GUI basada en web<br \/>Interfaz de l\u00ednea de comandos (CLI) a trav\u00e9s del puerto de consola, telnet<br \/>SNMPv1 \/ v2c \/ v3<br \/>&#8211; Trampa \/ Informar<br \/>&#8211; RMON (1, 2, 3, 9 grupos)<br \/>Plantilla SDM<br \/>Cliente DHCP \/ BOOTP<br \/>802.1ab LLDP \/ LLDP-MED<br \/>Instalaci\u00f3n autom\u00e1tica de DHCP<br \/>Imagen dual, configuraci\u00f3n dual<br \/>Supervisi\u00f3n de CPU<br \/>Diagn\u00f3stico de cables<br \/>EEE<br \/>Recuperaci\u00f3n de contrase\u00f1a<br \/>SNTP<br \/>Registro del sistema<br \/>Caracter\u00edsticas Avanzadas Admite controlador de hardware Omada (OC200 \/<br \/>OC300), controlador de software, controlador basado en la nube<br \/>Descubrimiento autom\u00e1tico de dispositivos<br \/>Configuraci\u00f3n por lotes<br \/>Actualizaci\u00f3n de firmware por lotes<br \/>Monitoreo de red inteligente<br \/>Advertencias de eventos anormales<br \/>Configuraci\u00f3n unificada<br \/>Programa de reinicio<br \/>ZTP (aprovisionamiento sin intervenci\u00f3n) *<br \/>Otros<br \/>Certificaciones CE, FCC, RoHS<br \/>Contenido del Paquete Switch TL-SG3428MP<br \/>Cable de alimentaci\u00f3n<br \/>Gu\u00eda de Instalaci\u00f3n R\u00e1pida<br \/>Kit de montaje en bastidor<br \/>Patas de goma<br \/>Factores Ambientales Temperatura de funcionamiento: 045 (32113 ),<br \/>Temperatura de almacenamiento: -4070 (-40158 )<br \/>Humedad de funcionamiento: 10 a 90% de humedad relativa sin condensaci\u00f3n<br \/>Humedad de almacenamiento: 590% de humedad relativa sin condensaci\u00f3n<br \/>Para m\u00e1s informaci\u00f3n sobre su versi\u00f3n de hardware, por favor, vaya a la p\u00e1gina<br \/>de soporte, y consulte el datasheet de su versi\u00f3n.<\/p>\n","protected":false},"excerpt":{"rendered":"<p>Switch 28 puertos 10 &#8211; 100 &#8211; 1000 (24p poe + 4sfp) l2 tp &#8211; link<\/p>\n","protected":false},"featured_media":0,"comment_status":"open","ping_status":"open","template":"","meta":{"_et_pb_use_builder":"","_et_pb_old_content":"","_et_gb_content_width":""},"product_brand":[3946],"product_cat":[2058,3261,3270,3955],"product_tag":[3264,3273,3948],"class_list":{"0":"post-239155","1":"product","2":"type-product","3":"status-publish","5":"product_brand-tp-link","6":"product_cat-dispositivos","7":"product_cat-redes","8":"product_cat-switch","9":"product_cat-tp-link-switch","10":"product_tag-redes","11":"product_tag-switch","12":"product_tag-tp-link","13":"product_shipping_class-2088","14":"pa_canon-digital-impuesto-incluido-de-0-e","15":"pa_categoria-redes","16":"pa_marca-tp-link","17":"pa_peso-4069","18":"pa_referencia-tpl-tl-sg3428mp","20":"first","21":"instock","22":"sale","23":"taxable","24":"shipping-taxable","25":"purchasable","26":"product-type-simple"},"_links":{"self":[{"href":"https:\/\/linkxa.es\/linkshop\/wp-json\/wp\/v2\/product\/239155","targetHints":{"allow":["GET"]}}],"collection":[{"href":"https:\/\/linkxa.es\/linkshop\/wp-json\/wp\/v2\/product"}],"about":[{"href":"https:\/\/linkxa.es\/linkshop\/wp-json\/wp\/v2\/types\/product"}],"replies":[{"embeddable":true,"href":"https:\/\/linkxa.es\/linkshop\/wp-json\/wp\/v2\/comments?post=239155"}],"wp:attachment":[{"href":"https:\/\/linkxa.es\/linkshop\/wp-json\/wp\/v2\/media?parent=239155"}],"wp:term":[{"taxonomy":"product_brand","embeddable":true,"href":"https:\/\/linkxa.es\/linkshop\/wp-json\/wp\/v2\/product_brand?post=239155"},{"taxonomy":"product_cat","embeddable":true,"href":"https:\/\/linkxa.es\/linkshop\/wp-json\/wp\/v2\/product_cat?post=239155"},{"taxonomy":"product_tag","embeddable":true,"href":"https:\/\/linkxa.es\/linkshop\/wp-json\/wp\/v2\/product_tag?post=239155"}],"curies":[{"name":"wp","href":"https:\/\/api.w.org\/{rel}","templated":true}]}}