{"id":239163,"date":"2025-08-18T05:25:01","date_gmt":"2025-08-18T05:25:01","guid":{"rendered":"https:\/\/linkxa.es\/contratacion\/producto\/router-wifi-archer-c20-ac750-dual\/"},"modified":"2025-12-08T12:25:45","modified_gmt":"2025-12-08T12:25:45","slug":"router-wifi-archer-c20-ac750-dual","status":"publish","type":"product","link":"https:\/\/linkxa.es\/linkshop\/producto\/router-wifi-archer-c20-ac750-dual\/","title":{"rendered":"Router wifi archer c20 ac750 dual"},"content":{"rendered":"<div style=\"text-align: center; margin-bottom: 20px;\">\n<h2 style=\"font-size: 22px; font-weight: 600; margin: 0; color: #333;\">Tp &#8211; link\u00a0|\u00a0 Routers<\/h2>\n<p><strong>Router wifi archer c20 ac750 dual band 433mbps tp link<\/strong><\/p>\n<\/div>\n<p style=\"max-width: 700px; margin: 0px auto 30px; font-size: 18px; line-height: 1.6; color: #555555; font-style: italic; text-align: left;\">Router Inal\u00e1mbrico de Banda Dual AC750 Archer C20<\/p>\n<p>Soporta el est\u00e1ndar 802.11ac &#8211; la pr\u00f3xima generaci\u00f3n Wi-Fi.<br \/>Conexiones simult\u00e1neas de 2.4GHz y 5GHz a 300Mbps y 433Mbps para un<br \/>total de 733Mbps de ancho de banda disponible.<br \/>Se\u00f1al omnidireccional estable y cobertura inal\u00e1mbrica superior.<\/p>\n<p>CARACTER\u00cdSTICAS DE HARDWARE<br \/>Interfaz 4 puertos LAN 10\/100Mbps<br \/>1 puerto WAN 10\/100Mbps<br \/>Botones Bot\u00f3n WPS\/Reset<br \/>Bot\u00f3n Wi-Fi On\/Off<br \/>Bot\u00f3n Power On\/Off<br \/>Fuente de Alimentaci\u00f3n Externa 9V\/0.6A(EU)<br \/>Dimensiones 230 x 144 x 35mm. (9.1 x 5.7 x 1.4 in)<br \/>Antenas 2 \u00d7 Antenas de 2.4GHz<br \/>1 \u00d7 Antena de 5GHz<br \/>CARACTER\u00cdSTICAS INAL\u00c1MBRICAS<br \/>Est\u00e1ndares Inal\u00e1mbricos IEEE 802.11ac\/n\/a 5GHz<br \/>IEEE 802.11b\/g\/n 2.4GHz<br \/>Frecuencia 2.4GHz y 5GHz<br \/>Tasa de Se\u00f1al 5GHz: Hasta 433Mbps<br \/>2.4GHz: Hasta 300Mbps<br \/>Sensibilidad de Recepci\u00f3n 5GHz:<br \/>11a 54M: -76dBm, 11ac VHT20 MCS8: -71dBm,<br \/>11ac VHT40 MCS9: -66dBm, 11ac VHT80 MCS9:<br \/>-62dBm<br \/>2.4GHz:<br \/>11g 54M: -76dBm11n, HT20 MCS7: -73dBm,<br \/>11n HT40 MCS7: -71dBm<br \/>Funciones Inal\u00e1mbricas Habilitar\/Deshabilitar Radio Inal\u00e1mbrico, WDS<br \/>Bridge, WMM, Estad\u00edsticas Inal\u00e1mbricas<br \/>Seguridad Inal\u00e1mbrica Encriptaci\u00f3n 64\/128-bit WEP,WPA \/ WPA2,WPA-<br \/>PSK\/ WPA2-PSK<br \/>Potencia de Transmisi\u00f3n CE:<br \/>&#038;lt,20dBm(2.4GHz)<br \/>&#038;lt,23dBm(5GHz)<br \/>CARACTER\u00cdSTICAS DE SOFTWARE<br \/>Calidad de Servicio WMM, Control del ancho de banda<br \/>Gesti\u00f3n Control de acceso<br \/>Gesti\u00f3n local<br \/>Gesti\u00f3n remota<br \/>Reenv\u00edo de Puertos Servidor virtual, Port Triggering, UPnP, DMZ<br \/>DNS Din\u00e1mico DynDns, Comexe, NO-IP<br \/>VPN Pass-Through PPTP, L2TP, IPSec<br \/>Control de Acceso Control Parental, Control de Gesti\u00f3n Local<br \/>Listado de Control de Hosts<br \/>Horarios de Acceso<br \/>Gesti\u00f3n de Reglas<br \/>Seguridad Firewall DoS, Firewall SPI<br \/>Filtrado por direcciones IP\/ MAC \/ Dominio<br \/>Asociaci\u00f3n de direcciones IP y MAC<br \/>Protocolos Soporta IPv4 e IPv6<br \/>Red de Invitados 1 x red de invitados en 2.4GHz<br \/>1 x red de invitados en 5GHz<br \/>Otros<br \/>Certificaciones CE, FCC, RoHS<br \/>Contenido del Paquete Router Inal\u00e1mbrico de Doble Bandal AC750 Archer<br \/>C20<br \/>Fuente de Alimentaci\u00f3n<br \/>Cable Ethernet RJ45<br \/>Gu\u00eda de instalaci\u00f3n r\u00e1pida<br \/>Dimensiones de la Caja 285x223x91mm<br \/>Requisitos del sistema Microsoft Windows XP\/Vista\/7\/8\/8.1\/10, MAC OS,<br \/>UNIX o Linux<br \/>Internet Explorer, Firefox, Chrome, Safari u otros navegadores basados en Java-<br \/>M\u00f3dem\/Terminal de Fibra, Cable o DSL<br \/>(Para el acceso a Internet)Subscripci\u00f3n con un Proveedor de Servicios de<br \/>Internet<br \/>Factores Ambientales Temperatura de Funcionamiento: 0~40 (32<br \/>~104)<br \/>Temperatura de Almacenamiento: -40~70 (-40 ~158)<br \/>Humedad de Funcionamiento: 10%~90% sin condensaci\u00f3n<br \/>Humedad de Almacenamiento: 5%~90% sin condensaci\u00f3n<\/p>\n","protected":false},"excerpt":{"rendered":"<p>Router wifi archer c20 ac750 dual band 433mbps tp link<\/p>\n","protected":false},"featured_media":239164,"comment_status":"open","ping_status":"open","template":"","meta":{"_et_pb_use_builder":"","_et_pb_old_content":"","_et_gb_content_width":""},"product_brand":[3946],"product_cat":[2058,3261,3311,3965],"product_tag":[3264,3314,3948],"class_list":{"0":"post-239163","1":"product","2":"type-product","3":"status-publish","4":"has-post-thumbnail","6":"product_brand-tp-link","7":"product_cat-dispositivos","8":"product_cat-redes","9":"product_cat-routers","10":"product_cat-tp-link-routers","11":"product_tag-redes","12":"product_tag-routers","13":"product_tag-tp-link","14":"product_shipping_class-2059","15":"pa_canon-digital-impuesto-incluido-de-0-e","16":"pa_categoria-redes","17":"pa_marca-tp-link","18":"pa_peso-4076","19":"pa_referencia-archerc20","21":"first","22":"instock","23":"sale","24":"taxable","25":"shipping-taxable","26":"purchasable","27":"product-type-simple"},"_links":{"self":[{"href":"https:\/\/linkxa.es\/linkshop\/wp-json\/wp\/v2\/product\/239163","targetHints":{"allow":["GET"]}}],"collection":[{"href":"https:\/\/linkxa.es\/linkshop\/wp-json\/wp\/v2\/product"}],"about":[{"href":"https:\/\/linkxa.es\/linkshop\/wp-json\/wp\/v2\/types\/product"}],"replies":[{"embeddable":true,"href":"https:\/\/linkxa.es\/linkshop\/wp-json\/wp\/v2\/comments?post=239163"}],"wp:featuredmedia":[{"embeddable":true,"href":"https:\/\/linkxa.es\/linkshop\/wp-json\/wp\/v2\/media\/239164"}],"wp:attachment":[{"href":"https:\/\/linkxa.es\/linkshop\/wp-json\/wp\/v2\/media?parent=239163"}],"wp:term":[{"taxonomy":"product_brand","embeddable":true,"href":"https:\/\/linkxa.es\/linkshop\/wp-json\/wp\/v2\/product_brand?post=239163"},{"taxonomy":"product_cat","embeddable":true,"href":"https:\/\/linkxa.es\/linkshop\/wp-json\/wp\/v2\/product_cat?post=239163"},{"taxonomy":"product_tag","embeddable":true,"href":"https:\/\/linkxa.es\/linkshop\/wp-json\/wp\/v2\/product_tag?post=239163"}],"curies":[{"name":"wp","href":"https:\/\/api.w.org\/{rel}","templated":true}]}}