{"id":239167,"date":"2025-11-13T11:04:00","date_gmt":"2025-11-13T11:04:00","guid":{"rendered":"https:\/\/linkxa.es\/contratacion\/producto\/router-wifi-archer-c6-ac1200-dual\/"},"modified":"2025-12-08T12:26:13","modified_gmt":"2025-12-08T12:26:13","slug":"router-wifi-archer-c6-ac1200-dual","status":"publish","type":"product","link":"https:\/\/linkxa.es\/linkshop\/producto\/router-wifi-archer-c6-ac1200-dual\/","title":{"rendered":"Router wifi archer c6 ac1200 dual"},"content":{"rendered":"<div style=\"text-align: center; margin-bottom: 20px;\">\n<h2 style=\"font-size: 22px; font-weight: 600; margin: 0; color: #333;\">Tp &#8211; link\u00a0|\u00a0 Routers<\/h2>\n<p><strong>Router wifi archer c6 ac1200 dual band 300mb en 2 -4ghz y 867mb 5ghz 5p giga 4 antenas fijas tp link<\/strong><\/p>\n<\/div>\n<p style=\"max-width: 700px; margin: 0px auto 30px; font-size: 18px; line-height: 1.6; color: #555555; font-style: italic; text-align: left;\">Router Gigabit Inal\u00e1mbrico MU-MIMO de Banda Dual AC1200 Archer C6<\/p>\n<p>Soporta el est\u00e1ndar 802.11ac standard<br \/>Conexiones simult\u00e1neas en 2.4GHz 300 Mbps y a 867Mbps en 5GHz para un<br \/>ancho de banda total disponible de 1200 Mbps<br \/>4 antenas externas y una interna proporcionan una conexi\u00f3n Wi-Fi estable y<br \/>una \u00f3ptima cobertura.<br \/>Con TP-Link Tether tendr\u00e1s a tu alcance un acceso f\u00e1cil a la configuraci\u00f3n de<br \/>red<br \/>MU-MIMO logra una eficiencia x2 al comunicarse con hasta 2 dispositivos a<br \/>la vez<br \/>Soporta modo Punto de Acceso para crear una nueva red Wi-Fi.<\/p>\n<p>SYSTEM<br \/>System RequirementsMicrosoft Windows 10 \/ 8.1 \/ 8\/7 \/ Vista \/ XP \/ 2000 \/<br \/>NT \/ 98SE, SO MAC, NetWare, UNIX o Linux<br \/>Internet Explorer 11, Firefox 12.0, Chrome 20.0, Safari 4.0 u otro navegador<br \/>habilitado para Java<br \/>M\u00f3dem por cable o DSL<br \/>Suscripci\u00f3n con un proveedor de servicios de Internet (para acceso a internet)<br \/>ENVIRONMENT<br \/>Operating Temperature0~40 (32 ~104)<br \/>Storage Temperature-40~70 (-40 ~158)<br \/>Operating Humidity10%~90% sin condensaci\u00f3n<br \/>Storage Humidity5%~90% sin condensaci\u00f3n.<br \/>PACKAGE CONTENTS<br \/>Package ContentsRouter inal\u00e1mbrico Archer C6<br \/>Adaptador de corriente<br \/>Cable de Ethernet RJ45<br \/>Gu\u00eda de Instalaci\u00f3n R\u00e1pida<br \/>CARACTER\u00cdSTICAS DE HARDWARE<br \/>Ports4*10\/100\/1000Mbps LAN Ports, 1*10\/100\/1000Mbps WAN Port<br \/>BotonesReset Button, Power On\/Off Button, WPS\/Wi-Fi On\/Off Button<br \/>Fuente de Alimentaci\u00f3n12V\/1A<br \/>Dimensiones(230 144 35 mm) 9.1 5.7 1.4 in<br \/>Antenas4 Fixed External Antennas and 1 Internal Antenna<br \/>CARACTER\u00cdSTICAS INAL\u00c1MBRICAS<br \/>Est\u00e1ndares Inal\u00e1mbricosIEEE 802.11ac\/n\/a 5GHz, IEEE 802.11b\/g\/n 2.4GHz<br \/>Frecuencia2.4GHz y 5GHz<br \/>Tasa de Se\u00f1al5GHz: hasta 867Mbps<br \/>2.4GHz: hasta 300Mbps<br \/>Sensibilidad de Recepci\u00f3n5GHz:<br \/>11a 6Mbps:-93dBm11a 54Mbps:-78dBm<br \/>11ac HT20 mcs8:69dBm 11ac HT40 mcs9:-65dBm<br \/>11ac HT80 mcs9:-62dBm<br \/>2.4GHz:<br \/>11g 54Mbps:-78dBm<br \/>11n HT20 mcs7:-74dBm<br \/>11n HT40 mcs7:-71dbm<br \/>Potencia de Transmisi\u00f3nCE EIRP: &#038;lt,20dBm(2.4GHz) &#038;lt,23dBm(5GHz)<br \/>Funciones Inal\u00e1mbricasHabilitar \/ Deshabilitar la Radio Inal\u00e1mbrica, Puente<br \/>WDS, WMM,<br \/>Estad\u00edsticas Inal\u00e1mbricas<br \/>Seguridad Inal\u00e1mbrica64\/128-bit WEP,WPA \/ WPA2,WPA-PSK\/ WPA2-PSK<br \/>encriptaci\u00f3n<br \/>CARACTER\u00cdSTICAS DE SOFTWARE<br \/>Tipo de WANIP din\u00e1mica, IP est\u00e1tica, PPPoE, PPTP (Acceso dual), L2TP<br \/>(Acceso dual), BigPond<br \/>Gesti\u00f3nControl de acceso, administraci\u00f3n local, administraci\u00f3n remota<br \/>DHCPServidor, lista de clientes DHCP, reserva de direcciones<br \/>Reenv\u00edo de PuertosServidor virtual, activaci\u00f3n de puerto, UPnP, DMZ<br \/>DNS Din\u00e1micoDynDns, NO-IP<br \/>Control de AccesoControles parentales, control de gesti\u00f3n local, lista de host,<br \/>lista blanca, lista negra<br \/>Seguridad FirewallDoS, SPI Firewall, IP y enlace de direcciones MAC<br \/>ProtocolosIPv4, IPv6<br \/>Red de InvitadosRed de invitados de 2.4GHz, red de invitados de 5GHz<br \/>VPN ServerOpenVPNPPTP VPN<\/p>\n","protected":false},"excerpt":{"rendered":"<p>Router wifi archer c6 ac1200 dual band 300mb en 2 -4ghz y 867mb 5ghz 5p giga 4 antenas fijas tp link<\/p>\n","protected":false},"featured_media":239168,"comment_status":"open","ping_status":"open","template":"","meta":{"_et_pb_use_builder":"","_et_pb_old_content":"","_et_gb_content_width":""},"product_brand":[3946],"product_cat":[2058,3261,3311,3965],"product_tag":[3264,3314,3948],"class_list":{"0":"post-239167","1":"product","2":"type-product","3":"status-publish","4":"has-post-thumbnail","6":"product_brand-tp-link","7":"product_cat-dispositivos","8":"product_cat-redes","9":"product_cat-routers","10":"product_cat-tp-link-routers","11":"product_tag-redes","12":"product_tag-routers","13":"product_tag-tp-link","14":"product_shipping_class-2059","15":"pa_canon-digital-impuesto-incluido-de-0-e","16":"pa_categoria-redes","17":"pa_marca-tp-link","18":"pa_peso-4078","19":"pa_referencia-archerc6","21":"first","22":"instock","23":"sale","24":"taxable","25":"shipping-taxable","26":"purchasable","27":"product-type-simple"},"_links":{"self":[{"href":"https:\/\/linkxa.es\/linkshop\/wp-json\/wp\/v2\/product\/239167","targetHints":{"allow":["GET"]}}],"collection":[{"href":"https:\/\/linkxa.es\/linkshop\/wp-json\/wp\/v2\/product"}],"about":[{"href":"https:\/\/linkxa.es\/linkshop\/wp-json\/wp\/v2\/types\/product"}],"replies":[{"embeddable":true,"href":"https:\/\/linkxa.es\/linkshop\/wp-json\/wp\/v2\/comments?post=239167"}],"wp:featuredmedia":[{"embeddable":true,"href":"https:\/\/linkxa.es\/linkshop\/wp-json\/wp\/v2\/media\/239168"}],"wp:attachment":[{"href":"https:\/\/linkxa.es\/linkshop\/wp-json\/wp\/v2\/media?parent=239167"}],"wp:term":[{"taxonomy":"product_brand","embeddable":true,"href":"https:\/\/linkxa.es\/linkshop\/wp-json\/wp\/v2\/product_brand?post=239167"},{"taxonomy":"product_cat","embeddable":true,"href":"https:\/\/linkxa.es\/linkshop\/wp-json\/wp\/v2\/product_cat?post=239167"},{"taxonomy":"product_tag","embeddable":true,"href":"https:\/\/linkxa.es\/linkshop\/wp-json\/wp\/v2\/product_tag?post=239167"}],"curies":[{"name":"wp","href":"https:\/\/api.w.org\/{rel}","templated":true}]}}