{"id":239170,"date":"2025-05-16T01:35:59","date_gmt":"2025-05-16T01:35:59","guid":{"rendered":"https:\/\/linkxa.es\/contratacion\/producto\/router-wifi-archer-mr200-ac750-dual\/"},"modified":"2025-12-08T12:26:41","modified_gmt":"2025-12-08T12:26:41","slug":"router-wifi-archer-mr200-ac750-dual","status":"publish","type":"product","link":"https:\/\/linkxa.es\/linkshop\/producto\/router-wifi-archer-mr200-ac750-dual\/","title":{"rendered":"Router wifi archer mr200 ac750 dual"},"content":{"rendered":"<div style=\"text-align: center; margin-bottom: 20px;\">\n<h2 style=\"font-size: 22px; font-weight: 600; margin: 0; color: #333;\">Tp &#8211; link\u00a0|\u00a0 Routers<\/h2>\n<p><strong>Router wifi archer mr200 ac750 dual band 433mbps tp link<\/strong><\/p>\n<\/div>\n<p style=\"max-width: 700px; margin: 0px auto 30px; font-size: 18px; line-height: 1.6; color: #555555; font-style: italic; text-align: left;\">Router 4G LTE Inal\u00e1mbrico de Doble Banda AC750 Archer MR200<\/p>\n<p>Comparta su red 4G LTE con m\u00faltiples dispositivos Wi-Fi y disfrute de<br \/>velocidades de descarga de hasta 150Mbps<br \/>Potente, antenas integradas que proporcionan conexiones inal\u00e1mbricas<br \/>estables y mejor cobertura<br \/>No requiere configuraci\u00f3n, tan solo inserte una tarjeta SIM y enci\u00e9ndalo para<br \/>disfrutar de una r\u00e1pida conexi\u00f3n inal\u00e1mbrica<br \/>Crea redes Wi-Fi de doble banda simult\u00e1nea, con un m\u00e1ximo de velocidad de<br \/>hasta 300Mbps en la banda de 2.4GHz y 433Mbps en la banda de 5GHz<br \/>Ofrece opciones y flexibilidad con el puerto LAN\/WAN, permiti\u00e9ndole elegir su<br \/>tipo de conexi\u00f3n<\/p>\n<p>CARACTER\u00cdSTICAS DE HARDWARE<br \/>Interfaz 3 Puertos LAN 10\/100Mbps, 1 Puerto LAN\/WAN 10\/100Mbps, 1 Ranura<br \/>para Tarjeta SIM<br \/>Botones Bot\u00f3n WPS\/Reset, Bot\u00f3n Wi-Fi On\/Off, Bot\u00f3n Power On\/Off<br \/>Fuente de Alimentaci\u00f3n Externa 12V\/1A<br \/>Dimensiones 202 x 141 x 33.6 mm<br \/>Antenas 3 Antenas Wi-Fi Internas y<br \/>2 Antenas 4G LTE Externas Desmontables<br \/>CARACTER\u00cdSTICAS INAL\u00c1MBRICAS<br \/>Est\u00e1ndares Inal\u00e1mbricos IEEE 802.11ac\/n\/a 5GHz, IEEE 802.11b\/g\/n 2.4GHz<br \/>Frecuencia 2.4GHz y 5GHz<br \/>Tasa de Se\u00f1al 300Mbps en 2.4GHz y 433Mbps en 5GHz<br \/>Sensibilidad de Recepci\u00f3n 5GHz: 11a 54M: -74dBm<br \/>11ac HT20: -67dBm<br \/>11ac HT40: -64dBm<br \/>11ac HT80 : -60dBm<br \/>11n HT20: -71dBm<br \/>11n HT40: -70dBm<\/p>\n<p>2.4G: 11g 54M: -76dBm<br \/>11n HT20: -73dBm<br \/>11n HT40: -67dBm<br \/>Potencia de Transmisi\u00f3n CE: &#038;lt,20dBm(2.4GHz), &#038;lt,23dBm(5GHz)<br \/>Funciones Inal\u00e1mbricas Habilitar\/Deshabilitar la Emisi\u00f3n Inal\u00e1mbrica, WDS<br \/>Bridge, WMM y Estad\u00edsticas Inal\u00e1mbricas<br \/>Seguridad Inal\u00e1mbrica Encriptaciones 64\/128-bit WEP, WPA\/WPA2 y<br \/>WPA-PSK\/WPA2-PSK<br \/>Network Type (V2) 4G: FDD-LTE B1\/B3\/B7\/B8\/B20 (2100\/1800\/2600\/900\/800MHz)<br \/>TDD-LTE B38\/B40 (2600\/2300MHz)<br \/>3G: DC-HSPA+\/HSPA+\/HSPA\/UMTS B1\/B8 (2100\/900MHz)<br \/>2G: EDGE\/GPRS\/GSM Quad Band (850\/900\/1800\/1900MHz)<br \/>Tipo de Red 4G: FDD-LTE B1\/B3\/B7\/B8\/B20 (2100\/1800\/2600\/900\/800MHz)<br \/>TDD-LTE B38\/B40 (2600\/2300MHz)<br \/>3G: DC-HSPA+\/HSPA+\/HSPA\/UMTS B1\/B8 (2100\/900MHz)<br \/>2G: EDGE\/GPRS\/GSM Quad Band (850\/900\/1800\/1900MHz)<br \/>CARACTER\u00cdSTICAS DE SOFTWARE<br \/>Calidad de Servicio Control de Tr\u00e1fico (IP QoS)<br \/>Modo de Funcionamiento Router 3G\/4G, Router Inal\u00e1mbrico<br \/>Tipo de WAN IP Din\u00e1mica\/IP Est\u00e1tica\/PPPoE\/PPTP(Acceso Dual)\/L2TP<br \/>(Acceso Dual)<br \/>Gesti\u00f3n Control de Acceso, Gesti\u00f3n Local y Gesti\u00f3n Remota<br \/>DHCP Servidor, Cliente, Lista de Clientes DHCP, Reserva de Direcciones<br \/>Reenv\u00edo de Puertos Servidor Virtual, Port Triggering, UPnP y DMZ<br \/>DNS Din\u00e1mico DynDns, NO-IP<br \/>VPN Pass-Through PPTP, L2TP, IPSec<br \/>VPN PPTP VPN, IPSec VPN , OpenVPN<br \/>Control de Acceso Control Parental, Control de Gesti\u00f3n Local, Lista de Hosts,<br \/>Programaci\u00f3n de Acceso y Gesti\u00f3n de Reglas<br \/>Seguridad Firewall DoS, Firewall SPI, Filtrado de Direcciones IP\/Dominios<br \/>Vinculaci\u00f3n de Direcciones IP y MAC<br \/>Protocolos Soporta IPv4 e IPv6<br \/>Red de Invitados 1 Red de Invitados en 2.4GHz y 1Red de Invitados en 5GHz<br \/>VPN IPSec Soporta hasta 10 t\u00faneles VPN IPSec<br \/>Otros<br \/>Certificaciones CE, FCC, RoHS<br \/>Contenido del Paquete Router 4G LTE Inal\u00e1mbrico de Doble Banda AC750,<br \/>Archer MR200<br \/>Cable Ethernet RJ45<br \/>Fuente de Alimentaci\u00f3n<br \/>Gu\u00eda de Instalaci\u00f3n R\u00e1pida<br \/>Adaptador de Tarjeta SIM de Micro a Est\u00e1ndar<br \/>Adaptador de Tarjeta SIM de Nano a Est\u00e1ndar<br \/>Requisitos del sistema Microsoft Windows 98SE, NT, 2000, XP, Vista o<br \/>Windows 7, 8, 8.1, MAC OS,<br \/>NetWare, UNIX o Linux<br \/>Internet Explorer 11, Firefox 12.0, Chrome 20.0, navegadores Safari 4.0 o<br \/>superiores,<br \/>u otros navegadores que tengan Java<br \/>Tarjeta SIM<br \/>Factores Ambientales Temperatura de Funcionamiento: 0~40 (32<br \/>~104)<br \/>Temperatura de Almacenamiento: -40~70 (-40 ~158)<br \/>Humedad de Funcionamiento: 10%~90% sin condensaci\u00f3n<br \/>Humedad de Almacenamiento: 5%~90% sin condensaci\u00f3n<\/p>\n","protected":false},"excerpt":{"rendered":"<p>Router wifi archer mr200 ac750 dual band 433mbps tp link<\/p>\n","protected":false},"featured_media":239171,"comment_status":"open","ping_status":"open","template":"","meta":{"_et_pb_use_builder":"","_et_pb_old_content":"","_et_gb_content_width":""},"product_brand":[3946],"product_cat":[2058,3261,3311,3965],"product_tag":[3264,3314,3948],"class_list":{"0":"post-239170","1":"product","2":"type-product","3":"status-publish","4":"has-post-thumbnail","6":"product_brand-tp-link","7":"product_cat-dispositivos","8":"product_cat-redes","9":"product_cat-routers","10":"product_cat-tp-link-routers","11":"product_tag-redes","12":"product_tag-routers","13":"product_tag-tp-link","14":"product_shipping_class-2088","15":"pa_canon-digital-impuesto-incluido-de-0-e","16":"pa_categoria-redes","17":"pa_marca-tp-link","18":"pa_peso-4080","19":"pa_referencia-archermr200","21":"first","22":"instock","23":"sale","24":"taxable","25":"shipping-taxable","26":"purchasable","27":"product-type-simple"},"_links":{"self":[{"href":"https:\/\/linkxa.es\/linkshop\/wp-json\/wp\/v2\/product\/239170","targetHints":{"allow":["GET"]}}],"collection":[{"href":"https:\/\/linkxa.es\/linkshop\/wp-json\/wp\/v2\/product"}],"about":[{"href":"https:\/\/linkxa.es\/linkshop\/wp-json\/wp\/v2\/types\/product"}],"replies":[{"embeddable":true,"href":"https:\/\/linkxa.es\/linkshop\/wp-json\/wp\/v2\/comments?post=239170"}],"wp:featuredmedia":[{"embeddable":true,"href":"https:\/\/linkxa.es\/linkshop\/wp-json\/wp\/v2\/media\/239171"}],"wp:attachment":[{"href":"https:\/\/linkxa.es\/linkshop\/wp-json\/wp\/v2\/media?parent=239170"}],"wp:term":[{"taxonomy":"product_brand","embeddable":true,"href":"https:\/\/linkxa.es\/linkshop\/wp-json\/wp\/v2\/product_brand?post=239170"},{"taxonomy":"product_cat","embeddable":true,"href":"https:\/\/linkxa.es\/linkshop\/wp-json\/wp\/v2\/product_cat?post=239170"},{"taxonomy":"product_tag","embeddable":true,"href":"https:\/\/linkxa.es\/linkshop\/wp-json\/wp\/v2\/product_tag?post=239170"}],"curies":[{"name":"wp","href":"https:\/\/api.w.org\/{rel}","templated":true}]}}