{"id":239173,"date":"2025-08-25T08:00:52","date_gmt":"2025-08-25T08:00:52","guid":{"rendered":"https:\/\/linkxa.es\/contratacion\/producto\/router-archer-mr400-ac1200-dual-band\/"},"modified":"2025-12-08T12:27:09","modified_gmt":"2025-12-08T12:27:09","slug":"router-archer-mr400-ac1200-dual-band","status":"publish","type":"product","link":"https:\/\/linkxa.es\/linkshop\/producto\/router-archer-mr400-ac1200-dual-band\/","title":{"rendered":"Router archer mr400 ac1200 dual band"},"content":{"rendered":"<div style=\"text-align: center; margin-bottom: 20px;\">\n<h2 style=\"font-size: 22px; font-weight: 600; margin: 0; color: #333;\">Tp &#8211; link\u00a0|\u00a0 Routers<\/h2>\n<p><strong>Router archer mr400 ac1200 dual band 867mbps tp &#8211; link<\/strong><\/p>\n<\/div>\n<p style=\"max-width: 700px; margin: 0px auto 30px; font-size: 18px; line-height: 1.6; color: #555555; font-style: italic; text-align: left;\">Enrutador inal\u00e1mbrico de banda dual 4G LTE AC1200<br \/>Archer MR400<\/p>\n<p>Red 4G de \u00faltima generaci\u00f3n: comparte el acceso a Internet con hasta 64<br \/>dispositivos Wi-Fi y disfruta de velocidades de descarga de hasta 150 Mbps.<br \/>AC1200 Wi-Fi &#8211; crea redes Wi-Fi de doble banda simult\u00e1neas, con velocidades<br \/>m\u00e1ximas de hasta 300 Mbps en la banda de 2,4 GHz y 867 Mbps en la banda de 5<br \/>GHz.<br \/>Conecte una tarjeta SIM y juegue &#8211; no necesita configuraciones, la compatibilidad<br \/>de las tarjetas SIM en m\u00e1s de 100 pa\u00edses est\u00e1 asegurada por a\u00f1os de pruebas<br \/>de campo.<br \/>Dos antenas LTE avanzadas desmontables &#8211; disfrutan de conexiones estables y<br \/>eficientes a cada dispositivo gracias a las dos antenas externas.<br \/>Modo de router Wi-Fi: conecte un cable Ethernet en el puerto LAN\/WAN para un<br \/>acceso flexible como opci\u00f3n de copia de seguridad si no puede obtener una<br \/>conexi\u00f3n 4G.<\/p>\n<p>CARACTER\u00cdSTICAS DE HARDWARE<br \/>Interfaz 3 puertos LAN 10\/100Mbps, 1 puerto LAN\/WAN 10\/100Mbps,<br \/>1 Ranura para tarjeta SIM Micro<br \/>Bot\u00f3n WPS\/Reset, bot\u00f3n de encendido\/apagado WiFi, bot\u00f3n de<br \/>encendido\/apagado<br \/>Fuente de alimentaci\u00f3n externa 12V\/1A<br \/>Dimensiones ( An x Pr x Al) 7,95 x 5,55 x 1,32 pulg. (202 x 141 x 33,6 mm)<br \/>Antena V2: 2 antenas internas 4G LTE<br \/>V3\/V1: 2 antenas LTE 4G desmontables<br \/>FUNCIONES INAL\u00c1MBRICAS<br \/>Est\u00e1ndares inal\u00e1mbricos IEEE 802.11ac\/n\/a 5GHz, IEEE 802.11b\/g\/n 2.4GHz<br \/>Frecuencia 2.4GHz y 5GHz<br \/>Velocidad de la se\u00f1al 300Mbps en 2.4GHz, 867Mbps en 5GHz<br \/>Sensibilidad de recepci\u00f3n 5GHz: 11a 54M: -74dBm<br \/>11ac HT20: -67dBm<br \/>11ac HT40: -64dBm<br \/>11ac HT80 : -60dBm<br \/>11n HT20: -71dBm<br \/>11n HT40: -70dBm<\/p>\n<p>2.4G: 11g 54M: -76dBm<br \/>11n HT20: -73dBm<br \/>11n HT40: -67dBm<br \/>Potencia de transmisi\u00f3n CE: &#038;lt,20dBm(2.4GHz), &#038;lt,23dBm(5GHz)<br \/>Funciones inal\u00e1mbricas Habilitar\/deshabilitar radio inal\u00e1mbrica, WMM,<br \/>Estad\u00edsticas de Wireless<br \/>Seguridad inal\u00e1mbrica con cifrado WEP, WPA\/WPA2, WPA-PSK\/WPA2-PSK de<br \/>64\/128 bits<br \/>Tipo de red 4G: FDD-LTE B1\/B3\/B7\/B8\/B20 (2100\/1800\/2600\/900\/800MHz)<br \/>TDD-LTE B38\/B39\/B40\/B41 (2600\/1900\/2300\/2500MHz)<br \/>3G: DC-HSPA+\/HSPA+\/HSPA+\/HSPA\/UMTS B1\/B8 (2100\/900MHz)<br \/>FUNCIONES DE SOFTWARE<br \/>Control de calidad de servicio de ancho de banda<br \/>Modos de funcionamiento Router 3G\/4G, Router inal\u00e1mbrico<br \/>Tipo de WAN IP din\u00e1mica\/IP est\u00e1tica\/PPPoE\/PPTP(Dual Access)\/L2TP(Dual<br \/>Access)<br \/>Control de Acceso a la Gesti\u00f3n, Gesti\u00f3n Local, Gesti\u00f3n Remota<br \/>programa de reinicio<br \/>Servidor DHCP, Cliente, Lista de clientes DHCP, Reserva de direcciones<br \/>Servidor virtual de reenv\u00edo de puertos, activaci\u00f3n de puertos, UPnP, DMZ<br \/>DNS Din\u00e1mico DynDns, NO-IP<br \/>VPN PPTP VPN, IPSec VPN, OpenVPN<br \/>Control de acceso Control parental, Control de gesti\u00f3n local<br \/>Firewall Security DoS, SPI Firewall, IP Address Filter\/Domain Filter,<br \/>Vinculaci\u00f3n de direcciones IP y MAC<br \/>Protocolos compatibles con IPv4 e IPv6<br \/>Red de hu\u00e9spedes 2.4GHz red de hu\u00e9spedes x 1, 5GHz red de hu\u00e9spedes x 1<br \/>IPSec VPN admite hasta 10 t\u00faneles VPN IPSec<br \/>OTROS<br \/>Certificaci\u00f3n CE, RoHS<br \/>Contenido del paquete AC1200 Wireless Dual Band 4G LTE Router, Archer MR400<br \/>Cable Ethernet RJ45<br \/>Adaptador de corriente<br \/>Gu\u00eda de instalaci\u00f3n r\u00e1pida<br \/>Requisitos del sistema Microsoft Windows 98SE, NT, 2000, XP, Vista o<br \/>Windows 7, 8, 8.1, 10<br \/>MAC OS, NetWare, UNIX o Linux<\/p>\n<p>Internet Explorer 11, Firefox 12.0, Chrome 20.0,<br \/>Navegadores Safari 4.0 o superiores, u otros navegadores compatibles con Java<br \/>Tarjeta SIM Micro<br \/>Entorno Temperatura de funcionamiento: 0~40 (32 ~104)<br \/>Temperatura de almacenamiento: -40~70 (-40 ~158)<br \/>Humedad de funcionamiento: 10%~90% sin condensaci\u00f3n<br \/>Humedad de almacenamiento: 5%~90% sin condensaci\u00f3n<\/p>\n","protected":false},"excerpt":{"rendered":"<p>Router archer mr400 ac1200 dual band 867mbps tp &#8211; link<\/p>\n","protected":false},"featured_media":239174,"comment_status":"open","ping_status":"open","template":"","meta":{"_et_pb_use_builder":"","_et_pb_old_content":"","_et_gb_content_width":""},"product_brand":[3946],"product_cat":[2058,3261,3311,3965],"product_tag":[3264,3314,3948],"class_list":{"0":"post-239173","1":"product","2":"type-product","3":"status-publish","4":"has-post-thumbnail","6":"product_brand-tp-link","7":"product_cat-dispositivos","8":"product_cat-redes","9":"product_cat-routers","10":"product_cat-tp-link-routers","11":"product_tag-redes","12":"product_tag-routers","13":"product_tag-tp-link","14":"product_shipping_class-2059","15":"pa_canon-digital-impuesto-incluido-de-0-e","16":"pa_categoria-redes","17":"pa_marca-tp-link","18":"pa_peso-4082","19":"pa_referencia-archermr400","21":"first","22":"instock","23":"sale","24":"taxable","25":"shipping-taxable","26":"purchasable","27":"product-type-simple"},"_links":{"self":[{"href":"https:\/\/linkxa.es\/linkshop\/wp-json\/wp\/v2\/product\/239173","targetHints":{"allow":["GET"]}}],"collection":[{"href":"https:\/\/linkxa.es\/linkshop\/wp-json\/wp\/v2\/product"}],"about":[{"href":"https:\/\/linkxa.es\/linkshop\/wp-json\/wp\/v2\/types\/product"}],"replies":[{"embeddable":true,"href":"https:\/\/linkxa.es\/linkshop\/wp-json\/wp\/v2\/comments?post=239173"}],"wp:featuredmedia":[{"embeddable":true,"href":"https:\/\/linkxa.es\/linkshop\/wp-json\/wp\/v2\/media\/239174"}],"wp:attachment":[{"href":"https:\/\/linkxa.es\/linkshop\/wp-json\/wp\/v2\/media?parent=239173"}],"wp:term":[{"taxonomy":"product_brand","embeddable":true,"href":"https:\/\/linkxa.es\/linkshop\/wp-json\/wp\/v2\/product_brand?post=239173"},{"taxonomy":"product_cat","embeddable":true,"href":"https:\/\/linkxa.es\/linkshop\/wp-json\/wp\/v2\/product_cat?post=239173"},{"taxonomy":"product_tag","embeddable":true,"href":"https:\/\/linkxa.es\/linkshop\/wp-json\/wp\/v2\/product_tag?post=239173"}],"curies":[{"name":"wp","href":"https:\/\/api.w.org\/{rel}","templated":true}]}}