{"id":239177,"date":"2025-01-16T18:16:31","date_gmt":"2025-01-16T18:16:31","guid":{"rendered":"https:\/\/linkxa.es\/contratacion\/producto\/adaptador-usb-2-0-dual-band-wifi\/"},"modified":"2025-12-08T12:27:35","modified_gmt":"2025-12-08T12:27:35","slug":"adaptador-usb-2-0-dual-band-wifi","status":"publish","type":"product","link":"https:\/\/linkxa.es\/linkshop\/producto\/adaptador-usb-2-0-dual-band-wifi\/","title":{"rendered":"Adaptador usb 2.0 dual band wifi"},"content":{"rendered":"<div style=\"text-align: center; margin-bottom: 20px;\">\n<h2 style=\"font-size: 22px; font-weight: 600; margin: 0; color: #333;\">Tp &#8211; link\u00a0|\u00a0 Adaptadores usb red<\/h2>\n<p><strong>Adaptador usb 2.0 dual band wifi ac600 2.4 ghz y 5ghz tp &#8211; link negro<\/strong><\/p>\n<\/div>\n<p style=\"max-width: 700px; margin: 0px auto 30px; font-size: 18px; line-height: 1.6; color: #555555; font-style: italic; text-align: left;\">Velocidad inal\u00e1mbrica ultra-r\u00e1pida de 600 (433 + 150) Mbps con 802.11ac<br \/>Una peque\u00f1a manera de conseguir conexiones Wi-Fi r\u00e1pidas de nueva<br \/>generaci\u00f3n<br \/>Conexiones de banda dual para la transmisi\u00f3n de v\u00eddeo de alta definici\u00f3n<br \/>sin demoras y juegos<br \/>Seguridad avanzada: Soporta 64\/128 WEP, WPA, WPA2\/WPA-PSK\/WPA2-<br \/>PSK (TKIP\/AES)<br \/>Soporta Windows 8\/7\/XP<br \/>802.11ac &#8211; La nueva generaci\u00f3n WiFi<br \/>El Archer T2U de TP-LINK viene con el est\u00e1ndar de nueva generaci\u00f3n Wi-Fi<br \/>802.11ac, 3 veces m\u00e1s r\u00e1pido que las velocidades inal\u00e1mbricas N. Con<br \/>velocidades inal\u00e1mbricas de hasta 433Mbps sobre la cristalina banda de 5<br \/>GHz o de hasta 150 Mbps en la banda de 2,4 GHz, el Archer T2U es la mejor<br \/>opci\u00f3n para la transmisi\u00f3n HD sin fisuras, juegos en l\u00ednea y otras tareas<br \/>intensivas de banda ancha.<br \/>Velocidad inal\u00e1mbrica AC600<br \/>La banda de 5 GHz a 433Mbps es perfecta para el streaming de v\u00eddeo en HD y<br \/>los juegos en l\u00ednea sin LAG, mientras que la banda de 2.4GHz a 150Mbps es<br \/>perfecta para un uso medio, como la navegaci\u00f3n por Internet.<br \/>Lo mejor de ambas bandas<br \/>El Archer T2U de TP-LINK es un adaptador USB de banda dual que<br \/>proporciona acceso a las bandas de 5 GHz y 2,4 GHz con los \u00faltimos<br \/>est\u00e1ndares y compatibilidad con las versiones anteriores de la red Wi-Fi<br \/>existente. Da a los usuarios la capacidad de acceder a las cristalinas<br \/>conexiones de 5GHz para actualizar su port\u00e1til o capacidades inal\u00e1mbricas<br \/>del PC, garantizando al mismo tiempo que todav\u00eda puedan acceder a las<br \/>redes inal\u00e1mbricas de banda de 2,4 GHz.<br \/>Encriptaciones WPA \/ WPA2 &#8211; Seguridad Avanzada<br \/>El T2U ofrece encriptaciones WPA\/WPA2 creadas por la Wi-Fi Alliance,<br \/>promoviendo la interoperabilidad y la seguridad para su WLAN para proteger<br \/>de manera eficaz y eficiente su red inal\u00e1mbrica.<br \/>Utilidad incluida &#8211; Instalaci\u00f3n r\u00e1pida y sin complicaciones<br \/>Con su utilidad de configuraci\u00f3n inal\u00e1mbrica incluida y el bot\u00f3n WPS, el T2U<br \/>es muy f\u00e1cil y seguro de configurar incluso para los usuarios novatos.<br \/>ARACTER\u00cdSTICAS DE HARDWARE<br \/>Interfaces USB 2.0<br \/>Dimensiones (W X D X H) 1.60.70.3 in. (4119.58.7mm)<br \/>Tipo de antena Omnidireccional<br \/>CARACTER\u00cdSTICAS INAL\u00c1MBRICAS<br \/>Est\u00e1ndares Inal\u00e1mbricos IEEE 802.11ac, IEEE 802.11a,<br \/>IEEE 802.11n, IEEE 802.11g, IEEE 802.11b<br \/>Frecuencia 5GHz<br \/>2.4GHz<br \/>Tasas de transferencia 5GHz<br \/>11ac: Hasta 433Mbps(din\u00e1mico)<br \/>11a: Hasta 54Mbps(din\u00e1mico)<br \/>2.4GHz<br \/>11n: Hasta 150Mbps(din\u00e1mico)<br \/>11g: Hasta 54Mbps(din\u00e1mico)<br \/>11b: Hasta 11Mbps(din\u00e1mico)<br \/>PIRE &#038;lt,20dBm (PIRE)<br \/>Sensibilidad de Recepci\u00f3n 5GHz:<br \/>11a 6Mbps: -94dBm<br \/>11a 54Mbps: -78dBm<br \/>11n HT20 MCS0: -94dBm<br \/>11n HT20 MCS7: -77dBm<br \/>11n HT40 MCS0: -92dBm<br \/>11n HT40 MCS7: -74dBm<br \/>11ac VHT80 MCS0: -89dBm<br \/>11ac VHT80 MCS9: -64dBm<br \/>2.4GHz:<br \/>11b 1Mbps: -99dBm<br \/>11b 11Mbps: -91dBm<br \/>11g 6Mbps: -94dBm<br \/>11g 54Mbps: -77dBm<br \/>11n HT20 MCS0: -95dBm<br \/>11n HT20 MCS7: -76dBm<br \/>11n HT40 MCS0: -92dBm<br \/>11n HT40 MCS7: -73dBm<br \/>Modos Inal\u00e1mbricos Ad-Hoc \/ Modo infraestructura<br \/>Seguridad Inal\u00e1mbrica Soporta encriptaci\u00f3n WEP 64\/128 bit, WPA-<br \/>PSK\/WPA2-PSK, 802.1x<br \/>Tecnolog\u00eda de modulaci\u00f3n DBPSK, DQPSK, CCK, OFDM, 16-QAM, 64-QAM,<br \/>256-QAM<br \/>OTROS<br \/>Certificaciones CE, FCC, RoHS<br \/>Contenido del Paquete Adaptador inal\u00e1mbrico Archer T2U<br \/>CD de Recursos<br \/>Gu\u00eda r\u00e1pida de instalaci\u00f3n<br \/>Requisitos del sistema Windows 8 (32\/64bits), Windows 7 (32\/64bits),<br \/>Windows XP(32\/64bits)<br \/>Factores ambientales Temperatura de Funcionamiento: 0C~40C<br \/>(32F ~104F)<br \/>Temperatura de Almacenamiento: -40C~70C (-40F ~158F)<br \/>Humedad de Funcionamiento: 10%~90% sin condensaci\u00f3n<br \/>Humedad de Almacenamiento: 5%~90% sin condensaci\u00f3n<\/p>\n","protected":false},"excerpt":{"rendered":"<p>Adaptador usb 2.0 dual band wifi ac600 2.4 ghz y 5ghz tp &#8211; link negro<\/p>\n","protected":false},"featured_media":0,"comment_status":"open","ping_status":"open","template":"","meta":{"_et_pb_use_builder":"","_et_pb_old_content":"","_et_gb_content_width":""},"product_brand":[3946],"product_cat":[3266,2058,3261,3947],"product_tag":[3268,3264,3948],"class_list":{"0":"post-239177","1":"product","2":"type-product","3":"status-publish","5":"product_brand-tp-link","6":"product_cat-adaptadores-usb-red","7":"product_cat-dispositivos","8":"product_cat-redes","9":"product_cat-tp-link","10":"product_tag-adaptadores-usb-red","11":"product_tag-redes","12":"product_tag-tp-link","13":"product_shipping_class-2059","14":"pa_canon-digital-impuesto-incluido-de-0-e","15":"pa_categoria-redes","16":"pa_marca-tp-link","17":"pa_peso-4084","18":"pa_referencia-archert2u","20":"first","21":"instock","22":"sale","23":"taxable","24":"shipping-taxable","25":"purchasable","26":"product-type-simple"},"_links":{"self":[{"href":"https:\/\/linkxa.es\/linkshop\/wp-json\/wp\/v2\/product\/239177","targetHints":{"allow":["GET"]}}],"collection":[{"href":"https:\/\/linkxa.es\/linkshop\/wp-json\/wp\/v2\/product"}],"about":[{"href":"https:\/\/linkxa.es\/linkshop\/wp-json\/wp\/v2\/types\/product"}],"replies":[{"embeddable":true,"href":"https:\/\/linkxa.es\/linkshop\/wp-json\/wp\/v2\/comments?post=239177"}],"wp:attachment":[{"href":"https:\/\/linkxa.es\/linkshop\/wp-json\/wp\/v2\/media?parent=239177"}],"wp:term":[{"taxonomy":"product_brand","embeddable":true,"href":"https:\/\/linkxa.es\/linkshop\/wp-json\/wp\/v2\/product_brand?post=239177"},{"taxonomy":"product_cat","embeddable":true,"href":"https:\/\/linkxa.es\/linkshop\/wp-json\/wp\/v2\/product_cat?post=239177"},{"taxonomy":"product_tag","embeddable":true,"href":"https:\/\/linkxa.es\/linkshop\/wp-json\/wp\/v2\/product_tag?post=239177"}],"curies":[{"name":"wp","href":"https:\/\/api.w.org\/{rel}","templated":true}]}}