{"id":239178,"date":"2025-08-06T09:12:26","date_gmt":"2025-08-06T09:12:26","guid":{"rendered":"https:\/\/linkxa.es\/contratacion\/producto\/nano-adaptador-usb-2-0-dual-band\/"},"modified":"2025-12-08T12:28:06","modified_gmt":"2025-12-08T12:28:06","slug":"nano-adaptador-usb-2-0-dual-band","status":"publish","type":"product","link":"https:\/\/linkxa.es\/linkshop\/producto\/nano-adaptador-usb-2-0-dual-band\/","title":{"rendered":"Nano adaptador usb 2.0 dual band"},"content":{"rendered":"<div style=\"text-align: center; margin-bottom: 20px;\">\n<h2 style=\"font-size: 22px; font-weight: 600; margin: 0; color: #333;\">Tp &#8211; link\u00a0|\u00a0 Accesorios redes<\/h2>\n<p><strong>Nano adaptador usb 2.0 dual band wifi ac600 2.4ghz y 5ghz tp &#8211; link<\/strong><\/p>\n<\/div>\n<p style=\"max-width: 700px; margin: 0px auto 30px; font-size: 18px; line-height: 1.6; color: #555555; font-style: italic; text-align: left;\">Adaptador inal\u00e1mbrico Nano USB de doble banda AC600 Archer T2U Nano<\/p>\n<p>Alta velocidad Wi-Fi hasta velocidades de 600Mbps con 200Mbps en<br \/>2.4GHz y 433 Mbps a 5GHz, actualiza tus dispositivos a velocidades m\u00e1s<br \/>altas de AC WiFi.<br \/>Doble banda Inal\u00e1mbrica 2,4 GHz y 5GHz banda de conectividad flexibles,<br \/>actualiza tus dispositivos para trabajar con el \u00faltimo router de WiFi de doble<br \/>banda para mayor velocidad y rango extendido.<br \/>Nano dise\u00f1o dise\u00f1o peque\u00f1o y discreto le permite conectar y olvidarse<br \/>de que esta conectado el dispositivo.<br \/>Sistema operativo: soporta Windows 10\/8.1\/8\/7\/XP, Mac OS X<br \/>Seguridad avanzada, soporta 64\/128-bit WEP, WPA\/WPA2 y<br \/>WPA-PSK\/WPA2- PSK est\u00e1ndares de cifrado<\/p>\n<p>CARACTER\u00cdSTICAS DE HARDWARE<br \/>Interfaz USB 2.0<br \/>Dimensiones 15*7.1*18.6mm<br \/>Tipo de Antena Omni Direccional<br \/>CARACTER\u00cdSTICAS INAL\u00c1MBRICAS<br \/>Est\u00e1ndares Inal\u00e1mbricos IEEE 802.11ac, IEEE 802.11a,<br \/>IEEE 802.11n, IEEE 802.11g, IEEE 802.11b<br \/>Frecuencia 5GHz<br \/>2.4GHz<br \/>Tasa de Se\u00f1al 5GHz<br \/>11ac: Up to 433Mbps(din\u00e1mico)<br \/>11n: Up to 150Mbps(din\u00e1mico)<br \/>11a: Up to 54Mbps(din\u00e1mico)<br \/>2.4GHz<br \/>11n: Up to 200Mbps(din\u00e1mico)<br \/>11g: Up to 54Mbps(din\u00e1mico)<br \/>11b: Up to 11Mbps(din\u00e1mico)<br \/>Sensibilidad de Recepci\u00f3n 5GHz<br \/>11a 6Mbps: -90dBm<br \/>11a 54Mbps: -73dBm<br \/>11n HT20 MCS0: -89dBm<br \/>11n HT20 MCS7: -70dBm<br \/>11n HT40 MCS0: -86dBm<br \/>11n HT40 MCS7: -67dBm<br \/>11ac VHT80 MCS0: -82dBm<br \/>11ac VHT80 MCS9: -56dBm<br \/>2.4GHz:<br \/>11b 1Mbps: -96dBm<br \/>11b 11Mbps: -88dBm<br \/>11g 6Mbps: -89dBm<br \/>11g 54Mbps: -74dBm<br \/>11n HT20 MCS0: -89dBm<br \/>11n HT20 MCS7: -72dBm<br \/>11n HT40 MCS0: -86dBm<br \/>11n HT40 MCS7: -66dBm<br \/>Potencia de Transmisi\u00f3n &#038;lt,20dBm (EIRP)<br \/>Modos Inal\u00e1mbricos Ad-Hoc \/ Modo Infraestructura<br \/>Seguridad Inal\u00e1mbrica Soporta 64\/128 bit WEP, WPA-PSK\/WPA2-PSK,<br \/>802.1x<br \/>Tecnolog\u00eda de Modulaci\u00f3n DBPSK, DQPSK, CCK, OFDM, 16-QAM, 64-QAM,<br \/>256 -QAM<br \/>Otros<br \/>Certificaciones CE, FCC, RoHS<br \/>Contenido del Paquete AC600 Nano Wireless USB Adapter Archer T2U<br \/>Nano<br \/>Resource CD<br \/>Quick Installation Guide<br \/>Requisitos del sistema Windows 10\/8.1\/8\/7\/XP (32\/64bits),<br \/>Mac OS X 10.9-10.13<br \/>Factores Ambientales Temperatura de funcionamiento: 0 c ~ 40 c (32 ~<br \/>104)<br \/>Temperatura de almacenamiento:-40 c ~ 70 c (-40 ~ 158 f)<br \/>Humedad de funcionamiento: 10% ~ 90% sin condensaci\u00f3n<br \/>Humedad de almacenamiento: 5% ~ 90% sin condensaci\u00f3n<\/p>\n","protected":false},"excerpt":{"rendered":"<p>Nano adaptador usb 2.0 dual band wifi ac600 2.4ghz y 5ghz tp &#8211; link<\/p>\n","protected":false},"featured_media":239179,"comment_status":"open","ping_status":"open","template":"","meta":{"_et_pb_use_builder":"","_et_pb_old_content":"","_et_gb_content_width":""},"product_brand":[3946],"product_cat":[3280,2058,3261,4053],"product_tag":[3283,3264,3948],"class_list":{"0":"post-239178","1":"product","2":"type-product","3":"status-publish","4":"has-post-thumbnail","6":"product_brand-tp-link","7":"product_cat-accesorios-redes","8":"product_cat-dispositivos","9":"product_cat-redes","10":"product_cat-tp-link-accesorios-redes","11":"product_tag-accesorios-redes","12":"product_tag-redes","13":"product_tag-tp-link","14":"product_shipping_class-2059","15":"pa_canon-digital-impuesto-incluido-de-0-e","16":"pa_categoria-redes","17":"pa_marca-tp-link","18":"pa_peso-4086","19":"pa_referencia-archert2unano","21":"first","22":"instock","23":"sale","24":"taxable","25":"shipping-taxable","26":"purchasable","27":"product-type-simple"},"_links":{"self":[{"href":"https:\/\/linkxa.es\/linkshop\/wp-json\/wp\/v2\/product\/239178","targetHints":{"allow":["GET"]}}],"collection":[{"href":"https:\/\/linkxa.es\/linkshop\/wp-json\/wp\/v2\/product"}],"about":[{"href":"https:\/\/linkxa.es\/linkshop\/wp-json\/wp\/v2\/types\/product"}],"replies":[{"embeddable":true,"href":"https:\/\/linkxa.es\/linkshop\/wp-json\/wp\/v2\/comments?post=239178"}],"wp:featuredmedia":[{"embeddable":true,"href":"https:\/\/linkxa.es\/linkshop\/wp-json\/wp\/v2\/media\/239179"}],"wp:attachment":[{"href":"https:\/\/linkxa.es\/linkshop\/wp-json\/wp\/v2\/media?parent=239178"}],"wp:term":[{"taxonomy":"product_brand","embeddable":true,"href":"https:\/\/linkxa.es\/linkshop\/wp-json\/wp\/v2\/product_brand?post=239178"},{"taxonomy":"product_cat","embeddable":true,"href":"https:\/\/linkxa.es\/linkshop\/wp-json\/wp\/v2\/product_cat?post=239178"},{"taxonomy":"product_tag","embeddable":true,"href":"https:\/\/linkxa.es\/linkshop\/wp-json\/wp\/v2\/product_tag?post=239178"}],"curies":[{"name":"wp","href":"https:\/\/api.w.org\/{rel}","templated":true}]}}