{"id":239180,"date":"2025-01-02T00:29:44","date_gmt":"2025-01-02T00:29:44","guid":{"rendered":"https:\/\/linkxa.es\/contratacion\/producto\/adaptador-usb-2-0-dual-band-wifi-2\/"},"modified":"2025-12-08T12:28:34","modified_gmt":"2025-12-08T12:28:34","slug":"adaptador-usb-2-0-dual-band-wifi-2","status":"publish","type":"product","link":"https:\/\/linkxa.es\/linkshop\/producto\/adaptador-usb-2-0-dual-band-wifi-2\/","title":{"rendered":"Adaptador usb 2.0 dual band wifi"},"content":{"rendered":"<div style=\"text-align: center; margin-bottom: 20px;\">\n<h2 style=\"font-size: 22px; font-weight: 600; margin: 0; color: #333;\">Tp &#8211; link\u00a0|\u00a0 Adaptadores usb red<\/h2>\n<p><strong>Adaptador usb 2.0 dual band wifi ac600 2.4 ghz y 5ghz tp &#8211; link<\/strong><\/p>\n<\/div>\n<p style=\"max-width: 700px; margin: 0px auto 30px; font-size: 18px; line-height: 1.6; color: #555555; font-style: italic; text-align: left;\">AC600 Adaptador USB Inal\u00e1mbrico de Alta Ganancia Doble Banda Archer T2U<br \/>Plus<\/p>\n<p>Wi-Fi Alta velocidad: 256QAM incrementa el ancho de banda de 2,4 GHz de<br \/>150 Mbps a 200 Mbps, 200 Mbps en la banda de 2,4 GHz y 433 Mbps en la<br \/>banda de 5 GHz, Wi-Fi AC. te asegura una conexi\u00f3n r\u00e1pida<br \/>Doble Banda Inal\u00e1mbrica: Bandas de 2.4 GHz y 5 GHz proporcionan<br \/>conectividad flexible, dando el acceso al dispositivos a la oble banda Wi-Fi del<br \/>router para mayor velocidad y rango extendido<br \/>Antena Alta Ganancia: Antena de 5dBi de alta ganancia mejora<br \/>considerablemente la potencia de recepci\u00f3n y transmisi\u00f3n de se\u00f1al del<br \/>adaptador USB<br \/>Soporta los \u00daltimos Sistemas Operativos: Compatible con Windows<br \/>10\/8.1\/8\/7\/XP y Mac OS X<\/p>\n<p>CARACTER\u00cdSTICAS DE HARDWARE<br \/>Interfaz USB 2.0<br \/>LED Status<br \/>Dimensiones 57.8 18 173.4 mm<br \/>Antenas 5dBi<br \/>CARACTER\u00cdSTICAS INAL\u00c1MBRICAS<br \/>Est\u00e1ndares Inal\u00e1mbricos IEEE 802.11b\/g\/n 2.4 GHz, IEEE 802.11a\/n\/ac 5 GHz<br \/>Velocidad Inal\u00e1mbrica 600 Mbps (200 Mbps en 2.4 GHz, 433 Mbps en 5<br \/>GHz)<br \/>Frecuencia 2.4 GHz, 5 GHz<br \/>Modos Inal\u00e1mbricos Ad-Hoc \/ Modo Infraestructura<br \/>Seguridad Inal\u00e1mbrica WEP, WPA\/WPA2, WPA-PSK\/WPA2-PSK<br \/>Tecnolog\u00eda de Modulaci\u00f3n DBPSK, DQPSK, CCK, OFDM, 16-QAM, 64-QAM, 256<br \/>-QAM<br \/>Otros<br \/>Certificaciones FCC, CE, RoHS<br \/>Contenido del Paquete Archer T2U Plus AC600 Adaptador USB Doble<br \/>Banda WiFi Alta ganancia<br \/>Gu\u00eda de instalaci\u00f3n r\u00e1pida<br \/>CD de recursos<br \/>Requisitos del sistema Windows10\/8.1\/8\/7\/XP, Mac OS X 10.9-10.13(beta<br \/>for 10.14)<br \/>Factores Ambientales Temperatura de funcionamiento: 0 C ~ 40 C (32 F<br \/>~ 104 F)<br \/>Temperatura de almacenamiento:-40 C ~ 70 C (-40 F ~ 158 F)<br \/>Humedad de funcionamiento: 10% ~ 90% sin condensaci\u00f3n<br \/>Humedad de almacenamiento: 5% ~ 90% sin condensaci\u00f3n<\/p>\n","protected":false},"excerpt":{"rendered":"<p>Adaptador usb 2.0 dual band wifi ac600 2.4 ghz y 5ghz tp &#8211; link<\/p>\n","protected":false},"featured_media":239181,"comment_status":"open","ping_status":"open","template":"","meta":{"_et_pb_use_builder":"","_et_pb_old_content":"","_et_gb_content_width":""},"product_brand":[3946],"product_cat":[3266,2058,3261,3947],"product_tag":[3268,3264,3948],"class_list":{"0":"post-239180","1":"product","2":"type-product","3":"status-publish","4":"has-post-thumbnail","6":"product_brand-tp-link","7":"product_cat-adaptadores-usb-red","8":"product_cat-dispositivos","9":"product_cat-redes","10":"product_cat-tp-link","11":"product_tag-adaptadores-usb-red","12":"product_tag-redes","13":"product_tag-tp-link","14":"product_shipping_class-2059","15":"pa_canon-digital-impuesto-incluido-de-0-e","16":"pa_categoria-redes","17":"pa_marca-tp-link","18":"pa_peso-3402","19":"pa_referencia-archert2uplus","21":"first","22":"instock","23":"sale","24":"taxable","25":"shipping-taxable","26":"purchasable","27":"product-type-simple"},"_links":{"self":[{"href":"https:\/\/linkxa.es\/linkshop\/wp-json\/wp\/v2\/product\/239180","targetHints":{"allow":["GET"]}}],"collection":[{"href":"https:\/\/linkxa.es\/linkshop\/wp-json\/wp\/v2\/product"}],"about":[{"href":"https:\/\/linkxa.es\/linkshop\/wp-json\/wp\/v2\/types\/product"}],"replies":[{"embeddable":true,"href":"https:\/\/linkxa.es\/linkshop\/wp-json\/wp\/v2\/comments?post=239180"}],"wp:featuredmedia":[{"embeddable":true,"href":"https:\/\/linkxa.es\/linkshop\/wp-json\/wp\/v2\/media\/239181"}],"wp:attachment":[{"href":"https:\/\/linkxa.es\/linkshop\/wp-json\/wp\/v2\/media?parent=239180"}],"wp:term":[{"taxonomy":"product_brand","embeddable":true,"href":"https:\/\/linkxa.es\/linkshop\/wp-json\/wp\/v2\/product_brand?post=239180"},{"taxonomy":"product_cat","embeddable":true,"href":"https:\/\/linkxa.es\/linkshop\/wp-json\/wp\/v2\/product_cat?post=239180"},{"taxonomy":"product_tag","embeddable":true,"href":"https:\/\/linkxa.es\/linkshop\/wp-json\/wp\/v2\/product_tag?post=239180"}],"curies":[{"name":"wp","href":"https:\/\/api.w.org\/{rel}","templated":true}]}}