{"id":239183,"date":"2025-09-20T10:12:35","date_gmt":"2025-09-20T10:12:35","guid":{"rendered":"https:\/\/linkxa.es\/contratacion\/producto\/mini-adaptador-usb-3-0-dual-band\/"},"modified":"2025-12-08T12:29:01","modified_gmt":"2025-12-08T12:29:01","slug":"mini-adaptador-usb-3-0-dual-band","status":"publish","type":"product","link":"https:\/\/linkxa.es\/linkshop\/producto\/mini-adaptador-usb-3-0-dual-band\/","title":{"rendered":"Mini adaptador usb 3.0 dual band"},"content":{"rendered":"<div style=\"text-align: center; margin-bottom: 20px;\">\n<h2 style=\"font-size: 22px; font-weight: 600; margin: 0; color: #333;\">Tp &#8211; link\u00a0|\u00a0 Accesorios redes<\/h2>\n<p><strong>Mini adaptador usb 3.0 dual band wifi ac1300 2.4ghz y 5ghz tp &#8211; link<\/strong><\/p>\n<\/div>\n<p style=\"max-width: 700px; margin: 0px auto 30px; font-size: 18px; line-height: 1.6; color: #555555; font-style: italic; text-align: left;\">Mini Adaptador USB mini Inal\u00e1mbrico MU-MIMO AC1300 Archer T3U<\/p>\n<p>Wi-Fi Ultra r\u00e1pido AC1300 (400 Mpbs en banda 2.4GHz y 867 Mbps en<br \/>banda 5GHz ) conexi\u00f3n wifi r\u00e1pida con la siguiente generaci\u00f3n Wi-Fi &#8211;<br \/>802.11ac Doble banda inal\u00e1mbrica bandas 2.4GHz y 5GHz para<br \/>conectividad flexible<\/p>\n<p>Dise\u00f1o mini Tama\u00f1o mini dise\u00f1ado para f\u00e1cil portabilidad con alto<br \/>rendimiento fiable<\/p>\n<p>Super velocidad en puerto USB 3.0 &#8211; 10x transferencia m\u00e1s r\u00e1pida que el<br \/>puerto USB 2.0<br \/>MU-MIMO &#8211; Ofrece conexi\u00f3n inal\u00e1mbrica altamente eficiente<\/p>\n<p>Sistemas operativos soportados Soporta Windows 10\/8.1\/8\/7\/XP, Mac OS<br \/>X<\/p>\n<p>CARACTER\u00cdSTICAS DE HARDWARE<br \/>Interfaz USB 3.0<br \/>Dimensiones 1.59 0.78 0.41in. (40.5 19.72 10.29mm)<br \/>Tipo de Antena Omnidireccional<br \/>CARACTER\u00cdSTICAS INAL\u00c1MBRICAS<br \/>Est\u00e1ndares Inal\u00e1mbricos IEEE 802.11ac, IEEE 802.11a,<br \/>IEEE 802.11n, IEEE 802.11g, IEEE 802.11b<br \/>Frecuencia 5GHz<br \/>2.4GHz<br \/>Tasa de Se\u00f1al 5GHz<br \/>11ac: Up to 867Mbps(din\u00e1mico)<br \/>11n: Up to 300Mbps(din\u00e1mico)<br \/>11a: Up to 54Mbps(din\u00e1mico)<br \/>2.4GHz<br \/>11n: Up to 400Mbps(din\u00e1mico)<br \/>11g: Up to 54Mbps(din\u00e1mico)<br \/>11b: Up to 11Mbps(din\u00e1mico)<br \/>Sensibilidad de Recepci\u00f3n 5GHz<br \/>11a 6Mbps: -91dBm<br \/>11a 54Mbps: -76dBm<br \/>11n HT20-71dBm<br \/>11n HT40-70dBm<br \/>11ac HT20: -68dBm<br \/>11ac HT40: -64dBm<br \/>11ac HT80: -62dBm<br \/>2.4GHz:<br \/>11b 11Mbps: -86dBm<br \/>11g 54Mbps: -73dBm<br \/>11n HT20: -71dBm<br \/>11n HT40: -70dBm<br \/>Potencia de Transmisi\u00f3n &#038;lt,23dBm (EIRP)<br \/>Modos Inal\u00e1mbricos Ad-Hoc \/ Modo infraestructura<br \/>Seguridad Inal\u00e1mbrica Soporta 64\/128 bit WEP, WPA\/WPA2, WPA-<br \/>PSK\/WPA2-PSK<br \/>Tecnolog\u00eda de Modulaci\u00f3n DBPSK, DQPSK, CCK, OFDM, 16-QAM, 64-QAM,<br \/>256 -QAM<br \/>Otros<br \/>Certificaciones CE, FCC, RoHS<br \/>Contenido del Paquete AC1300 Mini inal\u00e1mbrico MU-MIMO Adaptador<br \/>USB<br \/>Archer T3U<br \/>Gu\u00eda instalaci\u00f3n r\u00e1pida<br \/>CD de instalaci\u00f3n.<br \/>Requisitos del sistema Windows 10\/8.1\/8\/7\/XP, Mac OS X<br \/>Factores Ambientales Temperatura de funcionamiento: 0 c ~ 40 c<br \/>(32 ~<br \/>104)<br \/>Temperatura de almacenamiento:-40 c ~ 70 c (-40 ~ 158 f)<br \/>Humedad de funcionamiento: 10% ~ 90% sin condensaci\u00f3n<br \/>Humedad de almacenamiento: 5% ~ 90% sin condensaci\u00f3n<\/p>\n","protected":false},"excerpt":{"rendered":"<p>Mini adaptador usb 3.0 dual band wifi ac1300 2.4ghz y 5ghz tp &#8211; link<\/p>\n","protected":false},"featured_media":239184,"comment_status":"open","ping_status":"open","template":"","meta":{"_et_pb_use_builder":"","_et_pb_old_content":"","_et_gb_content_width":""},"product_brand":[3946],"product_cat":[3280,2058,3261,4053],"product_tag":[3283,3264,3948],"class_list":{"0":"post-239183","1":"product","2":"type-product","3":"status-publish","4":"has-post-thumbnail","6":"product_brand-tp-link","7":"product_cat-accesorios-redes","8":"product_cat-dispositivos","9":"product_cat-redes","10":"product_cat-tp-link-accesorios-redes","11":"product_tag-accesorios-redes","12":"product_tag-redes","13":"product_tag-tp-link","14":"product_shipping_class-2059","15":"pa_canon-digital-impuesto-incluido-de-0-e","16":"pa_categoria-redes","17":"pa_marca-tp-link","18":"pa_peso-4089","19":"pa_referencia-archert3u","21":"first","22":"instock","23":"sale","24":"taxable","25":"shipping-taxable","26":"purchasable","27":"product-type-simple"},"_links":{"self":[{"href":"https:\/\/linkxa.es\/linkshop\/wp-json\/wp\/v2\/product\/239183","targetHints":{"allow":["GET"]}}],"collection":[{"href":"https:\/\/linkxa.es\/linkshop\/wp-json\/wp\/v2\/product"}],"about":[{"href":"https:\/\/linkxa.es\/linkshop\/wp-json\/wp\/v2\/types\/product"}],"replies":[{"embeddable":true,"href":"https:\/\/linkxa.es\/linkshop\/wp-json\/wp\/v2\/comments?post=239183"}],"wp:featuredmedia":[{"embeddable":true,"href":"https:\/\/linkxa.es\/linkshop\/wp-json\/wp\/v2\/media\/239184"}],"wp:attachment":[{"href":"https:\/\/linkxa.es\/linkshop\/wp-json\/wp\/v2\/media?parent=239183"}],"wp:term":[{"taxonomy":"product_brand","embeddable":true,"href":"https:\/\/linkxa.es\/linkshop\/wp-json\/wp\/v2\/product_brand?post=239183"},{"taxonomy":"product_cat","embeddable":true,"href":"https:\/\/linkxa.es\/linkshop\/wp-json\/wp\/v2\/product_cat?post=239183"},{"taxonomy":"product_tag","embeddable":true,"href":"https:\/\/linkxa.es\/linkshop\/wp-json\/wp\/v2\/product_tag?post=239183"}],"curies":[{"name":"wp","href":"https:\/\/api.w.org\/{rel}","templated":true}]}}