{"id":239185,"date":"2024-12-31T10:04:44","date_gmt":"2024-12-31T10:04:44","guid":{"rendered":"https:\/\/linkxa.es\/contratacion\/producto\/adaptador-usb-3-0-dual-band-ac1300\/"},"modified":"2025-12-08T12:29:28","modified_gmt":"2025-12-08T12:29:28","slug":"adaptador-usb-3-0-dual-band-ac1300","status":"publish","type":"product","link":"https:\/\/linkxa.es\/linkshop\/producto\/adaptador-usb-3-0-dual-band-ac1300\/","title":{"rendered":"Adaptador usb 3.0 dual band ac1300"},"content":{"rendered":"<div style=\"text-align: center; margin-bottom: 20px;\">\n<h2 style=\"font-size: 22px; font-weight: 600; margin: 0; color: #333;\">Tp &#8211; link\u00a0|\u00a0 Adaptadores usb red<\/h2>\n<p><strong>Adaptador usb 3.0 dual band ac1300 2.4 ghz y 5ghz tp &#8211; link<\/strong><\/p>\n<\/div>\n<p style=\"max-width: 700px; margin: 0px auto 30px; font-size: 18px; line-height: 1.6; color: #555555; font-style: italic; text-align: left;\">Adaptador USB Inal\u00e1mbrico Banda Dual AC1300 Alta Ganancia Archer T3U<br \/>Plus<\/p>\n<p>AC1300 Velocidad Ultrar\u00e1pida AC1300 (867 Mbps en la banda de 5 GHz o<br \/>400 Mbps en la banda de 2.4 GHz) Wi-Fi banda dual asegura que todos tus<br \/>equipos funcionen su velocidad m\u00e1xima<br \/>Tecnolog\u00eda MU-MIMO Technology Mejora el rendimiento y la eficiencia de<br \/>toda la red con la tecnolog\u00eda MU-MIMO<br \/>Wi-Fi Banda Dual Las bandas de 2.4 GHz y 5 GHz proporcionan<br \/>conectividad flexible, dando a los dispositivos acceso a los routers de Wi-Fi<br \/>AC para velocidads m\u00e1s r\u00e1pidas y una cobertura extendida<br \/>Antenas de Alta Ganancia Las antenas externas de alta ganancia<br \/>avanzadas mejoran en gran medida la potencia de la se\u00f1al de recepci\u00f3n y<br \/>transmisi\u00f3n del adaptador USB<br \/>Soporta los Sistemas Operativos m\u00e1s Recientes Completamente<br \/>compatible con Windows 10\/8.1\/8\/7\/XP y macOS<\/p>\n<p>CARACTER\u00cdSTICAS DE HARDWARE<br \/>Interfaz USB 3.0<br \/>LED Estado<br \/>Dimensions 57.8 18 173.4 mm (2.28 0.71 6.83 in )<br \/>Antenas 2 Antenas de Externas de Alta Ganancia<br \/>CARACTER\u00cdSTICAS INAL\u00c1MBRICAS<br \/>Est\u00e1ndares Inal\u00e1mbricos IEEE 802.11b\/g\/n 2.4 GHz, IEEE 802.11a\/n\/ac 5<br \/>GHz<br \/>Tasa de Se\u00f1al 5 GHz:<br \/>11ac: Up to 867 Mbps(dynamic)<br \/>11n: Up to 300 Mbps(dynamic)<br \/>11a: Up to 54 Mbps(dynamic)<br \/>2.4 GHz:<br \/>11n: Up to 400 Mbps(dynamic)<br \/>11g: Up to 54 Mbps(dynamic)<br \/>11b: Up to 11 Mbps(dynamic)<br \/>Sensibilidad de Recepci\u00f3n 5 GHz:<br \/>11ac VHT80: -62dBm<br \/>11ac VHT40: -64dBm<br \/>11ac VHT20: -68dBm<br \/>11n HT40: -71dBm<br \/>11n HT20: -73dBm<br \/>11a 54Mbps: -77dBm<br \/>2.4 GHz:<br \/>11n HT40: -70dBm<br \/>11n HT20: -71dBm<br \/>11g 54Mbps: -73dBm<br \/>11b 11Mbps: -87dBm<br \/>Potencia de Transmisi\u00f3n 5 GHz: 20dBm(FCC) \/ 20dBm(CE) (EIRP)<br \/>2.4 GHz : 18dBm(FCC) \/ 18dBm(CE) (EIRP)<br \/>Modos Inal\u00e1mbricos Modo Infraestructura<br \/>Seguridad Inal\u00e1mbrica WEP, WPA\/WPA2, WPA-PSK\/WPA2-PSK<br \/>Otros<br \/>Certificaciones FCC, CE, RoHS<br \/>Contenido del Paquete Adaptador USB Banda Dual inal\u00e1mbrica AC1300<br \/>Alta Ganancia<br \/>Gu\u00eda de Instalaci\u00f3n R\u00e1pida<br \/>CD de recursos<br \/>Requisitos del sistema Windows 10\/8.1\/8\/7 (32\/64 bit)<br \/>Factores Ambientales Temperatura de Funcionamiento: 0C~40C<br \/>(32F~104F)<br \/>Temperatura de Almacenamiento: -40C~70C (-40F~158F)<br \/>Humedad de Funcionamiento: 10%~90% sin condensaci\u00f3n<br \/>Humedad de Almacenamiento: 5%~90% sin condensaci\u00f3n<\/p>\n","protected":false},"excerpt":{"rendered":"<p>Adaptador usb 3.0 dual band ac1300 2.4 ghz y 5ghz tp &#8211; link<\/p>\n","protected":false},"featured_media":239186,"comment_status":"open","ping_status":"open","template":"","meta":{"_et_pb_use_builder":"","_et_pb_old_content":"","_et_gb_content_width":""},"product_brand":[3946],"product_cat":[3266,2058,3261,3947],"product_tag":[3268,3264,3948],"class_list":{"0":"post-239185","1":"product","2":"type-product","3":"status-publish","4":"has-post-thumbnail","6":"product_brand-tp-link","7":"product_cat-adaptadores-usb-red","8":"product_cat-dispositivos","9":"product_cat-redes","10":"product_cat-tp-link","11":"product_tag-adaptadores-usb-red","12":"product_tag-redes","13":"product_tag-tp-link","14":"product_shipping_class-2059","15":"pa_canon-digital-impuesto-incluido-de-0-e","16":"pa_categoria-redes","17":"pa_marca-tp-link","18":"pa_peso-4091","19":"pa_referencia-archert3uplus","21":"first","22":"instock","23":"sale","24":"taxable","25":"shipping-taxable","26":"purchasable","27":"product-type-simple"},"_links":{"self":[{"href":"https:\/\/linkxa.es\/linkshop\/wp-json\/wp\/v2\/product\/239185","targetHints":{"allow":["GET"]}}],"collection":[{"href":"https:\/\/linkxa.es\/linkshop\/wp-json\/wp\/v2\/product"}],"about":[{"href":"https:\/\/linkxa.es\/linkshop\/wp-json\/wp\/v2\/types\/product"}],"replies":[{"embeddable":true,"href":"https:\/\/linkxa.es\/linkshop\/wp-json\/wp\/v2\/comments?post=239185"}],"wp:featuredmedia":[{"embeddable":true,"href":"https:\/\/linkxa.es\/linkshop\/wp-json\/wp\/v2\/media\/239186"}],"wp:attachment":[{"href":"https:\/\/linkxa.es\/linkshop\/wp-json\/wp\/v2\/media?parent=239185"}],"wp:term":[{"taxonomy":"product_brand","embeddable":true,"href":"https:\/\/linkxa.es\/linkshop\/wp-json\/wp\/v2\/product_brand?post=239185"},{"taxonomy":"product_cat","embeddable":true,"href":"https:\/\/linkxa.es\/linkshop\/wp-json\/wp\/v2\/product_cat?post=239185"},{"taxonomy":"product_tag","embeddable":true,"href":"https:\/\/linkxa.es\/linkshop\/wp-json\/wp\/v2\/product_tag?post=239185"}],"curies":[{"name":"wp","href":"https:\/\/api.w.org\/{rel}","templated":true}]}}