{"id":239189,"date":"2025-08-01T23:29:19","date_gmt":"2025-08-01T23:29:19","guid":{"rendered":"https:\/\/linkxa.es\/contratacion\/producto\/tarjeta-pci-express-wifi-archer-t4e\/"},"modified":"2025-12-08T12:29:54","modified_gmt":"2025-12-08T12:29:54","slug":"tarjeta-pci-express-wifi-archer-t4e","status":"publish","type":"product","link":"https:\/\/linkxa.es\/linkshop\/producto\/tarjeta-pci-express-wifi-archer-t4e\/","title":{"rendered":"Tarjeta pci express wifi archer t4e"},"content":{"rendered":"<div style=\"text-align: center; margin-bottom: 20px;\">\n<h2 style=\"font-size: 22px; font-weight: 600; margin: 0; color: #333;\">Tp &#8211; link\u00a0|\u00a0 Tarjetas de red wifi<\/h2>\n<p><strong>Tarjeta pci express wifi archer t4e 2.4ghz y 5ghz dual band ac1200 tp link<\/strong><\/p>\n<\/div>\n<p style=\"max-width: 700px; margin: 0px auto 30px; font-size: 18px; line-height: 1.6; color: #555555; font-style: italic; text-align: left;\">Adaptador Inal\u00e1mbrico PCI Express Banda Dual AC AC1200<br \/>Archer T4E<\/p>\n<p>F\u00e1cil instalaci\u00f3n &#8211; Conecte el adaptador en una ranura PCI-E disponible para<br \/>actualizar su escritorio.<br \/>Wi-Fi de alta velocidad &#8211; Hasta 1200 Mbps de velocidad Wi-Fi (867 Mbps en la<br \/>banda de 5 GHz y 300 Mpbs en la banda de 2.4 GHz)<\/p>\n<p>802.11ac Dual Band: 3 veces m\u00e1s r\u00e1pido que el est\u00e1ndar 802.11n, perfecto para<br \/>el uso de redes de alta intensidad.<\/p>\n<p>Beamforming &#8211; Las se\u00f1ales Wi-Fi se refuerzan hacia una direcci\u00f3n determinada<br \/>cuando el cliente existe.<\/p>\n<p>Soportes de varios tama\u00f1os &#8211; Se suministran soportes de bajo perfil y de altura<br \/>completa, adecuados para todos los PCs.<\/p>\n<p>22 MIMO &#8211; Los usuarios pueden acceder f\u00e1cilmente a una conexi\u00f3n inal\u00e1mbrica<br \/>de alta velocidad.<\/p>\n<p>Amplio rango inal\u00e1mbrico &#8211; Dos antenas externas aseguran una mayor<br \/>cobertura Wi-Fi y una mayor estabilidad.<\/p>\n<p>CARACTER\u00cdSTICAS DE HARDWARE<br \/>Interfaz PCI Express<br \/>Dimensiones (An x Pr x Al) 4.8 x 4.5 x 0.85 in (120.8*115.2*21.5 mm)<br \/>Tipo de Antena 2 Antenas Desmontables de Doble Banda<br \/>CARACTER\u00cdSTICAS INAL\u00c1MBRICAS<br \/>Est\u00e1ndares Inal\u00e1mbricos IEEE 802.11ac\/n\/a 5 GHz<br \/>IEEE 802.11n\/g\/b 2.4 GHz<br \/>Tasa de Se\u00f1al 5 GHz<br \/>11ac: Hasta 867 Mbps(din\u00e1mico)<br \/>11n: Hasta 300 Mbps (din\u00e1mico)<br \/>11a: Hasta 54 Mbps(din\u00e1mico)<br \/>2,4 GHz<br \/>11n: Hasta 300 Mbps (din\u00e1mico)<br \/>11g: Hasta 54 Mbps(din\u00e1mico)<br \/>11b: Hasta 11 Mbps(din\u00e1mico)<br \/>Sensibilidad de recepci\u00f3n 5 GHz:<br \/>11ac HT80: -59,5 dBm<br \/>11ac HT40: -63 dBm<br \/>11ac HT20: -68 dBm<br \/>11n HT40: -70 dBm<br \/>11n HT20: -73 dBm<br \/>11a 54Mbps: -76 dBm<br \/>11a 6Mbps: -92 dBm<\/p>\n<p>2.4GHz :<br \/>11n HT40: -67,5 dBm<br \/>11n HT20: -70 dBm<br \/>11g 54Mbps: -72 dBm<br \/>11b 11Mbps: -86,5 dBm<br \/>Potencia de transmisi\u00f3n 5 GHz : 24 dBm(FCC) \/ 23dBm(CE) (EIRP)<br \/>2,4 GHz : 25 dBm(FCC) \/ 20dBm(CE) (EIRP)<br \/>Modos Inal\u00e1mbricos Ad-Hoc \/ Modo Infraestructura<br \/>Compatibilidad con Seguridad Inal\u00e1mbrica WEP de 64\/128 bits, WPA\/WAP2,<br \/>WPA-PSK\/WPA2-PSK, 802.1x<br \/>Tecnolog\u00eda de Modulaci\u00f3n DBPSK, DQPSK, CCK, OFDM, MAQ-16, MAQ-64, 256-<br \/>QAM<br \/>OTROS<br \/>Certificaci\u00f3n CE, FCC, RoHS<br \/>Contenido del paquete AC1200 Wireless Dual Band PCI Express Adapter Archer<br \/>T4E<br \/>Soporte de bajo perfil<br \/>Gu\u00eda de instalaci\u00f3n r\u00e1pida<br \/>CD de recursos<br \/>Requisitos del sistema Windows 10\/8.1\/8\/7\/XP (32\/64bit)<br \/>Entorno Temperatura de funcionamiento: 0~40 (32~104)<br \/>Temperatura de almacenamiento: -40~70 (-40~158)<br \/>Humedad de funcionamiento: 10%~90% sin condensaci\u00f3n<br \/>Humedad de almacenamiento: 5%~90% sin condensaci\u00f3n<\/p>\n","protected":false},"excerpt":{"rendered":"<p>Tarjeta pci express wifi archer t4e 2.4ghz y 5ghz dual band ac1200 tp link<\/p>\n","protected":false},"featured_media":239190,"comment_status":"open","ping_status":"open","template":"","meta":{"_et_pb_use_builder":"","_et_pb_old_content":"","_et_gb_content_width":""},"product_brand":[3946],"product_cat":[2058,3261,4016,4017],"product_tag":[3264,4018,3948],"class_list":{"0":"post-239189","1":"product","2":"type-product","3":"status-publish","4":"has-post-thumbnail","6":"product_brand-tp-link","7":"product_cat-dispositivos","8":"product_cat-redes","9":"product_cat-tarjetas-de-red-wifi","10":"product_cat-tp-link-tarjetas-de-red-wifi","11":"product_tag-redes","12":"product_tag-tarjetas-de-red-wifi","13":"product_tag-tp-link","14":"product_shipping_class-2059","15":"pa_canon-digital-impuesto-incluido-de-0-e","16":"pa_categoria-redes","17":"pa_marca-tp-link","18":"pa_peso-4093","19":"pa_referencia-archert4e","21":"first","22":"instock","23":"sale","24":"taxable","25":"shipping-taxable","26":"purchasable","27":"product-type-simple"},"_links":{"self":[{"href":"https:\/\/linkxa.es\/linkshop\/wp-json\/wp\/v2\/product\/239189","targetHints":{"allow":["GET"]}}],"collection":[{"href":"https:\/\/linkxa.es\/linkshop\/wp-json\/wp\/v2\/product"}],"about":[{"href":"https:\/\/linkxa.es\/linkshop\/wp-json\/wp\/v2\/types\/product"}],"replies":[{"embeddable":true,"href":"https:\/\/linkxa.es\/linkshop\/wp-json\/wp\/v2\/comments?post=239189"}],"wp:featuredmedia":[{"embeddable":true,"href":"https:\/\/linkxa.es\/linkshop\/wp-json\/wp\/v2\/media\/239190"}],"wp:attachment":[{"href":"https:\/\/linkxa.es\/linkshop\/wp-json\/wp\/v2\/media?parent=239189"}],"wp:term":[{"taxonomy":"product_brand","embeddable":true,"href":"https:\/\/linkxa.es\/linkshop\/wp-json\/wp\/v2\/product_brand?post=239189"},{"taxonomy":"product_cat","embeddable":true,"href":"https:\/\/linkxa.es\/linkshop\/wp-json\/wp\/v2\/product_cat?post=239189"},{"taxonomy":"product_tag","embeddable":true,"href":"https:\/\/linkxa.es\/linkshop\/wp-json\/wp\/v2\/product_tag?post=239189"}],"curies":[{"name":"wp","href":"https:\/\/api.w.org\/{rel}","templated":true}]}}