{"id":239191,"date":"2025-02-10T05:31:45","date_gmt":"2025-02-10T05:31:45","guid":{"rendered":"https:\/\/linkxa.es\/contratacion\/producto\/adaptador-usb-2-0-dual-band-wifi-3\/"},"modified":"2025-12-08T12:30:24","modified_gmt":"2025-12-08T12:30:24","slug":"adaptador-usb-2-0-dual-band-wifi-3","status":"publish","type":"product","link":"https:\/\/linkxa.es\/linkshop\/producto\/adaptador-usb-2-0-dual-band-wifi-3\/","title":{"rendered":"Adaptador usb 2.0 dual band wifi"},"content":{"rendered":"<div style=\"text-align: center; margin-bottom: 20px;\">\n<h2 style=\"font-size: 22px; font-weight: 600; margin: 0; color: #333;\">Tp &#8211; link\u00a0|\u00a0 Adaptadores usb red<\/h2>\n<p><strong>Adaptador usb 2.0 dual band wifi ac1300 2.4 ghz y 5 ghz pt &#8211; link<\/strong><\/p>\n<\/div>\n<p style=\"max-width: 700px; margin: 0px auto 30px; font-size: 18px; line-height: 1.6; color: #555555; font-style: italic; text-align: left;\">Adaptador USB Inal\u00e1mbrico de Doble Banda AC1300 Archer T4U<\/p>\n<p>Velocidad inal\u00e1mbrica ultra-r\u00e1pida de 1200 (867+400) Mbps con 802.11ac<br \/>Conexiones de banda dual libres de latencia para streaming de v\u00eddeo de<br \/>alta definici\u00f3n y juegos<br \/>Puerto USB 3.0 &#8211; Hasta 10 veces m\u00e1s r\u00e1pido que USB 2.0<br \/>Encriptaci\u00f3n sencilla de seguridad inal\u00e1mbrica con s\u00f3lo pulsar el bot\u00f3n<br \/>WPS Equipado con un cable de extensi\u00f3n USB para un despliegue flexible<\/p>\n<p>CARACTER\u00cdSTICAS DE HARDWARE<br \/>Interfaz USB 3.0<br \/>Botones Bot\u00f3n WPS<br \/>Dimensiones 92.2 \u00d7 29 \u00d7 14.6 mm. (3.6 \u00d7 1.2 \u00d7 0.6 in)<br \/>Tipo de Antena Omnidireccional<br \/>CARACTER\u00cdSTICAS INAL\u00c1MBRICAS<br \/>Est\u00e1ndares Inal\u00e1mbricos IEEE 802.11ac, IEEE 802.11a,<br \/>IEEE 802.11b,IEEE 802.11g, IEEE 802.11n<br \/>Frecuencia 2.4GHz<br \/>5GHz<br \/>Tasa de Se\u00f1al 5GHz<br \/>11ac: Up to 867Mbps(dynamic)<br \/>11n: Up to 300Mbps(dynamic)<br \/>11a: Up to 54Mbps(dynamic)<br \/>2.4GHz<br \/>11n: Up to 400Mbps(dynamic)<br \/>11g: Up to 54Mbps(dynamic)<br \/>11b: Up to 11Mbps(dynamic)<br \/>Sensibilidad de Recepci\u00f3n 5GHz<br \/>111a 6Mbps: -88dBm<br \/>11a 54Mbps: -71dBm<br \/>11nHT20-63dBm<br \/>11nHT40-61dBm<br \/>11ac HT20: -65dBm<br \/>11ac HT40: -60dBm<br \/>11ac HT80: -56dBm<br \/>2.4GHz:<br \/>11b 11Mbps: -90dBm<br \/>11g 54Mbps: -73dBm<br \/>11n HT20: -71dBm<br \/>11n HT40: -68dBm<br \/>Potencia de Transmisi\u00f3n &#038;lt,20dBm (PIRE)<br \/>Modos Inal\u00e1mbricos Ad-Hoc \/ Modo infraestructura<br \/>Seguridad Inal\u00e1mbrica Soporte WEP a 64\/128 bit, WPA-PSK\/WPA2-PSK<br \/>802.1x<br \/>Tecnolog\u00eda de Modulaci\u00f3n DBPSK, DQPSK, CCK, OFDM, 16-QAM, 64-QAM,<br \/>256-QAM<br \/>Otros<br \/>Certificaciones CE, FCC, RoHS<br \/>Contenido del Paquete Adaptador Inal\u00e1mbrico Archer T4U<br \/>CD de Recursos<br \/>Gu\u00eda R\u00e1pida de Instalaci\u00f3n<br \/>Cable Extensor USB<br \/>Requisitos del sistema Windows 8 (32\/64bits), Windows 7 (32\/64bits),<br \/>Windows XP(32\/64bits)<br \/>Factores Ambientales Temperatura de Funcionamiento: 0\u00b0C~40\u00b0C (32\u00b0F<br \/>~104\u00b0F)<br \/>Temperatura de Almacenamiento: -40\u00b0C~70\u00b0C (-40\u00b0F ~158\u00b0F)<br \/>Humedad de Funcionamiento: 10%~90% sin condensaci\u00f3n<br \/>Humedad de Almacenamiento: 5%~90% sin condensaci\u00f3n<\/p>\n","protected":false},"excerpt":{"rendered":"<p>Adaptador usb 2.0 dual band wifi ac1300 2.4 ghz y 5 ghz pt &#8211; link<\/p>\n","protected":false},"featured_media":239192,"comment_status":"open","ping_status":"open","template":"","meta":{"_et_pb_use_builder":"","_et_pb_old_content":"","_et_gb_content_width":""},"product_brand":[3946],"product_cat":[3266,2058,3261,3947],"product_tag":[3268,3264,3948],"class_list":{"0":"post-239191","1":"product","2":"type-product","3":"status-publish","4":"has-post-thumbnail","6":"product_brand-tp-link","7":"product_cat-adaptadores-usb-red","8":"product_cat-dispositivos","9":"product_cat-redes","10":"product_cat-tp-link","11":"product_tag-adaptadores-usb-red","12":"product_tag-redes","13":"product_tag-tp-link","14":"product_shipping_class-2059","15":"pa_canon-digital-impuesto-incluido-de-0-e","16":"pa_categoria-redes","17":"pa_marca-tp-link","18":"pa_peso-4095","19":"pa_referencia-archert4u","21":"first","22":"instock","23":"sale","24":"taxable","25":"shipping-taxable","26":"purchasable","27":"product-type-simple"},"_links":{"self":[{"href":"https:\/\/linkxa.es\/linkshop\/wp-json\/wp\/v2\/product\/239191","targetHints":{"allow":["GET"]}}],"collection":[{"href":"https:\/\/linkxa.es\/linkshop\/wp-json\/wp\/v2\/product"}],"about":[{"href":"https:\/\/linkxa.es\/linkshop\/wp-json\/wp\/v2\/types\/product"}],"replies":[{"embeddable":true,"href":"https:\/\/linkxa.es\/linkshop\/wp-json\/wp\/v2\/comments?post=239191"}],"wp:featuredmedia":[{"embeddable":true,"href":"https:\/\/linkxa.es\/linkshop\/wp-json\/wp\/v2\/media\/239192"}],"wp:attachment":[{"href":"https:\/\/linkxa.es\/linkshop\/wp-json\/wp\/v2\/media?parent=239191"}],"wp:term":[{"taxonomy":"product_brand","embeddable":true,"href":"https:\/\/linkxa.es\/linkshop\/wp-json\/wp\/v2\/product_brand?post=239191"},{"taxonomy":"product_cat","embeddable":true,"href":"https:\/\/linkxa.es\/linkshop\/wp-json\/wp\/v2\/product_cat?post=239191"},{"taxonomy":"product_tag","embeddable":true,"href":"https:\/\/linkxa.es\/linkshop\/wp-json\/wp\/v2\/product_tag?post=239191"}],"curies":[{"name":"wp","href":"https:\/\/api.w.org\/{rel}","templated":true}]}}