{"id":239194,"date":"2025-05-06T04:10:00","date_gmt":"2025-05-06T04:10:00","guid":{"rendered":"https:\/\/linkxa.es\/contratacion\/producto\/punto-acceso-inalambrico-exterior-300mbps-5ghz\/"},"modified":"2025-12-08T12:31:24","modified_gmt":"2025-12-08T12:31:24","slug":"punto-acceso-inalambrico-exterior-300mbps-5ghz","status":"publish","type":"product","link":"https:\/\/linkxa.es\/linkshop\/producto\/punto-acceso-inalambrico-exterior-300mbps-5ghz\/","title":{"rendered":"Punto acceso inalambrico exterior 300mbps 5ghz"},"content":{"rendered":"<div style=\"text-align: center; margin-bottom: 20px;\">\n<h2 style=\"font-size: 22px; font-weight: 600; margin: 0; color: #333;\">Tp &#8211; link\u00a0|\u00a0 Puntos de acceso<\/h2>\n<p><strong>Punto de acceso inalambrico exterior 300mbps 5ghz tp &#8211; link<\/strong><\/p>\n<\/div>\n<p style=\"max-width: 700px; margin: 0px auto 30px; font-size: 18px; line-height: 1.6; color: #555555; font-style: italic; text-align: left;\">CPE de Exterior de 13dBi en 5GHz a 300Mbps CPE510<\/p>\n<p>La tecnolog\u00eda TP-LINK Pharos MAXtream<br \/>TDMA(Time-Division-Multiple-Access) mejora el rendimiento del producto, la<br \/>capacidad y la latencia, ideal para aplicaciones PTMP<br \/>Modos de operaci\u00f3n: AP \/ Cliente \/ Bridge\/ Repetidor \/ AP Router \/ AP Router<br \/>Cliente (WISP)<br \/>Antenas MIMO direccionales doblemente polarizadas de 13dBi y 2&#215;2<br \/>Potencia de transmisi\u00f3n ajustable de 0 a 23 dBm.<br \/>Optimizaciones a nivel de sistema para la transmisi\u00f3n inal\u00e1mbrica de m\u00e1s de<br \/>15 kil\u00f3metros de alcance<br \/>La tecnolog\u00eda TP-LINK Pharos MAXtream TDMA (Time-Divisi\u00f3n-Multiple-<br \/>Access) mejora el producto en el rendimiento, la capacidad y tiempo de latencia,<br \/>ideal para aplicaciones PTMP<br \/>Sistema de Gesti\u00f3n Centralizada &#8211; Pharos Control<br \/>Adaptador PoE Pasivo admite un m\u00e1ximo de 60 metros (200 pies) de<br \/>implementaci\u00f3n PoE y permite que el dispositivo se resetee remotamente<\/p>\n<p>CARACTER\u00cdSTICAS DE HARDWARE<br \/>Procesador CPU Qualcomm Atheros Enterprise AR9350B 560MHz, MIPS<br \/>74Kc<br \/>Memoria RAM DDR2 64MB, Flash 8MB<br \/>Interfaz 1 Puerto Ethernet Blindado 10\/100Mbps (LAN0, PoE pasivo de entrada)<br \/>1 Terminal de Toma de Tierra<br \/>1 Bot\u00f3n de Reset<br \/>Fuente de Alimentaci\u00f3n Adaptador PoE Pasivo v\u00eda LAN0 (+4,5pins, -7,8pins)<br \/>Rango de Voltaje: 16-27VDC<br \/>Consumo de Potencia M\u00e1ximo de 10,5 W<br \/>Nota: Cuando est\u00e1 configurado usando el adaptador de POE pasivo, la energ\u00eda<br \/>obtenida de la fuente de alimentaci\u00f3n variar\u00e1 dependiendo de la longitud del<br \/>cable de conexi\u00f3n.<br \/>Dimensiones 224 x 79 x 60 mm<br \/>Tipo de Antena Antena Direccional Doblemente Polarizada 2&#215;2 de 13dBi<br \/>Ancho de Haz: 45 (Plano-H) \/ 30 (Plano-E)<br \/>Nota: Para m\u00e1s detalles, por favor consulte la hoja de datos<br \/>Protecci\u00f3n Protecci\u00f3n ESD de 15KV<br \/>Protecci\u00f3n contra rayos de 6000V<br \/>Carcasa Material pl\u00e1stico estabilizado ASA para exterior<br \/>Certificaci\u00f3n contra agua IPX5<br \/>CARACTER\u00cdSTICAS INAL\u00c1MBRICAS<br \/>Est\u00e1ndares Inal\u00e1mbricos IEEE 802.11a\/n (con Pharos MAXtream<br \/>desactivado)<br \/>Protocolo Propietario Modo TDMA (con Pharos MAXtream activado)<br \/>Velocidad Inal\u00e1mbrica Hasta 300Mbps (40MHz, Din\u00e1mico)<br \/>Hasta 144.4Mbps (20MHz, Din\u00e1mico)<br \/>Hasta 72.2Mbps (10MHz, Din\u00e1mico)<br \/>Hasta 36.1Mbps (5MHz, Din\u00e1mico)<br \/>Frecuencia 5.15~5.85GHz<br \/>Nota: La frecuencia de trabajo disponible puede variar dependiendo de las<br \/>limitaciones de los pa\u00edses o regiones donde se encuentre en uso el dispositivo.<br \/>Sensibilidad de Recepci\u00f3n 802.11a:<br \/>54M: -75dBm, 48M: -76dBm, 36M: -83dBm, 6-24M: -95dBm<br \/>802.11n:<br \/>MCS15: -73dBm, MCS14: -74dBm, MCS13: -76dBm,<br \/>MCS12: -80dBm, MCS11: -83dBm, MCS10: -88dBm,<br \/>MCS9: -90dBm, MCS8: -93dBm, MCS7: -73dBm,<br \/>MCS6: -74dBm, MCS5: -76dBm, MCS4: -80dBm,<br \/>MCS3: -83dBm, MCS2: -88dBm, MCS1: -90dBm, MCS0: -93dBm<br \/>Potencia de Transmisi\u00f3n 27dBm\/500mw (Potencia Ajustable hasta 1dBm)<br \/>Nota: la potencia de transmisi\u00f3n m\u00e1xima puede variar a trav\u00e9s de diferentes<br \/>canales en funci\u00f3n de las limitaciones de los pa\u00edses o regiones en los que se<br \/>utiliza el dispositivo.<br \/>CARACTER\u00cdSTICAS DE SOFTWARE<br \/>Configuraciones Inal\u00e1mbricas Tecnolog\u00eda TDMA MAXTream Pharos<br \/>Modos 802.11a\/n<br \/>Ancho de Canal Seleccionable: 5\/10\/20\/40MHz<br \/>Selecci\u00f3n de Canal Autom\u00e1tico<br \/>Control de Transmisi\u00f3n de Energ\u00eda<br \/>Selecci\u00f3n de Frecuencia Din\u00e1mica (DFS)<br \/>WDS Activado\/Desactivado<br \/>Seguridad: Encriptaci\u00f3n WPA\/WPA2, WPA-PSK\/WPA2-PSK (AES\/TKIP) y<br \/>Encriptaci\u00f3n WEP 64\/128\/152-bit<br \/>SSID Broadcast Activado\/Desactivado<br \/>Multi-SSID con VLAN tagging (solo en modo AP)<br \/>Ajustes de timeout en Distancia\/ACK<br \/>Filtrado Inal\u00e1mbrico de Direcciones MAC<br \/>Opciones Inal\u00e1mbricas Avanzadas:<br \/>&#038;gt, Intervalo Beacon \/RTS Threshold\/Fragmentaci\u00f3n<br \/>&#038;gt,Threshold\/ Intervalo DTIM\/ AP Isolation\/Short GI\/Wi-Fi Multimedia<br \/>Gesti\u00f3n Detecci\u00f3n y gesti\u00f3n remota a trav\u00e9s mediante la aplicaci\u00f3n Pharos<br \/>Control<br \/>Administraci\u00f3n basada en Web HTTP\/HTTPS<br \/>Registro del Sistema<br \/>Agente SNMP(v2c)<br \/>Ping Watch Dog<br \/>DNS Din\u00e1mico<br \/>Servidor SSH<br \/>Herramientas Del Sistema Indicadores de calidad de se\u00f1al inal\u00e1mbrica:<br \/>Intensidad de la se\u00f1al \/ ruido \/ Transmit CCQ \/ CPU \/ Memoria<br \/>Monitorizaci\u00f3n: Throughput \/ Estaciones \/ Interfaces \/ ARP \/ Rutas \/ WAN \/ DHCP<br \/>Analizador de Espectros<br \/>Test de Velocidad<br \/>Ping<br \/>Traceroute<br \/>Optimizaciones Nivel de Sistema Optimizado IGMP Snooping \/ Proxy para<br \/>aplicaciones de multidifusi\u00f3n<br \/>Hardware watch dog<br \/>CARACTER\u00cdSTICAS ADAPTADOR POE<br \/>Dimensiones(W*D*H) 110*57*33.5mm<br \/>Interfaces 1 Jack AC con toma de tierra<br \/>1 Puerto Ethernet Blindado 10\/100Mbps (Corriente + Datos)<br \/>1 Puerto Ethernet Blindado 10\/100Mbps (Datos)<br \/>Bot\u00f3n Bot\u00f3n de Reset Remoto<br \/>LEDs de Estado Power Verde: 0~0.8A<br \/>Rojo: 0.8A~1.0A<br \/>Entrada 100-240VAC, 50\/60Hz<br \/>Voltaje de Entrada 100VA~240VAC @ 50Hz~60Hz<br \/>Corriente de Entrada 0.8A Max @ 100VAC<br \/>Salida 24VDC, 1.0A Max<br \/>+4, 5pins, -7, 8pins. (Soporta hasta 60m de Power over Ethernet)<br \/>Voltaje de Salida 24VDC(+4,5pins, -7,8pins)<br \/>Eficiencia &#038;gt,80%<br \/>Certificaciones CE\/FCC\/UL\/IC\/GS\/PSB\/C-tick\/SAA\/S-Mark\/KC-mark<br \/>Otros<br \/>Certificaciones CE, FCC, RoHS, IPX5<br \/>Contenido del Paquete CPE Inal\u00e1mbrico Exterior<br \/>Adaptador PoE Pasivo de 24V 0.5A<br \/>Correas de Montaje<br \/>Cable de Corriente AC<br \/>Gu\u00eda de Instalaci\u00f3n<br \/>Requisitos del sistema Microsoft Windows 98SE, NT, 2000, XP, Vista o<br \/>Windows 8, Windows 7, MAC OS, NetWare, UNIX o Linux.<br \/>Nota: Le recomendamos que utilice uno de los siguientes navegadores de<br \/>Internet para una experiencia de usuario mejorada: Google Chrome, Safari y<br \/>Firefox. No se recomienda el navegador Internet Explorer.<br \/>Factores Ambientales Temperatura de Funcionamiento: -30C~70C (-<br \/>22~158)<br \/>Temperatura de Almacenamiento: -40~70 (-40~158)<br \/>Humedad de Funcionamiento: 10%~90% sin condensaci\u00f3n<br \/>Humedad de Almacenamiento: 5%~95% sin condensaci\u00f3n<\/p>\n","protected":false},"excerpt":{"rendered":"<p>Punto de acceso inalambrico exterior 300mbps 5ghz tp &#8211; link<\/p>\n","protected":false},"featured_media":239195,"comment_status":"open","ping_status":"open","template":"","meta":{"_et_pb_use_builder":"","_et_pb_old_content":"","_et_gb_content_width":""},"product_brand":[3946],"product_cat":[2058,3299,3261,4005],"product_tag":[3302,3264,3948],"class_list":{"0":"post-239194","1":"product","2":"type-product","3":"status-publish","4":"has-post-thumbnail","6":"product_brand-tp-link","7":"product_cat-dispositivos","8":"product_cat-puntos-de-acceso","9":"product_cat-redes","10":"product_cat-tp-link-puntos-de-acceso","11":"product_tag-puntos-de-acceso","12":"product_tag-redes","13":"product_tag-tp-link","14":"product_shipping_class-2059","15":"pa_canon-digital-impuesto-incluido-de-0-e","16":"pa_categoria-redes","17":"pa_marca-tp-link","18":"pa_peso-4099","19":"pa_referencia-cpe510","21":"first","22":"instock","23":"sale","24":"taxable","25":"shipping-taxable","26":"purchasable","27":"product-type-simple"},"_links":{"self":[{"href":"https:\/\/linkxa.es\/linkshop\/wp-json\/wp\/v2\/product\/239194","targetHints":{"allow":["GET"]}}],"collection":[{"href":"https:\/\/linkxa.es\/linkshop\/wp-json\/wp\/v2\/product"}],"about":[{"href":"https:\/\/linkxa.es\/linkshop\/wp-json\/wp\/v2\/types\/product"}],"replies":[{"embeddable":true,"href":"https:\/\/linkxa.es\/linkshop\/wp-json\/wp\/v2\/comments?post=239194"}],"wp:featuredmedia":[{"embeddable":true,"href":"https:\/\/linkxa.es\/linkshop\/wp-json\/wp\/v2\/media\/239195"}],"wp:attachment":[{"href":"https:\/\/linkxa.es\/linkshop\/wp-json\/wp\/v2\/media?parent=239194"}],"wp:term":[{"taxonomy":"product_brand","embeddable":true,"href":"https:\/\/linkxa.es\/linkshop\/wp-json\/wp\/v2\/product_brand?post=239194"},{"taxonomy":"product_cat","embeddable":true,"href":"https:\/\/linkxa.es\/linkshop\/wp-json\/wp\/v2\/product_cat?post=239194"},{"taxonomy":"product_tag","embeddable":true,"href":"https:\/\/linkxa.es\/linkshop\/wp-json\/wp\/v2\/product_tag?post=239194"}],"curies":[{"name":"wp","href":"https:\/\/api.w.org\/{rel}","templated":true}]}}