{"id":239197,"date":"2025-08-21T22:26:53","date_gmt":"2025-08-21T22:26:53","guid":{"rendered":"https:\/\/linkxa.es\/contratacion\/producto\/wifi-mesh-deco-e4-ac1200-tp\/"},"modified":"2025-12-08T12:31:52","modified_gmt":"2025-12-08T12:31:52","slug":"wifi-mesh-deco-e4-ac1200-tp","status":"publish","type":"product","link":"https:\/\/linkxa.es\/linkshop\/producto\/wifi-mesh-deco-e4-ac1200-tp\/","title":{"rendered":"Wifi mesh deco e4 ac1200 tp"},"content":{"rendered":"<div style=\"text-align: center; margin-bottom: 20px;\">\n<h2 style=\"font-size: 22px; font-weight: 600; margin: 0; color: #333;\">Tp &#8211; link\u00a0|\u00a0 Extensores de red<\/h2>\n<p><strong>Wifi mesh deco e4 ac1200 tp link pack 2 unidades<\/strong><\/p>\n<\/div>\n<p style=\"max-width: 700px; margin: 0px auto 30px; font-size: 18px; line-height: 1.6; color: #555555; font-style: italic; text-align: left;\">Sistema Wi-Fi Mesh para toda la Casa AC1200<\/p>\n<p>Deco utiliza un sistema de unidades para lograr una cobertura Wi-Fi<br \/>perfecta en todo el hogar: \u00a1elimine las \u00e1reas de se\u00f1al d\u00e9bil de una vez por<br \/>todas! Con la avanzada tecnolog\u00eda Deco Mesh, las unidades trabajan<br \/>juntas para formar una red unificada con un solo nombre de red. Los<br \/>dispositivos cambian autom\u00e1ticamente entre Decos a medida que se<br \/>desplaza por su hogar para obtener las velocidades m\u00e1s r\u00e1pidas posibles.<br \/>Un paquete de dos Deco E4 ofrece Wi-Fi a un \u00e1rea de hasta 2800 pies<br \/>cuadrados (versi\u00f3n de la UE). Y si eso no es suficiente, simplemente<br \/>agregue m\u00e1s Decos a la red en cualquier momento para aumentar la<br \/>cobertura.<br \/>Deco E4 proporciona conexiones r\u00e1pidas y estables con velocidades de<br \/>hasta 1167 Mbps y funciona con los principales proveedores de servicios<br \/>de Internet (ISP) y m\u00f3dem.<br \/>Deco puede manejar el tr\u00e1fico incluso desde las redes m\u00e1s ocupadas,<br \/>proporcionando conexiones sin retrasos para hasta 100 dispositivos.<br \/>El control parental limita el tiempo en l\u00ednea y bloquea los sitios web<br \/>inapropiados de acuerdo con los perfiles \u00fanicos creados para cada<br \/>miembro de la familia.<br \/>La configuraci\u00f3n es m\u00e1s f\u00e1cil que nunca con la aplicaci\u00f3n Deco para<br \/>guiarlo en cada paso.<br \/>Inal\u00e1mbricos<br \/>Standards Wi-Fi 5<br \/>IEEE 802.11ac\/n\/a 5 GHz<br \/>IEEE 802.11n\/b\/g 2.4 GHz<br \/>WiFi Speeds AC1200<br \/>5 GHz: 867 Mbps (802.11ac)<br \/>2.4 GHz: 300 Mbps (802.11n)<br \/>WiFi Range Casas de 3 a 4 habitaciones (paquete de 3) Tecnolog\u00eda<br \/>de malla<br \/>TP-Link<br \/>El backhaul Ethernet opcional funciona en conjunto para vincular las<br \/>unidades Deco y brindar una cobertura perfecta<\/p>\n<p>2 antenas (internas)<br \/>Varias antenas forman una matriz de refuerzo de se\u00f1al para cubrir m\u00e1s<br \/>direcciones y \u00e1reas grandes<\/p>\n<p>Beamforming<br \/>Concentra la intensidad de la se\u00f1al inal\u00e1mbrica hacia los clientes para<br \/>ampliar el alcance de WiFi<br \/>WiFi Capacity Media Doble banda<br \/>Distribuya dispositivos a diferentes bandas para un rendimiento \u00f3ptimo<\/p>\n<p>MU-MIMO<br \/>Silmult\u00e1neamente se comunica con m\u00faltiples clientes MU-MIMO<br \/>Working Modes Modo router<br \/>Modo punto de acceso<br \/>HARDWARE<br \/>Processor CPU Qualcomm<br \/>Ethernet Ports 2 puertos de 10\/100 Mbps<\/p>\n<p>* Por unidad decorativa<br \/>Soporta auto-sensin WAN \/ LAN<br \/>Buttons Bot\u00f3n de reinicio<br \/>Power 12 V 1 A<br \/>SEGURIDAD<br \/>WiFi Encryption WPA<br \/>WPA2<br \/>Network Security Cortafuegos SPI<br \/>Control de acceso<br \/>Guest Network Red de invitados de 1 5 GHz<br \/>1 red de invitados de 2,4 GHz<br \/>SOFTWARE<br \/>Protocols IPv4<br \/>IPv6<br \/>Parental Controls Filtrado de URL<br \/>Controles de tiempo<br \/>WAN Types IP din\u00e1mica<br \/>IP est\u00e1tica<br \/>PPPoE<br \/>PPTP<br \/>L2TP<br \/>Quality of Service QoS por dispositivo<br \/>Cloud Service Actualizaci\u00f3n de firmware OTA<br \/>ID de TP-Link<br \/>DDNS<br \/>NAT Forwarding Reenv\u00edo de puertos<br \/>Activaci\u00f3n de puerto<br \/>DMZ<br \/>UPnP<br \/>IPTV Proxy IGMP<br \/>Inspecci\u00f3n IGMP<br \/>Puente<br \/>Etiqueta VLAN<br \/>DHCP Direcci\u00f3n de reservas<br \/>Lista de clientes DHCP<br \/>Servidor<br \/>DDNS TP-Link<br \/>Management Deco App<br \/>PHYSICAL<br \/>Dimensions (WDH) 3.6 3.6 7.5 in<br \/>(90.7 90.7 190 mm)<br \/>Package Contents Deco E4 (paquete de 3)<br \/>3 unidades Deco E4R<br \/>1 cable Ethernet RJ45<br \/>3 adaptadores de corriente<br \/>1 gu\u00eda de instalaci\u00f3n r\u00e1pida<\/p>\n<p>Deco E4 (paquete de 2)<br \/>2 unidades Deco E4R<br \/>1 cable Ethernet RJ45<br \/>2 adaptadores de corriente<br \/>1 gu\u00eda de instalaci\u00f3n r\u00e1pida<\/p>\n<p>Deco E4 (paquete de 1)<br \/>1 unidad Deco E4R<br \/>1 cable Ethernet RJ45<br \/>1 adaptador de corriente<br \/>1 gu\u00eda de instalaci\u00f3n r\u00e1pida<br \/>Otros<br \/>Requisitos del sistema Android 4.4 o posterior<br \/>iOS 9.0 o posterior<br \/>Certifications CE, FCC, IC, NCC, BSMI, IDA, RCM, JPA, JRF, VCCI, KC,<br \/>RoHS<br \/>Environment Temperatura de funcionamiento: 0 ~ 40 (32 ~ 104 )<br \/>Temperatura de almacenamiento: -40 ~ 70 (-40 ~ 158 )<br \/>Humedad de funcionamiento: 10% ~ 90% sin condensaci\u00f3n<br \/>Humedad de almacenamiento: 5% ~ 90% sin condensaci\u00f3n<br \/>TEST DATA<br \/>WiFi Transmission Power CE:<br \/>&#038;lt,20 dBm (2.4 GHz)<br \/>&#038;lt,23 dBm (5 GHz)<br \/>FCC:<br \/>&#038;lt,30 dBm<\/p>\n","protected":false},"excerpt":{"rendered":"<p>Wifi mesh deco e4 ac1200 tp link pack 2 unidades<\/p>\n","protected":false},"featured_media":239198,"comment_status":"open","ping_status":"open","template":"","meta":{"_et_pb_use_builder":"","_et_pb_old_content":"","_et_gb_content_width":""},"product_brand":[3946],"product_cat":[2058,3262,3261,3970],"product_tag":[3265,3264,3948],"class_list":{"0":"post-239197","1":"product","2":"type-product","3":"status-publish","4":"has-post-thumbnail","6":"product_brand-tp-link","7":"product_cat-dispositivos","8":"product_cat-extensores-de-red","9":"product_cat-redes","10":"product_cat-tp-link-extensores-de-red","11":"product_tag-extensores-de-red","12":"product_tag-redes","13":"product_tag-tp-link","14":"product_shipping_class-2059","15":"pa_canon-digital-impuesto-incluido-de-0-e","16":"pa_categoria-redes","17":"pa_marca-tp-link","18":"pa_peso-4101","19":"pa_referencia-decoe42pack","21":"first","22":"instock","23":"sale","24":"taxable","25":"shipping-taxable","26":"purchasable","27":"product-type-simple"},"_links":{"self":[{"href":"https:\/\/linkxa.es\/linkshop\/wp-json\/wp\/v2\/product\/239197","targetHints":{"allow":["GET"]}}],"collection":[{"href":"https:\/\/linkxa.es\/linkshop\/wp-json\/wp\/v2\/product"}],"about":[{"href":"https:\/\/linkxa.es\/linkshop\/wp-json\/wp\/v2\/types\/product"}],"replies":[{"embeddable":true,"href":"https:\/\/linkxa.es\/linkshop\/wp-json\/wp\/v2\/comments?post=239197"}],"wp:featuredmedia":[{"embeddable":true,"href":"https:\/\/linkxa.es\/linkshop\/wp-json\/wp\/v2\/media\/239198"}],"wp:attachment":[{"href":"https:\/\/linkxa.es\/linkshop\/wp-json\/wp\/v2\/media?parent=239197"}],"wp:term":[{"taxonomy":"product_brand","embeddable":true,"href":"https:\/\/linkxa.es\/linkshop\/wp-json\/wp\/v2\/product_brand?post=239197"},{"taxonomy":"product_cat","embeddable":true,"href":"https:\/\/linkxa.es\/linkshop\/wp-json\/wp\/v2\/product_cat?post=239197"},{"taxonomy":"product_tag","embeddable":true,"href":"https:\/\/linkxa.es\/linkshop\/wp-json\/wp\/v2\/product_tag?post=239197"}],"curies":[{"name":"wp","href":"https:\/\/api.w.org\/{rel}","templated":true}]}}