{"id":239204,"date":"2025-10-07T21:53:02","date_gmt":"2025-10-07T21:53:02","guid":{"rendered":"https:\/\/linkxa.es\/contratacion\/producto\/punto-acceso-inalambrico-300mbps-tp-link-2\/"},"modified":"2025-12-08T12:32:47","modified_gmt":"2025-12-08T12:32:47","slug":"punto-acceso-inalambrico-300mbps-tp-link-2","status":"publish","type":"product","link":"https:\/\/linkxa.es\/linkshop\/producto\/punto-acceso-inalambrico-300mbps-tp-link-2\/","title":{"rendered":"Punto acceso inalambrico 300mbps tp &#8211; link"},"content":{"rendered":"<div style=\"text-align: center; margin-bottom: 20px;\">\n<h2 style=\"font-size: 22px; font-weight: 600; margin: 0; color: #333;\">Tp &#8211; link\u00a0|\u00a0 Puntos de acceso<\/h2>\n<p><strong>Punto de acceso inalambrico 300mbps tp &#8211; link<\/strong><\/p>\n<\/div>\n<p style=\"max-width: 700px; margin: 0px auto 30px; font-size: 18px; line-height: 1.6; color: #555555; font-style: italic; text-align: left;\">\n<p>El Software Controlador Auranet permite a los administradores gestionar<br \/>f\u00e1cilmente cientos de EAPs gratuitamente<br \/>El sencillo Modo Cl\u00faster permite gestionar hasta 24 (EAP 115) sin<br \/>necesidad de ning\u00fan hardware o software adicional<br \/>Soporta alimentaci\u00f3n PoE (802.3af) para una instalaci\u00f3n razonable y<br \/>pr\u00e1ctica<br \/>Dise\u00f1o simple de montaje en techo o pared<br \/>El Portal Cautivo proporciona el m\u00e9todo de autenticaci\u00f3n m\u00e1s adecuado<br \/>para los clientes Wi-Fi<br \/>Seguridad Wi-Fi de nivel empresarial que ayuda a disminuir las amenazas<br \/>de seguridad en la red<br \/>Funci\u00f3n Multi-SSID, divide la se\u00f1al en m\u00faltiples redes inal\u00e1mbricas para<br \/>diferentes usuarios<\/p>\n<p>CARACTER\u00cdSTICAS DE HARDWARE<br \/>Interfaz 1 Puerto Fast Ethernet (RJ-45)(Soporta PoE IEEE802.3af)<br \/>Botones Reset<br \/>Fuente de Alimentaci\u00f3n PoE o Fuente de Alimentaci\u00f3n de 12VDC \/ 1A<br \/>Consumo de Potencia 5W<br \/>Est\u00e1ndares Inal\u00e1mbricos IEEE 802.11n, IEEE 802.11g, IEEE 802.11b<br \/>Dimensiones 180*180*47.5mm (7.1 x 7.1 x 1.9 in.)<br \/>Tipo de Antena 2 Antenas Internas Omnidireccionales de 3dBi<br \/>Montaje Montaje de Techo \/ Pared (Kits incluidos)<br \/>Bloqueo de Seguridad F\u00edsico Ranura de Bloqueo Kensington<br \/>Watch Dog S\u00ed<br \/>Caracter\u00edsticas Inal\u00e1mbricas<br \/>Est\u00e1ndares Inal\u00e1mbricos IEEE 802.11n, IEEE 802.11g, IEEE 802.11b<br \/>Frecuencia 2.4-2.4835GHz<br \/>Tasa de Se\u00f1al 11n: Hasta 300Mbps(din\u00e1mico)<br \/>11g: Hasta 54Mbps(din\u00e1mico)<br \/>11b: Hasta 11Mbps(din\u00e1mico)<br \/>Sensibilidad de Recepci\u00f3n 300M: -71dBm@10% PER<br \/>150M: -75dBm@10% PER<br \/>54M: -78dBm@10% PER<br \/>11M: -93dBm@8% PER<br \/>6M: -92dBm@10% PER<br \/>1M: -96dBm@8% PER<br \/>Funciones Inal\u00e1mbricas M\u00faltiples SSIDs (Hasta 8 SSIDs)<br \/>Habilitar\/Deshabilitar la Emisi\u00f3n Inal\u00e1mbrica Asignaci\u00f3n de Canal Autom\u00e1tico<br \/>Control de Potencia de Transmisi\u00f3n (Potencia de Transmisi\u00f3n Ajustable en<br \/>dBm) QoS(WMM) Balanceo de Carga Horario Inal\u00e1mbrico Estad\u00edsticas<br \/>Inal\u00e1mbricas basadas en SSID\/AP\/Cliente<br \/>Seguridad Inal\u00e1mbrica Autenticaci\u00f3n mediante Portal Cautivo Control<br \/>de Acceso Filtrado de Direcciones MAC Inal\u00e1mbrico Aislamiento Inal\u00e1mbrico<br \/>entre Clientes Mapeo SSID a VLAN Detecci\u00f3n de Punto de Acceso No<br \/>Autorizado Soporta 802.1X WEP 64\/128\/152-bit \/ WPA \/ WPA2-<br \/>Enterprise,WPA-PSK \/ WPA2-PSK<br \/>Potencia de Transmisi\u00f3n CE:<br \/>&#038;lt,20dBm<br \/>FCC:<br \/>&#038;lt,26dBm<br \/>Gesti\u00f3n<br \/>Auranet Controller Software S\u00ed<br \/>Cluster Mode S\u00ed<br \/>Software Controlador EAP<br \/>Alertas por Correo Electr\u00f3nico S\u00ed<br \/>LED de control ON \/ OFF S\u00ed<br \/>Control de Gesti\u00f3n de Acceso MAC S\u00ed<br \/>SNMP v1,v2c<br \/>Acceso al Registro de Sistema Local\/ Registro del Sistema Remoto<br \/>Registro del sistema Local\/Remoto<br \/>Telnet S\u00ed<br \/>Gesti\u00f3n basada en Web HTTP\/HTTPS<br \/>Otros<br \/>Certificaciones CE, FCC, RoHS<br \/>Contenido del Paquete Punto de Acceso de Montaje en Techo<br \/>Inal\u00e1mbrico N a 300Mbps EAP1105 Adaptador de Corriente Cable de<br \/>Alimentaci\u00f3n Kit de Montaje Gu\u00eda de Instalaci\u00f3n<br \/>Requisitos del sistema Microsoft Windows 10\/8\/7\/Vista\/XP<\/p>\n","protected":false},"excerpt":{"rendered":"<p>Punto de acceso inalambrico 300mbps tp &#8211; link<\/p>\n","protected":false},"featured_media":0,"comment_status":"open","ping_status":"open","template":"","meta":{"_et_pb_use_builder":"","_et_pb_old_content":"","_et_gb_content_width":""},"product_brand":[3946],"product_cat":[2058,3299,3261,4005],"product_tag":[3302,3264,3948],"class_list":{"0":"post-239204","1":"product","2":"type-product","3":"status-publish","5":"product_brand-tp-link","6":"product_cat-dispositivos","7":"product_cat-puntos-de-acceso","8":"product_cat-redes","9":"product_cat-tp-link-puntos-de-acceso","10":"product_tag-puntos-de-acceso","11":"product_tag-redes","12":"product_tag-tp-link","13":"product_shipping_class-2088","14":"pa_canon-digital-impuesto-incluido-de-0-e","15":"pa_categoria-redes","16":"pa_marca-tp-link","17":"pa_peso-4105","18":"pa_referencia-eap115","20":"first","21":"instock","22":"sale","23":"taxable","24":"shipping-taxable","25":"purchasable","26":"product-type-simple"},"_links":{"self":[{"href":"https:\/\/linkxa.es\/linkshop\/wp-json\/wp\/v2\/product\/239204","targetHints":{"allow":["GET"]}}],"collection":[{"href":"https:\/\/linkxa.es\/linkshop\/wp-json\/wp\/v2\/product"}],"about":[{"href":"https:\/\/linkxa.es\/linkshop\/wp-json\/wp\/v2\/types\/product"}],"replies":[{"embeddable":true,"href":"https:\/\/linkxa.es\/linkshop\/wp-json\/wp\/v2\/comments?post=239204"}],"wp:attachment":[{"href":"https:\/\/linkxa.es\/linkshop\/wp-json\/wp\/v2\/media?parent=239204"}],"wp:term":[{"taxonomy":"product_brand","embeddable":true,"href":"https:\/\/linkxa.es\/linkshop\/wp-json\/wp\/v2\/product_brand?post=239204"},{"taxonomy":"product_cat","embeddable":true,"href":"https:\/\/linkxa.es\/linkshop\/wp-json\/wp\/v2\/product_cat?post=239204"},{"taxonomy":"product_tag","embeddable":true,"href":"https:\/\/linkxa.es\/linkshop\/wp-json\/wp\/v2\/product_tag?post=239204"}],"curies":[{"name":"wp","href":"https:\/\/api.w.org\/{rel}","templated":true}]}}