{"id":239205,"date":"2024-12-08T14:29:14","date_gmt":"2024-12-08T14:29:14","guid":{"rendered":"https:\/\/linkxa.es\/contratacion\/producto\/punto-acceso-inalambrico-ac1350-dual-band\/"},"modified":"2025-12-08T12:33:20","modified_gmt":"2025-12-08T12:33:20","slug":"punto-acceso-inalambrico-ac1350-dual-band","status":"publish","type":"product","link":"https:\/\/linkxa.es\/linkshop\/producto\/punto-acceso-inalambrico-ac1350-dual-band\/","title":{"rendered":"Punto acceso inalambrico ac1350 dual band"},"content":{"rendered":"<div style=\"text-align: center; margin-bottom: 20px;\">\n<h2 style=\"font-size: 22px; font-weight: 600; margin: 0; color: #333;\">Tp &#8211; link\u00a0|\u00a0 Puntos de acceso<\/h2>\n<p><strong>Punto de acceso inalambrico ac1350 dual band tp &#8211; link<\/strong><\/p>\n<\/div>\n<p style=\"max-width: 700px; margin: 0px auto 30px; font-size: 18px; line-height: 1.6; color: #555555; font-style: italic; text-align: left;\">Wi-Fi r\u00e1pido de doble banda: 450 Mbps simult\u00e1neos en 2.4 GHz y 867<br \/>Mbps en 5 GHz totalizan velocidades Wi-Fi de 1317 Mbps.<br \/>Integrado en Omada SDN: aprovisionamiento sin intervenci\u00f3n (ZTP) ,<br \/>administraci\u00f3n centralizada de la nube y monitoreo inteligente.<br \/>Gesti\u00f3n centralizada: acceso a la nube y aplicaci\u00f3n Omada para una m\u00e1xima<br \/>comodidad y una gesti\u00f3n sencilla.<br \/>Roaming sin interrupciones: incluso las transmisiones de video y las<br \/>llamadas de voz no se ven afectadas cuando los usuarios se mueven entre<br \/>ubicaciones.\u00a7 Soporte PoE: Admite tanto el est\u00e1ndar 802.3af \/ at como el<br \/>PoE pasivo (adaptador PoE incluido) para instalaciones flexibles.<br \/>Red de invitados segura: junto con m\u00faltiples opciones de autenticaci\u00f3n<br \/>(SMS \/ Facebook Wi-Fi \/ Voucher, etc.) y abundantes tecnolog\u00edas de seguridad<br \/>inal\u00e1mbrica.<br \/>Tecnolog\u00eda inal\u00e1mbrica avanzada: Optimice el rendimiento de la red con<br \/>tecnolog\u00edas MU-MIMO, Band Steering, Airtime Fairness y Beamforming.<br \/>CARACTER\u00cdSTICAS DE HARDWARE<br \/>Interfaz Puerto Gigabit Ethernet (RJ-45) 1 (compatible con PoE IEEE802.3af y<br \/>PoE pasivo)<br \/>Bloqueo de Seguridad F\u00edsico Si<br \/>Botones Reset<br \/>Fuente de Alimentaci\u00f3n 802.3af \/ en PoE<br \/>PoE pasivo de 24 V (+ 4,5 pines, -7,8 pines. Adaptador PoE incluido)<br \/>Consumo de Potencia EU: 10.5 W<br \/>US: 12.6 W<br \/>Dimensions 205.5 181.5 37.1 mm (8.1 7.1 1.5 in)<br \/>Tipo de Antena 3 Omni internas<br \/>2.4 GHz: 4 dBi<br \/>5 GHz: 5 dBi<br \/>Montaje Montaje en techo \/ pared (kits incluidos)<br \/>CARACTER\u00cdSTICAS INAL\u00c1MBRICAS<br \/>Est\u00e1ndares Inal\u00e1mbricos IEEE 802.11ac\/n\/g\/b\/a<br \/>Frecuencia 2.4 GHz y 5 GHz<br \/>Tasa de Se\u00f1al 5 GHz:Hasta 867 Mbps<br \/>2.4 GHz:Hasta 450 Mbps<br \/>Funciones Inal\u00e1mbricas M\u00faltiples SSID (hasta 16 SSID, 8 para cada banda)<br \/>Activar \/ desactivar radio inal\u00e1mbrica<br \/>Asignaci\u00f3n autom\u00e1tica de canales<br \/>Control de potencia de transmisi\u00f3n (ajuste la potencia de transmisi\u00f3n en dBm)<br \/>QoS (WMM)<br \/>Roaming sin interrupciones<br \/>Direcci\u00f3n de banda<br \/>Equilibrio de carga<br \/>MU-MIMO<br \/>Equidad de tiempo aire<br \/>Formaci\u00f3n de haz<br \/>L\u00edmite de tarifa<br \/>Programa de reinicio<br \/>Horario inal\u00e1mbrico<br \/>Estad\u00edsticas inal\u00e1mbricas basadas en SSID \/ PA \/ Cliente<br \/>Seguridad Inal\u00e1mbrica Autenticaci\u00f3n de portal cautivo<br \/>Control de acceso<br \/>Filtrado de Direcciones MAC Inal\u00e1mbricas<br \/>Aislamiento inal\u00e1mbrico entre clientes<br \/>Asignaci\u00f3n de SSID a VLAN<br \/>Detecci\u00f3n Rogue AP<br \/>Soporte 802.1X<br \/>Potencia de Transmisi\u00f3n CE:<br \/>20 dBm(2.4 GHz, EIRP)<br \/>23 dBm(5 GHz, EIRP)<br \/>FCC:<br \/>24 dBm(2.4 GHz)<br \/>22 dBm(5 GHz)<br \/>GESTI\u00d3N<br \/>Omada App Si<br \/>Centralized Management Controlador Omada basado en la nube<br \/>Controlador de hardware Omada (OC300)<br \/>Controlador de hardware Omada (OC200)<br \/>Controlador de software Omada<br \/>Cloud Access Si (A trav\u00e9s de OC300, OC200, controlador basado en la nube<br \/>Omada o controlador de software Omada)<br \/>Alertas por Correo Electr\u00f3nico Si<br \/>LED de control ON \/ OFF Si<br \/>Control de Gesti\u00f3n de Acceso MAC Si<br \/>SNMP v1,v2c<br \/>Acceso al Registro de Sistema Local\/ Registro del Sistema Remoto Syslog<br \/>Local\/Remoto<br \/>SSH Si<br \/>Gesti\u00f3n basada en Web HTTP\/HTTPS<br \/>Gesti\u00f3n L3 Si<br \/>Gesti\u00f3n Multi-sitio Si<br \/>VLAN de Gesti\u00f3n Si<br \/>Otros<br \/>Certificaciones CE, FCC, RoHS<br \/>Contenido del Paquete Punto de acceso inal\u00e1mbrico de montaje en techo<br \/>MU-MIMO Gigabit AC1350 EAP225<br \/>Adaptador pasivo PoE<br \/>cable de alimentaci\u00f3n<br \/>Kits de montaje<br \/>Gu\u00eda de instalaci\u00f3n<br \/>Requisitos del sistema Microsoft Windows XP, Vista, Windows 7, Windows 8,<br \/>Windows10, Linux<br \/>Factores Ambientales Temperatura de funcionamiento: 040 (32104 )<br \/>Temperatura de almacenamiento: -4070 (-40158 )<br \/>Humedad de funcionamiento: 10 a 90% de humedad relativa sin condensaci\u00f3n<br \/>Humedad de almacenamiento: 590% de humedad relativa sin condensaci\u00f3n<br \/>Para m\u00e1s informaci\u00f3n sobre su versi\u00f3n de hardware, por favor, vaya a la<br \/>p\u00e1gina de soporte, y consulte el datasheet de su versi\u00f3n.<\/p>\n<p>Las velocidades m\u00e1ximas de se\u00f1al inal\u00e1mbrica son las velocidades f\u00edsicas<br \/>derivadas de las especificaciones del est\u00e1ndar IEEE 802.11. El rendimiento real<br \/>de datos inal\u00e1mbricos y la cobertura inal\u00e1mbrica no est\u00e1n garantizados y<br \/>variar\u00e1n como resultado de 1) factores ambientales, incluidos materiales de<br \/>construcci\u00f3n, objetos f\u00edsicos y obst\u00e1culos, 2) condiciones de la red, incluidas<br \/>interferencias locales, volumen y densidad de tr\u00e1fico, ubicaci\u00f3n del producto,<br \/>complejidad de la red y sobrecarga de la red, y 3) limitaciones del cliente,<br \/>incluido el rendimiento nominal, la ubicaci\u00f3n, la conexi\u00f3n, la calidad y la<br \/>condici\u00f3n del cliente.<\/p>\n<p>El aprovisionamiento Zero-Touch requiere el uso del controlador basado en la<br \/>nube Omada.<\/p>\n<p>\u00a7La itinerancia transparente requiere que los clientes sean compatibles con<br \/>802.11k \/ vy pueden requerir una configuraci\u00f3n adicional. El rendimiento puede<br \/>variar seg\u00fan el dispositivo cliente.<\/p>\n<p>Las funciones de MU-MIMO, Airtime Fairness y Beamforming, las<br \/>especificaciones de 3 antenas Omni internas, 450 Mbps en 2.4 GHz y Passive<br \/>PoE solo son compatibles con EAP225 v3.<\/p>\n","protected":false},"excerpt":{"rendered":"<p>Punto de acceso inalambrico ac1350 dual band tp &#8211; link<\/p>\n","protected":false},"featured_media":0,"comment_status":"open","ping_status":"open","template":"","meta":{"_et_pb_use_builder":"","_et_pb_old_content":"","_et_gb_content_width":""},"product_brand":[3946],"product_cat":[2058,3299,3261,4005],"product_tag":[3302,3264,3948],"class_list":{"0":"post-239205","1":"product","2":"type-product","3":"status-publish","5":"product_brand-tp-link","6":"product_cat-dispositivos","7":"product_cat-puntos-de-acceso","8":"product_cat-redes","9":"product_cat-tp-link-puntos-de-acceso","10":"product_tag-puntos-de-acceso","11":"product_tag-redes","12":"product_tag-tp-link","13":"product_shipping_class-2059","14":"pa_canon-digital-impuesto-incluido-de-0-e","15":"pa_categoria-redes","16":"pa_marca-tp-link","17":"pa_peso-4107","18":"pa_referencia-eap225","20":"first","21":"instock","22":"sale","23":"taxable","24":"shipping-taxable","25":"purchasable","26":"product-type-simple"},"_links":{"self":[{"href":"https:\/\/linkxa.es\/linkshop\/wp-json\/wp\/v2\/product\/239205","targetHints":{"allow":["GET"]}}],"collection":[{"href":"https:\/\/linkxa.es\/linkshop\/wp-json\/wp\/v2\/product"}],"about":[{"href":"https:\/\/linkxa.es\/linkshop\/wp-json\/wp\/v2\/types\/product"}],"replies":[{"embeddable":true,"href":"https:\/\/linkxa.es\/linkshop\/wp-json\/wp\/v2\/comments?post=239205"}],"wp:attachment":[{"href":"https:\/\/linkxa.es\/linkshop\/wp-json\/wp\/v2\/media?parent=239205"}],"wp:term":[{"taxonomy":"product_brand","embeddable":true,"href":"https:\/\/linkxa.es\/linkshop\/wp-json\/wp\/v2\/product_brand?post=239205"},{"taxonomy":"product_cat","embeddable":true,"href":"https:\/\/linkxa.es\/linkshop\/wp-json\/wp\/v2\/product_cat?post=239205"},{"taxonomy":"product_tag","embeddable":true,"href":"https:\/\/linkxa.es\/linkshop\/wp-json\/wp\/v2\/product_tag?post=239205"}],"curies":[{"name":"wp","href":"https:\/\/api.w.org\/{rel}","templated":true}]}}