{"id":239206,"date":"2025-07-11T02:56:19","date_gmt":"2025-07-11T02:56:19","guid":{"rendered":"https:\/\/linkxa.es\/contratacion\/producto\/punto-acceso-inalambrico-ac1200-dual-band\/"},"modified":"2025-12-08T12:33:51","modified_gmt":"2025-12-08T12:33:51","slug":"punto-acceso-inalambrico-ac1200-dual-band","status":"publish","type":"product","link":"https:\/\/linkxa.es\/linkshop\/producto\/punto-acceso-inalambrico-ac1200-dual-band\/","title":{"rendered":"Punto acceso inalambrico ac1200 dual band"},"content":{"rendered":"<div style=\"text-align: center; margin-bottom: 20px;\">\n<h2 style=\"font-size: 22px; font-weight: 600; margin: 0; color: #333;\">Tp &#8211; link\u00a0|\u00a0 Puntos de acceso<\/h2>\n<p><strong>Punto de acceso inalambrico ac1200 dual band exterior tp &#8211; lin<\/strong><\/p>\n<\/div>\n<p style=\"max-width: 700px; margin: 0px auto 30px; font-size: 18px; line-height: 1.6; color: #555555; font-style: italic; text-align: left;\">Ideal para entornos al aire libre: carcasa resistente a la intemperie IP65 para<br \/>aplicaciones Wi-Fi en exteriores.<br \/>Wi-Fi r\u00e1pido de doble banda: 300 Mbps simult\u00e1neos en 2.4 GHz y 867 Mbps en<br \/>5 GHz totalizan velocidades de Wi-Fi de 1167 Mbps.<br \/>Cobertura de largo alcance: amplificador de alta potencia dedicado y antenas<br \/>profesionales junto con la tecnolog\u00eda 802.11ac Wave 2 MU-MIMO de \u00faltima<br \/>generaci\u00f3n.<br \/>Integrado en Omada SDN: Zero-Touch Provisioning (ZTP) , Administraci\u00f3n<br \/>centralizada de la nube y monitorizaci\u00f3n inteligente.<br \/>Gesti\u00f3n centralizada: acceso a la nube y aplicaci\u00f3n Omada para una mayor<br \/>comodidad y f\u00e1cil gesti\u00f3n.<br \/>Tecnolog\u00eda Omada Mesh: permite la conectividad inal\u00e1mbrica entre AP para un<br \/>rango extendido, lo que hace que las implementaciones inal\u00e1mbricas sean m\u00e1s<br \/>flexibles y convenientes.<br \/>Roaming sin interrupciones: incluso las transmisiones de video y las llamadas<br \/>de voz no se ven afectadas a medida que los usuarios se mueven entre<br \/>ubicaciones.<br \/>Soporte PoE: admite tanto el est\u00e1ndar 802.3af \/ at como el PoE pasivo<br \/>(adaptador PoE incluido) para instalaciones flexibles.<br \/>CARACTER\u00cdSTICAS DE HARDWARE<br \/>Interfaz Puerto Gigabit Ethernet (RJ-45)*1(Soporta PoE 802.3af y PoE Pasivo)<br \/>Botones Reset<br \/>Fuente de Alimentaci\u00f3n 802.3af PoE<br \/>PoE Pasivo 24V (+4,5pins, -7,8pins. Adaptador PoE incluido)<br \/>Consumo de Potencia 10.5W<br \/>Dimensiones 215 46 27 mm (8.5 1.8 1.1in.)<br \/>Antenas 2.4GHz: 2 * 3dBi, 5GHz: 2 * 4dBi<br \/>Weatherproof Enclosure IP65<br \/>Montaje Montaje en M\u00e1stil\/Pared (Kits incluidos)<br \/>CARACTER\u00cdSTICAS INAL\u00c1MBRICAS<br \/>Est\u00e1ndares Inal\u00e1mbricos IEEE 802.11a\/b\/g\/n\/ac<br \/>Frecuencia 2.4GHz, 5GHz<br \/>Tasa de Se\u00f1al 802.11ac: 5G:6.5 Mbps a 867Mbps(MCS0-MCS9,NSS = 1 a 2<br \/>VHT20\/40\/80) 2.4G:78Mbps a 300Mbps (MCS8-MCS9 VHT20\/40, NSS=1 a 3)<br \/>802.11n: 6.5 Mbps to 300 Mbps (MCS0-MCS15, VHT 20\/40)<br \/>802.11g: 6, 9, 12, 18, 24, 36, 48, 54 Mbps<br \/>802.11b: 1, 5.5, 11Mbps<br \/>802.11a: 6, 9, 12, 18, 24, 36, 48, 54 Mbps<br \/>Funciones Inal\u00e1mbricas M\u00faltiples SSIDsHasta 16 SSIDs, 8 por banda<br \/>On\/Off Radio Inal\u00e1mbrica<br \/>Asignaci\u00f3n Autom\u00e1tica de Canal<br \/>Control de Potencia de Transmisi\u00f3nAjust en dBm<br \/>QoS(WMM)<br \/>MU-MIMO<br \/>Airtime Fairness<br \/>Beamforming<br \/>Band Steering<br \/>Balanceo de Carga<br \/>L\u00edmite de Velocidad<br \/>Reboot Agendado<br \/>Wireless Agendado<br \/>Estad\u00edsticas Inal\u00e1mbricas en base a SSID\/AP\/Cliente<br \/>Seguridad Inal\u00e1mbrica Autenticaci\u00f3n Portal Cautivo<br \/>Control de Acceso<br \/>Filtrado Direcci\u00f3n MAC Inal\u00e1mbrica<br \/>Aislamiento Inal\u00e1mbrico Entre Clientes<br \/>Mapeado VLAN a SSID<br \/>Detecci\u00f3n AP No Autorizado<br \/>Soporte 802.1X<br \/>Potencia de Transmisi\u00f3n CE:&#038;lt,20dBm(2.4GHz,EIRP),&#038;lt,23dBm(5GHz,EIRP)<br \/>FCC:&#038;lt,23dBm(2.4GHz, EIRP),&#038;lt,22dBm(5GHz, EIRP)<br \/>GESTI\u00d3N<br \/>Omada App S\u00ed<br \/>Centralized Management Controlador basado en la nube Omada<br \/>Controlador de hardware Omada (OC300)<br \/>Controlador de hardware Omada (OC200)<br \/>Controlador de software Omada<br \/>Cloud Access S\u00ed<br \/>Alertas por Correo Electr\u00f3nico S\u00ed<br \/>Control de Gesti\u00f3n de Acceso MAC S\u00ed<br \/>SNMP v1, v2c<br \/>Acceso al Registro de Sistema Local\/ Registro del Sistema Remoto S\u00ed<br \/>SSH S\u00ed<br \/>Gesti\u00f3n basada en Web S\u00ed<br \/>Gesti\u00f3n L3 S\u00ed<br \/>Gesti\u00f3n Multi-sitio S\u00ed<br \/>VLAN de Gesti\u00f3n S\u00ed<br \/>Otros<br \/>Certificaciones CEFCCRoHS<br \/>Contenido del Paquete Punto de Acceso Inal\u00e1mbrico EAP225-Outdoor<br \/>Adaptador PoE Pasivo<br \/>Cable de Energ\u00eda<br \/>Kit de Montaje<br \/>Gu\u00eda de Instalaci\u00f3n<br \/>Goma a prueba de agua<br \/>Antena a prueba de agua<br \/>Factores Ambientales Temperatura de Funcionamiento: -30~70 (-<br \/>22~158)<br \/>Temperatura de Almacenamiento: -40~70 (-40~158)<br \/>Humedad de Funcionamiento: 10%~90% sin condensaci\u00f3n<br \/>Humedad de Almacenamiento: 5%~90% sin condensaci\u00f3n<br \/>Para m\u00e1s informaci\u00f3n sobre su versi\u00f3n de hardware, por favor, vaya a la p\u00e1gina<br \/>de soporte, y consulte el datasheet de su versi\u00f3n.<\/p>\n<p>Las velocidades m\u00e1ximas de se\u00f1al inal\u00e1mbrica son las velocidades f\u00edsicas<br \/>derivadas de las especificaciones IEEE Standard 802.11. El rendimiento real de<br \/>datos inal\u00e1mbricos y la cobertura inal\u00e1mbrica no est\u00e1n garantizados y variar\u00e1n<br \/>como resultado de 1) factores ambientales, incluidos materiales de construcci\u00f3n,<br \/>objetos f\u00edsicos y obst\u00e1culos, 2) condiciones de red, incluidas interferencias locales,<br \/>volumen y densidad de tr\u00e1fico, ubicaci\u00f3n del producto, complejidad de la red y<br \/>sobrecarga de la red, y 3) limitaciones del cliente, incluido el rendimiento, la<br \/>ubicaci\u00f3n, la conexi\u00f3n, la calidad y la condici\u00f3n del cliente.<\/p>\n<p>El aprovisionamiento Zero-Touch requiere el uso del controlador basado en la<br \/>nube de Omada.<\/p>\n<p>\u00a7 El roaming transparente requiere que los clientes necesiten soportar 802.11k \/ v<br \/>y puede requerir una configuraci\u00f3n adicional. El rendimiento puede variar seg\u00fan el<br \/>dispositivo del cliente.<\/p>\n<p>La protecci\u00f3n contra rayos y descargas electrost\u00e1ticas se puede lograr<br \/>mediante la configuraci\u00f3n adecuada del producto, la conexi\u00f3n a tierra y el<br \/>blindaje del cable. Consulte el manual de instrucciones y consulte a un profesional<br \/>de TI para que lo ayude a configurar este producto.<\/p>\n","protected":false},"excerpt":{"rendered":"<p>Punto de acceso inalambrico ac1200 dual band exterior tp &#8211; lin<\/p>\n","protected":false},"featured_media":0,"comment_status":"open","ping_status":"open","template":"","meta":{"_et_pb_use_builder":"","_et_pb_old_content":"","_et_gb_content_width":""},"product_brand":[3946],"product_cat":[2058,3299,3261,4005],"product_tag":[3302,3264,3948],"class_list":{"0":"post-239206","1":"product","2":"type-product","3":"status-publish","5":"product_brand-tp-link","6":"product_cat-dispositivos","7":"product_cat-puntos-de-acceso","8":"product_cat-redes","9":"product_cat-tp-link-puntos-de-acceso","10":"product_tag-puntos-de-acceso","11":"product_tag-redes","12":"product_tag-tp-link","13":"product_shipping_class-2059","14":"pa_canon-digital-impuesto-incluido-de-0-e","15":"pa_categoria-redes","16":"pa_marca-tp-link","17":"pa_peso-3972","18":"pa_referencia-eap225-outdoor","20":"first","21":"instock","22":"sale","23":"taxable","24":"shipping-taxable","25":"purchasable","26":"product-type-simple"},"_links":{"self":[{"href":"https:\/\/linkxa.es\/linkshop\/wp-json\/wp\/v2\/product\/239206","targetHints":{"allow":["GET"]}}],"collection":[{"href":"https:\/\/linkxa.es\/linkshop\/wp-json\/wp\/v2\/product"}],"about":[{"href":"https:\/\/linkxa.es\/linkshop\/wp-json\/wp\/v2\/types\/product"}],"replies":[{"embeddable":true,"href":"https:\/\/linkxa.es\/linkshop\/wp-json\/wp\/v2\/comments?post=239206"}],"wp:attachment":[{"href":"https:\/\/linkxa.es\/linkshop\/wp-json\/wp\/v2\/media?parent=239206"}],"wp:term":[{"taxonomy":"product_brand","embeddable":true,"href":"https:\/\/linkxa.es\/linkshop\/wp-json\/wp\/v2\/product_brand?post=239206"},{"taxonomy":"product_cat","embeddable":true,"href":"https:\/\/linkxa.es\/linkshop\/wp-json\/wp\/v2\/product_cat?post=239206"},{"taxonomy":"product_tag","embeddable":true,"href":"https:\/\/linkxa.es\/linkshop\/wp-json\/wp\/v2\/product_tag?post=239206"}],"curies":[{"name":"wp","href":"https:\/\/api.w.org\/{rel}","templated":true}]}}