{"id":239207,"date":"2025-08-06T09:02:32","date_gmt":"2025-08-06T09:02:32","guid":{"rendered":"https:\/\/linkxa.es\/contratacion\/producto\/punto-acceso-inalambrico-ac1750-dual-band\/"},"modified":"2025-12-08T12:34:21","modified_gmt":"2025-12-08T12:34:21","slug":"punto-acceso-inalambrico-ac1750-dual-band","status":"publish","type":"product","link":"https:\/\/linkxa.es\/linkshop\/producto\/punto-acceso-inalambrico-ac1750-dual-band\/","title":{"rendered":"Punto acceso inalambrico ac1750 dual band"},"content":{"rendered":"<div style=\"text-align: center; margin-bottom: 20px;\">\n<h2 style=\"font-size: 22px; font-weight: 600; margin: 0; color: #333;\">Tp &#8211; link\u00a0|\u00a0 Puntos de acceso<\/h2>\n<p><strong>Punto de acceso inalambrico ac1750 dual band tp &#8211; link eap245<\/strong><\/p>\n<\/div>\n<p style=\"max-width: 700px; margin: 0px auto 30px; font-size: 18px; line-height: 1.6; color: #555555; font-style: italic; text-align: left;\">Wi-Fi r\u00e1pido de doble banda: 450 Mbps simult\u00e1neos en 2.4 GHz y 1300<br \/>Mbps en 5 GHz totalizan velocidades de Wi-Fi de 1750 Mbps.<br \/>Integrado en Omada SDN: Zero-Touch Provisioning (ZTP) , Administraci\u00f3n<br \/>centralizada de la nube y Monitorizaci\u00f3n inteligente.<br \/>Administraci\u00f3n centralizada: acceso a la nube y aplicaci\u00f3n Omada para una<br \/>comodidad y administraci\u00f3n f\u00e1ciles.<br \/>Roaming continuo: incluso las transmisiones de video y las llamadas de voz<br \/>no se ven afectadas a medida que los usuarios se mueven entre ubicaciones<br \/>Soporte PoE: admite tanto el est\u00e1ndar 802.3af \/ at como el PoE pasivo<br \/>(adaptador PoE incluido) para instalaciones flexibles.<br \/>Red de invitados segura: junto con m\u00faltiples opciones de autenticaci\u00f3n<br \/>(SMS \/ Facebook Wi-Fi \/ Voucher, etc.) y abundantes tecnolog\u00edas de seguridad<br \/>inal\u00e1mbrica.<\/p>\n<p>Tecnolog\u00eda inal\u00e1mbrica avanzada: optimiza el rendimiento de la red con las<br \/>tecnolog\u00edas MU-MIMO, Band Steering, Airtime Fairness y Beamforming.<br \/>CARACTER\u00cdSTICAS DE HARDWARE<br \/>Interfaz 2 Puertos Gigabit Ethernet (RJ-45)Soporta IEEE802.3af PoE y PoE<br \/>Pasivo* la v1 de hardware tiene 1 puerto, no cuenta con PoE pasivo (incluye<br \/>adaptador de corriente) y soporta PoE 802.3at.<br \/>Bloqueo de Seguridad F\u00edsico S\u00ed<br \/>Botones Reset<br \/>Fuente de Alimentaci\u00f3n 802.3af\/A PoE<br \/>PoE Pasivo 48V (+4,5pins, -7,8pins. Adaptador PoE incluido)<br \/>Consumo de Potencia 12.3 W<br \/>Dimensiones 180*180*47.5mm. (7.1 x 7.1 x 1.9in)<br \/>Tipo de Antena Antena Omnidireccional Interna<br \/>2.4GHz: 3* 3.5dBi<br \/>5GHz: 3*4dBi<br \/>Montaje Montaje en Techo \/Pared (Kit inclu\u00eddo)<br \/>CARACTER\u00cdSTICAS INAL\u00c1MBRICAS<br \/>Est\u00e1ndares Inal\u00e1mbricos IEEE 802.11ac\/n\/g\/b\/a<br \/>Frecuencia 2.4GHz y 5GHz<br \/>Tasa de Se\u00f1al 5GHz:Hasta 1300Mbps<br \/>2.4GHz:Hasta 450Mbps<br \/>Funciones Inal\u00e1mbricas Multiples SSIDsHasta 16 SSIDs, 8 por banda<br \/>Habilitar\/deshabilitar Radio Wi-Fi<br \/>Asignaci\u00f3n Autom\u00e1tica de Canal<br \/>Control de Potencia de Transmisi\u00f3nAjuste de Potencia Transmitida en dBm<br \/>QoS(WMM)<br \/>MU-MIMO<br \/>Roaming Flu\u00eddo<br \/>Band Steering<br \/>Balanceo de Carga<br \/>Airtime Fairness<br \/>Beamforming<br \/>L\u00edmite de Velocidad<br \/>Programaci\u00f3n de Reinicio<br \/>Programaci\u00f3n Inal\u00e1mbrica<br \/>Estad\u00edsiticas Inal\u00e1mbricas basadas en SSID\/AP\/Cliente<br \/>Seguridad Inal\u00e1mbrica Autenticaci\u00f3n mediante Portal Cautivo<br \/>Control de Acceso<br \/>Filtrado de Direcciones MAC Inal\u00e1mbricas<br \/>Aislamiento entre Clientes Inal\u00e1mbricos<br \/>Mapeo de VLAN a SSID<br \/>Rogue AP Detection<br \/>Soporte 802.1X<br \/>64\/128\/152-bit WEP \/ WPA \/ WPA2-Enterprise,<br \/>WPA-PSK \/ WPA2-PSK<br \/>Potencia de Transmisi\u00f3n CE<br \/>&#038;lt,20dBm(2.4GHz)<br \/>&#038;lt,23dBm(5GHz)<br \/>FCC:<br \/>&#038;lt,24dBm(2.4GHz)<br \/>&#038;lt,24dBm(5GHz)<br \/>GESTI\u00d3N<br \/>Omada App S\u00ed<br \/>Centralized Management Controlador basado en la nube Omada<br \/>Controlador de hardware Omada (OC300)<br \/>Controlador de hardware Omada (OC200)<br \/>Controlador de software Omada<br \/>Cloud Access S\u00ed (a trav\u00e9s de OC300, OC200, Controlador Omada en la nube o<br \/>Controlador Omada Software)<br \/>Alertas por Correo Electr\u00f3nico S\u00ed<br \/>LED de control ON \/ OFF S\u00ed<br \/>Control de Gesti\u00f3n de Acceso MAC S\u00ed<br \/>SNMP S\u00ed<br \/>Acceso al Registro de Sistema Local\/ Registro del Sistema Remoto SysLog<br \/>Local\/Remoto<br \/>SSH S\u00ed<br \/>Gesti\u00f3n basada en Web HTTP\/HTTPS<br \/>Gesti\u00f3n L3 S\u00ed<br \/>Gesti\u00f3n Multi-sitio S\u00ed<br \/>VLAN de Gesti\u00f3n S\u00ed<br \/>Otros<br \/>Certificaciones CE, FCC, RoHS<br \/>Contenido del Paquete Punto de Acceso Gigabit Inal\u00e1mbrico de Doble Banda<br \/>AC1750 MU-MIMO EAP245<br \/>Adaptador PoE Pasivo Gigabit<br \/>Fuente de Alimentaci\u00f3n<br \/>Kits de Montaje<br \/>Gu\u00eda de Instalaci\u00f3n<br \/>Requisitos del sistema Microsoft Windows XP, Vista, Windows 7, Windows 8,<br \/>Windows10<br \/>Factores Ambientales Temperatura de Funcionamiento: 0~40<br \/>(32~104)<br \/>Temperatura de Almacenamiento: -40~70 (-40~158)<br \/>Humedad de Funcionamiento: 10%~90% sin condensaci\u00f3n<br \/>Humedad de Almacenamiento: 5%~90% sin condensaci\u00f3n<br \/>Para m\u00e1s informaci\u00f3n sobre su versi\u00f3n de hardware, por favor, vaya a la<br \/>p\u00e1gina de soporte, y consulte el datasheet de su versi\u00f3n.<\/p>\n<p>Las velocidades m\u00e1ximas de se\u00f1al inal\u00e1mbrica son las velocidades f\u00edsicas<br \/>derivadas de las especificaciones IEEE Standard 802.11. El rendimiento real de<br \/>datos inal\u00e1mbricos y la cobertura inal\u00e1mbrica no est\u00e1n garantizados y variar\u00e1n<br \/>como resultado de 1) factores ambientales, incluidos materiales de<br \/>construcci\u00f3n, objetos f\u00edsicos y obst\u00e1culos, 2) condiciones de red, incluidas<br \/>interferencias locales, volumen y densidad de tr\u00e1fico, ubicaci\u00f3n del producto,<br \/>complejidad de la red y sobrecarga de la red, y 3) limitaciones del cliente,<br \/>incluido el rendimiento, la ubicaci\u00f3n, la conexi\u00f3n, la calidad y la condici\u00f3n del<br \/>cliente.<\/p>\n<p>El aprovisionamiento Zero-Touch requiere el uso del controlador basado en la<br \/>nube de Omada.<\/p>\n<p>\u00a7 El roaming transparente requiere que los clientes necesiten soportar 802.11k<br \/>\/ v y puede requerir una configuraci\u00f3n adicional. El rendimiento puede variar<br \/>seg\u00fan el dispositivo del cliente.<\/p>\n","protected":false},"excerpt":{"rendered":"<p>Punto de acceso inalambrico ac1750 dual band tp &#8211; link eap245<\/p>\n","protected":false},"featured_media":0,"comment_status":"open","ping_status":"open","template":"","meta":{"_et_pb_use_builder":"","_et_pb_old_content":"","_et_gb_content_width":""},"product_brand":[3946],"product_cat":[2058,3299,3261,4005],"product_tag":[3302,3264,3948],"class_list":{"0":"post-239207","1":"product","2":"type-product","3":"status-publish","5":"product_brand-tp-link","6":"product_cat-dispositivos","7":"product_cat-puntos-de-acceso","8":"product_cat-redes","9":"product_cat-tp-link-puntos-de-acceso","10":"product_tag-puntos-de-acceso","11":"product_tag-redes","12":"product_tag-tp-link","13":"product_shipping_class-2059","14":"pa_canon-digital-impuesto-incluido-de-0-e","15":"pa_categoria-redes","16":"pa_marca-tp-link","17":"pa_peso-4110","18":"pa_referencia-eap245","20":"first","21":"instock","22":"sale","23":"taxable","24":"shipping-taxable","25":"purchasable","26":"product-type-simple"},"_links":{"self":[{"href":"https:\/\/linkxa.es\/linkshop\/wp-json\/wp\/v2\/product\/239207","targetHints":{"allow":["GET"]}}],"collection":[{"href":"https:\/\/linkxa.es\/linkshop\/wp-json\/wp\/v2\/product"}],"about":[{"href":"https:\/\/linkxa.es\/linkshop\/wp-json\/wp\/v2\/types\/product"}],"replies":[{"embeddable":true,"href":"https:\/\/linkxa.es\/linkshop\/wp-json\/wp\/v2\/comments?post=239207"}],"wp:attachment":[{"href":"https:\/\/linkxa.es\/linkshop\/wp-json\/wp\/v2\/media?parent=239207"}],"wp:term":[{"taxonomy":"product_brand","embeddable":true,"href":"https:\/\/linkxa.es\/linkshop\/wp-json\/wp\/v2\/product_brand?post=239207"},{"taxonomy":"product_cat","embeddable":true,"href":"https:\/\/linkxa.es\/linkshop\/wp-json\/wp\/v2\/product_cat?post=239207"},{"taxonomy":"product_tag","embeddable":true,"href":"https:\/\/linkxa.es\/linkshop\/wp-json\/wp\/v2\/product_tag?post=239207"}],"curies":[{"name":"wp","href":"https:\/\/api.w.org\/{rel}","templated":true}]}}