{"id":239208,"date":"2024-12-05T23:31:48","date_gmt":"2024-12-05T23:31:48","guid":{"rendered":"https:\/\/linkxa.es\/contratacion\/producto\/router-wifi-movil-4g-3g\/"},"modified":"2025-12-08T12:34:52","modified_gmt":"2025-12-08T12:34:52","slug":"router-wifi-movil-4g-3g","status":"publish","type":"product","link":"https:\/\/linkxa.es\/linkshop\/producto\/router-wifi-movil-4g-3g\/","title":{"rendered":"Router wifi movil 4g &#038; 3g"},"content":{"rendered":"<div style=\"text-align: center; margin-bottom: 20px;\">\n<h2 style=\"font-size: 22px; font-weight: 600; margin: 0; color: #333;\">Tp &#8211; link\u00a0|\u00a0 Routers<\/h2>\n<p><strong>Router wifi movil 4g &#038; 3g avanzado  tp &#8211; link<\/strong><\/p>\n<\/div>\n<p style=\"max-width: 700px; margin: 0px auto 30px; font-size: 18px; line-height: 1.6; color: #555555; font-style: italic; text-align: left;\">Qu\u00e9 hace este producto<\/p>\n<p>El M7350 de TP-LINK se encuentra en el primer plano de la compartici\u00f3n<br \/>inal\u00e1mbrica de 4G. Tan solo es necesario insertar una tarjeta SIM 4G en el<br \/>dispositivo para establecer instant\u00e1neamente la selecci\u00f3n de un hotspot Wi-<br \/>Fi de banda dual. Con velocidades de hasta 150 Mbps de descarga y hasta 50<br \/>Mbps de subida, el M7350 est\u00e1 capacitado para proporcionar la compartici\u00f3n<br \/>inal\u00e1mbrica de 4G para hasta 15 usuarios simult\u00e1neamente. Su dise\u00f1o de<br \/>bolsillo y potente bater\u00eda interna de 2550mAh hacen que sea el compa\u00f1ero<br \/>ideal de viaje, permitiendo a los usuarios trabajar o jugar durante 10 horas.<br \/>Con su innovadora pantalla TFT, los usuarios dispondr\u00e1n de una visi\u00f3n mucho<br \/>m\u00e1s intuitiva del estado operativo del dispositivo, de la intensidad de se\u00f1al,<br \/>tipo de red (4G\/3G\/2G), estado Wi-Fi, mensajes, internet, estad\u00edsticas de<br \/>tr\u00e1fico y evoluci\u00f3n de la bater\u00eda.<br \/>4G LTE La conexi\u00f3n m\u00e1s r\u00e1pida, la mejor que puede obtener<\/p>\n<p>Soportando la \u00faltima generaci\u00f3n de red 4G LTE, el M7350 puede alcanzar<br \/>velocidades de hasta 150 Mbps de descarga para disfrutar de pel\u00edculas HD<br \/>sin interrupciones, descarga de archivos en segundos y permitiendo video<br \/>chat sin ca\u00eddas.<\/p>\n<p>Soporta 4G LTE con hasta 150 Mbps de velocidad de descarga y 50 Mbps<br \/>de velocidad de subida<br \/>Soporta hasta 15 dispositivos simult\u00e1neamente<br \/>Toda la informaci\u00f3n \u00fatil disponible de un vistazo en la pantalla<br \/>Bater\u00eda de 2550mAh que permite hasta 10 horas de funcionamiento<br \/>Wi-Fi banda dual seleccionable 2.4GHz \u00f3 5 GHz<br \/>Equipado con ranura para tarjeta micro SD que permite hasta 32 GB de<br \/>almacenamiento opcional<br \/>CARACTER\u00cdSTICAS DE HARDWARE<br \/>Tipo de red FDD-LTE Cat4 (800\/900\/1800\/2100\/2600MHz)<br \/>DC-HSPA+\/HSPA\/UMTS (900\/2100MHz)<br \/>EDGE\/GPRS\/GSM (850\/900\/1800\/1900MHz)<br \/>Interfaces 1 puerto micro USB para alimentaci\u00f3n<br \/>Ranura para tarjeta SIM<br \/>Ranura para tarjeta Micro SD<br \/>Botones Bot\u00f3n Power On\/Off<br \/>Bot\u00f3n Men\u00fa<br \/>Antenas Antena Interna<br \/>Tasas de transferencia de datos DL: 150Mbps, UL: 50Mbps<br \/>Dimensiones (W X D X H) 4.2 2.6 0.6 in. (106 66 16mm)<br \/>Fuente de alimentaci\u00f3n Bater\u00eda Interna Recargable de 2550mAh<br \/>Lector de tarjetas Micro SD Hasta 32GB<br \/>Screen Display Estad\u00edsticas de tr\u00e1fico, estado Wi-Fi, n\u00famero de usuarios,<br \/>tipo de red (2G\/3G\/4G), intensidad de se\u00f1al, estado de conexi\u00f3n a internet,<br \/>mensajes, medidor de bater\u00eda.<br \/>CARACTER\u00cdSTICAS INAL\u00c1MBRICAS<br \/>Est\u00e1ndares Inal\u00e1mbricos IEEE 802.11a, IEEE 802.11b, IEEE 802.11g, IEEE<br \/>802.11n<br \/>Frecuencia 2.4GHz &#038; 5GHz<br \/>PIRE &#038;lt,20dBm<br \/>Seguridad Inal\u00e1mbrica Soporta WPA-PSK\/WPA2-PSK, Filtrado de MAC<br \/>Inal\u00e1mbrico, Activar\/Desactivar retransmisi\u00f3n de SSID<br \/>DHCP Servidor DHCP, Lista de Clientes DHCP<br \/>OTROS<br \/>Certificaciones CE, RoHS<br \/>Contenido del Paquete LTE-Avanzado Wi-Fi M\u00f3vil M7350<br \/>Cable Micro USB<br \/>Adaptador de tarjeta Micro a SIM est\u00e1ndar<br \/>Adaptador de tarjeta Nano a SIM est\u00e1ndar<br \/>Adaptador de Corriente<br \/>Gu\u00eda de Instalaci\u00f3n R\u00e1pida<br \/>Requisitos del sistema Windows 8\/7\/vista\/XP, Mac OS, Android, iOS,<br \/>Windows Phone<\/p>\n","protected":false},"excerpt":{"rendered":"<p>Router wifi movil 4g &#038; 3g avanzado  tp &#8211; link<\/p>\n","protected":false},"featured_media":0,"comment_status":"open","ping_status":"open","template":"","meta":{"_et_pb_use_builder":"","_et_pb_old_content":"","_et_gb_content_width":""},"product_brand":[3946],"product_cat":[2058,3261,3311,3965],"product_tag":[3264,3314,3948],"class_list":{"0":"post-239208","1":"product","2":"type-product","3":"status-publish","5":"product_brand-tp-link","6":"product_cat-dispositivos","7":"product_cat-redes","8":"product_cat-routers","9":"product_cat-tp-link-routers","10":"product_tag-redes","11":"product_tag-routers","12":"product_tag-tp-link","13":"product_shipping_class-2088","14":"pa_canon-digital-impuesto-incluido-de-0-e","15":"pa_categoria-redes","16":"pa_marca-tp-link","17":"pa_peso-3367","18":"pa_referencia-m7350","20":"first","21":"instock","22":"sale","23":"taxable","24":"shipping-taxable","25":"purchasable","26":"product-type-simple"},"_links":{"self":[{"href":"https:\/\/linkxa.es\/linkshop\/wp-json\/wp\/v2\/product\/239208","targetHints":{"allow":["GET"]}}],"collection":[{"href":"https:\/\/linkxa.es\/linkshop\/wp-json\/wp\/v2\/product"}],"about":[{"href":"https:\/\/linkxa.es\/linkshop\/wp-json\/wp\/v2\/types\/product"}],"replies":[{"embeddable":true,"href":"https:\/\/linkxa.es\/linkshop\/wp-json\/wp\/v2\/comments?post=239208"}],"wp:attachment":[{"href":"https:\/\/linkxa.es\/linkshop\/wp-json\/wp\/v2\/media?parent=239208"}],"wp:term":[{"taxonomy":"product_brand","embeddable":true,"href":"https:\/\/linkxa.es\/linkshop\/wp-json\/wp\/v2\/product_brand?post=239208"},{"taxonomy":"product_cat","embeddable":true,"href":"https:\/\/linkxa.es\/linkshop\/wp-json\/wp\/v2\/product_cat?post=239208"},{"taxonomy":"product_tag","embeddable":true,"href":"https:\/\/linkxa.es\/linkshop\/wp-json\/wp\/v2\/product_tag?post=239208"}],"curies":[{"name":"wp","href":"https:\/\/api.w.org\/{rel}","templated":true}]}}