{"id":239209,"date":"2025-08-24T02:15:53","date_gmt":"2025-08-24T02:15:53","guid":{"rendered":"https:\/\/linkxa.es\/contratacion\/producto\/modulo-fibra-tp-link-mc100cm-10-100\/"},"modified":"2025-12-08T12:35:23","modified_gmt":"2025-12-08T12:35:23","slug":"modulo-fibra-tp-link-mc100cm-10-100","status":"publish","type":"product","link":"https:\/\/linkxa.es\/linkshop\/producto\/modulo-fibra-tp-link-mc100cm-10-100\/","title":{"rendered":"Modulo fibra tp &#8211; link mc100cm 10 100"},"content":{"rendered":"<div style=\"text-align: center; margin-bottom: 20px;\">\n<h2 style=\"font-size: 22px; font-weight: 600; margin: 0; color: #333;\">Tp &#8211; link\u00a0|\u00a0 Accesorios redes<\/h2>\n<p><strong>Modulo fibra tp &#8211; link mc100cm 10 &#8211; 100 convertidor multimedia<\/strong><\/p>\n<\/div>\n<p style=\"max-width: 700px; margin: 0px auto 30px; font-size: 18px; line-height: 1.6; color: #555555; font-style: italic; text-align: left;\">El MC100CM es un convertidor de medios de comunicaci\u00f3n dise\u00f1ado<br \/>para convertir la fibra 100BASE-FX a los medios de cobre 100BASE-TX o<br \/>viceversa. Dise\u00f1ado bajo las normas de IEEE 802.3u 10\/100Base-TX y<br \/>100Base-FX, el MC100CM est\u00e1 dise\u00f1ado para su uso con cables de fibra<br \/>multi-modo y utiliza el conector tipo SC. El MC100CM es compatible con<br \/>la especificaci\u00f3n l\u00e1ser de onda larga (LX) a una velocidad de<br \/>transmisi\u00f3n de cable r\u00e1pida. Se trabaja en 1310 nm en los datos de<br \/>transmisi\u00f3n y recepci\u00f3n.<\/p>\n<p>Otras caracter\u00edsticas de este m\u00f3dulo incluyen la capacidad de ser<br \/>utilizado como un dispositivo independiente (no requiere chasis) o con<br \/>el chasis del sistema de 19 TP-LINK, Auto MDI \/ MDI-X para el puerto TX,<br \/>la negociaci\u00f3n autom\u00e1tica del modo de d\u00faplex en el puerto TX, y Luces<br \/>sobre el estado en el panel frontal. El MC100CM transmitir\u00e1 a distancias<br \/>extendidas de fibra \u00f3ptica que utilizan fibra multimodo de hasta 2<br \/>kil\u00f3metros.<br \/>Est\u00e1ndares y Protocolos IEEE 802.3, IEEE 802.3u, IEEE 802.3x<br \/>Funciones B\u00e1sicas Modo de transferencia D\u00faplex Completo\/Medio del<br \/>puerto FX Control de flujo D\u00faplex completo (IEEE 802.3x)<br \/>Control de flujo D\u00faplex medio (contrapresi\u00f3n)<br \/>Ampl\u00eda la distancia de fibra de hasta 2 km<br \/>Puertos 1 puerto SC\/UPC 100M<br \/>1 puerto RJ45 100M (Auto MDI \/ MDIX)<br \/>Longitud de Onda 1310nm<br \/>Medio de Red 10BASE-T Cable 3, 4, 5 categor\u00eda UTP categor\u00eda<br \/>(m\u00e1ximo<br \/>100m) EIA\/TIA-568 100 STP (m\u00e1ximo 100m)<br \/>Medio de Red 100BASE-T Cable 5, 5e categor\u00eda UTP categor\u00eda<br \/>(m\u00e1ximo<br \/>100m) EIA\/TIA-568 100 STP (m\u00e1ximo 100m)<br \/>Medio de Red 100BASE-FX Fibra multimodo<br \/>Indicadores de LED PWR, FDX\/Col, Link\/Act, SPD<br \/>Dimensiones (W*D*H) 3.7*2.9*1.1 in. (94.5*73.0*27.0 mm)<br \/>Fuente de Alimentaci\u00f3n Adaptador externo de alimentaci\u00f3n<br \/>Max Power Consumption 2.5W<br \/>Seguridad y Emisi\u00f3n FCC, CE, RoHS<br \/>Ambiente Temperatura de funcionamiento: 0 ~ 40 (32 ~ 104)<br \/>Temperatura de almacenamiento: -40 ~ 70 (-40 ~ 158)<br \/>Humedad: 10% ~ 90% sin condensaci\u00f3n<br \/>Humedad de almacenamiento: 5% ~ 90% sin condensaci\u00f3n<\/p>\n","protected":false},"excerpt":{"rendered":"<p>Modulo fibra tp &#8211; link mc100cm 10 &#8211; 100 convertidor multimedia<\/p>\n","protected":false},"featured_media":0,"comment_status":"open","ping_status":"open","template":"","meta":{"_et_pb_use_builder":"","_et_pb_old_content":"","_et_gb_content_width":""},"product_brand":[3946],"product_cat":[3280,2058,3261,4053],"product_tag":[3283,3264,3948],"class_list":{"0":"post-239209","1":"product","2":"type-product","3":"status-publish","5":"product_brand-tp-link","6":"product_cat-accesorios-redes","7":"product_cat-dispositivos","8":"product_cat-redes","9":"product_cat-tp-link-accesorios-redes","10":"product_tag-accesorios-redes","11":"product_tag-redes","12":"product_tag-tp-link","13":"product_shipping_class-2088","14":"pa_canon-digital-impuesto-incluido-de-0-e","15":"pa_categoria-redes","16":"pa_marca-tp-link","17":"pa_peso-4113","18":"pa_referencia-mc100cm","20":"first","21":"instock","22":"sale","23":"taxable","24":"shipping-taxable","25":"purchasable","26":"product-type-simple"},"_links":{"self":[{"href":"https:\/\/linkxa.es\/linkshop\/wp-json\/wp\/v2\/product\/239209","targetHints":{"allow":["GET"]}}],"collection":[{"href":"https:\/\/linkxa.es\/linkshop\/wp-json\/wp\/v2\/product"}],"about":[{"href":"https:\/\/linkxa.es\/linkshop\/wp-json\/wp\/v2\/types\/product"}],"replies":[{"embeddable":true,"href":"https:\/\/linkxa.es\/linkshop\/wp-json\/wp\/v2\/comments?post=239209"}],"wp:attachment":[{"href":"https:\/\/linkxa.es\/linkshop\/wp-json\/wp\/v2\/media?parent=239209"}],"wp:term":[{"taxonomy":"product_brand","embeddable":true,"href":"https:\/\/linkxa.es\/linkshop\/wp-json\/wp\/v2\/product_brand?post=239209"},{"taxonomy":"product_cat","embeddable":true,"href":"https:\/\/linkxa.es\/linkshop\/wp-json\/wp\/v2\/product_cat?post=239209"},{"taxonomy":"product_tag","embeddable":true,"href":"https:\/\/linkxa.es\/linkshop\/wp-json\/wp\/v2\/product_tag?post=239209"}],"curies":[{"name":"wp","href":"https:\/\/api.w.org\/{rel}","templated":true}]}}