{"id":239210,"date":"2025-07-18T14:13:06","date_gmt":"2025-07-18T14:13:06","guid":{"rendered":"https:\/\/linkxa.es\/contratacion\/producto\/modulo-fibra-tp-link-mc200cm-1000-convertidor\/"},"modified":"2025-12-08T12:35:57","modified_gmt":"2025-12-08T12:35:57","slug":"modulo-fibra-tp-link-mc200cm-1000-convertidor","status":"publish","type":"product","link":"https:\/\/linkxa.es\/linkshop\/producto\/modulo-fibra-tp-link-mc200cm-1000-convertidor\/","title":{"rendered":"Modulo fibra tp &#8211; link mc200cm 1000 convertidor"},"content":{"rendered":"<div style=\"text-align: center; margin-bottom: 20px;\">\n<h2 style=\"font-size: 22px; font-weight: 600; margin: 0; color: #333;\">Tp &#8211; link\u00a0|\u00a0 Accesorios redes<\/h2>\n<p><strong>Modulo fibra tp &#8211; link mc200cm 1000 convertidor multimedia<\/strong><\/p>\n<\/div>\n<p style=\"max-width: 700px; margin: 0px auto 30px; font-size: 18px; line-height: 1.6; color: #555555; font-style: italic; text-align: left;\">General<br \/>Tipo de dispositivo Conversor de soportes de fibra<br \/>Factor de forma Externo<br \/>Conexi\u00f3n de redes<br \/>Tecnolog\u00eda de conectividad Cableado<br \/>Tipo de cableado 1000Base-SX,1000Base-T<br \/>Protocolo de interconexi\u00f3n de datos GigE<br \/>Velocidad de transferencia de datos 1 Gbps<br \/>Longitud de onda \u00f3ptica 850 nm<br \/>Distancia m\u00e1x. de transferencia 550 m<br \/>Indicadores de estado Alimentaci\u00f3n,recibir,enlace\/actividad<br \/>Caracter\u00edsticas Control de flujo,se\u00f1al ascendente autom\u00e1tica (MDI\/MDI-X<br \/>autom\u00e1tico),modo d\u00faplex completo<br \/>Cumplimiento de normas IEEE 802.3z,IEEE 802.3ab,IEEE 802.3x<br \/>Expansi\u00f3n \/ Conectividad<br \/>Interfaces 1 x Ethernet 1000Base-T &#8211; RJ-45 hembra<br \/>1 x Ethernet 1000Base-SX &#8211; SC multi-mode hembra x 2<br \/>Diverso<br \/>Cumplimiento de normas FCC<br \/>Alimentaci\u00f3n<br \/>Dispositivo de alimentaci\u00f3n Transformador el\u00e9ctrico externo<br \/>Dimensiones y peso<br \/>Anchura 9.5 cm<br \/>Profundidad 7.3 cm<br \/>Altura 2.7 cm<br \/>Par\u00e1metros de entorno<br \/>Temperatura m\u00ednima de funcionamiento 0 C<br \/>Temperatura m\u00e1xima de funcionamiento 40 C<br \/>\u00c1mbito de humedad de funcionamiento 10 &#8211; 90%<\/p>\n","protected":false},"excerpt":{"rendered":"<p>Modulo fibra tp &#8211; link mc200cm 1000 convertidor multimedia<\/p>\n","protected":false},"featured_media":0,"comment_status":"open","ping_status":"open","template":"","meta":{"_et_pb_use_builder":"","_et_pb_old_content":"","_et_gb_content_width":""},"product_brand":[3946],"product_cat":[3280,2058,3261,4053],"product_tag":[3283,3264,3948],"class_list":{"0":"post-239210","1":"product","2":"type-product","3":"status-publish","5":"product_brand-tp-link","6":"product_cat-accesorios-redes","7":"product_cat-dispositivos","8":"product_cat-redes","9":"product_cat-tp-link-accesorios-redes","10":"product_tag-accesorios-redes","11":"product_tag-redes","12":"product_tag-tp-link","13":"product_shipping_class-2088","14":"pa_canon-digital-impuesto-incluido-de-0-e","15":"pa_categoria-redes","16":"pa_marca-tp-link","17":"pa_peso-4115","18":"pa_referencia-mc200cm","20":"first","21":"instock","22":"sale","23":"taxable","24":"shipping-taxable","25":"purchasable","26":"product-type-simple"},"_links":{"self":[{"href":"https:\/\/linkxa.es\/linkshop\/wp-json\/wp\/v2\/product\/239210","targetHints":{"allow":["GET"]}}],"collection":[{"href":"https:\/\/linkxa.es\/linkshop\/wp-json\/wp\/v2\/product"}],"about":[{"href":"https:\/\/linkxa.es\/linkshop\/wp-json\/wp\/v2\/types\/product"}],"replies":[{"embeddable":true,"href":"https:\/\/linkxa.es\/linkshop\/wp-json\/wp\/v2\/comments?post=239210"}],"wp:attachment":[{"href":"https:\/\/linkxa.es\/linkshop\/wp-json\/wp\/v2\/media?parent=239210"}],"wp:term":[{"taxonomy":"product_brand","embeddable":true,"href":"https:\/\/linkxa.es\/linkshop\/wp-json\/wp\/v2\/product_brand?post=239210"},{"taxonomy":"product_cat","embeddable":true,"href":"https:\/\/linkxa.es\/linkshop\/wp-json\/wp\/v2\/product_cat?post=239210"},{"taxonomy":"product_tag","embeddable":true,"href":"https:\/\/linkxa.es\/linkshop\/wp-json\/wp\/v2\/product_tag?post=239210"}],"curies":[{"name":"wp","href":"https:\/\/api.w.org\/{rel}","templated":true}]}}