{"id":239212,"date":"2025-03-18T20:27:45","date_gmt":"2025-03-18T20:27:45","guid":{"rendered":"https:\/\/linkxa.es\/contratacion\/producto\/switch-5-puertos-10-100-1000-4\/"},"modified":"2025-12-08T12:36:58","modified_gmt":"2025-12-08T12:36:58","slug":"switch-5-puertos-10-100-1000-4","status":"publish","type":"product","link":"https:\/\/linkxa.es\/linkshop\/producto\/switch-5-puertos-10-100-1000-4\/","title":{"rendered":"Switch 5 puertos 10 100 1000"},"content":{"rendered":"<div style=\"text-align: center; margin-bottom: 20px;\">\n<h2 style=\"font-size: 22px; font-weight: 600; margin: 0; color: #333;\">Tp &#8211; link\u00a0|\u00a0 Switch<\/h2>\n<p><strong>Switch 5 puertos 10 &#8211; 100 &#8211; 1000 tp &#8211; link azul claro<\/strong><\/p>\n<\/div>\n<p style=\"max-width: 700px; margin: 0px auto 30px; font-size: 18px; line-height: 1.6; color: #555555; font-style: italic; text-align: left;\">Switch Sobremesa 5-Puertos 10\/100\/1000Mbps<\/p>\n<p>Puertos 10\/100\/1000Mbos con Auto-Negociaci\u00f3n y Auto-MDI\/MDIX<\/p>\n<p>Tecnolog\u00eda Green Ethernet de ahorro energ\u00e9tico<\/p>\n<p>Control de flujo IEEE 802.3X proporciona una transferencia de datos eficiente y<br \/>segura<\/p>\n<p>Carcasa met\u00e1lica, con dise\u00f1o sobremesa o de instalaci\u00f3n en pared<\/p>\n<p>Soporte de funci\u00f3n 802.1p\/DSCP QoS<\/p>\n<p>Plug and play, sin necesidad de configuraci\u00f3n<\/p>\n<p>CARACTER\u00cdSTICAS DE HARDWARE<br \/>Est\u00e1ndares y Protocolos IEEE 802.3i\/802.3u\/ 802.3ab\/802.3x, IEEE 802.1p<br \/>Interfaz 5 puertos 10\/100\/1000Mbps, Auto-Negociaci\u00f3n, Auto-MDI\/MDIX<br \/>Cantidad de Ventiladores Sin ventilador<br \/>Fuente de Alimentaci\u00f3n Externa Adaptador de Energ\u00eda Externo (Output: 5VDC \/<br \/>0.6A)<br \/>Indicador de LED Energ\u00eda de Sistema<br \/>Indicadores integrados de Link\/Act en cada puerto RJ-45<br \/>Dimensiones 3.9 x 3.9 x 1.0 in. (99.8 x 98 x 25 mm)<br \/>Consumo de Potencia M\u00e1ximo 2.776W (220V\/50Hz)<br \/>Max Heat Dissipation 9.466 BTU\/h<br \/>RENDIMIENTO<br \/>Tasa de Reenv\u00edo de Paquetes 7.4 Mpps<br \/>Tabla de Direcciones MAC 2K<br \/>Memoria del Buffer de Paquete 1 Mb<br \/>Jumbo Frame 16 KB<br \/>CARACTER\u00cdSTICAS DE SOFTWARE<br \/>Caracter\u00edsticas Avanzadas Green Technology<br \/>802.3X Control de Flujo<br \/>802.1P\/DSCP QoS<br \/>M\u00e9todo de Transferencia Almacenamiento y Env\u00edo<br \/>Otros<br \/>Certificaciones CE, FCC, RoHS<br \/>Contenido del Paquete Switch Sobremesa 5-Puertos 10\/100\/1000Mbps<br \/>Adaptador Energ\u00eda<br \/>Gu\u00eda de Instalaci\u00f3n<br \/>Factores Ambientales Temperatura de funcionamiento: 0~40 (32~104)<br \/>Temperatura de almacenamiento: -40~70 (-40~158)<br \/>Humedad de funcionamiento: 10%~90% sin condensaci\u00f3n<br \/>Humedad de almacenamiento: 5%~90% sin condensaci\u00f3n<\/p>\n","protected":false},"excerpt":{"rendered":"<p>Switch 5 puertos 10 &#8211; 100 &#8211; 1000 tp &#8211; link azul claro<\/p>\n","protected":false},"featured_media":239213,"comment_status":"open","ping_status":"open","template":"","meta":{"_et_pb_use_builder":"","_et_pb_old_content":"","_et_gb_content_width":""},"product_brand":[3946],"product_cat":[2058,3261,3270,3955],"product_tag":[3264,3273,3948],"class_list":{"0":"post-239212","1":"product","2":"type-product","3":"status-publish","4":"has-post-thumbnail","6":"product_brand-tp-link","7":"product_cat-dispositivos","8":"product_cat-redes","9":"product_cat-switch","10":"product_cat-tp-link-switch","11":"product_tag-redes","12":"product_tag-switch","13":"product_tag-tp-link","14":"product_shipping_class-2059","15":"pa_canon-digital-impuesto-incluido-de-0-e","16":"pa_categoria-redes","17":"pa_marca-tp-link","18":"pa_peso-4119","19":"pa_referencia-mgs0000005832","21":"first","22":"instock","23":"sale","24":"taxable","25":"shipping-taxable","26":"purchasable","27":"product-type-simple"},"_links":{"self":[{"href":"https:\/\/linkxa.es\/linkshop\/wp-json\/wp\/v2\/product\/239212","targetHints":{"allow":["GET"]}}],"collection":[{"href":"https:\/\/linkxa.es\/linkshop\/wp-json\/wp\/v2\/product"}],"about":[{"href":"https:\/\/linkxa.es\/linkshop\/wp-json\/wp\/v2\/types\/product"}],"replies":[{"embeddable":true,"href":"https:\/\/linkxa.es\/linkshop\/wp-json\/wp\/v2\/comments?post=239212"}],"wp:featuredmedia":[{"embeddable":true,"href":"https:\/\/linkxa.es\/linkshop\/wp-json\/wp\/v2\/media\/239213"}],"wp:attachment":[{"href":"https:\/\/linkxa.es\/linkshop\/wp-json\/wp\/v2\/media?parent=239212"}],"wp:term":[{"taxonomy":"product_brand","embeddable":true,"href":"https:\/\/linkxa.es\/linkshop\/wp-json\/wp\/v2\/product_brand?post=239212"},{"taxonomy":"product_cat","embeddable":true,"href":"https:\/\/linkxa.es\/linkshop\/wp-json\/wp\/v2\/product_cat?post=239212"},{"taxonomy":"product_tag","embeddable":true,"href":"https:\/\/linkxa.es\/linkshop\/wp-json\/wp\/v2\/product_tag?post=239212"}],"curies":[{"name":"wp","href":"https:\/\/api.w.org\/{rel}","templated":true}]}}