{"id":239215,"date":"2025-08-19T03:20:34","date_gmt":"2025-08-19T03:20:34","guid":{"rendered":"https:\/\/linkxa.es\/contratacion\/producto\/router-wifi-tp-link-archer-ac80\/"},"modified":"2025-12-08T12:37:27","modified_gmt":"2025-12-08T12:37:27","slug":"router-wifi-tp-link-archer-ac80","status":"publish","type":"product","link":"https:\/\/linkxa.es\/linkshop\/producto\/router-wifi-tp-link-archer-ac80\/","title":{"rendered":"Router wifi tp link archer ac80"},"content":{"rendered":"<div style=\"text-align: center; margin-bottom: 20px;\">\n<h2 style=\"font-size: 22px; font-weight: 600; margin: 0; color: #333;\">Tp &#8211; link\u00a0|\u00a0 Routers<\/h2>\n<p><strong>Router wifi tp link archer ac80 ac1900 dual band mu &#8211; mimo 1900mbps<\/strong><\/p>\n<\/div>\n<p style=\"max-width: 700px; margin: 0px auto 30px; font-size: 18px; line-height: 1.6; color: #555555; font-style: italic; text-align: left;\">Archer C80<br \/>Router Inal\u00e1mbrico de Doble Banda AC1900 MU-MIMO<\/p>\n<p>802.11ac Wave2 Wi-Fi 1300 Mbps en la banda de 5 GHz y 600 Mbps en la<br \/>banda de 2.4 GHz.<br \/>Tecnolog\u00eda MIMO 33 Transmisi\u00f3n y recepci\u00f3n de tres flujos de datos WiFi<br \/>para emparejarse a la perfecci\u00f3n con clientes 33.<br \/>Cobertura Wi-Fi Potenciada La tecnolog\u00eda Beamforming entrega una conexi\u00f3n<br \/>inal\u00e1mbrcia de alta eficiencia.<br \/>MU-MIMO Ayuda a los equipos alcanzar una performance \u00f3ptima gracias a una<br \/>comunicaci\u00f3n m\u00e1s eficiente.<br \/>Gesti\u00f3n Personalizada Caracter\u00edsticas avanzadas como Control Parental, Red<br \/>de Invitados y Control de Acceso proporcionan una gesti\u00f3n de red a medida.<br \/>Conexi\u00f3n Inteligente Smart Connect dirige a los clientes hacia la banda menos<br \/>congestionada y Airtime Fairness optimiza el tiempo de uso.<\/p>\n<p>Inal\u00e1mbricos<br \/>Standards Wi-Fi 5<br \/>IEEE 802.11ac\/n\/a 5 GHz<br \/>IEEE 802.11n\/b\/g 2.4 GHz<br \/>WiFi Speeds AC1900<br \/>5 GHz: 1300 Mbps (802.11ac)<br \/>2.4 GHz: 600 Mbps (802.11n)<br \/>WiFi Range Casas de 3 dormitorios 4 antenas fijas de alto rendimiento<br \/>Varias antenas forman una matriz de refuerzo de se\u00f1al para cubrir m\u00e1s<br \/>direcciones y \u00e1reas grandes<\/p>\n<p>Beamforming<br \/>Concentra la intensidad de la se\u00f1al inal\u00e1mbrica hacia los clientes para ampliar el<br \/>alcance de WiFi<br \/>WiFi Capacity MedioDoble Banda<br \/>Asignaci\u00f3n dispositivos a diferentes bandas para un rendimiento \u00f3ptimo<\/p>\n<p>33 MU-MIMO<br \/>Comunicaci\u00f3n simult\u00e1nea con m\u00faltiples clientes MU-MIMO<\/p>\n<p>Airtime Fairness<br \/>Mejora la eficiencia de la red al limitar la ocupaci\u00f3n excesiva<br \/>Working Modes Modo Router<br \/>Modo Punto de Acceso<br \/>HARDWARE<br \/>Processor 1.2 GHz CPU<br \/>Ethernet Ports 1 Puerto WAN Gigabit<br \/>4 Puertos LAN Gigabit<br \/>Buttons Bot\u00f3n WPS\/Wi-Fi<br \/>Bot\u00f3n encendido On\/Off<br \/>Bot\u00f3n reset<br \/>Power Versi\u00f3n US<br \/>12 V 1.5 A<\/p>\n<p>Versi\u00f3n EU<br \/>12 V 1 A<br \/>SEGURIDAD<br \/>WiFi Encryption WPA<br \/>WPA2<br \/>WPA3<br \/>WPA\/WPA2-Enterprise (802.1x)<br \/>Network Security SPI Firewall<br \/>Control de Acceso<br \/>Uni\u00f3n IP y MAC<br \/>Application Layer Gateway<br \/>Guest Network 1 5 GHz Red de invitados<br \/>1 2.4 GHz Red de invitados<br \/>SOFTWARE<br \/>Protocols IPv4<br \/>IPv6<br \/>OneMesh Compatible con OneMesh<br \/>Sin reemplazar sus dispositivos existentes o comprar un ecosistema WiFi<br \/>completamente nuevo, OneMesh lo ayuda a crear una red m\u00e1s flexible que cubre<br \/>toda su casa con productos TP-Link OneMesh .<br \/>M\u00e1s informaci\u00f3n &#038; gt,<br \/>Todos los productos OneMesh &#038; gt,<br \/>Parental Controls Filtrado URL<br \/>Control horario<br \/>WAN Types IP Din\u00e1mica<br \/>IP Est\u00e1tica<br \/>PPPoE<br \/>PPTP<br \/>L2TP<br \/>Quality of Service QoS by Device<br \/>Cloud Service Actualizaci\u00f3n firmware OTA<br \/>TP-Link ID<br \/>DDNS<br \/>NAT Forwarding Reenv\u00edo de puertos<br \/>Activaci\u00f3n de puertos<br \/>DMZ<br \/>UPnP<br \/>IPTV IGMP Proxy<br \/>IGMP Snooping<br \/>Bridge<br \/>Tag VLAN<br \/>DHCP Reserva de direcciones<br \/>Lista cliente DHCP<br \/>Servidor<br \/>DDNS TP-Link<br \/>NO-IP<br \/>DynDNS<br \/>Management Tether App<br \/>Webpage<br \/>Check Web Emulator&#038;gt,<br \/>PHYSICAL<br \/>Dimensions (WDH) 215 117 32 mm 5 4.6 1.26 in<br \/>(5 4.6 1.26 in)<br \/>Package Contents Wi-Fi Router Archer C80<br \/>Adaptador de energ\u00eda<br \/>Cable Ethernet RJ45<br \/>Gu\u00eda de Instalaci\u00f3n R\u00e1pida<br \/>OTHER<br \/>System Requirements Internet Explorer 11+, Firefox 12.0+, Chrome 20.0+,<br \/>Safari 4.0+, o navegadores compatible con JavaScript<\/p>\n<p>Cable o M\u00f3dem DSL(si necesario)<\/p>\n<p>Suscripci\u00f3n con un proveedor de servicios de internet (para acceso a internet)<br \/>Certifications FCC, CE, RoHS<br \/>Environment Temperatura de funcionamiento: 0~40 (32 ~104)<br \/>Temperatura de almacenamiento: -40~70 (-40 ~158)<br \/>Humedad de funcionamiento: 10%~90% sin condensaci\u00f3n<br \/>Humedad de almacenamiento: 5%~90% sin condensaci\u00f3n<br \/>TEST DATA<br \/>WiFi Transmission Power CE:<br \/>&#038;lt,20dBm(2.4GHz)<br \/>&#038;lt,23dBm(5.15GHz~5.25GHz)<br \/>FCC:<br \/>&#038;lt,30dBm(2.4GHz &#038; 5GHz)<br \/>WiFi Reception Sensitivity 5GHz:<br \/>11a 6Mbps:-98dBm, 11a 54Mbps:-78dBm<br \/>11ac VHT20_MCS0:-98dBm, 11ac VHT20_MCS8:-72dBm<br \/>11ac VHT40_MCS0:-92dBm, 11ac VHT40_MCS9:-68dBm<br \/>11ac VHT80_MCS0:-89dBm, 11ac VHT80_MCS9:-64dBm<\/p>\n<p>2.4GHz:<br \/>11g 6Mbps:-97dBm, 11a 54Mbps:-77dBm<br \/>11n VHT20_MCS0:-97dBm, 11n VHT20_MCS8:-72dBm<br \/>11n VHT40_MCS0:-92dBm, 11n VHT40_MCS9:-67dBm<\/p>\n","protected":false},"excerpt":{"rendered":"<p>Router wifi tp link archer ac80 ac1900 dual band mu &#8211; mimo 1900mbps<\/p>\n","protected":false},"featured_media":239216,"comment_status":"open","ping_status":"open","template":"","meta":{"_et_pb_use_builder":"","_et_pb_old_content":"","_et_gb_content_width":""},"product_brand":[3946],"product_cat":[2058,3261,3311,3965],"product_tag":[3264,3314,3948],"class_list":{"0":"post-239215","1":"product","2":"type-product","3":"status-publish","4":"has-post-thumbnail","6":"product_brand-tp-link","7":"product_cat-dispositivos","8":"product_cat-redes","9":"product_cat-routers","10":"product_cat-tp-link-routers","11":"product_tag-redes","12":"product_tag-routers","13":"product_tag-tp-link","14":"product_shipping_class-2088","15":"pa_canon-digital-impuesto-incluido-de-0-e","16":"pa_categoria-redes","17":"pa_marca-tp-link","18":"pa_peso-4121","19":"pa_referencia-mgs0000008430","21":"first","22":"instock","23":"sale","24":"taxable","25":"shipping-taxable","26":"purchasable","27":"product-type-simple"},"_links":{"self":[{"href":"https:\/\/linkxa.es\/linkshop\/wp-json\/wp\/v2\/product\/239215","targetHints":{"allow":["GET"]}}],"collection":[{"href":"https:\/\/linkxa.es\/linkshop\/wp-json\/wp\/v2\/product"}],"about":[{"href":"https:\/\/linkxa.es\/linkshop\/wp-json\/wp\/v2\/types\/product"}],"replies":[{"embeddable":true,"href":"https:\/\/linkxa.es\/linkshop\/wp-json\/wp\/v2\/comments?post=239215"}],"wp:featuredmedia":[{"embeddable":true,"href":"https:\/\/linkxa.es\/linkshop\/wp-json\/wp\/v2\/media\/239216"}],"wp:attachment":[{"href":"https:\/\/linkxa.es\/linkshop\/wp-json\/wp\/v2\/media?parent=239215"}],"wp:term":[{"taxonomy":"product_brand","embeddable":true,"href":"https:\/\/linkxa.es\/linkshop\/wp-json\/wp\/v2\/product_brand?post=239215"},{"taxonomy":"product_cat","embeddable":true,"href":"https:\/\/linkxa.es\/linkshop\/wp-json\/wp\/v2\/product_cat?post=239215"},{"taxonomy":"product_tag","embeddable":true,"href":"https:\/\/linkxa.es\/linkshop\/wp-json\/wp\/v2\/product_tag?post=239215"}],"curies":[{"name":"wp","href":"https:\/\/api.w.org\/{rel}","templated":true}]}}