{"id":239219,"date":"2025-04-12T20:42:24","date_gmt":"2025-04-12T20:42:24","guid":{"rendered":"https:\/\/linkxa.es\/contratacion\/producto\/adaptador-nano-usb-bluetooth-tp-link-ub5a\/"},"modified":"2025-12-08T12:37:51","modified_gmt":"2025-12-08T12:37:51","slug":"adaptador-nano-usb-bluetooth-tp-link-ub5a","status":"publish","type":"product","link":"https:\/\/linkxa.es\/linkshop\/producto\/adaptador-nano-usb-bluetooth-tp-link-ub5a\/","title":{"rendered":"Adaptador nano usb bluetooth tp &#8211; link ub5a"},"content":{"rendered":"<div style=\"text-align: center; margin-bottom: 20px;\">\n<h2 style=\"font-size: 22px; font-weight: 600; margin: 0; color: #333;\">Tp &#8211; link\u00a0|\u00a0 Bluetooth<\/h2>\n<p><strong>Adaptador nano usb bluetooth tp &#8211; link ub5a bluetooth 5.0<\/strong><\/p>\n<\/div>\n<p style=\"max-width: 700px; margin: 0px auto 30px; font-size: 18px; line-height: 1.6; color: #555555; font-style: italic; text-align: left;\">UB5A<br \/>Adaptador Nano USB Bluetooth 5.0<\/p>\n<p>Bluetooth 5.0 : aplica la \u00faltima tecnolog\u00eda Bluetooth 5.0, compatible con<br \/>versiones anteriores de Bluetooth V4.0 \/ 3.0 \/ 2.1 \/ 2.0 \/ 1.1<br \/>Conectividad inal\u00e1mbrica : proporciona una comunicaci\u00f3n estable y<br \/>conveniente entre los dispositivos Bluetooth y su PC o computadora port\u00e1til<br \/>Tama\u00f1o nanom\u00e9trico: ultrapeque\u00f1o para una portabilidad conveniente<br \/>con un alto rendimiento confiable<br \/>Sistema operativo compatible : Windows 11 \/ 10 \/ 8.1 \/ 7<\/p>\n<p>CARACTER\u00cdSTICAS DE HARDWARE<br \/>Est\u00e1ndares y Protocolos Bluetooth 5.0<br \/>Interfaz USB 2.0<br \/>Dimensions 0.58 0.27 0.74 in (14.8 6.8 18.9 mm)<br \/>Otros<br \/>Contenido del Paquete Adaptador Nano USB Bluetooth 5.0 UB5A<br \/>Gu\u00eda de Instalaci\u00f3n R\u00e1pida<br \/>Requisitos del sistema Los sistemas operativos compatibles incluyen Win 11 \/<br \/>10 \/ 8.1 \/ 7<br \/>Factores Ambientales Temperatura de funcionamiento: 0 ~ 40 (32 ~<br \/>104 )<br \/>Humedad de funcionamiento: 10% ~ 90% sin condensaci\u00f3n<br \/>Humedad de almacenamiento: 5% ~ 90% sin condensaci\u00f3n<\/p>\n","protected":false},"excerpt":{"rendered":"<p>Adaptador nano usb bluetooth tp &#8211; link ub5a bluetooth 5.0<\/p>\n","protected":false},"featured_media":239220,"comment_status":"open","ping_status":"open","template":"","meta":{"_et_pb_use_builder":"","_et_pb_old_content":"","_et_gb_content_width":""},"product_brand":[3946],"product_cat":[3292,2058,3261,4124],"product_tag":[3294,3264,3948],"class_list":{"0":"post-239219","1":"product","2":"type-product","3":"status-publish","4":"has-post-thumbnail","6":"product_brand-tp-link","7":"product_cat-bluetooth","8":"product_cat-dispositivos","9":"product_cat-redes","10":"product_cat-tp-link-bluetooth","11":"product_tag-bluetooth","12":"product_tag-redes","13":"product_tag-tp-link","14":"product_shipping_class-2059","15":"pa_canon-digital-impuesto-incluido-de-0-e","16":"pa_categoria-redes","17":"pa_marca-tp-link","18":"pa_peso-4123","19":"pa_referencia-mgs0000010150","21":"first","22":"instock","23":"sale","24":"taxable","25":"shipping-taxable","26":"purchasable","27":"product-type-simple"},"_links":{"self":[{"href":"https:\/\/linkxa.es\/linkshop\/wp-json\/wp\/v2\/product\/239219","targetHints":{"allow":["GET"]}}],"collection":[{"href":"https:\/\/linkxa.es\/linkshop\/wp-json\/wp\/v2\/product"}],"about":[{"href":"https:\/\/linkxa.es\/linkshop\/wp-json\/wp\/v2\/types\/product"}],"replies":[{"embeddable":true,"href":"https:\/\/linkxa.es\/linkshop\/wp-json\/wp\/v2\/comments?post=239219"}],"wp:featuredmedia":[{"embeddable":true,"href":"https:\/\/linkxa.es\/linkshop\/wp-json\/wp\/v2\/media\/239220"}],"wp:attachment":[{"href":"https:\/\/linkxa.es\/linkshop\/wp-json\/wp\/v2\/media?parent=239219"}],"wp:term":[{"taxonomy":"product_brand","embeddable":true,"href":"https:\/\/linkxa.es\/linkshop\/wp-json\/wp\/v2\/product_brand?post=239219"},{"taxonomy":"product_cat","embeddable":true,"href":"https:\/\/linkxa.es\/linkshop\/wp-json\/wp\/v2\/product_cat?post=239219"},{"taxonomy":"product_tag","embeddable":true,"href":"https:\/\/linkxa.es\/linkshop\/wp-json\/wp\/v2\/product_tag?post=239219"}],"curies":[{"name":"wp","href":"https:\/\/api.w.org\/{rel}","templated":true}]}}