{"id":239223,"date":"2025-05-03T21:26:02","date_gmt":"2025-05-03T21:26:02","guid":{"rendered":"https:\/\/linkxa.es\/contratacion\/producto\/switch-48-puertos-tp-link-10-100\/"},"modified":"2025-12-08T12:38:17","modified_gmt":"2025-12-08T12:38:17","slug":"switch-48-puertos-tp-link-10-100","status":"publish","type":"product","link":"https:\/\/linkxa.es\/linkshop\/producto\/switch-48-puertos-tp-link-10-100\/","title":{"rendered":"Switch 48 puertos tp &#8211; link 10 100"},"content":{"rendered":"<div style=\"text-align: center; margin-bottom: 20px;\">\n<h2 style=\"font-size: 22px; font-weight: 600; margin: 0; color: #333;\">Tp &#8211; link\u00a0|\u00a0 Switch<\/h2>\n<p><strong>Switch 48 puertos tp &#8211; link 10 &#8211; 100 &#8211; 1000 rack 19 pulgadas 1u +4sfp gestion l2<\/strong><\/p>\n<\/div>\n<p style=\"max-width: 700px; margin: 0px auto 30px; font-size: 18px; line-height: 1.6; color: #555555; font-style: italic; text-align: left;\">TL-SG3452<br \/>Switch administrado JetStream de 48 puertos Gigabit L2 con 4 ranuras SFP<\/p>\n<p>Puertos Gigabit completos: 48 puertos Gigabit RJ45 y 4 ranuras SFP<br \/>Gigabit proporcionan conexiones de alta velocidad.<br \/>Integrado en Omada SDN: Zero-Touch Provisioning (ZTP)*, gesti\u00f3n<br \/>centralizada de la nube y supervisi\u00f3n inteligente.<br \/>Administraci\u00f3n centralizada: acceso a la nube y aplicaci\u00f3n Omada para<br \/>una administraci\u00f3n ultra conveniente y f\u00e1cil.<br \/>Enrutamiento est\u00e1tico: ayuda a enrutar el tr\u00e1fico interno para un uso m\u00e1s<br \/>eficiente de los recursos de la red.<br \/>Estrategias de seguridad s\u00f3lidas: vinculaci\u00f3n de puertos IP-MAC, ACL,<br \/>seguridad de puertos, defensa DoS, control de tormentas, indagaci\u00f3n DHCP,<br \/>802.1X, autenticaci\u00f3n Radius y m\u00e1s.<br \/>Optimice las aplicaciones de voz y video: L2\/L3\/L4 QoS e IGMP snooping.<br \/>Administraci\u00f3n independiente: Web, CLI (Puerto de consola, Telnet, SSH),<br \/>SNMP, RMON y Dual Image brindan potentes capacidades de<br \/>administraci\u00f3n.<br \/>CARACTER\u00cdSTICAS DE HARDWARE<br \/>Interfaz 48 puertos RJ45 de 10\/100\/1000 Mbps<br \/>4 ranuras Gigabit SFP<br \/>1 puerto de consola RJ45<br \/>1 puerto de consola micro-USB<br \/>Cantidad de Ventiladores Sin ventilador<br \/>Fuente de Alimentaci\u00f3n 100-240 V AC~50\/60 Hz<br \/>Dimensiones 17.38.71.7 in (44022044 mm)<br \/>Montaje Montaje en rack<br \/>Consumo de Potencia M\u00e1ximo 32.8 W (220 V\/ 50 Hz)<br \/>Max Heat Dissipation 111.91 BTU\/h (220 V \/ 50 Hz)<br \/>RENDIMIENTO<br \/>Capacidad de Conmutaci\u00f3n 104 Gbps<br \/>Tasa de Reenv\u00edo de Paquetes 77.4 Mpps<br \/>Tabla de Direcciones MAC 16 K<br \/>Memoria del Buffer de Paquete 12 Mbit<br \/>Jumbo Frame 9 KB<br \/>CARACTER\u00cdSTICAS DE SOFTWARE<br \/>Calidad de Servicio 8 colas de prioridad<br \/>Prioridad 802.1p CoS\/DSCP<br \/>Programaci\u00f3n de colas<br \/>&#8211; SP (prioridad estricta)<br \/>&#8211; WRR (Round Robin Ponderado)<br \/>&#8211; SP+WRR<br \/>Control de Ancho de Banda<br \/>&#8211; Limitaci\u00f3n de clasificaci\u00f3n basada en puerto\/flujo<br \/>Rendimiento m\u00e1s fluido<br \/>Acci\u00f3n para flujos<br \/>&#8211; Espejo (a la interfaz compatible)<br \/>&#8211; Redirigir (a la interfaz compatible)<br \/>&#8211; L\u00edmite de tarifa<br \/>&#8211; Observaci\u00f3n de QoS<br \/>Caracter\u00edsticas L2 y L2+ Agregar un link<br \/>&#8211; Agregaci\u00f3n de enlaces est\u00e1ticos<br \/>&#8211; LACP 802.3ad<br \/>&#8211; Hasta 8 grupos de agregaci\u00f3n y hasta 8 puertos por grupo<br \/>Protocolo de \u00e1rbol de expansi\u00f3n<br \/>&#8211; 802.1d STP<br \/>&#8211; 802.1w RSTP<br \/>&#8211; MSTP 802.1s<br \/>&#8211; Seguridad STP: TC Protect, BPDU Filter, BPDU Protect, Root Protect, Loop<br \/>Protect Detecci\u00f3n de bucle invertido<br \/>&#8211; Basado en puerto<br \/>&#8211; Basado en VLAN<br \/>Control de flujo<br \/>&#8211; Control de flujo 802.3x<br \/>&#8211; Prevenci\u00f3n de bloqueo HOL<br \/>Reflejo<br \/>&#8211; Duplicaci\u00f3n de puertos<br \/>&#8211; Duplicaci\u00f3n de CPU<br \/>&#8211; Doce y cincuenta y nueve de la noche<br \/>&#8211; Muchos a uno<br \/>&#8211; Tx \/ Rx \/ Ambos<br \/>Multicast L2 Supports 511 (IPv4, IPv6) IGMP groups<br \/>IGMP Snooping<br \/>&#8211; IGMP v1\/v2\/v3 Snooping<br \/>&#8211; Fast Leave<br \/>&#8211; IGMP Snooping Querier<br \/>&#8211; IGMP Authentication<br \/>IGMP Authentication<br \/>MVR<br \/>MLD Snooping<br \/>&#8211; MLD v1\/v2 Snooping<br \/>&#8211; Fast Leave<br \/>&#8211; MLD Snooping Querier<br \/>&#8211; Static Group Config<br \/>&#8211; Limited IP Multicast<br \/>Multicast Filtering: 256 profiles and 16 entries per profile<br \/>VLAN Grupo de VLAN<br \/>&#8211; Grupos m\u00e1ximos de VLAN 4K<br \/>VLAN etiquetada 802.1q<br \/>MAC VLAN: 48 entradas<br \/>Protocolo VLAN: plantilla de protocolo 16, protocolo VLAN 16<br \/>GVRP<br \/>VLAN VPN (QinQ)<br \/>&#8211; QinQ basado en puertos<br \/>&#8211; QinQ selectivo<br \/>VLAN de voz<br \/>Lista de Control de Acceso ACL basada en el tiempo<br \/>MAC ACL<br \/>&#8211; MAC de origen<br \/>&#8211; MAC de destino<br \/>&#8211; ID de VLAN<br \/>&#8211; Prioridad de usuario<br \/>&#8211; Tipo de \u00e9ter<br \/>IP ACL<br \/>&#8211; IP de origen<br \/>&#8211; IP de destino<br \/>&#8211; Fragmento<br \/>&#8211; Protocolo IP<br \/>&#8211; Bandera de TCP<br \/>&#8211; Puerto TCP \/ UDP<br \/>&#8211; TOS DSCP \/ IP<br \/>&#8211; Prioridad de usuario<br \/>ACL combinado<br \/>Contenido de paquete ACL<br \/>ACL de IPv6<br \/>Pol\u00edtica<br \/>&#8211; Reflejo<br \/>&#8211; Redirigir<br \/>&#8211; L\u00edmite de tarifa<br \/>&#8211; Observaci\u00f3n de QoS<br \/>ACL se aplica al puerto \/ VLAN<br \/>Seguridad Enlace de puerto IP-MAC<br \/>&#8211; Indagaci\u00f3n DHCP<br \/>&#8211; Inspecci\u00f3n ARP<br \/>&#8211; Protecci\u00f3n de fuente IPv4<br \/>Enlace IPv6-MAC-Port<br \/>&#8211; Indagaci\u00f3n DHCPv6<br \/>&#8211; Detecci\u00f3n de ND<br \/>&#8211; Protecci\u00f3n de fuente IPv6<br \/>Defensa DoS<br \/>Seguridad de puerto est\u00e1tica \/ din\u00e1mica<br \/>&#8211; Hasta 64 direcciones MAC por puerto<br \/>Control de tormentas de difusi\u00f3n \/ multidifusi\u00f3n \/ unidifusi\u00f3n<br \/>&#8211; modo de control kbps \/ ratio \/ pps<br \/>Control de acceso basado en IP \/ Puerto \/ MAC<br \/>802.1X<br \/>&#8211; Autenticaci\u00f3n basada en puerto<br \/>&#8211; Autenticaci\u00f3n basada en Mac<br \/>&#8211; Asignaci\u00f3n de VLAN<br \/>&#8211; MAB<br \/>&#8211; VLAN de invitado<br \/>&#8211; Admite autenticaci\u00f3n Radius y<br \/>responsabilidad<br \/>AAA (incluido TACACS +)<br \/>Aislamiento de puertos<br \/>Gesti\u00f3n web segura a trav\u00e9s de HTTPS con SSLv3 \/ TLS 1.2<br \/>Gesti\u00f3n segura de la interfaz de l\u00ednea de comandos (CLI) con SSHv1 \/ SSHv2<br \/>IPv6 IPv6 doble IPv4 \/ IPv6<br \/>Detecci\u00f3n de detecci\u00f3n de escucha de multidifusi\u00f3n (MLD)<br \/>ACL de IPv6<br \/>Interfaz IPv6<br \/>Enrutamiento IPv6 est\u00e1tico<br \/>Descubrimiento de vecinos IPv6 (ND)<br \/>Descubrimiento de la unidad de transmisi\u00f3n m\u00e1xima de ruta (MTU)<br \/>Protocolo de mensajes de control de Internet (ICMP) versi\u00f3n 6<br \/>TCPv6 \/ UDPv6<br \/>Aplicaciones IPv6<br \/>&#8211; Cliente DHCPv6<br \/>&#8211; Ping6<br \/>&#8211; Tracert6<br \/>&#8211; Telnet (v6)<br \/>&#8211; IPv6 SNMP<br \/>&#8211; IPv6 SSH<br \/>&#8211; SSL IPv6<br \/>&#8211; Http \/ Https<br \/>&#8211; TFTP IPv6<br \/>Caracter\u00edsticas L3 16 interfaces IPv4 \/ IPv6<br \/>Enrutamiento estatico<br \/>&#8211; 48 rutas est\u00e1ticas<br \/>ARP est\u00e1tico<br \/>316 entradas ARP<br \/>ARP proxy<br \/>ARP gratuito<br \/>Servidor DHCP<br \/>Rel\u00e9 DHCP<br \/>Rel\u00e9 DHCP L2<br \/>Caracter\u00edsticas Avanzadas Detecci\u00f3n autom\u00e1tica de dispositivos<br \/>Configuraci\u00f3n por lotes<br \/>Actualizaci\u00f3n de firmware por lotes<br \/>Supervisi\u00f3n de red inteligente<br \/>Advertencias de eventos anormales<br \/>Configuraci\u00f3n unificada<br \/>Horario de reinicio<br \/>MIBs MIB II (RFC1213)<br \/>Puente MIB (RFC1493)<br \/>MIB de puente P\/Q (RFC2674)<br \/>MIB de cliente de contabilidad Radius (RFC2620)<br \/>MIB de cliente de autenticaci\u00f3n Radius (RFC2618)<br \/>Ping remoto, Traceroute MIB (RFC2925)<br \/>Admite MIB privadas de TP-Link<br \/>RMON MIB (RFC1757, rmon 1,2,3,9)<br \/>GESTI\u00d3N<br \/>Omada App S\u00ed. Requiere el uso de OC300, OC200, controlador basado en la<br \/>nube Omada o controlador de software Omada.<br \/>Centralized Management Controlador basado en la nube Omada<br \/>Controlador de hardware Omada (OC300)<br \/>Controlador de hardware Omada (OC200)<br \/>Controlador de software Omada<br \/>Cloud Access S\u00ed. Requiere el uso de OC300, OC200, controlador basado en<br \/>la nube Omada o controlador de software Omada.<br \/>Zero-Touch Provisioning S\u00ed. Requiere el uso del controlador basado en la<br \/>nube de Omada.<br \/>Management Features Interfaz gr\u00e1fica de usuario basada en web<br \/>Interfaz de l\u00ednea de comandos (CLI) a trav\u00e9s del puerto de consola, telnet<br \/>SNMPv1\/v2c\/v3<br \/>&#8211; Trampa\/Informar<br \/>&#8211; RMON (1, 2, 3, 9 grupos)<br \/>Plantilla MDF<br \/>Cliente DHCP\/BOOTP<br \/>802.1ab LLDP\/LLDP-MED<br \/>Instalaci\u00f3n autom\u00e1tica de DHCP<br \/>Imagen dual, configuraci\u00f3n dual<br \/>Supervisi\u00f3n de CPU<br \/>Diagn\u00f3stico de cables<br \/>AEE<br \/>Recuperaci\u00f3n de contrase\u00f1a<br \/>SNTP<br \/>Registro del sistema<br \/>Otros<br \/>Certificaciones CE, FCC, RoHS<br \/>Contenido del Paquete Switch TL-SG3452<br \/>Cable de alimentaci\u00f3n<br \/>Gu\u00eda de Instalaci\u00f3n R\u00e1pida<br \/>Kit de montaje en bastidor<br \/>Patas de goma<br \/>Requisitos del sistema Microsoft Windows 98SE, NT, 2000, XP, Vista o<br \/>Windows 7\/8\/10\/11, MAC OS, NetWare, UNIX o Linux.<br \/>Factores Ambientales Temperatura de funcionamiento: 040 (32104 ),<br \/>Temperatura de almacenamiento: -4070 (-40158 )<br \/>Humedad de funcionamiento: 10 a 90% de humedad relativa sin<br \/>condensaci\u00f3n Humedad de almacenamiento: 590% de humedad relativa sin<br \/>condensaci\u00f3n<\/p>\n","protected":false},"excerpt":{"rendered":"<p>Switch 48 puertos tp &#8211; link 10 &#8211; 100 &#8211; 1000 rack 19 pulgadas 1u +4sfp gestion l2<\/p>\n","protected":false},"featured_media":239224,"comment_status":"open","ping_status":"open","template":"","meta":{"_et_pb_use_builder":"","_et_pb_old_content":"","_et_gb_content_width":""},"product_brand":[3946],"product_cat":[2058,3261,3270,3955],"product_tag":[3264,3273,3948],"class_list":{"0":"post-239223","1":"product","2":"type-product","3":"status-publish","4":"has-post-thumbnail","6":"product_brand-tp-link","7":"product_cat-dispositivos","8":"product_cat-redes","9":"product_cat-switch","10":"product_cat-tp-link-switch","11":"product_tag-redes","12":"product_tag-switch","13":"product_tag-tp-link","14":"product_shipping_class-2059","15":"pa_canon-digital-impuesto-incluido-de-0-e","16":"pa_categoria-redes","17":"pa_marca-tp-link","18":"pa_peso-4126","19":"pa_referencia-mgs0000011922","21":"first","22":"instock","23":"sale","24":"taxable","25":"shipping-taxable","26":"purchasable","27":"product-type-simple"},"_links":{"self":[{"href":"https:\/\/linkxa.es\/linkshop\/wp-json\/wp\/v2\/product\/239223","targetHints":{"allow":["GET"]}}],"collection":[{"href":"https:\/\/linkxa.es\/linkshop\/wp-json\/wp\/v2\/product"}],"about":[{"href":"https:\/\/linkxa.es\/linkshop\/wp-json\/wp\/v2\/types\/product"}],"replies":[{"embeddable":true,"href":"https:\/\/linkxa.es\/linkshop\/wp-json\/wp\/v2\/comments?post=239223"}],"wp:featuredmedia":[{"embeddable":true,"href":"https:\/\/linkxa.es\/linkshop\/wp-json\/wp\/v2\/media\/239224"}],"wp:attachment":[{"href":"https:\/\/linkxa.es\/linkshop\/wp-json\/wp\/v2\/media?parent=239223"}],"wp:term":[{"taxonomy":"product_brand","embeddable":true,"href":"https:\/\/linkxa.es\/linkshop\/wp-json\/wp\/v2\/product_brand?post=239223"},{"taxonomy":"product_cat","embeddable":true,"href":"https:\/\/linkxa.es\/linkshop\/wp-json\/wp\/v2\/product_cat?post=239223"},{"taxonomy":"product_tag","embeddable":true,"href":"https:\/\/linkxa.es\/linkshop\/wp-json\/wp\/v2\/product_tag?post=239223"}],"curies":[{"name":"wp","href":"https:\/\/api.w.org\/{rel}","templated":true}]}}