{"id":239226,"date":"2025-11-02T07:17:23","date_gmt":"2025-11-02T07:17:23","guid":{"rendered":"https:\/\/linkxa.es\/contratacion\/producto\/wifi-mesh-tp-link-deco-p9-ac1200\/"},"modified":"2025-12-08T12:38:45","modified_gmt":"2025-12-08T12:38:45","slug":"wifi-mesh-tp-link-deco-p9-ac1200","status":"publish","type":"product","link":"https:\/\/linkxa.es\/linkshop\/producto\/wifi-mesh-tp-link-deco-p9-ac1200\/","title":{"rendered":"Wifi mesh tp &#8211; link deco p9 ac1200"},"content":{"rendered":"<div style=\"text-align: center; margin-bottom: 20px;\">\n<h2 style=\"font-size: 22px; font-weight: 600; margin: 0; color: #333;\">Tp &#8211; link\u00a0|\u00a0 Accesorios redes<\/h2>\n<p><strong>Wifi mesh tp &#8211; link deco p9 ac1200 + powerline av1000 pack 2 unidades<\/strong><\/p>\n<\/div>\n<p style=\"max-width: 700px; margin: 0px auto 30px; font-size: 18px; line-height: 1.6; color: #555555; font-style: italic; text-align: left;\">Deco P9AC1200 + AV1000 Sistema Wi-Fi de malla h\u00edbrida para todo el hogar<\/p>\n<p>Wi-Fi de doble banda + Powerline &#8211; Combinaciones de Wi-Fi de doble banda<br \/>AC1200 + Powerline AV1000 para velocidades de hasta 2200 Mbps<br \/>La se\u00f1al funciona a trav\u00e9s de las paredes : transmita datos mediante el<br \/>cableado el\u00e9ctrico de su hogar, sin preocuparse de que el Wi-Fi caiga por las<br \/>paredes o los techos.<br \/>Conecte m\u00e1s dispositivos : Deco maneja el tr\u00e1fico incluso desde la red m\u00e1s<br \/>ocupada, proporcionando conexiones sin demoras hasta 100 dispositivos.<br \/>Roaming sin interrupciones : las unidades Deco trabajan juntas para formar<br \/>una red unificada. Camine por su casa y mant\u00e9ngase conectado con las<br \/>velocidades m\u00e1s r\u00e1pidas posibles.<br \/>Tecnolog\u00eda MU-MIMO : transfiere datos simult\u00e1neamente a varios<br \/>dispositivos para un rendimiento m\u00e1s r\u00e1pido.<br \/>Calidad de servicio : priorice los dispositivos para un rendimiento m\u00e1s<br \/>r\u00e1pido cuando sea necesario.<br \/>Controles parentales robustos : administre el contenido y controle cu\u00e1ndo<br \/>cada dispositivo puede acceder a Internet.<br \/>Configuraci\u00f3n m\u00e1s f\u00e1cil que nunca : la aplicaci\u00f3n Deco lo gu\u00eda paso a paso a<br \/>trav\u00e9s de la configuraci\u00f3n.<br \/>Gran compatibilidad : todos los Decos funcionan juntos.<br \/>Inal\u00e1mbricos<br \/>Standards Wi-Fi 5<br \/>IEEE 802.11ac\/n\/a 5 GHz<br \/>IEEE 802.11n\/b\/g 2.4 GHz<br \/>WiFi Speeds AC1200<br \/>5 GHz: 867 Mbps (802.11ac)<br \/>2.4 GHz: 300 Mbps (802.11n)<br \/>Powerline Speeds HomePlug AV2<br \/>1000 Mbps Powerline<br \/>WiFi Range Casas de 4 a 6 dormitorios (paquete de 3) Tecnolog\u00eda de malla<br \/>TP-Link<br \/>El backhaul Ethernet opcional funciona en conjunto para vincular las unidades<br \/>Deco y brindar una cobertura perfecta<\/p>\n<p>Tecnolog\u00eda Powerline<br \/>Utiliza el cableado el\u00e9ctrico de su hogar para crear conexiones m\u00e1s fuertes<br \/>entre las unidades Deco, reduciendo el impacto de las paredes u otros<br \/>obst\u00e1culos en la se\u00f1al.<\/p>\n<p>2 antenas (internas)<br \/>Varias antenas forman una matriz de refuerzo de se\u00f1al para cubrir m\u00e1s<br \/>direcciones y \u00e1reas grandes<\/p>\n<p>Beamforming<br \/>Concentra la intensidad de la se\u00f1al inal\u00e1mbrica hacia los clientes para<br \/>ampliar el alcance de WiFi<br \/>WiFi Capacity Media Doble banda<br \/>Distribuya dispositivos a diferentes bandas para un rendimiento \u00f3ptimo<\/p>\n<p>MU-MIMO<br \/>Silmult\u00e1neamente se comunica con m\u00faltiples clientes MU-MIMO<br \/>Working Modes Modo router<br \/>Modo punto de acceso<br \/>HARDWARE<br \/>Processor CPU Qualcomm<br \/>Ethernet Ports 2 puertos Gigabit<\/p>\n<p>* Por unidad deco<br \/>Admite detecci\u00f3n autom\u00e1tica de WAN \/ LAN<br \/>Buttons Bot\u00f3n de reinicio<br \/>SEGURIDAD<br \/>WiFi Encryption WPA-Personal<br \/>WPA2-Personal<br \/>Network Security Cortafuegos SPI<br \/>Control de acceso<br \/>Guest Network Red de invitados de 1 5 GHz<br \/>1 red de invitados de 2,4 GHz<br \/>SOFTWARE<br \/>Protocols IPv4<br \/>IPv6<br \/>Parental Controls Filtrado de URL<br \/>Controles de tiempo<br \/>WAN Types IP din\u00e1mica<br \/>IP est\u00e1tica<br \/>PPPoE<br \/>PPTP<br \/>L2TP<br \/>Quality of Service QoS por dispositivo<br \/>Cloud Service Actualizaci\u00f3n de firmware OTA<br \/>ID de TP-Link<br \/>DDNS<br \/>NAT Forwarding Port Forwarding<br \/>UPnP<br \/>IPTV Proxy IGMP<br \/>Inspecci\u00f3n IGMP<br \/>Puente<br \/>Etiqueta VLAN<br \/>DHCP direcci\u00f3n de reservas<br \/>Lista de clientes DHCP<br \/>Servidor<br \/>DDNS TP-Link<br \/>Management Deco App<br \/>PHYSICAL<br \/>Dimensions (WDH) 3.6 3.6 7.5 in<br \/>(90.7 90.7 190 mm)<br \/>Package Contents Deco P9 (paquete de 3)<br \/>3 unidades Deco P9<br \/>1 cable Ethernet RJ45<br \/>3 adaptadores de corriente<br \/>1 gu\u00eda de instalaci\u00f3n r\u00e1pida<\/p>\n<p>Deco P9 (paquete de 2)<br \/>2 Unidades Deco P9<br \/>1 cable Ethernet RJ45<br \/>2 adaptadores de corriente<br \/>1 gu\u00eda de instalaci\u00f3n r\u00e1pida<\/p>\n<p>Deco P9 (paquete de 1)<br \/>1 unidad Deco P9<br \/>1 cable Ethernet RJ45<br \/>1 adaptador de corriente<br \/>1 gu\u00eda de instalaci\u00f3n r\u00e1pida<br \/>Otros<br \/>Requisitos del sistema Android 4.4 o posterior<br \/>iOS 9.0 o posterior<br \/>Certifications CE, FCC, IC, NCC, BSMI, IDA, RCM, JPA, JRF, VCCI, KC, RoHS<br \/>Environment Temperatura de funcionamiento: 0 ~ 40 (32 ~ 104 )<br \/>Temperatura de almacenamiento: -40 ~ 70 (-40 ~ 158 )<br \/>Humedad de funcionamiento: 10% ~ 90% sin condensaci\u00f3n<br \/>Humedad de almacenamiento: 5% ~ 90% sin condensaci\u00f3n<br \/>TEST DATA<br \/>WiFi Transmission Power CE:<br \/>&#038;lt,20 dBm (2.4 GHz)<br \/>&#038;lt,23 dBm (5 GHz)<br \/>FCC:<br \/>&#038;lt,30 dBm<\/p>\n","protected":false},"excerpt":{"rendered":"<p>Wifi mesh tp &#8211; link deco p9 ac1200 + powerline av1000 pack 2 unidades<\/p>\n","protected":false},"featured_media":239227,"comment_status":"open","ping_status":"open","template":"","meta":{"_et_pb_use_builder":"","_et_pb_old_content":"","_et_gb_content_width":""},"product_brand":[3946],"product_cat":[3280,2058,3261,4053],"product_tag":[3283,3264,3948],"class_list":{"0":"post-239226","1":"product","2":"type-product","3":"status-publish","4":"has-post-thumbnail","6":"product_brand-tp-link","7":"product_cat-accesorios-redes","8":"product_cat-dispositivos","9":"product_cat-redes","10":"product_cat-tp-link-accesorios-redes","11":"product_tag-accesorios-redes","12":"product_tag-redes","13":"product_tag-tp-link","14":"product_shipping_class-2059","15":"pa_canon-digital-impuesto-incluido-de-0-e","16":"pa_categoria-redes","17":"pa_marca-tp-link","18":"pa_peso-4128","19":"pa_referencia-mgs0000012195","21":"first","22":"instock","23":"sale","24":"taxable","25":"shipping-taxable","26":"purchasable","27":"product-type-simple"},"_links":{"self":[{"href":"https:\/\/linkxa.es\/linkshop\/wp-json\/wp\/v2\/product\/239226","targetHints":{"allow":["GET"]}}],"collection":[{"href":"https:\/\/linkxa.es\/linkshop\/wp-json\/wp\/v2\/product"}],"about":[{"href":"https:\/\/linkxa.es\/linkshop\/wp-json\/wp\/v2\/types\/product"}],"replies":[{"embeddable":true,"href":"https:\/\/linkxa.es\/linkshop\/wp-json\/wp\/v2\/comments?post=239226"}],"wp:featuredmedia":[{"embeddable":true,"href":"https:\/\/linkxa.es\/linkshop\/wp-json\/wp\/v2\/media\/239227"}],"wp:attachment":[{"href":"https:\/\/linkxa.es\/linkshop\/wp-json\/wp\/v2\/media?parent=239226"}],"wp:term":[{"taxonomy":"product_brand","embeddable":true,"href":"https:\/\/linkxa.es\/linkshop\/wp-json\/wp\/v2\/product_brand?post=239226"},{"taxonomy":"product_cat","embeddable":true,"href":"https:\/\/linkxa.es\/linkshop\/wp-json\/wp\/v2\/product_cat?post=239226"},{"taxonomy":"product_tag","embeddable":true,"href":"https:\/\/linkxa.es\/linkshop\/wp-json\/wp\/v2\/product_tag?post=239226"}],"curies":[{"name":"wp","href":"https:\/\/api.w.org\/{rel}","templated":true}]}}