{"id":239230,"date":"2025-07-13T14:25:18","date_gmt":"2025-07-13T14:25:18","guid":{"rendered":"https:\/\/linkxa.es\/contratacion\/producto\/wifi-mesh-tp-link-deco-m5\/"},"modified":"2025-12-08T12:39:08","modified_gmt":"2025-12-08T12:39:08","slug":"wifi-mesh-tp-link-deco-m5","status":"publish","type":"product","link":"https:\/\/linkxa.es\/linkshop\/producto\/wifi-mesh-tp-link-deco-m5\/","title":{"rendered":"Wifi mesh tp link deco m5"},"content":{"rendered":"<div style=\"text-align: center; margin-bottom: 20px;\">\n<h2 style=\"font-size: 22px; font-weight: 600; margin: 0; color: #333;\">Tp &#8211; link\u00a0|\u00a0 Accesorios redes<\/h2>\n<p><strong>Wifi mesh tp link deco m5 ac1300 pack 1 unidad<\/strong><\/p>\n<\/div>\n<p style=\"max-width: 700px; margin: 0px auto 30px; font-size: 18px; line-height: 1.6; color: #555555; font-style: italic; text-align: left;\">Deco es una soluci\u00f3n Wi-Fi para toda la casa que incluye la seguridad m\u00e1s completa.<br \/>Distribuye Wi-Fi de manera ininterrumpida y r\u00e1pidamente en todas las habitaciones<br \/>hasta 400 metros cuadrados de cobertura, gracias al poder de las tres unidades<br \/>AC1300. Deco es sencillo de configurar y crece a medida que a\u00f1adimos dispositivos<br \/>a la vivienda. Deco tambi\u00e9n est\u00e1 respaldado por el Soporte de TP-Link.<br \/>Caracter\u00edsticas:<\/p>\n<p>Reemplaza el router inal\u00e1mbrico y los extensores de rango<br \/>Deco M5 utiliza varias unidades que trabajan juntas para crear una red Wifi<br \/>transparente en cada habitaci\u00f3n, un solo Deco cubre hasta 140 metros cuadrados<br \/>La Tecnolog\u00eda de Enrutamiento Adaptativo (ART) de TP-Link elige<br \/>autom\u00e1ticamente la ruta m\u00e1s r\u00e1pida para las conexiones de dispositivos y mantiene<br \/>su red funcionando lo m\u00e1s r\u00e1pido posible<br \/>A trav\u00e9s de TP-Link HomeCare, cada dispositivo conectado a Deco M5, est\u00e1<br \/>protegido contra m\u00e1s de 100.000 nuevas amenazas de seguridad cada d\u00eda<br \/>Mediante la administraci\u00f3n remota mantiene el control de su red, incluso cuando<br \/>no est\u00e1 en casa<\/p>\n<p>Especificaciones TP-LINK Deco M5<\/p>\n<p>Puertos e Interfaces<br \/>Ethernet LAN (RJ-45) cantidad de puertos: 2<br \/>Conexi\u00f3n WAN: Ethernet (RJ-45)<br \/>Enchufe de entrada de CC: Si<br \/>Conector USB: USB Type-C<\/p>\n<p>Peso y dimensiones<br \/>Ancho: 120 mm<br \/>Profundidad: 120 mm<br \/>Altura: 38 mm<\/p>\n<p>Control de energ\u00eda<br \/>Voltaje de entrada: 12<br \/>Corriente de entrada: 1.2<\/p>\n<p>Condiciones ambientales<br \/>Intervalo de humedad relativa para funcionamiento: 10 &#8211; 90%<br \/>Intervalo de temperatura operativa: 0 &#8211; 40 \u00b0C<br \/>Intervalo de temperatura de almacenaje: -40 &#8211; 70 \u00b0C<br \/>Intervalo de humedad relativa durante almacenaje: 5 &#8211; 90%<\/p>\n<p>Protocolos<br \/>Protocolos de red compatibles: IPv4, IPv6<br \/>DHCP, cliente: Si<br \/>DHCP, servidor: Si<\/p>\n<p>Seguridad<br \/>Algoritmos de seguridad soportados: WPA-PSK,WPA2-PSK<\/p>\n<p>Contenido del embalaje<br \/>Adaptador AC incluido: Si<br \/>Cables incluidos: LAN (RJ-45)<\/p>\n<p>Antena<br \/>Cantidad de antenas: 4<br \/>Antena integrada: Si<\/p>\n<p>Dise\u00f1o<br \/>Color del producto: Color blanco<br \/>Ubicaci\u00f3n: Mesa<br \/>Indicadores LED: Si<\/p>\n<p>Desempe\u00f1o<br \/>Tasa de transferencia (m\u00e1x): 1300 Mbit\/s<br \/>2,4 GHz: Si<br \/>5 GHz: Si<br \/>Est\u00e1ndares de red: IEEE 802.11a,IEEE 802.11ac,IEEE 802.11b,IEEE 802.11g,IEEE<br \/>802.11n<br \/>Ethernet LAN, velocidad de transferencia de datos: 10,100,1000 Mbit\/s<br \/>Wi-Fi velocidad de transferencia de datos (max): 867 Mbit\/s<br \/>Memoria Flash: 32 MB<br \/>Memoria interna: 256 MB<br \/>Calidad de servicio (QoS) soporte: Si<br \/>Potencia de transmisi\u00f3n: 23 dBmW<br \/>Firmware actualizable: Si<br \/>Wi-Fi Multimedia (WMM)\/(WME): Si<br \/>Procesador incorporado: Si<br \/>Certificaci\u00f3n: CE, FCC, IC, NCC, BSMI, IDA, RCM, JPA, JRF, VCCI, KC, RoHS<\/p>\n","protected":false},"excerpt":{"rendered":"<p>Wifi mesh tp link deco m5 ac1300 pack 1 unidad<\/p>\n","protected":false},"featured_media":239231,"comment_status":"open","ping_status":"open","template":"","meta":{"_et_pb_use_builder":"","_et_pb_old_content":"","_et_gb_content_width":""},"product_brand":[3946],"product_cat":[3280,2058,3261,4053],"product_tag":[3283,3264,3948],"class_list":{"0":"post-239230","1":"product","2":"type-product","3":"status-publish","4":"has-post-thumbnail","6":"product_brand-tp-link","7":"product_cat-accesorios-redes","8":"product_cat-dispositivos","9":"product_cat-redes","10":"product_cat-tp-link-accesorios-redes","11":"product_tag-accesorios-redes","12":"product_tag-redes","13":"product_tag-tp-link","14":"product_shipping_class-2088","15":"pa_canon-digital-impuesto-incluido-de-0-e","16":"pa_categoria-redes","17":"pa_marca-tp-link","18":"pa_peso-4130","19":"pa_referencia-mgs0000012200","21":"first","22":"instock","23":"sale","24":"taxable","25":"shipping-taxable","26":"purchasable","27":"product-type-simple"},"_links":{"self":[{"href":"https:\/\/linkxa.es\/linkshop\/wp-json\/wp\/v2\/product\/239230","targetHints":{"allow":["GET"]}}],"collection":[{"href":"https:\/\/linkxa.es\/linkshop\/wp-json\/wp\/v2\/product"}],"about":[{"href":"https:\/\/linkxa.es\/linkshop\/wp-json\/wp\/v2\/types\/product"}],"replies":[{"embeddable":true,"href":"https:\/\/linkxa.es\/linkshop\/wp-json\/wp\/v2\/comments?post=239230"}],"wp:featuredmedia":[{"embeddable":true,"href":"https:\/\/linkxa.es\/linkshop\/wp-json\/wp\/v2\/media\/239231"}],"wp:attachment":[{"href":"https:\/\/linkxa.es\/linkshop\/wp-json\/wp\/v2\/media?parent=239230"}],"wp:term":[{"taxonomy":"product_brand","embeddable":true,"href":"https:\/\/linkxa.es\/linkshop\/wp-json\/wp\/v2\/product_brand?post=239230"},{"taxonomy":"product_cat","embeddable":true,"href":"https:\/\/linkxa.es\/linkshop\/wp-json\/wp\/v2\/product_cat?post=239230"},{"taxonomy":"product_tag","embeddable":true,"href":"https:\/\/linkxa.es\/linkshop\/wp-json\/wp\/v2\/product_tag?post=239230"}],"curies":[{"name":"wp","href":"https:\/\/api.w.org\/{rel}","templated":true}]}}