{"id":239236,"date":"2025-02-23T02:59:19","date_gmt":"2025-02-23T02:59:19","guid":{"rendered":"https:\/\/linkxa.es\/contratacion\/producto\/wifi-mesh-tp-link-deco-m4-2\/"},"modified":"2025-12-08T12:40:04","modified_gmt":"2025-12-08T12:40:04","slug":"wifi-mesh-tp-link-deco-m4-2","status":"publish","type":"product","link":"https:\/\/linkxa.es\/linkshop\/producto\/wifi-mesh-tp-link-deco-m4-2\/","title":{"rendered":"Wifi mesh tp link deco m4"},"content":{"rendered":"<div style=\"text-align: center; margin-bottom: 20px;\">\n<h2 style=\"font-size: 22px; font-weight: 600; margin: 0; color: #333;\">Tp &#8211; link\u00a0|\u00a0 Accesorios redes<\/h2>\n<p><strong>Wifi mesh tp link deco m4 ac1200 pack 2 unidades<\/strong><\/p>\n<\/div>\n<p style=\"max-width: 700px; margin: 0px auto 30px; font-size: 18px; line-height: 1.6; color: #555555; font-style: italic; text-align: left;\">Sistema Wi-Fi en malla para todo el hogar AC1200<\/p>\n<p>Deco utiliza un sistema de unidades para lograr una cobertura Wi-Fi<br \/>perfecta en todo el hogar: \u00a1elimine las \u00e1reas de se\u00f1al d\u00e9bil de una vez por<br \/>todas! Con la avanzada tecnolog\u00eda Deco Mesh, las unidades trabajan juntas<br \/>para formar una red unificada con un solo nombre de red. Los dispositivos<br \/>cambian autom\u00e1ticamente entre Decos a medida que se mueve por su hogar<br \/>para obtener las velocidades m\u00e1s r\u00e1pidas posibles.<br \/>Un paquete de dos Deco M4 brinda Wi-Fi a un \u00e1rea de hasta 2,800 pies<br \/>cuadrados 260 m2 (versi\u00f3n de la UE) . Y si eso no es suficiente, basta<br \/>agregar m\u00e1s Decos a la red en cualquier momento para aumentar la<br \/>cobertura.<br \/>Deco M4 proporciona conexiones r\u00e1pidas y estables con velocidades de<br \/>hasta 1167 Mbps y funciona con los principales proveedores de servicios de<br \/>Internet (ISP) y m\u00f3dems.<br \/>Deco puede manejar el tr\u00e1fico incluso de las redes m\u00e1s ocupadas,<br \/>proporcionando conexiones sin demoras para hasta 100 dispositivos .<br \/>Los controles parentales limitan el tiempo en l\u00ednea y bloquean sitios web<br \/>inapropiados de acuerdo con perfiles \u00fanicos creados para cada miembro de<br \/>la familia.<br \/>La configuraci\u00f3n es m\u00e1s f\u00e1cil que nunca con la aplicaci\u00f3n Deco para guiarlo<br \/>en cada paso.<\/p>\n<p>Inal\u00e1mbricos<br \/>Standards Wi-Fi 5<br \/>IEEE 802.11ac\/n\/a 5 GHz<br \/>IEEE 802.11n\/b\/g 2.4 GHz<br \/>WiFi Speeds AC1200<br \/>5 GHz: 867 Mbps (802.11ac)<br \/>2.4 GHz: 300 Mbps (802.11n)<br \/>WiFi Range Casas de 3 a 5 dormitorios (paquete de 3)Tecnolog\u00eda de malla<br \/>TP-Link<br \/>El backhaul Ethernet opcional funciona en conjunto para vincular las unidades<br \/>Deco y brindar una cobertura perfecta<\/p>\n<p>2 antenas (internas)<br \/>M\u00faltiples antenas forman un conjunto de refuerzo de se\u00f1al para cubrir m\u00e1s<br \/>direcciones y \u00e1reas grandes<\/p>\n<p>formaci\u00f3n de haces<br \/>Concentra la fuerza de la se\u00f1al inal\u00e1mbrica hacia los clientes para expandir el<br \/>rango WiFi<br \/>WiFi Capacity MedioDoble banda<br \/>Distribuya dispositivos a diferentes bandas para un rendimiento \u00f3ptimo<\/p>\n<p>MU-MIMO<br \/>Se comunica simult\u00e1neamente con m\u00faltiples clientes MU-MIMO<br \/>Working Modes Modo de enrutador<br \/>Modo de punto de acceso<br \/>HARDWARE<br \/>Processor CPU Qualcomm<br \/>Ethernet Ports 2 puertos Gigabit<\/p>\n<p>*Por Unidad Deco<br \/>Admite detecci\u00f3n autom\u00e1tica de WAN\/LAN<br \/>Buttons Bot\u00f3n Reset<br \/>SEGURIDAD<br \/>WiFi Encryption WPA-Personal<br \/>WPA2-Personal<br \/>Network Security Cortafuegos SPI<br \/>Control de acceso<br \/>Guest Network 1 red de invitados de 5 GHz<br \/>1 red de invitados de 2,4 GHz<br \/>SOFTWARE<br \/>Protocols IPv4<br \/>IPv6<br \/>Parental Controls Filtrado de URL<br \/>Controles de tiempo<br \/>WAN Types IP din\u00e1mica<br \/>IP est\u00e1tica<br \/>PPPoE<br \/>PPTP<br \/>L2TP<br \/>Quality of Service QoS por dispositivo<br \/>Cloud Service Actualizaci\u00f3n de firmware OTA<br \/>Identificaci\u00f3n de TP-Link<br \/>DDNS<br \/>NAT Forwarding Reenv\u00edo de puertos<br \/>UPnP<br \/>IPTV Proxy IGMP<br \/>Indagaci\u00f3n IGMP<br \/>Puente<br \/>Etiquetar VLAN<br \/>DHCP Reserva de Direcci\u00f3n<br \/>Lista de clientes DHCP<br \/>Servidor<br \/>DDNS TP-Link<br \/>Management APP Deco<br \/>PHYSICAL<br \/>Dimensions (WDH) 3.6 3.6 7.5 in<br \/>(90.7 90.7 190 mm)<br \/>Package Contents Deco M4 (paquete de 3)<br \/>3 unidades decorativas M4R<br \/>1 cable Ethernet RJ45<br \/>3 adaptadores de corriente<br \/>1 Gu\u00eda de instalaci\u00f3n r\u00e1pida<\/p>\n<p>Deco M4 (paquete de 2)<br \/>2 unidades decorativas M4R<br \/>1 cable Ethernet RJ45<br \/>2 adaptadores de corriente<br \/>1 Gu\u00eda de instalaci\u00f3n r\u00e1pida<\/p>\n<p>Deco M4 (paquete de 1)<br \/>1 unidad decorativa M4R<br \/>1 cable Ethernet RJ45<br \/>1 adaptador de corriente<br \/>1 Gu\u00eda de instalaci\u00f3n r\u00e1pida<br \/>Otros<br \/>Requisitos del sistema Android 4.4 o posterior<br \/>iOS 9.0 o posterior<br \/>Certifications CE, FCC, IC, NCC, BSMI, IDA, RCM, JPA, JRF, VCCI, KC, RoHS<br \/>Environment Temperatura de funcionamiento: 0 ~ 40 (32 ~ 104 )<br \/>Temperatura de almacenamiento: -40 ~ 70 (-40 ~ 158 )<br \/>Humedad de funcionamiento: 10 %~90 % sin condensaci\u00f3n<br \/>Humedad de almacenamiento: 5 %~90 % sin condensaci\u00f3n<br \/>TEST DATA<br \/>WiFi Transmission Power CE:<br \/>&#038;lt,20 dBm (2,4 GHz)<br \/>&#038;lt,23 dBm (5 GHz)<br \/>FCC:<br \/>&#038;lt,30dBm<\/p>\n","protected":false},"excerpt":{"rendered":"<p>Wifi mesh tp link deco m4 ac1200 pack 2 unidades<\/p>\n","protected":false},"featured_media":239237,"comment_status":"open","ping_status":"open","template":"","meta":{"_et_pb_use_builder":"","_et_pb_old_content":"","_et_gb_content_width":""},"product_brand":[3946],"product_cat":[3280,2058,3261,4053],"product_tag":[3283,3264,3948],"class_list":{"0":"post-239236","1":"product","2":"type-product","3":"status-publish","4":"has-post-thumbnail","6":"product_brand-tp-link","7":"product_cat-accesorios-redes","8":"product_cat-dispositivos","9":"product_cat-redes","10":"product_cat-tp-link-accesorios-redes","11":"product_tag-accesorios-redes","12":"product_tag-redes","13":"product_tag-tp-link","14":"product_shipping_class-2059","15":"pa_canon-digital-impuesto-incluido-de-0-e","16":"pa_categoria-redes","17":"pa_marca-tp-link","18":"pa_peso-3565","19":"pa_referencia-mgs0000012204","21":"first","22":"instock","23":"sale","24":"taxable","25":"shipping-taxable","26":"purchasable","27":"product-type-simple"},"_links":{"self":[{"href":"https:\/\/linkxa.es\/linkshop\/wp-json\/wp\/v2\/product\/239236","targetHints":{"allow":["GET"]}}],"collection":[{"href":"https:\/\/linkxa.es\/linkshop\/wp-json\/wp\/v2\/product"}],"about":[{"href":"https:\/\/linkxa.es\/linkshop\/wp-json\/wp\/v2\/types\/product"}],"replies":[{"embeddable":true,"href":"https:\/\/linkxa.es\/linkshop\/wp-json\/wp\/v2\/comments?post=239236"}],"wp:featuredmedia":[{"embeddable":true,"href":"https:\/\/linkxa.es\/linkshop\/wp-json\/wp\/v2\/media\/239237"}],"wp:attachment":[{"href":"https:\/\/linkxa.es\/linkshop\/wp-json\/wp\/v2\/media?parent=239236"}],"wp:term":[{"taxonomy":"product_brand","embeddable":true,"href":"https:\/\/linkxa.es\/linkshop\/wp-json\/wp\/v2\/product_brand?post=239236"},{"taxonomy":"product_cat","embeddable":true,"href":"https:\/\/linkxa.es\/linkshop\/wp-json\/wp\/v2\/product_cat?post=239236"},{"taxonomy":"product_tag","embeddable":true,"href":"https:\/\/linkxa.es\/linkshop\/wp-json\/wp\/v2\/product_tag?post=239236"}],"curies":[{"name":"wp","href":"https:\/\/api.w.org\/{rel}","templated":true}]}}