{"id":239240,"date":"2025-09-30T23:18:55","date_gmt":"2025-09-30T23:18:55","guid":{"rendered":"https:\/\/linkxa.es\/contratacion\/producto\/punto-acceso-inalambrico-tp-link-tl-wa1201\/"},"modified":"2025-12-08T12:40:32","modified_gmt":"2025-12-08T12:40:32","slug":"punto-acceso-inalambrico-tp-link-tl-wa1201","status":"publish","type":"product","link":"https:\/\/linkxa.es\/linkshop\/producto\/punto-acceso-inalambrico-tp-link-tl-wa1201\/","title":{"rendered":"Punto acceso inalambrico tp link tl &#8211; wa1201"},"content":{"rendered":"<div style=\"text-align: center; margin-bottom: 20px;\">\n<h2 style=\"font-size: 22px; font-weight: 600; margin: 0; color: #333;\">Tp &#8211; link\u00a0|\u00a0 Puntos de acceso<\/h2>\n<p><strong>Punto de acceso inalambrico tp link tl &#8211; wa1201 ac1200<\/strong><\/p>\n<\/div>\n<p style=\"max-width: 700px; margin: 0px auto 30px; font-size: 18px; line-height: 1.6; color: #555555; font-style: italic; text-align: left;\">TL-WA1201<br \/>Punto de Acceso Inal\u00e1mbrico AC1200<\/p>\n<p>Wi-Fi AC1200 Banda-Dual 867 Mbps en 5 GHz y 300 Mbps en 2.4 GHz band.<br \/>Despliegue Flexible Soporte PoE Pasivo que permite el env\u00edo de corriente<br \/>el\u00e9ctrica y datos simult\u00e1neos.<br \/>Modos M\u00faltiples Soporta Punto de Acceso, Extensor de Red, Multi-SSID y modo<br \/>Cliente para cualqueir necesidad de tu red.<br \/>Tecnolog\u00eda MU-MIMO Transfiere datos simult\u00e1neamente a m\u00faltiples dispositivos<br \/>con yn redimienvo 2x m\u00e1s r\u00e1pido.<br \/>Cobertura Aumentada Cuatro antenas fijas equipadas con tecnolog\u00eda<br \/>Beamforming extiende y concentra las se\u00f1ales Wi-Fi.<br \/>Portal Cautivo Ofrece una web portal dise\u00f1ada para aumentar la seguridad y el<br \/>marketing.<\/p>\n<p>CARACTER\u00cdSTICAS DE HARDWARE<br \/>Interfaz 1 Puerto Ethernet 10\/100\/1000 Mbps<br \/>(Soporta PoE Pasivo)<br \/>Botones Bot\u00f3n Encendido On\/Off, Bot\u00f3n WPS, Bot\u00f3n Reset<br \/>Fuente de Alimentaci\u00f3n Externa 12V\/1.5A<br \/>Est\u00e1ndares Inal\u00e1mbricos IEEE802.11b\/g\/n 2.4 GHz, IEEE 802.11ac\/n\/a 5 GHz<br \/>Dimensiones 40025572 mm (225145.537 in)<br \/>Tipo de Antena 4 Antenas Fijas Alto Rendimiento<br \/>CARACTER\u00cdSTICAS INAL\u00c1MBRICAS<br \/>Frecuencia 2.4 GHz y 5 GHz<br \/>Tasa de Se\u00f1al 867 Mbps en 5 GHz, 300 Mbps en 2.4 GHz<br \/>Sensibilidad de Recepci\u00f3n 5 GHz:<br \/>11a 6 Mbps: -95 dBm, 11a 54 Mbps: -81 dBm<br \/>11ac VHT20(MCS0): -94 dBm, 11ac VHT20(MCS8): -71 dBm<br \/>11n HT40(MCS0): -91 dBm, 11n HT40(MCS7): -71 dBm<br \/>11ac VHT80(MCS0): -88 dBm, 11ac VHT80(MCS9): -63 dBm<\/p>\n<p>2.4 GHz:<br \/>11g 54Mbps: -78 dBm<br \/>11n HT20(MCS0): -92 dBm, 11n HT20(MCS7): -74 dBm<br \/>11n HT40(MCS0): -88 dBm, 11n HT40(MCS7): -72 dBm<br \/>Potencia de Transmisi\u00f3n CE: &#038;lt,20dBm(2.4GHz), &#038;lt,23dBm(5.15GHz~5.25GHz)<br \/>FCC: &#038;lt,30dBm(2.4GHz&#038;amp,5GHz)<br \/>Modos Inal\u00e1mbricos Punto de Acceso, Extensor de Cobertura, Cliente,<br \/>Multi-SSID<br \/>Funciones Inal\u00e1mbricas Habilitar\/Disabilitar Radio Inal\u00e1mbrico, Puente WDS,<br \/>WMM, Estad\u00edsticas Inal\u00e1mbricas, Reenv\u00edo Inal\u00e1mbrico Multicast, Servidor DHCP,<br \/>Control de Acceso<br \/>Seguridad Inal\u00e1mbrica Encripciones 64\/128-bit WEP, WPA\/WPA2, WPA-<br \/>PSK\/WPA-PSK2<br \/>DHCP Servidor, Lista Cliente DHCP<br \/>Calidad de Servicio WMM<br \/>Funciones Avanzadas Portal Cautivo<br \/>Otros<br \/>Certificaciones CE, FCC, RoHS<br \/>Contenido del Paquete Punto de Acceso Inal\u00e1mbricot TL-WA1201<br \/>Adaptador de Energ\u00eda<br \/>Cable RJ45 Ethernet<br \/>Gu\u00eda de Instalaci\u00f3n R\u00e1pida<br \/>Inyector PoE<br \/>Requisitos del sistema Microsoft Windows 98SE, NT, 2000, XP, Vista o<br \/>Windows 7, 8, 8.1, 10, MAC OS, NetWare, UNIX o Linux<br \/>Internet Explorer 11, Firefox 12.0, Chrome 20.0, Safari<br \/>4.0, u otro navegador con Java<br \/>Factores Ambientales Temperatura de Funcionamiento: 0~40<br \/>(32~104)<br \/>Temperatura de Almacenamiento: -40~70 (-40~158)<br \/>Humedad de Funcionamiento: 10%~90% sin condensaci\u00f3n<br \/>Humedad de Almacenamiento: 5%~90% sin condensaci\u00f3n<br \/>Protocol Support IPv4, IPv6<\/p>\n","protected":false},"excerpt":{"rendered":"<p>Punto de acceso inalambrico tp link tl &#8211; wa1201 ac1200<\/p>\n","protected":false},"featured_media":239241,"comment_status":"open","ping_status":"open","template":"","meta":{"_et_pb_use_builder":"","_et_pb_old_content":"","_et_gb_content_width":""},"product_brand":[3946],"product_cat":[2058,3299,3261,4005],"product_tag":[3302,3264,3948],"class_list":{"0":"post-239240","1":"product","2":"type-product","3":"status-publish","4":"has-post-thumbnail","6":"product_brand-tp-link","7":"product_cat-dispositivos","8":"product_cat-puntos-de-acceso","9":"product_cat-redes","10":"product_cat-tp-link-puntos-de-acceso","11":"product_tag-puntos-de-acceso","12":"product_tag-redes","13":"product_tag-tp-link","14":"product_shipping_class-2088","15":"pa_canon-digital-impuesto-incluido-de-0-e","16":"pa_categoria-redes","17":"pa_marca-tp-link","18":"pa_peso-4135","19":"pa_referencia-mgs0000012220","21":"first","22":"instock","23":"sale","24":"taxable","25":"shipping-taxable","26":"purchasable","27":"product-type-simple"},"_links":{"self":[{"href":"https:\/\/linkxa.es\/linkshop\/wp-json\/wp\/v2\/product\/239240","targetHints":{"allow":["GET"]}}],"collection":[{"href":"https:\/\/linkxa.es\/linkshop\/wp-json\/wp\/v2\/product"}],"about":[{"href":"https:\/\/linkxa.es\/linkshop\/wp-json\/wp\/v2\/types\/product"}],"replies":[{"embeddable":true,"href":"https:\/\/linkxa.es\/linkshop\/wp-json\/wp\/v2\/comments?post=239240"}],"wp:featuredmedia":[{"embeddable":true,"href":"https:\/\/linkxa.es\/linkshop\/wp-json\/wp\/v2\/media\/239241"}],"wp:attachment":[{"href":"https:\/\/linkxa.es\/linkshop\/wp-json\/wp\/v2\/media?parent=239240"}],"wp:term":[{"taxonomy":"product_brand","embeddable":true,"href":"https:\/\/linkxa.es\/linkshop\/wp-json\/wp\/v2\/product_brand?post=239240"},{"taxonomy":"product_cat","embeddable":true,"href":"https:\/\/linkxa.es\/linkshop\/wp-json\/wp\/v2\/product_cat?post=239240"},{"taxonomy":"product_tag","embeddable":true,"href":"https:\/\/linkxa.es\/linkshop\/wp-json\/wp\/v2\/product_tag?post=239240"}],"curies":[{"name":"wp","href":"https:\/\/api.w.org\/{rel}","templated":true}]}}