{"id":239243,"date":"2025-09-27T04:17:06","date_gmt":"2025-09-27T04:17:06","guid":{"rendered":"https:\/\/linkxa.es\/contratacion\/producto\/extensor-cobertura-wifi-tp-link-re505x-ax1500\/"},"modified":"2025-12-08T12:41:00","modified_gmt":"2025-12-08T12:41:00","slug":"extensor-cobertura-wifi-tp-link-re505x-ax1500","status":"publish","type":"product","link":"https:\/\/linkxa.es\/linkshop\/producto\/extensor-cobertura-wifi-tp-link-re505x-ax1500\/","title":{"rendered":"Extensor cobertura wifi tp &#8211; link re505x ax1500"},"content":{"rendered":"<div style=\"text-align: center; margin-bottom: 20px;\">\n<h2 style=\"font-size: 22px; font-weight: 600; margin: 0; color: #333;\">Tp &#8211; link\u00a0|\u00a0 Extensores de red<\/h2>\n<p><strong>Extensor de cobertura wifi tp &#8211; link re505x ax1500 2 antenas<\/strong><\/p>\n<\/div>\n<p style=\"max-width: 700px; margin: 0px auto 30px; font-size: 18px; line-height: 1.6; color: #555555; font-style: italic; text-align: left;\">RE505X<br \/>Extensor de Red Wi-Fi AX1500<\/p>\n<p>RE505X viene equipado con la \u00faltima tecnolog\u00eda inal\u00e1mbrica, Wi-Fi 6, para<br \/>velocidades m\u00e1s r\u00e1pidas, mayor capacidad y congesti\u00f3n de red reducida.<br \/>Crea una red Mesh conect\u00e1ndose a un router TP-Link OneMesh para una<br \/>cobertura perfecta en toda la casa.<br \/>Puerto Gigabit Ethernet Proporciona conexiones cableadas m\u00e1s r\u00e1pidas a<br \/>televisores inteligentes, ordenadores y consolas de juegos<br \/>Luz de Se\u00f1al Inteligente ayuda a determinar la mejor ubicaci\u00f3n para una<br \/>cobertura Wi-Fi \u00f3ptima al indicar la intensidad de la se\u00f1al en la ubicaci\u00f3n actual<br \/>Modo AP crea un nuevo punto de acceso para mejorar la red cableada dando<br \/>capacidad Wi-Fi<br \/>App TP-LINK Tether Accede y administra f\u00e1cilmente tu red utilizando cualquier<br \/>dispositivo m\u00f3vil iOS o Android<br \/>M\u00e1xima Compatibilidad Extendiende la cobertura de cualquier router Wi-Fi o<br \/>punto de acceso<br \/>CARACTER\u00cdSTICAS DE HARDWARE<br \/>Ports 1 Gigabit Ethernet Port<br \/>Botones Bot\u00f3n WPS, Bot\u00f3n Reset<br \/>Consumo de Potencia 10W<br \/>Dimensiones 74.046124.8 mm (2.91.84.9 in.)<br \/>Antenas 2 Antenas Externas<br \/>CARACTER\u00cdSTICAS INAL\u00c1MBRICAS<br \/>Est\u00e1ndares Inal\u00e1mbricos IEEE 802.11a\/n\/ac\/ax 5GHz, IEEE 802.11b\/g\/n 2.4GHz<br \/>Frecuencia 2.4GHz y 5GHz<br \/>Tasa de Se\u00f1al 300 Mbps en 2.4GHz, 1200 Mbps en 5GHz<br \/>Sensibilidad de Recepci\u00f3n 5GHz:<\/p>\n<p>11a 6Mbps: -93dBm,<br \/>11a 54Mbps: -75dBm<br \/>11ac HT20 MCS0: -92dBm,<br \/>11ac HT20 MCS8: -70dBm<br \/>11ac HT40 MCS0: -90dBm,<br \/>11ac HT40 MCS9: -66dBm<br \/>11ac HT80 MCS0: -87dBm,<br \/>11ac HT80 MCS9: -62dBm<\/p>\n<p>2.4GHz:<\/p>\n<p>11g 54Mbps: -77dBm,<br \/>11n HT20 MCS7: -75dBm<br \/>11n HT40 MCS7: -72dBm<br \/>Potencia de Transmisi\u00f3n CE: 2.4GHz 20dBm, 5GHz 30dBm<br \/>Modos Inal\u00e1mbricos Range Extender\/Access Point<br \/>Funciones Inal\u00e1mbricas Habilitar\/Deshabilitar Radio Inal\u00e1mbrica, Estad\u00edsticas<br \/>Inal\u00e1mbricas<br \/>Seguridad Inal\u00e1mbrica Encriptaciones 64\/128-bit WEP, WPA\/WPA-PSK2<br \/>Otros<br \/>Contenido del Paquete Extensor de Red Wi-Fi RE505X<br \/>Gu\u00eda de Instalaci\u00f3n R\u00e1pida<br \/>Requisitos del sistema Microsoft Windows 98SE, NT, 2000, XP, Vista o<br \/>Windows 7, 8, 8.1, 10, MAC OS, NetWare, UNIX o Linux<br \/>Internet Explorer 11, Firefox 12.0, Chrome 20.0, Safari 4.0, o otro navegador web con<br \/>Java<br \/>Certifications FCC, RoHS<\/p>\n","protected":false},"excerpt":{"rendered":"<p>Extensor de cobertura wifi tp &#8211; link re505x ax1500 2 antenas<\/p>\n","protected":false},"featured_media":239244,"comment_status":"open","ping_status":"open","template":"","meta":{"_et_pb_use_builder":"","_et_pb_old_content":"","_et_gb_content_width":""},"product_brand":[3946],"product_cat":[2058,3262,3261,3970],"product_tag":[3265,3264,3948],"class_list":{"0":"post-239243","1":"product","2":"type-product","3":"status-publish","4":"has-post-thumbnail","6":"product_brand-tp-link","7":"product_cat-dispositivos","8":"product_cat-extensores-de-red","9":"product_cat-redes","10":"product_cat-tp-link-extensores-de-red","11":"product_tag-extensores-de-red","12":"product_tag-redes","13":"product_tag-tp-link","14":"product_shipping_class-2059","15":"pa_canon-digital-impuesto-incluido-de-0-e","16":"pa_categoria-redes","17":"pa_marca-tp-link","18":"pa_peso-4137","19":"pa_referencia-mgs0000012223","21":"first","22":"instock","23":"sale","24":"taxable","25":"shipping-taxable","26":"purchasable","27":"product-type-simple"},"_links":{"self":[{"href":"https:\/\/linkxa.es\/linkshop\/wp-json\/wp\/v2\/product\/239243","targetHints":{"allow":["GET"]}}],"collection":[{"href":"https:\/\/linkxa.es\/linkshop\/wp-json\/wp\/v2\/product"}],"about":[{"href":"https:\/\/linkxa.es\/linkshop\/wp-json\/wp\/v2\/types\/product"}],"replies":[{"embeddable":true,"href":"https:\/\/linkxa.es\/linkshop\/wp-json\/wp\/v2\/comments?post=239243"}],"wp:featuredmedia":[{"embeddable":true,"href":"https:\/\/linkxa.es\/linkshop\/wp-json\/wp\/v2\/media\/239244"}],"wp:attachment":[{"href":"https:\/\/linkxa.es\/linkshop\/wp-json\/wp\/v2\/media?parent=239243"}],"wp:term":[{"taxonomy":"product_brand","embeddable":true,"href":"https:\/\/linkxa.es\/linkshop\/wp-json\/wp\/v2\/product_brand?post=239243"},{"taxonomy":"product_cat","embeddable":true,"href":"https:\/\/linkxa.es\/linkshop\/wp-json\/wp\/v2\/product_cat?post=239243"},{"taxonomy":"product_tag","embeddable":true,"href":"https:\/\/linkxa.es\/linkshop\/wp-json\/wp\/v2\/product_tag?post=239243"}],"curies":[{"name":"wp","href":"https:\/\/api.w.org\/{rel}","templated":true}]}}