{"id":239245,"date":"2025-04-18T00:10:56","date_gmt":"2025-04-18T00:10:56","guid":{"rendered":"https:\/\/linkxa.es\/contratacion\/producto\/extensor-cobertura-wifi-tp-link-re315-ac1200\/"},"modified":"2025-12-08T12:41:30","modified_gmt":"2025-12-08T12:41:30","slug":"extensor-cobertura-wifi-tp-link-re315-ac1200","status":"publish","type":"product","link":"https:\/\/linkxa.es\/linkshop\/producto\/extensor-cobertura-wifi-tp-link-re315-ac1200\/","title":{"rendered":"Extensor cobertura wifi tp &#8211; link re315 ac1200"},"content":{"rendered":"<div style=\"text-align: center; margin-bottom: 20px;\">\n<h2 style=\"font-size: 22px; font-weight: 600; margin: 0; color: #333;\">Tp &#8211; link\u00a0|\u00a0 Extensores de red<\/h2>\n<p><strong>Extensor de cobertura wifi tp &#8211; link re315 ac1200<\/strong><\/p>\n<\/div>\n<p style=\"max-width: 700px; margin: 0px auto 30px; font-size: 18px; line-height: 1.6; color: #555555; font-style: italic; text-align: left;\">Extensor de rango Wi-Fi en malla AC1200<\/p>\n<p>Elimina las \u00e1reas de se\u00f1al d\u00e9bil con cobertura WiFi para toda la casa.<br \/>La conexi\u00f3n WiFi de doble banda de 2,4 GHz (300 Mbps) y 5 GHz (867 Mbps)<br \/>garantiza una experiencia inal\u00e1mbrica m\u00e1s estable.<br \/>Crea una red Mesh al conectarse a un enrutador TP-Link OneMesh para una<br \/>cobertura perfecta en todo el hogar.<br \/>Selecci\u00f3n de ruta adaptable: se conecta a la ruta de conexi\u00f3n m\u00e1s r\u00e1pida al<br \/>enrutador autom\u00e1ticamente y se ejecuta a la m\u00e1xima velocidad.<br \/>Modo de alta velocidad: maximiza la velocidad mediante el uso de una banda<br \/>WiFi como backhaul dedicado, ideal para juegos y transmisi\u00f3n HD.<br \/>Modo AP: cree un nuevo punto de acceso Wi-Fi para mejorar su red<br \/>cableada con capacidad Wi-Fi.<br \/>El indicador de se\u00f1al inteligente ayuda a encontrar la mejor ubicaci\u00f3n para<br \/>una cobertura Wi-Fi \u00f3ptima al mostrar la intensidad de la se\u00f1al.<br \/>Presione el bot\u00f3n WPS para conectarse f\u00e1cilmente al enrutador y podr\u00e1<br \/>administrar uniformemente desde la aplicaci\u00f3n Tether o la interfaz de usuario<br \/>web.<br \/>Funciona con cualquier enrutador Wi-Fi o punto de acceso inal\u00e1mbrico. \u00a7<\/p>\n<p>CARACTER\u00cdSTICAS DE HARDWARE<br \/>Interfaz 1 puerto Ethernet 10 \/ 100M (RJ45)<br \/>Botones Bot\u00f3n WPS, bot\u00f3n de reinicio<br \/>Consumo de Potencia 9,5 W consumo m\u00e1ximo de energ\u00eda<br \/>Dimensiones 3.51.44.9 in. (8935.0124.1 mm)<br \/>Antenas 2 antenas externas<br \/>CARACTER\u00cdSTICAS INAL\u00c1MBRICAS<br \/>Est\u00e1ndares Inal\u00e1mbricos IEEE 802.11a\/n\/ac 5 GHz, IEEE 802.11b\/g\/n 2.4 GHz<br \/>Frecuencia 2.4GHz &#038; 5GHz(11ac)<br \/>Tasa de Se\u00f1al 5 GHz:hasta 867 Mbps<br \/>2.4 GHz:hasta 300 Mpbs<br \/>Sensibilidad de Recepci\u00f3n 5 GHz:<br \/>11a 6Mbps: -94dBm, 11a 54Mbps: -77dBm<br \/>11ac HT20 MCS0: -94dBm, 11ac HT20 MCS8: -71dBm<br \/>11ac HT40 MCS0: -92dBm, 11ac HT40 MCS9: -66dBm<br \/>11ac HT80 MCS0: -87dBm, 11ac HT80 MCS9: -62dBm<\/p>\n<p>2.4 GHz:<br \/>11g 54Mbps: -78dBm, 11n HT20 MCS7: -76dBm<br \/>11n HT40 MCS7: -74dBm<br \/>Modos Inal\u00e1mbricos Extensor de rango \/ punto de acceso<br \/>Funciones Inal\u00e1mbricas Activar \/ desactivar radio inal\u00e1mbrica, estad\u00edsticas<br \/>inal\u00e1mbricas<br \/>Seguridad Inal\u00e1mbrica Cifrados WEP, WPA \/ WPA-PSK2 \/ WPA2-PSK2 de<br \/>64\/128 bits<br \/>Potencia de Transmisi\u00f3n 2.4 GHz 20dBm, 5 GHz 30dBm<br \/>Otros<br \/>Certificaciones CE, RoHS<br \/>Contenido del Paquete Extensor de rango Wi-Fi RE315<br \/>Gu\u00eda de Instalaci\u00f3n R\u00e1pida<br \/>Requisitos del sistema Microsoft Windows 98SE, NT, 2000, XP, Vista o<br \/>Windows 7, 8, 8.1, 10, MAC OS, NetWare, UNIX o Linux Internet Explorer 11,<br \/>Firefox 12.0, Chrome 20.0, Safari 4.0 u otro navegador compatible con Java<\/p>\n","protected":false},"excerpt":{"rendered":"<p>Extensor de cobertura wifi tp &#8211; link re315 ac1200<\/p>\n","protected":false},"featured_media":239246,"comment_status":"open","ping_status":"open","template":"","meta":{"_et_pb_use_builder":"","_et_pb_old_content":"","_et_gb_content_width":""},"product_brand":[3946],"product_cat":[2058,3262,3261,3970],"product_tag":[3265,3264,3948],"class_list":{"0":"post-239245","1":"product","2":"type-product","3":"status-publish","4":"has-post-thumbnail","6":"product_brand-tp-link","7":"product_cat-dispositivos","8":"product_cat-extensores-de-red","9":"product_cat-redes","10":"product_cat-tp-link-extensores-de-red","11":"product_tag-extensores-de-red","12":"product_tag-redes","13":"product_tag-tp-link","14":"product_shipping_class-2059","15":"pa_canon-digital-impuesto-incluido-de-0-e","16":"pa_categoria-redes","17":"pa_marca-tp-link","18":"pa_peso-4139","19":"pa_referencia-mgs0000012226","21":"first","22":"instock","23":"sale","24":"taxable","25":"shipping-taxable","26":"purchasable","27":"product-type-simple"},"_links":{"self":[{"href":"https:\/\/linkxa.es\/linkshop\/wp-json\/wp\/v2\/product\/239245","targetHints":{"allow":["GET"]}}],"collection":[{"href":"https:\/\/linkxa.es\/linkshop\/wp-json\/wp\/v2\/product"}],"about":[{"href":"https:\/\/linkxa.es\/linkshop\/wp-json\/wp\/v2\/types\/product"}],"replies":[{"embeddable":true,"href":"https:\/\/linkxa.es\/linkshop\/wp-json\/wp\/v2\/comments?post=239245"}],"wp:featuredmedia":[{"embeddable":true,"href":"https:\/\/linkxa.es\/linkshop\/wp-json\/wp\/v2\/media\/239246"}],"wp:attachment":[{"href":"https:\/\/linkxa.es\/linkshop\/wp-json\/wp\/v2\/media?parent=239245"}],"wp:term":[{"taxonomy":"product_brand","embeddable":true,"href":"https:\/\/linkxa.es\/linkshop\/wp-json\/wp\/v2\/product_brand?post=239245"},{"taxonomy":"product_cat","embeddable":true,"href":"https:\/\/linkxa.es\/linkshop\/wp-json\/wp\/v2\/product_cat?post=239245"},{"taxonomy":"product_tag","embeddable":true,"href":"https:\/\/linkxa.es\/linkshop\/wp-json\/wp\/v2\/product_tag?post=239245"}],"curies":[{"name":"wp","href":"https:\/\/api.w.org\/{rel}","templated":true}]}}