{"id":239252,"date":"2025-04-22T14:29:46","date_gmt":"2025-04-22T14:29:46","guid":{"rendered":"https:\/\/linkxa.es\/contratacion\/producto\/extensor-wifi-tp-link-tl-wpa7617-ac1200-powerline\/"},"modified":"2025-12-08T12:42:21","modified_gmt":"2025-12-08T12:42:21","slug":"extensor-wifi-tp-link-tl-wpa7617-ac1200-powerline","status":"publish","type":"product","link":"https:\/\/linkxa.es\/linkshop\/producto\/extensor-wifi-tp-link-tl-wpa7617-ac1200-powerline\/","title":{"rendered":"Extensor wifi tp &#8211; link tl &#8211; wpa7617 ac1200 powerline"},"content":{"rendered":"<div style=\"text-align: center; margin-bottom: 20px;\">\n<h2 style=\"font-size: 22px; font-weight: 600; margin: 0; color: #333;\">Tp &#8211; link\u00a0|\u00a0 Extensores de red<\/h2>\n<p><strong>Extensor wifi tp &#8211; link tl &#8211; wpa7617 ac1200 powerline<\/strong><\/p>\n<\/div>\n<p style=\"max-width: 700px; margin: 0px auto 30px; font-size: 18px; line-height: 1.6; color: #555555; font-style: italic; text-align: left;\">Lista de caracter\u00edsticas:<\/p>\n<p>Detalles t\u00e9cnicos<br \/>Certificados de sostenibilidad: CE, RoHS.<br \/>Requisitos del sistema<br \/>Sistema operativo Windows soportado: Si.<br \/>Sistema operativo Linux soportado: Si.<br \/>Peso y dimensiones<br \/>Ancho: 69,5mm.<br \/>Profundidad: 35mm.<br \/>Altura: 124,1mm.<br \/>Control de energ\u00eda<br \/>Consumo energ\u00e9tico: 6,5W.<br \/>Condiciones ambientales<br \/>Intervalo de temperatura operativa: 0 &#8211; 40\u00b0C.<br \/>Intervalo de humedad relativa para funcionamiento: 10 &#8211; 90%.<br \/>Contenido del embalaje<br \/>Cantidad por paquete: 1pieza(s).<br \/>Gu\u00eda de instalaci\u00f3n r\u00e1pida: Si.<br \/>Cables incluidos: LAN (RJ-45).<br \/>Dise\u00f1o<br \/>Color del producto: Blanco.<br \/>Tipo de antena: Interno.<br \/>Indicadores LED: Si.<br \/>Desempe\u00f1o<br \/>Rango m\u00e1ximo de transferencia de datos: 1200Mbit\/s.<br \/>Ethernet: Si.<br \/>Wifi: Si.<br \/>Est\u00e1ndares de red: IEEE 802.11a, IEEE 802.11ac, IEEE 802.11b, IEEE 802.11g, IEEE<br \/>802.11n, IEEE 802.3, IEEE 802.3ab, IEEE 802.3u.<br \/>Enchufe integrado: No.<br \/>Tipo de interfaz Ethernet LAN: Gigabit Ethernet.<br \/>Ethernet LAN, velocidad de transferencia de datos: 10,100,1000Mbit\/s.<br \/>Ethernet LAN (RJ-45) cantidad de puertos: 1.<br \/>Est\u00e1ndar Wi-Fi: Wi-Fi 5 (802.11ac).<br \/>Wi-Fi est\u00e1ndares: 802.11a, 802.11b, 802.11g, Wi-Fi 4 (802.11n), Wi-Fi 5<br \/>(802.11ac).<br \/>Modulaci\u00f3n: OFDM.<br \/>Algoritmos de seguridad soportados: 128-bit AES, WEP, WPA-PSK, WPA2-PSK.<br \/>Distancia de funcionamiento m\u00e1ximo: 300m.<br \/>Conectar y usar (Plug and Play): Si.<\/p>\n","protected":false},"excerpt":{"rendered":"<p>Extensor wifi tp &#8211; link tl &#8211; wpa7617 ac1200 powerline<\/p>\n","protected":false},"featured_media":239253,"comment_status":"open","ping_status":"open","template":"","meta":{"_et_pb_use_builder":"","_et_pb_old_content":"","_et_gb_content_width":""},"product_brand":[3946],"product_cat":[2058,3262,3261,3970],"product_tag":[3265,3264,3948],"class_list":{"0":"post-239252","1":"product","2":"type-product","3":"status-publish","4":"has-post-thumbnail","6":"product_brand-tp-link","7":"product_cat-dispositivos","8":"product_cat-extensores-de-red","9":"product_cat-redes","10":"product_cat-tp-link-extensores-de-red","11":"product_tag-extensores-de-red","12":"product_tag-redes","13":"product_tag-tp-link","14":"product_shipping_class-2088","15":"pa_canon-digital-impuesto-incluido-de-0-e","16":"pa_categoria-redes","17":"pa_marca-tp-link","18":"pa_peso-4143","19":"pa_referencia-mgs0000012230","21":"first","22":"instock","23":"sale","24":"taxable","25":"shipping-taxable","26":"purchasable","27":"product-type-simple"},"_links":{"self":[{"href":"https:\/\/linkxa.es\/linkshop\/wp-json\/wp\/v2\/product\/239252","targetHints":{"allow":["GET"]}}],"collection":[{"href":"https:\/\/linkxa.es\/linkshop\/wp-json\/wp\/v2\/product"}],"about":[{"href":"https:\/\/linkxa.es\/linkshop\/wp-json\/wp\/v2\/types\/product"}],"replies":[{"embeddable":true,"href":"https:\/\/linkxa.es\/linkshop\/wp-json\/wp\/v2\/comments?post=239252"}],"wp:featuredmedia":[{"embeddable":true,"href":"https:\/\/linkxa.es\/linkshop\/wp-json\/wp\/v2\/media\/239253"}],"wp:attachment":[{"href":"https:\/\/linkxa.es\/linkshop\/wp-json\/wp\/v2\/media?parent=239252"}],"wp:term":[{"taxonomy":"product_brand","embeddable":true,"href":"https:\/\/linkxa.es\/linkshop\/wp-json\/wp\/v2\/product_brand?post=239252"},{"taxonomy":"product_cat","embeddable":true,"href":"https:\/\/linkxa.es\/linkshop\/wp-json\/wp\/v2\/product_cat?post=239252"},{"taxonomy":"product_tag","embeddable":true,"href":"https:\/\/linkxa.es\/linkshop\/wp-json\/wp\/v2\/product_tag?post=239252"}],"curies":[{"name":"wp","href":"https:\/\/api.w.org\/{rel}","templated":true}]}}