{"id":239260,"date":"2025-01-28T01:22:54","date_gmt":"2025-01-28T01:22:54","guid":{"rendered":"https:\/\/linkxa.es\/contratacion\/producto\/kit-adaptadores-powerline-tp-link-tl-pa7027p-kit\/"},"modified":"2025-12-08T12:43:47","modified_gmt":"2025-12-08T12:43:47","slug":"kit-adaptadores-powerline-tp-link-tl-pa7027p-kit","status":"publish","type":"product","link":"https:\/\/linkxa.es\/linkshop\/producto\/kit-adaptadores-powerline-tp-link-tl-pa7027p-kit\/","title":{"rendered":"Kit adaptadores powerline tp &#8211; link tl &#8211; pa7027p kit"},"content":{"rendered":"<div style=\"text-align: center; margin-bottom: 20px;\">\n<h2 style=\"font-size: 22px; font-weight: 600; margin: 0; color: #333;\">Tp &#8211; link\u00a0|\u00a0 Extensores de red<\/h2>\n<p><strong>Kit de adaptadores powerline tp &#8211; link tl &#8211; pa7027p kit av1000<\/strong><\/p>\n<\/div>\n<p style=\"max-width: 700px; margin: 0px auto 30px; font-size: 18px; line-height: 1.6; color: #555555; font-style: italic; text-align: left;\">TL-PA7027P KIT<br \/>AV1000 Kit de inicio Powerline de transferencia de 2 puertos Gigabit<\/p>\n<p>HomePlug AV2 Standard &#8211; velocidades de transferencia de datos de alta velocidad<br \/>de hasta 1000 Mbps, que soportan todas las necesidades en l\u00ednea<br \/>2 puertos Gigabit &#8211; proporciona redes cableadas seguras para ordenadores de<br \/>escritorio, televisores inteligentes o consolas de juegos<br \/>Plug and Play &#8211; permite la configuraci\u00f3n de tu red powerline en minutos, para que<br \/>puedas disfrutar de conexiones r\u00e1pidas, cableadas e inal\u00e1mbricas de inmediato<br \/>Toma de corriente adicional &#8211; garantiza que no se desperdicie una toma de<br \/>corriente<br \/>Modo de ahorro de energ\u00eda patentado &#8211; reduce autom\u00e1ticamente el consumo de<br \/>energ\u00eda hasta en un 85%<\/p>\n<p>CARACTER\u00cdSTICAS DE HARDWARE<br \/>Tipo de Enchufe EU<br \/>Est\u00e1ndares y Protocolos HomePlug AV2, HomePlug AV, IEEE 1901,<br \/>IEEE 802.3, IEEE 802.3u, IEEE 802.3ab<br \/>Interfaz 2 Puertos*Gigabit Ethernet<br \/>Enchufe<br \/>Botones Bot\u00f3n Pair\/Reset<br \/>Consumo de Potencia M\u00e1ximo: 4 W<br \/>En espera: 0.84 W<br \/>Indicador de LED Energ\u00eda, Powerline, Ethernet<br \/>Dimensiones 58*42*95mm (2.3*1.7*3.7 in)<br \/>Alcance Hasta 300 metros \/ 1,000 pies sobre el cableado el\u00e9ctrico existente<br \/>Compatibilidad Compatible con todos los est\u00e1ndares HomePlug AV y HomePlug<br \/>AV2<br \/>Adaptadores Powerline<br \/>CARACTER\u00cdSTICAS DE SOFTWARE<br \/>Tecnolog\u00eda de Modulaci\u00f3n OFDM (PLC)<br \/>Encriptaci\u00f3n Seguridad Powerline: 128-bit AES<br \/>Otros<br \/>Certificaciones CE, RoHS<br \/>Contenido del Paquete Adaptador de l\u00ednea de alimentaci\u00f3n AV1000 Gigabit de 2<br \/>puertos:<br \/>2 TL-PA7027P<br \/>2 cables Ethernet<br \/>Gu\u00eda de Instalaci\u00f3n R\u00e1pida<br \/>Requisitos del sistema Windows 8.1\/8\/7\/Vista\/XP, Mac OS, Linux<br \/>Factores Ambientales Temperatura de funcionamiento: 0 C ~ 40 C (32 F ~<br \/>104 F)<br \/>Humedad de funcionamiento: 10% ~ 90% sin condensaci\u00f3n<\/p>\n","protected":false},"excerpt":{"rendered":"<p>Kit de adaptadores powerline tp &#8211; link tl &#8211; pa7027p kit av1000<\/p>\n","protected":false},"featured_media":239261,"comment_status":"open","ping_status":"open","template":"","meta":{"_et_pb_use_builder":"","_et_pb_old_content":"","_et_gb_content_width":""},"product_brand":[3946],"product_cat":[2058,3262,3261,3970],"product_tag":[3265,3264,3948],"class_list":{"0":"post-239260","1":"product","2":"type-product","3":"status-publish","4":"has-post-thumbnail","6":"product_brand-tp-link","7":"product_cat-dispositivos","8":"product_cat-extensores-de-red","9":"product_cat-redes","10":"product_cat-tp-link-extensores-de-red","11":"product_tag-extensores-de-red","12":"product_tag-redes","13":"product_tag-tp-link","14":"product_shipping_class-2059","15":"pa_canon-digital-impuesto-incluido-de-0-e","16":"pa_categoria-redes","17":"pa_marca-tp-link","18":"pa_peso-3846","19":"pa_referencia-mgs0000012537","21":"first","22":"instock","23":"sale","24":"taxable","25":"shipping-taxable","26":"purchasable","27":"product-type-simple"},"_links":{"self":[{"href":"https:\/\/linkxa.es\/linkshop\/wp-json\/wp\/v2\/product\/239260","targetHints":{"allow":["GET"]}}],"collection":[{"href":"https:\/\/linkxa.es\/linkshop\/wp-json\/wp\/v2\/product"}],"about":[{"href":"https:\/\/linkxa.es\/linkshop\/wp-json\/wp\/v2\/types\/product"}],"replies":[{"embeddable":true,"href":"https:\/\/linkxa.es\/linkshop\/wp-json\/wp\/v2\/comments?post=239260"}],"wp:featuredmedia":[{"embeddable":true,"href":"https:\/\/linkxa.es\/linkshop\/wp-json\/wp\/v2\/media\/239261"}],"wp:attachment":[{"href":"https:\/\/linkxa.es\/linkshop\/wp-json\/wp\/v2\/media?parent=239260"}],"wp:term":[{"taxonomy":"product_brand","embeddable":true,"href":"https:\/\/linkxa.es\/linkshop\/wp-json\/wp\/v2\/product_brand?post=239260"},{"taxonomy":"product_cat","embeddable":true,"href":"https:\/\/linkxa.es\/linkshop\/wp-json\/wp\/v2\/product_cat?post=239260"},{"taxonomy":"product_tag","embeddable":true,"href":"https:\/\/linkxa.es\/linkshop\/wp-json\/wp\/v2\/product_tag?post=239260"}],"curies":[{"name":"wp","href":"https:\/\/api.w.org\/{rel}","templated":true}]}}