{"id":239268,"date":"2025-08-31T08:22:28","date_gmt":"2025-08-31T08:22:28","guid":{"rendered":"https:\/\/linkxa.es\/contratacion\/producto\/router-wifin-tp-link-tl-mr100-300mbps-4g\/"},"modified":"2025-12-08T12:44:37","modified_gmt":"2025-12-08T12:44:37","slug":"router-wifin-tp-link-tl-mr100-300mbps-4g","status":"publish","type":"product","link":"https:\/\/linkxa.es\/linkshop\/producto\/router-wifin-tp-link-tl-mr100-300mbps-4g\/","title":{"rendered":"Router wifin tp &#8211; link tl &#8211; mr100 300mbps 4g"},"content":{"rendered":"<div style=\"text-align: center; margin-bottom: 20px;\">\n<h2 style=\"font-size: 22px; font-weight: 600; margin: 0; color: #333;\">Tp &#8211; link\u00a0|\u00a0 Routers<\/h2>\n<p><strong>Router wifin tp &#8211; link tl &#8211; mr100 300mbps 4g lte<\/strong><\/p>\n<\/div>\n<p style=\"max-width: 700px; margin: 0px auto 30px; font-size: 18px; line-height: 1.6; color: #555555; font-style: italic; text-align: left;\">Router Wi-FiN 4G LTE de 300 Mbps<\/p>\n<p>Red 4G de vanguardia comparte el acceso a Internet con hasta 32 dispositivos y<br \/>disfruta de velocidades de descarga de hasta 150 Mbps<br \/>Inserta una tarjeta SIM y listo no se necesitan configuraciones, la compatibilidad<br \/>de las tarjetas SIM en m\u00e1s de 100 pa\u00edses est\u00e1 garantizada tras a\u00f1os testando el<br \/>dispositivo<br \/>Dos antenas LTE avanzadas desmontables disfruta de conexiones estables y<br \/>eficientes en cada dispositivo gracias a las dos antenas externas<br \/>Modo router Wi-Fi conecta un cable Ethernet al puerto LAN \/ WAN para un acceso<br \/>flexible como opci\u00f3n backup si no puedes obtener una conexi\u00f3n 4G<\/p>\n<p>CARACTER\u00cdSTICAS DE HARDWARE<br \/>Interfaz 1 puerto LAN de 10 \/ 100Mbps, 1 puerto LAN \/ WAN de 10 \/ 100Mbps,<br \/>1 ranura para tarjeta Nano SIM<br \/>Botones Bot\u00f3n WPS\/Reset<br \/>Fuente de alimentaci\u00f3n externa (UE) 9V\/0.85A<br \/>Dimensiones 15411436 mm (6.064.491.42 in)<br \/>Antenas 2 Antenas Desmontables Externas 4G LTE<br \/>CARACTER\u00cdSTICAS INAL\u00c1MBRICAS<br \/>Est\u00e1ndares Inal\u00e1mbricos IEEE 802.11b\/g\/n<br \/>Frecuencia 2.4 GHz<br \/>Tasa de Se\u00f1al 300 Mbps<br \/>Sensibilidad de Recepci\u00f3n 11g 54M: -74 dBm<br \/>11n HT20: -71 dBm<br \/>11n HT40: -68 dBm<br \/>Potencia de Transmisi\u00f3n &#038;lt, 20 dBm (2.4 GHz)<br \/>Funciones Inal\u00e1mbricas Activar \/ Desactivar radio inal\u00e1mbrica, programaci\u00f3n<br \/>inal\u00e1mbrica, WMM, Estad\u00edstica inal\u00e1mbrica<br \/>Respaldo WAN Si<br \/>Seguridad Inal\u00e1mbrica 64\/128-bit WEP, WPA\/WPA2, WPA-PSK\/WPA2-PSK<br \/>encryptions<br \/>Tipo de Red 4G: FDD-LTE: B1\/B3\/B5\/B7\/B8\/B20 (2100\/1800\/850\/2600\/900\/800<br \/>MHz)<br \/>TDD-LTE: B38\/B40\/B41 (2600\/2300\/2500 MHz)<br \/>3G: HSPA\/UMTS: B1\/B5\/B8 (2100\/850\/900 MHz)<br \/>CARACTER\u00cdSTICAS DE SOFTWARE<br \/>Seguridad Servidor de seguridad IPv4 SPI, enlace de direcciones IP y MAC<br \/>Modo de Funcionamiento Router 3G \/ 4G, router inal\u00e1mbrico<br \/>Tipo de WAN IP din\u00e1mica \/ IP est\u00e1tica \/ PPPoE \/ PPTP (doble acceso) \/ L2TP<br \/>(doble acceso)<br \/>Gesti\u00f3n Gesti\u00f3n local, gesti\u00f3n remota<br \/>DHCP Servidor, Lista de clientes DHCP, Reserva de direcciones<br \/>Reenv\u00edo de Puertos ALG, servidor virtual, activaci\u00f3n de puertos, UPnP, DMZ<br \/>DNS Din\u00e1mico DynDns, NO-IP<br \/>Protocolos IPv4, IPv6<br \/>Red de Invitados 2.4 GHz Red de invitados<br \/>Administraci\u00f3n Actualizaci\u00f3n de firmware, valores predeterminados de f\u00e1brica,<br \/>registro del sistema, herramientas de diagn\u00f3stico<br \/>Otros<br \/>Certificaciones CE, RoHS<br \/>Contenido del Paquete 300 Mbps inal\u00e1mbrico N 4G LTE TL-MR100<br \/>Adaptador de corriente<br \/>Cable Ethernet RJ45<br \/>Gu\u00eda de Instalaci\u00f3n R\u00e1pida<br \/>Requisitos Microsoft Windows 98SE \/ NT \/ 2000 \/ XP \/ Vista \/ 7\/8 \/ 8.1 \/ 10,<br \/>MAC OS, NetWare, UNIX o Linux<br \/>Internet Explorer 11, Firefox 12.0, Chrome 20.0, Safari 4.0 u otro<br \/>Navegador habilitado para Java<br \/>Tarjeta Nano SIM<br \/>Factores Ambientales Temperatura de Funcionamiento: 0~40<br \/>(32~104)<br \/>Temperatura de Almacenamiento: -40~70 (-40~158)<br \/>Humedad de Funcionamiento: 10%~90% sin condensaci\u00f3n<br \/>Humedad de Almacenamiento: 5%~90% sin condensaci\u00f3n<\/p>\n","protected":false},"excerpt":{"rendered":"<p>Router wifin tp &#8211; link tl &#8211; mr100 300mbps 4g lte<\/p>\n","protected":false},"featured_media":239269,"comment_status":"open","ping_status":"open","template":"","meta":{"_et_pb_use_builder":"","_et_pb_old_content":"","_et_gb_content_width":""},"product_brand":[3946],"product_cat":[2058,3261,3311,3965],"product_tag":[3264,3314,3948],"class_list":{"0":"post-239268","1":"product","2":"type-product","3":"status-publish","4":"has-post-thumbnail","6":"product_brand-tp-link","7":"product_cat-dispositivos","8":"product_cat-redes","9":"product_cat-routers","10":"product_cat-tp-link-routers","11":"product_tag-redes","12":"product_tag-routers","13":"product_tag-tp-link","14":"product_shipping_class-2059","15":"pa_canon-digital-impuesto-incluido-de-0-e","16":"pa_categoria-redes","17":"pa_marca-tp-link","18":"pa_peso-4033","19":"pa_referencia-mgs0000012546","21":"first","22":"instock","23":"sale","24":"taxable","25":"shipping-taxable","26":"purchasable","27":"product-type-simple"},"_links":{"self":[{"href":"https:\/\/linkxa.es\/linkshop\/wp-json\/wp\/v2\/product\/239268","targetHints":{"allow":["GET"]}}],"collection":[{"href":"https:\/\/linkxa.es\/linkshop\/wp-json\/wp\/v2\/product"}],"about":[{"href":"https:\/\/linkxa.es\/linkshop\/wp-json\/wp\/v2\/types\/product"}],"replies":[{"embeddable":true,"href":"https:\/\/linkxa.es\/linkshop\/wp-json\/wp\/v2\/comments?post=239268"}],"wp:featuredmedia":[{"embeddable":true,"href":"https:\/\/linkxa.es\/linkshop\/wp-json\/wp\/v2\/media\/239269"}],"wp:attachment":[{"href":"https:\/\/linkxa.es\/linkshop\/wp-json\/wp\/v2\/media?parent=239268"}],"wp:term":[{"taxonomy":"product_brand","embeddable":true,"href":"https:\/\/linkxa.es\/linkshop\/wp-json\/wp\/v2\/product_brand?post=239268"},{"taxonomy":"product_cat","embeddable":true,"href":"https:\/\/linkxa.es\/linkshop\/wp-json\/wp\/v2\/product_cat?post=239268"},{"taxonomy":"product_tag","embeddable":true,"href":"https:\/\/linkxa.es\/linkshop\/wp-json\/wp\/v2\/product_tag?post=239268"}],"curies":[{"name":"wp","href":"https:\/\/api.w.org\/{rel}","templated":true}]}}