{"id":239271,"date":"2025-07-09T21:49:11","date_gmt":"2025-07-09T21:49:11","guid":{"rendered":"https:\/\/linkxa.es\/contratacion\/producto\/router-wifi-movil-4g-lte-300mbps\/"},"modified":"2025-12-08T12:45:18","modified_gmt":"2025-12-08T12:45:18","slug":"router-wifi-movil-4g-lte-300mbps","status":"publish","type":"product","link":"https:\/\/linkxa.es\/linkshop\/producto\/router-wifi-movil-4g-lte-300mbps\/","title":{"rendered":"Router wifi movil 4g lte 300mbps"},"content":{"rendered":"<div style=\"text-align: center; margin-bottom: 20px;\">\n<h2 style=\"font-size: 22px; font-weight: 600; margin: 0; color: #333;\">Tp &#8211; link\u00a0|\u00a0 Routers<\/h2>\n<p><strong>Router wifi movil 4g lte 300mbps 2.4ghz tp &#8211; link m7010 ranura sim bateria 2000mah<\/strong><\/p>\n<\/div>\n<p style=\"max-width: 700px; margin: 0px auto 30px; font-size: 18px; line-height: 1.6; color: #555555; font-style: italic; text-align: left;\">Wi-Fi m\u00f3vil 4G LTE<\/p>\n<p>Acceso a Internet desde cualquier lugar para hasta 10 dispositivos a la vez<br \/>Bater\u00eda de 2000 mAh para 8 horas de uso<br \/>Admite 4G FDD\/TDD-LTE, compatible con la red de la mayor\u00eda de pa\u00edses y<br \/>regiones F\u00e1cil gesti\u00f3n con la aplicaci\u00f3n tpMiFi<\/p>\n<p>CARACTER\u00cdSTICAS DE HARDWARE<br \/>Interfaz 1 puerto micro USB, 1 ranura para tarjeta SIM<br \/>Botones Bot\u00f3n de encendido, bot\u00f3n de reestablecimiento a valores de f\u00e1brica<br \/>Fuente de Alimentaci\u00f3n Externa 5V\/1A<br \/>LED LED de Wi-Fi, LED de Internet, LED de bater\u00eda<br \/>Dimensiones 3.7 2.2 0.8 in. (94 56.7 19.8 mm)<br \/>Antenas Antenas internas<br \/>CARACTER\u00cdSTICAS INAL\u00c1MBRICAS<br \/>Est\u00e1ndares Inal\u00e1mbricos IEEE 802.11b\/g\/n 2.4 GHz<br \/>Velocidad Inal\u00e1mbrica Hasta 300 Mbps<br \/>Frecuencia 2.4 GHz<br \/>Sensibilidad de Recepci\u00f3n 11b 11Mbps: -87.5dBm,<br \/>11g 54Mbps: -74dBm,<br \/>11n HT20 MCS7: -70dBm,<br \/>11n HT40 MCS7: -68dBm,<br \/>Potencia de Transmisi\u00f3n &#038;lt,20dBm<br \/>Seguridad Inal\u00e1mbrica Compatible con WPA-PSK\/WPA2-PSK, inal\u00e1mbrico<br \/>Filtrado MAC, habilitar\/deshabilitar la transmisi\u00f3n SSID<br \/>DHCP Servidor, cliente, lista de clientes DHCP<br \/>Tipo de Red 4G: FDD-LTE: B1 \/ B3 \/ B5 \/ B7 \/ B8 \/ B20<br \/>(2100\/1800\/850\/2600\/900\/800 MHz)<br \/>TDD-LTE: B38 \/ B40 \/ B41 (2600\/2300\/2500 MHz)<br \/>3G: HSPA + \/ HSPA \/ UMTS: B1 \/ B5 \/ B8 (2100\/850\/900 MHz)<br \/>Otros<br \/>Contenido del Paquete Wi-Fi m\u00f3vil M7010<br \/>Cable micro USB<br \/>Bater\u00eda de 2000 mAh<br \/>Gu\u00eda de Instalaci\u00f3n R\u00e1pida<br \/>Requisitos del sistema Windows 10\/8\/7 \/ Vista \/ XP, Mac OS, Android, iOS,<br \/>Windows Phone<br \/>Certificaciones CE, RoHS<br \/>Factores Ambientales Temperatura de funcionamiento: 0 ~ 35 (32 ~<br \/>95)<br \/>Temperatura de almacenamiento: -20 ~ 60 (-4 ~ 140)<br \/>Humedad de funcionamiento: 10% ~ 90% sin condensaci\u00f3n<br \/>Humedad de almacenamiento: 5% ~ 90% sin condensaci\u00f3n<\/p>\n","protected":false},"excerpt":{"rendered":"<p>Router wifi movil 4g lte 300mbps 2.4ghz tp &#8211; link m7010 ranura sim bateria 2000mah<\/p>\n","protected":false},"featured_media":239272,"comment_status":"open","ping_status":"open","template":"","meta":{"_et_pb_use_builder":"","_et_pb_old_content":"","_et_gb_content_width":""},"product_brand":[3946],"product_cat":[2058,3261,3311,3965],"product_tag":[3264,3314,3948],"class_list":{"0":"post-239271","1":"product","2":"type-product","3":"status-publish","4":"has-post-thumbnail","6":"product_brand-tp-link","7":"product_cat-dispositivos","8":"product_cat-redes","9":"product_cat-routers","10":"product_cat-tp-link-routers","11":"product_tag-redes","12":"product_tag-routers","13":"product_tag-tp-link","14":"product_shipping_class-2059","15":"pa_canon-digital-impuesto-incluido-de-0-e","16":"pa_categoria-redes","17":"pa_marca-tp-link","18":"pa_peso-4153","19":"pa_referencia-mgs0000012560","21":"first","22":"instock","23":"sale","24":"taxable","25":"shipping-taxable","26":"purchasable","27":"product-type-simple"},"_links":{"self":[{"href":"https:\/\/linkxa.es\/linkshop\/wp-json\/wp\/v2\/product\/239271","targetHints":{"allow":["GET"]}}],"collection":[{"href":"https:\/\/linkxa.es\/linkshop\/wp-json\/wp\/v2\/product"}],"about":[{"href":"https:\/\/linkxa.es\/linkshop\/wp-json\/wp\/v2\/types\/product"}],"replies":[{"embeddable":true,"href":"https:\/\/linkxa.es\/linkshop\/wp-json\/wp\/v2\/comments?post=239271"}],"wp:featuredmedia":[{"embeddable":true,"href":"https:\/\/linkxa.es\/linkshop\/wp-json\/wp\/v2\/media\/239272"}],"wp:attachment":[{"href":"https:\/\/linkxa.es\/linkshop\/wp-json\/wp\/v2\/media?parent=239271"}],"wp:term":[{"taxonomy":"product_brand","embeddable":true,"href":"https:\/\/linkxa.es\/linkshop\/wp-json\/wp\/v2\/product_brand?post=239271"},{"taxonomy":"product_cat","embeddable":true,"href":"https:\/\/linkxa.es\/linkshop\/wp-json\/wp\/v2\/product_cat?post=239271"},{"taxonomy":"product_tag","embeddable":true,"href":"https:\/\/linkxa.es\/linkshop\/wp-json\/wp\/v2\/product_tag?post=239271"}],"curies":[{"name":"wp","href":"https:\/\/api.w.org\/{rel}","templated":true}]}}