{"id":239274,"date":"2025-02-11T16:09:28","date_gmt":"2025-02-11T16:09:28","guid":{"rendered":"https:\/\/linkxa.es\/contratacion\/producto\/adaptador-usb-inalambrico-tp-link-archer-t4u\/"},"modified":"2025-12-08T12:45:55","modified_gmt":"2025-12-08T12:45:55","slug":"adaptador-usb-inalambrico-tp-link-archer-t4u","status":"publish","type":"product","link":"https:\/\/linkxa.es\/linkshop\/producto\/adaptador-usb-inalambrico-tp-link-archer-t4u\/","title":{"rendered":"Adaptador usb inalambrico tp &#8211; link archer t4u"},"content":{"rendered":"<div style=\"text-align: center; margin-bottom: 20px;\">\n<h2 style=\"font-size: 22px; font-weight: 600; margin: 0; color: #333;\">Tp &#8211; link\u00a0|\u00a0 Adaptadores usb red<\/h2>\n<p><strong>Adaptador usb inalambrico tp &#8211; link archer t4u plus ac1300 antenas duales<\/strong><\/p>\n<\/div>\n<p style=\"max-width: 700px; margin: 0px auto 30px; font-size: 18px; line-height: 1.6; color: #555555; font-style: italic; text-align: left;\">Archer T4U Plus<br \/>Adaptador USB inal\u00e1mbrico AC1300 de alta ganancia y antenas duales<\/p>\n<p>Wi-Fi ultrarr\u00e1pido: velocidades inal\u00e1mbricas de 1300 Mbps (400 Mbps en la<br \/>banda de 2,4 GHz y 867 Mbps en la banda de 5 GHz) con soporte para el<br \/>est\u00e1ndar Wi-Fi 802.11ac de pr\u00f3xima generaci\u00f3n<br \/>Wi-Fi de doble banda: bandas de 2,4 GHz y 5 GHz para una conectividad<br \/>flexible Antenas duales de alta ganancia: rango, calidad de se\u00f1al y<br \/>rendimiento de transmisi\u00f3n mejorados<br \/>MU-MIMO: ofrece una conexi\u00f3n inal\u00e1mbrica de alta eficiencia<br \/>Puerto USB 3.0 de alta velocidad: velocidades de transferencia hasta 10<br \/>veces m\u00e1s r\u00e1pidas que USB 2.0<br \/>Antena multidireccional ajustable: habilite el despliegue flexible para la<br \/>mejor recepci\u00f3n<\/p>\n<p>CARACTER\u00cdSTICAS DE HARDWARE<br \/>Interfaz USB 3.0<br \/>LED Estado<br \/>Dimensiones 84 156.3 19.2 mm (3.3 6.2 0.76 in)<br \/>Antenas 2 antenas externas de alta ganancia de 5 dBi<br \/>CARACTER\u00cdSTICAS INAL\u00c1MBRICAS<br \/>Est\u00e1ndares Inal\u00e1mbricos IEEE 802.11b\/g\/n 2.4 GHz, IEEE 802.11a\/n\/ac 5 GHz<br \/>Tasa de Se\u00f1al 5 GHz:<br \/>11ac: hasta 867 Mbps (din\u00e1mico)<br \/>11n: hasta 300 Mbps (din\u00e1mico)<br \/>11a: hasta 54 Mbps (din\u00e1mico)<br \/>2,4 GHz:<br \/>11n: hasta 400 Mbps (din\u00e1mico)<br \/>11g: hasta 54 Mbps (din\u00e1mico)<br \/>11b: hasta 11 Mbps (din\u00e1mico)<br \/>Sensibilidad de Recepci\u00f3n 5 GHz:<br \/>11ac VHT80: -62dBm<br \/>11ac VHT40: -65dBm<br \/>11ac VHT20: -69dBm<br \/>11n HT40: -71dBm<br \/>11n HT20: -74dBm<br \/>11a 54Mbps: -77dBm<br \/>2.4 GHz:<br \/>11n HT40: -70dBm<br \/>11n HT20: -72dBm<br \/>11g 54Mbps: -75dBm<br \/>11b 11Mbps: -87dBm<br \/>Potencia de Transmisi\u00f3n 5 GHz: 20dBm (FCC) \/ 20dBm (CE) (EIRP)<br \/>2,4 GHz: 18dBm (FCC) \/ 18dBm (CE) (EIRP)<br \/>Modos Inal\u00e1mbricos Modo de infraestructura<br \/>Seguridad Inal\u00e1mbrica WEP, WPA\/WPA2, WPA-PSK\/WPA2-PSK<br \/>Otros<br \/>Certificaciones FCC, CE, RoHS<br \/>Contenido del Paquete Adaptador USB inal\u00e1mbrico de alta ganancia con<br \/>antenas dobles AC1300 Archer T4U Plus<br \/>Gu\u00eda de Instalaci\u00f3n R\u00e1pida<br \/>CD de recursos<br \/>Cable USB 3.0 de 1 metro<br \/>Requisitos del sistema Los sistemas operativos compatibles incluyen<br \/>Windows 11 \/ 10 \/ 8.1 \/ 8\/7,<br \/>Mac OS<br \/>Factores Ambientales Temperatura de funcionamiento: 0 ~ 40 (32 ~<br \/>104<br \/>Humedad de funcionamiento: 10% ~ 90% sin condensaci\u00f3n<br \/>Humedad de almacenamiento: 5% ~ 90% sin condensaci\u00f3n<\/p>\n","protected":false},"excerpt":{"rendered":"<p>Adaptador usb inalambrico tp &#8211; link archer t4u plus ac1300 antenas duales<\/p>\n","protected":false},"featured_media":239275,"comment_status":"open","ping_status":"open","template":"","meta":{"_et_pb_use_builder":"","_et_pb_old_content":"","_et_gb_content_width":""},"product_brand":[3946],"product_cat":[3266,2058,3261,3947],"product_tag":[3268,3264,3948],"class_list":{"0":"post-239274","1":"product","2":"type-product","3":"status-publish","4":"has-post-thumbnail","6":"product_brand-tp-link","7":"product_cat-adaptadores-usb-red","8":"product_cat-dispositivos","9":"product_cat-redes","10":"product_cat-tp-link","11":"product_tag-adaptadores-usb-red","12":"product_tag-redes","13":"product_tag-tp-link","14":"product_shipping_class-2088","15":"pa_canon-digital-impuesto-incluido-de-0-e","16":"pa_categoria-redes","17":"pa_marca-tp-link","18":"pa_peso-4155","19":"pa_referencia-mgs0000012561","21":"first","22":"instock","23":"sale","24":"taxable","25":"shipping-taxable","26":"purchasable","27":"product-type-simple"},"_links":{"self":[{"href":"https:\/\/linkxa.es\/linkshop\/wp-json\/wp\/v2\/product\/239274","targetHints":{"allow":["GET"]}}],"collection":[{"href":"https:\/\/linkxa.es\/linkshop\/wp-json\/wp\/v2\/product"}],"about":[{"href":"https:\/\/linkxa.es\/linkshop\/wp-json\/wp\/v2\/types\/product"}],"replies":[{"embeddable":true,"href":"https:\/\/linkxa.es\/linkshop\/wp-json\/wp\/v2\/comments?post=239274"}],"wp:featuredmedia":[{"embeddable":true,"href":"https:\/\/linkxa.es\/linkshop\/wp-json\/wp\/v2\/media\/239275"}],"wp:attachment":[{"href":"https:\/\/linkxa.es\/linkshop\/wp-json\/wp\/v2\/media?parent=239274"}],"wp:term":[{"taxonomy":"product_brand","embeddable":true,"href":"https:\/\/linkxa.es\/linkshop\/wp-json\/wp\/v2\/product_brand?post=239274"},{"taxonomy":"product_cat","embeddable":true,"href":"https:\/\/linkxa.es\/linkshop\/wp-json\/wp\/v2\/product_cat?post=239274"},{"taxonomy":"product_tag","embeddable":true,"href":"https:\/\/linkxa.es\/linkshop\/wp-json\/wp\/v2\/product_tag?post=239274"}],"curies":[{"name":"wp","href":"https:\/\/api.w.org\/{rel}","templated":true}]}}