{"id":239283,"date":"2025-04-24T08:37:21","date_gmt":"2025-04-24T08:37:21","guid":{"rendered":"https:\/\/linkxa.es\/contratacion\/producto\/tarjeta-pci-express-wifi-tp-link-archer\/"},"modified":"2025-12-08T12:46:43","modified_gmt":"2025-12-08T12:46:43","slug":"tarjeta-pci-express-wifi-tp-link-archer","status":"publish","type":"product","link":"https:\/\/linkxa.es\/linkshop\/producto\/tarjeta-pci-express-wifi-tp-link-archer\/","title":{"rendered":"Tarjeta pci express wifi tp &#8211; link archer"},"content":{"rendered":"<div style=\"text-align: center; margin-bottom: 20px;\">\n<h2 style=\"font-size: 22px; font-weight: 600; margin: 0; color: #333;\">Tp &#8211; link\u00a0|\u00a0 Tarjetas de red wifi<\/h2>\n<p><strong>Tarjeta pci express wifi tp &#8211; link archer t2e ac600 dual band<\/strong><\/p>\n<\/div>\n<p style=\"max-width: 700px; margin: 0px auto 30px; font-size: 18px; line-height: 1.6; color: #555555; font-style: italic; text-align: left;\">Archer T2E<br \/>Adaptador PCI Express inal\u00e1mbrico de doble banda AC600<\/p>\n<p>WiFi de doble banda AC600: aproveche al m\u00e1ximo su red con velocidades de Wi-Fi<br \/>de hasta 600 Mbps (433 Mbps en la banda de 5 GHz y 200 Mbps en la banda de 2,4<br \/>GHz)<br \/>Compatible con MU-MIMO: aumente el rendimiento y la eficiencia de la red cuando<br \/>se trabaja con un enrutador MU-MIMO compatible<br \/>Amplio rango inal\u00e1mbrico: con\u00e9ctese a su Wi-Fi en m\u00e1s partes de su hogar con<br \/>una potente antena de alta ganancia que aumenta la se\u00f1al<br \/>Compatible con WPA3: mejore la ciberseguridad con una protecci\u00f3n m\u00e1s segura e<br \/>individualizada<br \/>Soportes de bajo perfil y altura completa: las opciones personalizadas le brindan<br \/>la flexibilidad de encontrar un soporte que se adapte perfectamente al dise\u00f1o de su<br \/>tabla<\/p>\n<p>CARACTER\u00cdSTICAS DE HARDWARE<br \/>Interfaz PCI Express<br \/>Dimensiones 4.76 3.09 0.85 in (120.8 78.5 21.5 mm)<br \/>Antenas 1 antena externa desmontable<br \/>CARACTER\u00cdSTICAS INAL\u00c1MBRICAS<br \/>Est\u00e1ndares Inal\u00e1mbricos IEEE 802.11b\/g\/n 2.4 GHz, IEEE 802.11a\/n\/ac 5 GHz<br \/>Tasa de Se\u00f1al 5 GHz:<br \/>11ac: hasta 433 Mbps (din\u00e1mico)<br \/>11n: hasta 200 Mbps (din\u00e1mico)<br \/>11a: hasta 54 Mbps (din\u00e1mico)<br \/>2,4 GHz:<br \/>11n: hasta 200 Mbps (din\u00e1mico)<br \/>11g: hasta 54 Mbps (din\u00e1mico)<br \/>11b: hasta 11 Mbps (din\u00e1mico)<br \/>Sensibilidad de Recepci\u00f3n 5GHz:<br \/>11ac HT80:-59.0dBm<br \/>11n HT40:-68.0dBm<br \/>11a 54Mbps:-73.0dBm<br \/>11a 6Mbps:-90.0dBm<br \/>2.4GHz:<br \/>11n HT40:-70dBm<br \/>11g 54Mbps:-75dBm<br \/>11b 11Mbps:-87dBm<br \/>Potencia de Transmisi\u00f3n 5 GHz: 18 dBm (FCC) \/ 23 dBm (CE) (EIRP)<br \/>2,4 GHz: 18 dBm (FCC) \/ 20 dBm (CE) (EIRP)<br \/>Modos Inal\u00e1mbricos Modo de infraestructura<br \/>Seguridad Inal\u00e1mbrica WEP, WPA\/WPA2\/WPA3, WPA-PSK\/WPA2-PSK\/WPA3-<br \/>SAE<br \/>Tecnolog\u00eda de Modulaci\u00f3n DBPSK, DQPSK, CCK, OFDM, 16-QAM, 64-QAM, 256-<br \/>QAM<br \/>Otros<br \/>Certificaciones FCC, CE, RoHS<br \/>Contenido del Paquete Adaptador PCI Express inal\u00e1mbrico de doble banda<br \/>AC600<br \/>Arquero T2E<br \/>Soporte de perfil bajo<br \/>Gu\u00eda de Instalaci\u00f3n R\u00e1pida<br \/>CD de recursos<br \/>Requisitos del sistema Windows 11\/10<br \/>Factores Ambientales Temperatura de funcionamiento: 0 ~ 40 (32 ~<br \/>104 )<br \/>Humedad de funcionamiento: 10% ~ 90% sin condensaci\u00f3n<br \/>Humedad de almacenamiento: 5% ~ 90% sin condensaci\u00f3n<\/p>\n","protected":false},"excerpt":{"rendered":"<p>Tarjeta pci express wifi tp &#8211; link archer t2e ac600 dual band<\/p>\n","protected":false},"featured_media":239284,"comment_status":"open","ping_status":"open","template":"","meta":{"_et_pb_use_builder":"","_et_pb_old_content":"","_et_gb_content_width":""},"product_brand":[3946],"product_cat":[2058,3261,4016,4017],"product_tag":[3264,4018,3948],"class_list":{"0":"post-239283","1":"product","2":"type-product","3":"status-publish","4":"has-post-thumbnail","6":"product_brand-tp-link","7":"product_cat-dispositivos","8":"product_cat-redes","9":"product_cat-tarjetas-de-red-wifi","10":"product_cat-tp-link-tarjetas-de-red-wifi","11":"product_tag-redes","12":"product_tag-tarjetas-de-red-wifi","13":"product_tag-tp-link","14":"product_shipping_class-2059","15":"pa_canon-digital-impuesto-incluido-de-0-e","16":"pa_categoria-redes","17":"pa_marca-tp-link","18":"pa_peso-4159","19":"pa_referencia-mgs0000012565","21":"first","22":"instock","23":"sale","24":"taxable","25":"shipping-taxable","26":"purchasable","27":"product-type-simple"},"_links":{"self":[{"href":"https:\/\/linkxa.es\/linkshop\/wp-json\/wp\/v2\/product\/239283","targetHints":{"allow":["GET"]}}],"collection":[{"href":"https:\/\/linkxa.es\/linkshop\/wp-json\/wp\/v2\/product"}],"about":[{"href":"https:\/\/linkxa.es\/linkshop\/wp-json\/wp\/v2\/types\/product"}],"replies":[{"embeddable":true,"href":"https:\/\/linkxa.es\/linkshop\/wp-json\/wp\/v2\/comments?post=239283"}],"wp:featuredmedia":[{"embeddable":true,"href":"https:\/\/linkxa.es\/linkshop\/wp-json\/wp\/v2\/media\/239284"}],"wp:attachment":[{"href":"https:\/\/linkxa.es\/linkshop\/wp-json\/wp\/v2\/media?parent=239283"}],"wp:term":[{"taxonomy":"product_brand","embeddable":true,"href":"https:\/\/linkxa.es\/linkshop\/wp-json\/wp\/v2\/product_brand?post=239283"},{"taxonomy":"product_cat","embeddable":true,"href":"https:\/\/linkxa.es\/linkshop\/wp-json\/wp\/v2\/product_cat?post=239283"},{"taxonomy":"product_tag","embeddable":true,"href":"https:\/\/linkxa.es\/linkshop\/wp-json\/wp\/v2\/product_tag?post=239283"}],"curies":[{"name":"wp","href":"https:\/\/api.w.org\/{rel}","templated":true}]}}