{"id":239286,"date":"2025-10-19T03:05:33","date_gmt":"2025-10-19T03:05:33","guid":{"rendered":"https:\/\/linkxa.es\/contratacion\/producto\/adaptador-nano-usb-bluetooth-tp-link-ub4a\/"},"modified":"2025-12-08T12:47:11","modified_gmt":"2025-12-08T12:47:11","slug":"adaptador-nano-usb-bluetooth-tp-link-ub4a","status":"publish","type":"product","link":"https:\/\/linkxa.es\/linkshop\/producto\/adaptador-nano-usb-bluetooth-tp-link-ub4a\/","title":{"rendered":"Adaptador nano usb bluetooth tp &#8211; link ub4a"},"content":{"rendered":"<div style=\"text-align: center; margin-bottom: 20px;\">\n<h2 style=\"font-size: 22px; font-weight: 600; margin: 0; color: #333;\">Tp &#8211; link\u00a0|\u00a0 Bluetooth<\/h2>\n<p><strong>Adaptador nano usb bluetooth tp &#8211; link ub4a bluetooth 4.0<\/strong><\/p>\n<\/div>\n<p style=\"max-width: 700px; margin: 0px auto 30px; font-size: 18px; line-height: 1.6; color: #555555; font-style: italic; text-align: left;\">Adaptador Nano Bluetooth 4.0 USB<\/p>\n<p>Bluetooth 4.0 : aplica Bluetooth 4.0 avanzado con tecnolog\u00eda de baja energ\u00eda<br \/>(BLE) y es compatible con versiones anteriores de Bluetooth V3.0 \/ 2.1 \/ 2.0 \/<br \/>1.1 Driver Free &#8211; Plug and Play para Win 8, Win 8.1, Win 10 y Win 11<br \/>Tama\u00f1o nanom\u00e9trico: ultrapeque\u00f1o para una portabilidad conveniente con<br \/>un alto rendimiento confiable<br \/>Sistema operativo compatible : compatible con Windows 11\/ 10 \/ 8.1 \/ 8 \/ 7<\/p>\n<p>CARACTER\u00cdSTICAS DE HARDWARE<br \/>Est\u00e1ndares y Protocolos Bluetooth 4.0<br \/>Interfaz USB 2.0<br \/>Dimensiones 14.8 6.8 18.9 mm (0.58 0.27 0.74 in)<br \/>Otros<br \/>Certificaciones FCC, CE, RoHS<br \/>Contenido del Paquete Bluetooth 4.0 Nano USB Adapter UB400<br \/>Quick Installation Guide<br \/>Requisitos del sistema Windows 11\/10\/8.1\/8\/7<br \/>Factores Ambientales Temperatura de Operaci\u00f3n: 0~40 (32~104)<br \/>Temperatura de Almacenamiento: -40~70 (-40~158)<br \/>Humedad de funcionamiento: 10%~90% non-condensing<br \/>Humedad de almacenamiento: 5%~90% non-condensing<\/p>\n","protected":false},"excerpt":{"rendered":"<p>Adaptador nano usb bluetooth tp &#8211; link ub4a bluetooth 4.0<\/p>\n","protected":false},"featured_media":239287,"comment_status":"open","ping_status":"open","template":"","meta":{"_et_pb_use_builder":"","_et_pb_old_content":"","_et_gb_content_width":""},"product_brand":[3946],"product_cat":[3292,2058,3261,4124],"product_tag":[3294,3264,3948],"class_list":{"0":"post-239286","1":"product","2":"type-product","3":"status-publish","4":"has-post-thumbnail","6":"product_brand-tp-link","7":"product_cat-bluetooth","8":"product_cat-dispositivos","9":"product_cat-redes","10":"product_cat-tp-link-bluetooth","11":"product_tag-bluetooth","12":"product_tag-redes","13":"product_tag-tp-link","14":"product_shipping_class-2059","15":"pa_canon-digital-impuesto-incluido-de-0-e","16":"pa_categoria-redes","17":"pa_marca-tp-link","18":"pa_peso-4161","19":"pa_referencia-mgs0000012567","21":"first","22":"instock","23":"sale","24":"taxable","25":"shipping-taxable","26":"purchasable","27":"product-type-simple"},"_links":{"self":[{"href":"https:\/\/linkxa.es\/linkshop\/wp-json\/wp\/v2\/product\/239286","targetHints":{"allow":["GET"]}}],"collection":[{"href":"https:\/\/linkxa.es\/linkshop\/wp-json\/wp\/v2\/product"}],"about":[{"href":"https:\/\/linkxa.es\/linkshop\/wp-json\/wp\/v2\/types\/product"}],"replies":[{"embeddable":true,"href":"https:\/\/linkxa.es\/linkshop\/wp-json\/wp\/v2\/comments?post=239286"}],"wp:featuredmedia":[{"embeddable":true,"href":"https:\/\/linkxa.es\/linkshop\/wp-json\/wp\/v2\/media\/239287"}],"wp:attachment":[{"href":"https:\/\/linkxa.es\/linkshop\/wp-json\/wp\/v2\/media?parent=239286"}],"wp:term":[{"taxonomy":"product_brand","embeddable":true,"href":"https:\/\/linkxa.es\/linkshop\/wp-json\/wp\/v2\/product_brand?post=239286"},{"taxonomy":"product_cat","embeddable":true,"href":"https:\/\/linkxa.es\/linkshop\/wp-json\/wp\/v2\/product_cat?post=239286"},{"taxonomy":"product_tag","embeddable":true,"href":"https:\/\/linkxa.es\/linkshop\/wp-json\/wp\/v2\/product_tag?post=239286"}],"curies":[{"name":"wp","href":"https:\/\/api.w.org\/{rel}","templated":true}]}}