{"id":239300,"date":"2025-11-08T00:50:11","date_gmt":"2025-11-08T00:50:11","guid":{"rendered":"https:\/\/linkxa.es\/contratacion\/producto\/router-vpn-tp-link-er605-1p-wan\/"},"modified":"2025-12-08T12:48:21","modified_gmt":"2025-12-08T12:48:21","slug":"router-vpn-tp-link-er605-1p-wan","status":"publish","type":"product","link":"https:\/\/linkxa.es\/linkshop\/producto\/router-vpn-tp-link-er605-1p-wan\/","title":{"rendered":"Router vpn tp &#8211; link er605 1p wan"},"content":{"rendered":"<div style=\"text-align: center; margin-bottom: 20px;\">\n<h2 style=\"font-size: 22px; font-weight: 600; margin: 0; color: #333;\">Tp &#8211; link\u00a0|\u00a0 Routers<\/h2>\n<p><strong>Router vpn tp &#8211; link er605 1p wan giga + 2p lan giga + 2p wan &#8211; lan giga usb 2.0<\/strong><\/p>\n<\/div>\n<p style=\"max-width: 700px; margin: 0px auto 30px; font-size: 18px; line-height: 1.6; color: #555555; font-style: italic; text-align: left;\">Enrutador VPN Gigabit Omada<\/p>\n<p>Integrado en Omada SDN: Gesti\u00f3n centralizada en la nube y Monitoreo inteligente.<br \/>Gesti\u00f3n centralizad : acceso a la nube y aplicaci\u00f3n Omada para mayor comodidad<br \/>y f\u00e1cil gesti\u00f3n.<br \/>Cinco puertos Gigabit: conectividad por cable de alta velocidad.<br \/>Hasta 3 puertos WAN Ethernet: 1 puerto WAN gigabit y 2 puertos WAN\/LAN<br \/>gigabit con equilibrio de carga aumentan la tasa de utilizaci\u00f3n de banda ancha<br \/>multil\u00ednea.<br \/>Un puerto WAN USB para banda ancha m\u00f3vil: la banda ancha m\u00f3vil a trav\u00e9s de un<br \/>m\u00f3dem 4G\/3G es compatible con la copia de seguridad de WAN mediante la<br \/>conexi\u00f3n al puerto USB.<br \/>VPN de alta seguridad: Admite hasta 20 conexiones IPsec de LAN a LAN, 16<br \/>OpenVPN*, 16 L2TP y 16 PPTP VPN.<br \/>Abundantes funciones de seguridad: pol\u00edticas avanzadas de firewall, defensa DoS,<br \/>filtrado de IP\/MAC\/URL y m\u00e1s funciones de seguridad protegen su red y sus datos.<br \/>CARACTER\u00cdSTICAS DE HARDWARE<br \/>Est\u00e1ndares y Protocolos IEEE 802.3, 802.3u, 802.3ab, IEEE 802.3x, IEEE 802.1q<br \/>TCP\/IP, DHCP, ICMP, NAT, PPPoE, NTP, HTTP, HTTPS, DNS, IPSec, PPTP, L2TP,<br \/>OpenVPN, SNMP<br \/>Interfaz 1 puerto WAN Gigabit fijo<br \/>2 puertos LAN Gigabit fijos<br \/>2 puertos Gigabit WAN\/LAN intercambiables<br \/>1 puerto USB 2.0 (conexi\u00f3n de m\u00f3dem 4G\/3G como respaldo WAN)<br \/>Medios de Red 10BASE-T: cable UTP categor\u00eda 3, 4, 5 (m\u00e1x. 100 m)<br \/>EIA\/TIA-568 100 STP (m\u00e1x. 100 m)<br \/>100BASE-TX: cable UTP categor\u00eda 5, 5e (m\u00e1x. 100 m)<br \/>EIA\/TIA-568 100 STP (m\u00e1x. 100 m)<br \/>1000BASE-T: UTP categor\u00eda 5, 5e, 6 cables (m\u00e1x. 100 m)<br \/>Botones Bot\u00f3n de reestablecimiento a valores de f\u00e1brica<br \/>Fuente de Alimentaci\u00f3n Adaptador de CC externo de 12 V\/1 A<br \/>Flash 128 MB NAND<br \/>DRAM 256 MB DDR<br \/>LED PWR, SYS, WAN (Enlace\/Act), LAN (Enlace\/Act), USB<br \/>Dimensiones 6.2 4.0 1.0 in (158 101 25mm)<br \/>Consumo de Potencia M\u00e1ximo 7.94 W<br \/>RENDIMIENTO<br \/>Sesiones Concurrentes 150,000<br \/>Nuevas sesiones\/Segundos 2,600<br \/>NAT (IP Est\u00e1tica) Carga: 945,77 Mbps<br \/>Descarga: 945,56 Mbps<br \/>Bidireccional: 1808,29 Mbps<br \/>NAT(DHCP) Carga: 945,93 Mbps<br \/>Descarga: 945,43 Mbps<br \/>Bidireccional: 1808,11 Mbps<br \/>NAT(PPPoE) Carga: 940.44Mbps<br \/>Descarga: 940,52 Mbps<br \/>Bidireccional: 1804,27 Mbps<br \/>NAT (L2TP) Carga: 845,64 Mbps<br \/>Descarga: 802,65 Mbps<br \/>Bidireccional: 931,96 Mbps<br \/>NAT (PPTP) Carga: 771,66 Mbps<br \/>Descarga: 874,81 Mbps<br \/>Bidireccional: 999,54 Mbps<br \/>Tasa de reenv\u00edo de paquetes de 64 bytes Carga\/Descarga: 1,402,238 pps<br \/>Bidireccional: 1.681.548 pps<br \/>Rendimiento VPN IPsec ESP-MD5-AES256: 171.26 Mbps<br \/>ESP-SHA1-AES256: 224.86 Mbps<br \/>ESP-SHA2-AES256: 248.04 Mbps<br \/>OpenVPN 21.70 Mbps<br \/>Rendimiento VPN L2TP Sin cifrar: 864,65 Mbps<br \/>Cifrado: 47,11 Mbps<br \/>Rendimiento VPN PPTP Sin cifrar: 703,20 Mbps<br \/>Cifrado: 76,65 Mbps<br \/>FUNCIONES B\u00c1SICAS<br \/>Tipo de conexi\u00f3n WAN IP est\u00e1tica\/din\u00e1mica<br \/>PPPoE<br \/>PPTP<br \/>L2TP<br \/>Banda ancha m\u00f3vil: m\u00f3dem 4G\/3G para respaldo a trav\u00e9s del puerto USB<br \/>Clonado MAC Modificar direcci\u00f3n MAC de WAN\/LAN<br \/>DHCP Servidor\/Cliente DHCP<br \/>Reserva de direcciones DHCP<br \/>DHCP multired*<br \/>Interfaces IP m\u00faltiples*<br \/>IPv6 StaticIP \/ SLAAC \/ DHCPv6 \/ PPPoE \/ 6to4Tunnel \/ PassThrough<br \/>VLAN 802.1Q VLAN<br \/>IPTV Proxy IGMP v2\/v3, modo personalizado, modo puente<br \/>FUNCIONES AVANZADAS<br \/>ACL Filtrado de IP\/Puerto\/Protocolo\/Nombre de Dominio<br \/>Enrutamiento Avanzado Enrutamiento estatico<br \/>Enrutamiento de pol\u00edticas<br \/>Control de Ancho de Banda IP-based Bandwidth Control<br \/>Balanceo de Carga Equilibrio de carga inteligente<br \/>Enrutamiento optimizado para aplicaciones<br \/>Copia de seguridad de enlace (tiempo\u00a7, conmutaci\u00f3n por error)<br \/>Detecci\u00f3n en l\u00ednea<br \/>NAT NAT uno a uno\u00a7<br \/>NAT multired<br \/>Servidor virtual<br \/>Activaci\u00f3n de puertos\u00a7<br \/>NAT-DMZ<br \/>FTP\/H.323\/SIP\/IPSec\/PPTP ALG, UPnP<br \/>Seguridad Cortafuegos SPI<br \/>Transferencia de VPN<br \/>FTP\/H.323\/PPTP\/SIP\/IPsec ALG<br \/>Defensa DoS, Ping de la muerte<br \/>Administraci\u00f3n Local<br \/>L\u00edmite de sesi\u00f3n L\u00edmite de sesi\u00f3n basado en IP<br \/>VPN<br \/>VPN IPsec 20 T\u00faneles VPN IPsec<br \/>20 T\u00faneles VPN IPsec<br \/>LAN a LAN, Cliente a LAN<br \/>Modo de negociaci\u00f3n principal y agresivo<br \/>Algoritmo de cifrado DES, 3DES, AES128, AES192, AES256<br \/>IKEv1\/v2<br \/>Algoritmo de autenticaci\u00f3n MD5, SHA1<br \/>NAT transversal (NAT-T)<br \/>Detecci\u00f3n de pares muertos (DPD)<br \/>Perfect Forward Secrecy (PFS)<br \/>VPN PPTP Servidor VPN PPTP<br \/>10 Clientes VPN PPTP**<br \/>16 T\u00faneles<br \/>PPTP con cifrado MPPE<br \/>VPN L2TP Servidor VPN L2TP<br \/>10 Clientes VPN L2TP**<br \/>16 T\u00faneles<br \/>L2TP sobre IPSec<br \/>OpenVPN Servidor OpenVPN*<br \/>10 Clientes OpenVPN*<br \/>16 t\u00faneles OpenVPN*<br \/>SEGURIDAD<br \/>Filtrado Carga: 945,77 Mbps<br \/>Descarga: 945,56 Mbps<br \/>Bidireccional: 1808,29 Mbps<br \/>Inspecci\u00f3n ARP Env\u00edo de paquetes GARP\u00a7<br \/>Escaneo ARP\u00a7<br \/>Enlace IP-MAC\u00a7<br \/>Defensa contra Ataques Defensa contra inundaciones TCP\/UDP\/ICMP<br \/>Escaneo TCP de bloques (Stealth FIN\/Xmas\/Null)<br \/>Bloquear ping desde WAN<br \/>Control de Acceso Control de acceso basado en IP de origen\/destino<br \/>AUTENTICACI\u00d3N<br \/>Autenticaci\u00f3n web Sin autenticacion<br \/>Contrase\u00f1a sencilla*<br \/>Hotspot (Usuario local \/ Cup\u00f3n* \/ SMS* \/ Radius*)<br \/>Servidor de radio externo<br \/>Servidor de portal externo*<br \/>Facebook*<br \/>GESTI\u00d3N<br \/>Omada App S\u00ed. Requiere el uso de OC300, OC200, controlador basado en la<br \/>nube Omada o controlador de software Omada.<br \/>Gesti\u00f3n Centralizada Controlador de hardware Omada (OC300)<br \/>Controlador de hardware Omada (OC200)<br \/>Controlador de software Omada<br \/>Controlador basado en la nube Omada<br \/>Acceso a la nube S\u00ed (a trav\u00e9s de OC300, OC200, controlador de software Omada o<br \/>controlador basado en la nube Omada)<br \/>Servicio Dynamic DNS (Dyndns, No-IP, Peanuthull, Comexe)<br \/>Mantenimiento Interfaz de administraci\u00f3n web<br \/>Gesti\u00f3n remota<br \/>Configuraci\u00f3n de exportaci\u00f3n e importaci\u00f3n<br \/>SNMP v1\/v2c\/v3<br \/>Diagn\u00f3sticos (Ping y Traceroute)\u00a7<br \/>Sincronizaci\u00f3n NTP\u00a7<br \/>Compatibilidad con registro del sistema<br \/>Aprovisionamiento sin contacto S\u00ed. Requiere el uso del controlador basado en<br \/>la nube de Omada.<br \/>Funciones de gesti\u00f3n Detecci\u00f3n autom\u00e1tica de dispositivos<br \/>Supervisi\u00f3n de red inteligente<br \/>Advertencias de eventos anormales<br \/>Configuraci\u00f3n unificada<br \/>Horario de reinicio<br \/>Configuraci\u00f3n del Portal Cautivo<br \/>Otros<br \/>Certificaciones CE, FCC, RoHS<br \/>Contenido del Paquete Enrutador VPN Gigabti ER605<br \/>Adaptador de corriente<br \/>Cable Ethernet RJ45<br \/>Gu\u00eda de Instalaci\u00f3n R\u00e1pida<br \/>Requisitos del sistema Microsoft Windows 98SE, NT, 2000, XP, Vista o<br \/>Windows 7\/8\/8.1\/10, MAC OS, NetWare, UNIX o Linux<br \/>Factores Ambientales Temperatura de funcionamiento: 040 (32104 ),<br \/>Temperatura de almacenamiento: -4070 (-40158 )<br \/>Humedad de funcionamiento: 1090 % de HR sin condensaci\u00f3n<br \/>Humedad de almacenamiento: 590 % de HR sin condensaci\u00f3n<\/p>\n","protected":false},"excerpt":{"rendered":"<p>Router vpn tp &#8211; link er605 1p wan giga + 2p lan giga + 2p wan &#8211; lan giga usb 2.0<\/p>\n","protected":false},"featured_media":239301,"comment_status":"open","ping_status":"open","template":"","meta":{"_et_pb_use_builder":"","_et_pb_old_content":"","_et_gb_content_width":""},"product_brand":[3946],"product_cat":[2058,3261,3311,3965],"product_tag":[3264,3314,3948],"class_list":{"0":"post-239300","1":"product","2":"type-product","3":"status-publish","4":"has-post-thumbnail","6":"product_brand-tp-link","7":"product_cat-dispositivos","8":"product_cat-redes","9":"product_cat-routers","10":"product_cat-tp-link-routers","11":"product_tag-redes","12":"product_tag-routers","13":"product_tag-tp-link","14":"product_shipping_class-2059","15":"pa_canon-digital-impuesto-incluido-de-0-e","16":"pa_categoria-redes","17":"pa_marca-tp-link","18":"pa_peso-4166","19":"pa_referencia-mgs0000012571","21":"first","22":"instock","23":"sale","24":"taxable","25":"shipping-taxable","26":"purchasable","27":"product-type-simple"},"_links":{"self":[{"href":"https:\/\/linkxa.es\/linkshop\/wp-json\/wp\/v2\/product\/239300","targetHints":{"allow":["GET"]}}],"collection":[{"href":"https:\/\/linkxa.es\/linkshop\/wp-json\/wp\/v2\/product"}],"about":[{"href":"https:\/\/linkxa.es\/linkshop\/wp-json\/wp\/v2\/types\/product"}],"replies":[{"embeddable":true,"href":"https:\/\/linkxa.es\/linkshop\/wp-json\/wp\/v2\/comments?post=239300"}],"wp:featuredmedia":[{"embeddable":true,"href":"https:\/\/linkxa.es\/linkshop\/wp-json\/wp\/v2\/media\/239301"}],"wp:attachment":[{"href":"https:\/\/linkxa.es\/linkshop\/wp-json\/wp\/v2\/media?parent=239300"}],"wp:term":[{"taxonomy":"product_brand","embeddable":true,"href":"https:\/\/linkxa.es\/linkshop\/wp-json\/wp\/v2\/product_brand?post=239300"},{"taxonomy":"product_cat","embeddable":true,"href":"https:\/\/linkxa.es\/linkshop\/wp-json\/wp\/v2\/product_cat?post=239300"},{"taxonomy":"product_tag","embeddable":true,"href":"https:\/\/linkxa.es\/linkshop\/wp-json\/wp\/v2\/product_tag?post=239300"}],"curies":[{"name":"wp","href":"https:\/\/api.w.org\/{rel}","templated":true}]}}