{"id":239303,"date":"2025-02-06T18:48:09","date_gmt":"2025-02-06T18:48:09","guid":{"rendered":"https:\/\/linkxa.es\/contratacion\/producto\/controlador-omada-tp-link-oc300-2-puertos\/"},"modified":"2025-12-08T12:48:49","modified_gmt":"2025-12-08T12:48:49","slug":"controlador-omada-tp-link-oc300-2-puertos","status":"publish","type":"product","link":"https:\/\/linkxa.es\/linkshop\/producto\/controlador-omada-tp-link-oc300-2-puertos\/","title":{"rendered":"Controlador omada tp &#8211; link oc300 2 puertos"},"content":{"rendered":"<div style=\"text-align: center; margin-bottom: 20px;\">\n<h2 style=\"font-size: 22px; font-weight: 600; margin: 0; color: #333;\">Tp &#8211; link\u00a0|\u00a0 Puntos de acceso<\/h2>\n<p><strong>Controlador omada tp &#8211; link oc300 2 puertos ethernet 1 puerto usb 3.0<\/strong><\/p>\n<\/div>\n<p style=\"max-width: 700px; margin: 0px auto 30px; font-size: 18px; line-height: 1.6; color: #555555; font-style: italic; text-align: left;\">OC300<br \/>Controlador Omada hardware<\/p>\n<p>Administraci\u00f3n centralizada: hasta 500 puntos de acceso Omada, 100<br \/>conmutadores JetStream y 100 enrutadores Omada.<br \/>Acceso gratuito a la nube: administre y supervise con la aplicaci\u00f3n Omada o<br \/>la interfaz de usuario web desde cualquier lugar y en cualquier momento.<br \/>Administraci\u00f3n en las instalaciones: Supervise y administre localmente los<br \/>dispositivos con la m\u00e1xima seguridad y estabilidad.<br \/>Dise\u00f1o de hardware l\u00edder en la industria: un potente conjunto de chips, una<br \/>carcasa de metal resistente, un puerto USB 3.0 para copia de seguridad<br \/>autom\u00e1tica y dos puertos Gigabit.<br \/>Monitoreo de red f\u00e1cil e inteligente: el panel f\u00e1cil de usar simplifica la<br \/>visualizaci\u00f3n del estado de la red y la distribuci\u00f3n del tr\u00e1fico en tiempo real.<br \/>Topolog\u00eda de red en tiempo real: ayuda a los administradores de TI a ver y<br \/>solucionar problemas de conexiones r\u00e1pidamente de un vistazo.<br \/>Mantenimiento de red m\u00e1s f\u00e1cil: simulador de mapa de calor WiFi, informe<br \/>de red visualizable y administraci\u00f3n de lotes y sitios m\u00faltiples que benefician<br \/>el mantenimiento de la red.<br \/>CARACTER\u00cdSTICAS DE HARDWARE<br \/>Interfaz 2 puertos 10\/100\/1000 Mbps Ethernet<br \/>1 puerto USB 3.0<br \/>Fuente de Alimentaci\u00f3n 100240 V~50\/60 Hz, 0.6 A<br \/>Dimensiones 294 180 44 mm (11.6 7.1 1.7 in )<br \/>GESTI\u00d3N<br \/>Omada App Si<br \/>Gesti\u00f3n Centralizada Hasta 500 puntos de acceso Omada, conmutadores<br \/>JetStream y enrutadores SafeStream<br \/>Hasta 15,000 clientes.<br \/>Acceso a la nube Si<br \/>Gesti\u00f3n L3 Si<br \/>Gesti\u00f3n Multi-sitio Si<br \/>Funciones de gesti\u00f3n Detecci\u00f3n autom\u00e1tica de dispositivos<br \/>Configuraci\u00f3n por lotes<br \/>Actualizaci\u00f3n de firmware por lotes<br \/>Monitorizaci\u00f3n inteligente de red<br \/>Advertencias de eventos anormales<br \/>Configuraci\u00f3n unificada<br \/>Programa de reinicio<br \/>Configuraci\u00f3n del portal cautivo<br \/>Otros<br \/>Certificaciones CE, FCC, RoHS<br \/>Contenido del Paquete Omada Hardware Controller OC300<br \/>Quick Installation Guide<br \/>Ethernet Cable<br \/>Power Cord<br \/>Rackmount Kit<br \/>Requisitos del sistema Microsoft Windows10, 8, 7,Vista, XP o MAC OS,<br \/>NetWare, UNIX o Linux<br \/>Factores Ambientales Operating Temperature: 050 (32122 )<br \/>Storage Temperature: -4070 (-40158 )<br \/>Operating Humidity: 1090% RH non-condensing<br \/>Storage Humidity: 590% RH non-condensing<\/p>\n","protected":false},"excerpt":{"rendered":"<p>Controlador omada tp &#8211; link oc300 2 puertos ethernet 1 puerto usb 3.0<\/p>\n","protected":false},"featured_media":239304,"comment_status":"open","ping_status":"open","template":"","meta":{"_et_pb_use_builder":"","_et_pb_old_content":"","_et_gb_content_width":""},"product_brand":[3946],"product_cat":[2058,3299,3261,4005],"product_tag":[3302,3264,3948],"class_list":{"0":"post-239303","1":"product","2":"type-product","3":"status-publish","4":"has-post-thumbnail","6":"product_brand-tp-link","7":"product_cat-dispositivos","8":"product_cat-puntos-de-acceso","9":"product_cat-redes","10":"product_cat-tp-link-puntos-de-acceso","11":"product_tag-puntos-de-acceso","12":"product_tag-redes","13":"product_tag-tp-link","14":"product_shipping_class-2088","15":"pa_canon-digital-impuesto-incluido-de-0-e","16":"pa_categoria-redes","17":"pa_marca-tp-link","18":"pa_peso-4168","19":"pa_referencia-mgs0000012572","21":"first","22":"instock","23":"sale","24":"taxable","25":"shipping-taxable","26":"purchasable","27":"product-type-simple"},"_links":{"self":[{"href":"https:\/\/linkxa.es\/linkshop\/wp-json\/wp\/v2\/product\/239303","targetHints":{"allow":["GET"]}}],"collection":[{"href":"https:\/\/linkxa.es\/linkshop\/wp-json\/wp\/v2\/product"}],"about":[{"href":"https:\/\/linkxa.es\/linkshop\/wp-json\/wp\/v2\/types\/product"}],"replies":[{"embeddable":true,"href":"https:\/\/linkxa.es\/linkshop\/wp-json\/wp\/v2\/comments?post=239303"}],"wp:featuredmedia":[{"embeddable":true,"href":"https:\/\/linkxa.es\/linkshop\/wp-json\/wp\/v2\/media\/239304"}],"wp:attachment":[{"href":"https:\/\/linkxa.es\/linkshop\/wp-json\/wp\/v2\/media?parent=239303"}],"wp:term":[{"taxonomy":"product_brand","embeddable":true,"href":"https:\/\/linkxa.es\/linkshop\/wp-json\/wp\/v2\/product_brand?post=239303"},{"taxonomy":"product_cat","embeddable":true,"href":"https:\/\/linkxa.es\/linkshop\/wp-json\/wp\/v2\/product_cat?post=239303"},{"taxonomy":"product_tag","embeddable":true,"href":"https:\/\/linkxa.es\/linkshop\/wp-json\/wp\/v2\/product_tag?post=239303"}],"curies":[{"name":"wp","href":"https:\/\/api.w.org\/{rel}","templated":true}]}}