{"id":239307,"date":"2025-09-09T20:16:43","date_gmt":"2025-09-09T20:16:43","guid":{"rendered":"https:\/\/linkxa.es\/contratacion\/producto\/punto-acceso-inalambrico-tp-link-eap610-ax1800\/"},"modified":"2025-12-08T12:49:14","modified_gmt":"2025-12-08T12:49:14","slug":"punto-acceso-inalambrico-tp-link-eap610-ax1800","status":"publish","type":"product","link":"https:\/\/linkxa.es\/linkshop\/producto\/punto-acceso-inalambrico-tp-link-eap610-ax1800\/","title":{"rendered":"Punto acceso inalambrico tp &#8211; link eap610 ax1800"},"content":{"rendered":"<div style=\"text-align: center; margin-bottom: 20px;\">\n<h2 style=\"font-size: 22px; font-weight: 600; margin: 0; color: #333;\">Tp &#8211; link\u00a0|\u00a0 Puntos de acceso<\/h2>\n<p><strong>Punto de acceso inalambrico tp &#8211; link eap610 ax1800<\/strong><\/p>\n<\/div>\n<p style=\"max-width: 700px; margin: 0px auto 30px; font-size: 18px; line-height: 1.6; color: #555555; font-style: italic; text-align: left;\">Punto de acceso WiFi 6 de montaje en techo AX1800<\/p>\n<p>WiFi ultrarr\u00e1pido 6 velocidades: 574 Mbps simult\u00e1neos en 2,4 GHz y 1201 Mbps en<br \/>5 GHz totalizan velocidades Wi-Fi de 1775 Mbps.<br \/>WiFi 6 de alta eficiencia: m\u00e1s dispositivos conectados pueden disfrutar de<br \/>velocidades m\u00e1s r\u00e1pidas.<br \/>Administraci\u00f3n centralizada en la nube: administrar toda la red localmente o<br \/>desde la nube a trav\u00e9s de la interfaz de usuario web o la aplicaci\u00f3n Omada.<br \/>Roaming continuo: incluso las transmisiones de video y las llamadas de voz no se<br \/>ven afectadas cuando los usuarios se mueven entre ubicaciones. \u00a7<br \/>Omada Mesh: permite la conectividad inal\u00e1mbrica entre los puntos de acceso<br \/>para un alcance extendido y una implementaci\u00f3n flexible. \u00a7<br \/>Alimentado por PoE+: admite CC (adaptador incluido), 802.3at PoE+ y PoE pasivo<br \/>para instalaciones flexibles.<br \/>Dise\u00f1o ultradelgado: 160 mm 33,6 mm El dise\u00f1o elegante aporta m\u00e1s agilidad.<br \/>Red de invitados segura: junto con m\u00faltiples opciones de autenticaci\u00f3n<br \/>(SMS\/Facebook Wi-Fi\/vale, etc.) y abundantes tecnolog\u00edas de seguridad inal\u00e1mbrica.<br \/>CARACTER\u00cdSTICAS DE HARDWARE<br \/>Interfaz 1 puerto Gigabit Ethernet (RJ-45)<br \/>Botones Restaurar a valores de f\u00e1brica<br \/>Fuente de Alimentaci\u00f3n V2 y superior:<br \/>PoE 802.3at<br \/>PoE pasivo de 48 V<br \/>12 V\/1,5 A CC (adaptador de corriente incluido)<br \/>Consumo de Potencia V2 y superior:<br \/>UE: 13,7 W (para PoE), 12,3 W (para CC)<br \/>EE. UU.: 14,2 W (para PoE), 12,8 W (para CC)<br \/>Dimensiones V2 y superior: 6.3 6.3 1.3 in (160 160 33.6 mm)<br \/>Tipo de Antena Antena omnidireccional interna<br \/>2,4 GHz: 2 4 dBi<br \/>5 GHz: 2 5 dBi<br \/>Montaje Montaje en Techo\/Pared (Kits incluidos)<br \/>Montaje en caja de conexiones<br \/>CARACTER\u00cdSTICAS INAL\u00c1MBRICAS<br \/>Est\u00e1ndares Inal\u00e1mbricos IEEE 802.11ax\/ac\/n\/g\/b\/a<br \/>Frecuencia 2,4 GHz y 5 GHz<br \/>Tasa de Se\u00f1al 5 GHz: hasta 1201 Mbps<br \/>2,4 GHz: hasta 574 Mbps<br \/>Funciones Inal\u00e1mbricas 1024-QAM<br \/>S\u00edmbolo OFDM 4 veces m\u00e1s largo<br \/>OFDMA<br \/>M\u00faltiples SSID (hasta 16 SSID, 8 para cada banda)<br \/>Habilitar\/deshabilitar la radio inal\u00e1mbrica<br \/>Asignaci\u00f3n autom\u00e1tica de canales<br \/>Control de potencia de transmisi\u00f3n (Ajuste de potencia de transmisi\u00f3n en dBm)<br \/>QoS (WMM)<br \/>MU-MIMO<br \/>Roaming continuo \u00a7<br \/>Malla Omada\u00a7<br \/>Direcci\u00f3n de banda<br \/>Equilibrio de carga<br \/>Equidad de tiempo aire<br \/>Formaci\u00f3n de haces<br \/>L\u00edmite de tarifa<br \/>Horario de reinicio<br \/>Horario inal\u00e1mbrico<br \/>Estad\u00edsticas inal\u00e1mbricas basadas en SSID\/AP\/Cliente<br \/>Seguridad Inal\u00e1mbrica Autenticaci\u00f3n de portal cautivo\u00a7<br \/>Control de acceso<br \/>Filtrado de Direcciones MAC Inal\u00e1mbricas<br \/>Aislamiento inal\u00e1mbrico entre clientes<br \/>Asignaci\u00f3n de SSID a VLAN<br \/>Detecci\u00f3n de puntos de acceso no autorizados<br \/>Compatibilidad con 802.1X<br \/>WPA-Personal\/Empresa, WPA2-Personal\/Empresa, WPA3-Personal\/Empresa<br \/>Potencia de Transmisi\u00f3n CE:<br \/>&#038;lt,20 dBm(2.4 GHz, EIRP)<br \/>&#038;lt,23 dBm(5 GHz banda1\/2, EIRP) &#038;lt,25 dBm (5 GHz banda3)<\/p>\n<p>FCC:<br \/>&#038;lt,25 dBm (2.4 GHz)<br \/>&#038;lt,25 dBm (5 GHz)<br \/>GESTI\u00d3N<br \/>Omada App S\u00ed<br \/>Gesti\u00f3n Centralizada Controlador basado en la nube Omada<br \/>Controlador de hardware Omada (OC300)<br \/>Controlador de hardware Omada (OC200)<br \/>Controlador de software Omada<br \/>Acceso a la nube Si, v\u00eda:<br \/>OC300<br \/>OC200<br \/>Controlador de software Omada<br \/>Controlador basado en la nube Omada<br \/>Alertas por Correo Electr\u00f3nico S\u00ed<br \/>LED de control ON \/ OFF S\u00ed<br \/>Control de Gesti\u00f3n de Acceso MAC S\u00ed<br \/>SNMP v1, v2c, v3<br \/>Acceso al Registro de Sistema Local\/ Registro del Sistema Remoto Syslog<br \/>local\/remoto<br \/>SSH S\u00ed<br \/>Gesti\u00f3n basada en Web HTTP\/HTTPS<br \/>Gesti\u00f3n L3 S\u00ed<br \/>Gesti\u00f3n Multi-sitio S\u00ed<br \/>VLAN de Gesti\u00f3n S\u00ed<br \/>Aprovisionamiento sin contacto S\u00ed. Requiere el uso del controlador basado en<br \/>la nube de Omada<br \/>Otros<br \/>Certificaciones CE, FCC, RoHS<br \/>Contenido del Paquete EAP610<br \/>Adaptador de corriente<br \/>Kits de montaje en techo\/pared<br \/>Gu\u00eda de instalaci\u00f3n<br \/>Requisitos del sistema Microsoft Windows XP, Vista, Windows 7, Windows 8,<br \/>Windows10, Linux<br \/>Factores Ambientales Temperatura de funcionamiento: 040 (32104 )<br \/>Temperatura de almacenamiento: -4070 (-40158 )<br \/>Humedad de funcionamiento: 1090 % de HR sin condensaci\u00f3n<br \/>Humedad de almacenamiento: 590 % de HR sin condensaci\u00f3n<\/p>\n","protected":false},"excerpt":{"rendered":"<p>Punto de acceso inalambrico tp &#8211; link eap610 ax1800<\/p>\n","protected":false},"featured_media":239308,"comment_status":"open","ping_status":"open","template":"","meta":{"_et_pb_use_builder":"","_et_pb_old_content":"","_et_gb_content_width":""},"product_brand":[3946],"product_cat":[2058,3299,3261,4005],"product_tag":[3302,3264,3948],"class_list":{"0":"post-239307","1":"product","2":"type-product","3":"status-publish","4":"has-post-thumbnail","6":"product_brand-tp-link","7":"product_cat-dispositivos","8":"product_cat-puntos-de-acceso","9":"product_cat-redes","10":"product_cat-tp-link-puntos-de-acceso","11":"product_tag-puntos-de-acceso","12":"product_tag-redes","13":"product_tag-tp-link","14":"product_shipping_class-2059","15":"pa_canon-digital-impuesto-incluido-de-0-e","16":"pa_categoria-redes","17":"pa_marca-tp-link","18":"pa_peso-4150","19":"pa_referencia-mgs0000012573","21":"first","22":"instock","23":"sale","24":"taxable","25":"shipping-taxable","26":"purchasable","27":"product-type-simple"},"_links":{"self":[{"href":"https:\/\/linkxa.es\/linkshop\/wp-json\/wp\/v2\/product\/239307","targetHints":{"allow":["GET"]}}],"collection":[{"href":"https:\/\/linkxa.es\/linkshop\/wp-json\/wp\/v2\/product"}],"about":[{"href":"https:\/\/linkxa.es\/linkshop\/wp-json\/wp\/v2\/types\/product"}],"replies":[{"embeddable":true,"href":"https:\/\/linkxa.es\/linkshop\/wp-json\/wp\/v2\/comments?post=239307"}],"wp:featuredmedia":[{"embeddable":true,"href":"https:\/\/linkxa.es\/linkshop\/wp-json\/wp\/v2\/media\/239308"}],"wp:attachment":[{"href":"https:\/\/linkxa.es\/linkshop\/wp-json\/wp\/v2\/media?parent=239307"}],"wp:term":[{"taxonomy":"product_brand","embeddable":true,"href":"https:\/\/linkxa.es\/linkshop\/wp-json\/wp\/v2\/product_brand?post=239307"},{"taxonomy":"product_cat","embeddable":true,"href":"https:\/\/linkxa.es\/linkshop\/wp-json\/wp\/v2\/product_cat?post=239307"},{"taxonomy":"product_tag","embeddable":true,"href":"https:\/\/linkxa.es\/linkshop\/wp-json\/wp\/v2\/product_tag?post=239307"}],"curies":[{"name":"wp","href":"https:\/\/api.w.org\/{rel}","templated":true}]}}