{"id":239312,"date":"2025-08-29T22:26:47","date_gmt":"2025-08-29T22:26:47","guid":{"rendered":"https:\/\/linkxa.es\/contratacion\/producto\/punto-acceso-tp-link-wifi-6-interior\/"},"modified":"2025-12-08T12:49:37","modified_gmt":"2025-12-08T12:49:37","slug":"punto-acceso-tp-link-wifi-6-interior","status":"publish","type":"product","link":"https:\/\/linkxa.es\/linkshop\/producto\/punto-acceso-tp-link-wifi-6-interior\/","title":{"rendered":"Punto acceso tp &#8211; link wifi 6 interior"},"content":{"rendered":"<div style=\"text-align: center; margin-bottom: 20px;\">\n<h2 style=\"font-size: 22px; font-weight: 600; margin: 0; color: #333;\">Tp &#8211; link\u00a0|\u00a0 Puntos de acceso<\/h2>\n<p><strong>Punto de acceso tp &#8211; link wifi 6 interior &#8211; exterior ax1800<\/strong><\/p>\n<\/div>\n<p style=\"max-width: 700px; margin: 0px auto 30px; font-size: 18px; line-height: 1.6; color: #555555; font-style: italic; text-align: left;\">Punto de Acceso Wi-Fi 6 Interior \/ Exterior AX1800<\/p>\n<p>Velocidades WiFi 6 superiores: ofrece velocidades de doble banda de hasta 1,8<br \/>Gbps con la tecnolog\u00eda WiFi 6 m\u00e1s reciente<br \/>Mayor eficiencia de red: disfrute de velocidades m\u00e1s r\u00e1pidas en m\u00e1s dispositivos<br \/>con menos retraso a trav\u00e9s de OFDMA y MU-MIMO<br \/>Cobertura de largo alcance: amplificador de alta potencia dedicado y antenas<br \/>profesionales con carcasa resistente a la intemperie IP67<br \/>Tecnolog\u00eda Omada Mesh: permite la conectividad inal\u00e1mbrica entre los puntos de<br \/>acceso para un alcance extendido y una implementaci\u00f3n flexible**<br \/>Mant\u00e9ngase fluido con Fast Roaming: los usuarios pueden disfrutar de una<br \/>transmisi\u00f3n continua en toda la propiedad con sus dispositivos cambiando sin<br \/>esfuerzo entre los puntos de acceso**<br \/>Gesti\u00f3n centralizada de la nube: se integra en Omada SDN para el acceso a la<br \/>nube y la gesti\u00f3n remota<br \/>CARACTER\u00cdSTICAS DE HARDWARE<br \/>Interfaz 1 puerto Gigabit Ethernet (RJ-45) (compatible con PoE 802.3at y PoE<br \/>pasivo) Botones Restablecer a valores de f\u00e1brica<br \/>Fuente de Alimentaci\u00f3n 802.3at PoE<br \/>PoE pasivo de 48 V \/ 0,5 A (adaptador PoE incluido)<br \/>Consumo de Potencia UE: 12,5 W (802.3at PoE o PoE pasivo)<br \/>EE. UU.: 14,7 W (802.3at PoE o PoE pasivo)<br \/>Dimensiones 280,4 106,5 56,8 mm (sin antena ni kit de montaje)<br \/>Antenas 2.4 GHz: 2 4 dBi<br \/>5 GHz: 2 5 dBi<br \/>Carcasa resistente a la intemperie IP67<br \/>Montaje Montaje en poste \/ pared (kits incluidos)<br \/>CARACTER\u00cdSTICAS INAL\u00c1MBRICAS<br \/>Est\u00e1ndares Inal\u00e1mbricos IEEE 802.11ax\/ac\/n\/g\/b\/a<br \/>Frecuencia 2.4 GHz, 5 GHz<br \/>Tasa de Se\u00f1al 802.11ax: 8 Mbps a 1201 Mbps (MCS0-MCS11, NSS = 1 a 2 HE20<br \/>\/ 40\/80)<br \/>802.11ac: 6,5 Mbps a 867 Mbps (MCS0-MCS9, NSS = 1 a 2 VHT20 \/ 40\/80)<br \/>802.11n: de 6,5 Mbps a 300 Mbps (MCS0-MCS15, VHT 20\/40)<br \/>802.11g: 6, 9, 12, 18, 24, 36, 48, 54 Mbps<br \/>802.11b: 1, 2, 5,5, 11 Mbps<br \/>802.11a: 6, 9, 12, 18, 24, 36, 48, 54 Mbps<br \/>Potencia de Transmisi\u00f3n CE: &#038;lt,20 dBm (2,4 GHz, EIRP), &#038;lt,30 dBm (5 GHz, EIRP)<br \/>FCC: &#038;lt,25 dBm (2,4 GHz), &#038;lt,25 dBm (5 GHz)<br \/>Funciones Inal\u00e1mbricas 1024-QAM<br \/>S\u00edmbolo OFDM 4 veces m\u00e1s largo<br \/>OFDMA<br \/>M\u00faltiples SSID (hasta 16 SSID, 8 para cada banda)<br \/>Activar \/ desactivar radio inal\u00e1mbrica<br \/>Asignaci\u00f3n autom\u00e1tica de canales<br \/>Control de potencia de transmisi\u00f3n (ajuste la potencia de transmisi\u00f3n en dBm)<br \/>QoS (WMM)<br \/>MU-MIMO<br \/>Malla Omada **<br \/>Roaming sin interrupciones **<br \/>Direcci\u00f3n de banda<br \/>Equilibrio de carga<br \/>Equidad de tiempo aire<br \/>Formaci\u00f3n de haz<br \/>L\u00edmite de tarifa<br \/>Programa de reinicio<br \/>Horario inal\u00e1mbrico<br \/>Estad\u00edsticas inal\u00e1mbricas basadas en SSID \/ AP \/ Client<br \/>Seguridad Inal\u00e1mbrica Autenticaci\u00f3n de portal cautivo **<br \/>Control de acceso<br \/>Filtrado de Direcciones MAC Inal\u00e1mbricas<br \/>Aislamiento inal\u00e1mbrico entre clientes<br \/>Asignaci\u00f3n de SSID a VLAN<br \/>Detecci\u00f3n de puntos de acceso no autorizados<br \/>Soporte 802.1X<br \/>WEP, WPA-Personal \/ Enterprise, WPA2-Personal \/ Enterprise, WPA3-Personal \/<br \/>Enterprise<br \/>GESTI\u00d3N<br \/>Omada App S\u00ed<br \/>Gesti\u00f3n Centralizada Controlador Omada basado en la nube<br \/>Controlador de hardware Omada (OC300)<br \/>Controlador de hardware Omada (OC200)<br \/>Controlador de software Omada<br \/>Acceso a la nube Si, a traves<br \/>OC300<br \/>OC200<br \/>Controlador de software Omada<br \/>Alertas por Correo Electr\u00f3nico S\u00ed<br \/>Control de Gesti\u00f3n de Acceso MAC S\u00ed<br \/>SNMP v1, v2c<br \/>Acceso al Registro de Sistema Local\/ Registro del Sistema Remoto S\u00ed<br \/>SSH S\u00ed<br \/>Gesti\u00f3n basada en Web S\u00ed<br \/>Gesti\u00f3n L3 S\u00ed<br \/>Gesti\u00f3n Multi-sitio S\u00ed<br \/>VLAN de Gesti\u00f3n S\u00ed<br \/>Aprovisionamiento sin contacto S\u00ed. Requiere el uso del controlador basado en<br \/>la nube de Omada (compatible con EAP610-Outdoor v1.20 y superior, mientras que<br \/>no es compatible con EAP610-Outdoor v1.0).<br \/>Otros<br \/>Certificaciones CE, FCC, RoHS<br \/>Contenido del Paquete Punto de acceso EAP610-Outdoor<br \/>Adaptador PoE pasivo<br \/>Cable de alimentaci\u00f3n<br \/>Kits de montaje<br \/>Kits impermeables<br \/>Antena impermeable<br \/>Gu\u00eda de instalaci\u00f3n<br \/>Requisitos del sistema Microsoft Windows XP, Vista, Windows 7, Windows 8,<br \/>Windows10, Windows11, Linux<br \/>Factores Ambientales Temperatura de funcionamiento: -3070 (-22158<br \/>)<br \/>Temperatura de almacenamiento: -4070 (-40158 )<br \/>Humedad de funcionamiento: 10 a 90% de humedad relativa sin condensaci\u00f3n<br \/>Humedad de almacenamiento: 590% de humedad relativa sin condensaci\u00f3n<\/p>\n","protected":false},"excerpt":{"rendered":"<p>Punto de acceso tp &#8211; link wifi 6 interior &#8211; exterior ax1800<\/p>\n","protected":false},"featured_media":239313,"comment_status":"open","ping_status":"open","template":"","meta":{"_et_pb_use_builder":"","_et_pb_old_content":"","_et_gb_content_width":""},"product_brand":[3946],"product_cat":[2058,3299,3261,4005],"product_tag":[3302,3264,3948],"class_list":{"0":"post-239312","1":"product","2":"type-product","3":"status-publish","4":"has-post-thumbnail","6":"product_brand-tp-link","7":"product_cat-dispositivos","8":"product_cat-puntos-de-acceso","9":"product_cat-redes","10":"product_cat-tp-link-puntos-de-acceso","11":"product_tag-puntos-de-acceso","12":"product_tag-redes","13":"product_tag-tp-link","14":"product_shipping_class-2059","15":"pa_canon-digital-impuesto-incluido-de-0-e","16":"pa_categoria-redes","17":"pa_marca-tp-link","18":"pa_peso-4171","19":"pa_referencia-mgs0000012578","21":"first","22":"instock","23":"sale","24":"taxable","25":"shipping-taxable","26":"purchasable","27":"product-type-simple"},"_links":{"self":[{"href":"https:\/\/linkxa.es\/linkshop\/wp-json\/wp\/v2\/product\/239312","targetHints":{"allow":["GET"]}}],"collection":[{"href":"https:\/\/linkxa.es\/linkshop\/wp-json\/wp\/v2\/product"}],"about":[{"href":"https:\/\/linkxa.es\/linkshop\/wp-json\/wp\/v2\/types\/product"}],"replies":[{"embeddable":true,"href":"https:\/\/linkxa.es\/linkshop\/wp-json\/wp\/v2\/comments?post=239312"}],"wp:featuredmedia":[{"embeddable":true,"href":"https:\/\/linkxa.es\/linkshop\/wp-json\/wp\/v2\/media\/239313"}],"wp:attachment":[{"href":"https:\/\/linkxa.es\/linkshop\/wp-json\/wp\/v2\/media?parent=239312"}],"wp:term":[{"taxonomy":"product_brand","embeddable":true,"href":"https:\/\/linkxa.es\/linkshop\/wp-json\/wp\/v2\/product_brand?post=239312"},{"taxonomy":"product_cat","embeddable":true,"href":"https:\/\/linkxa.es\/linkshop\/wp-json\/wp\/v2\/product_cat?post=239312"},{"taxonomy":"product_tag","embeddable":true,"href":"https:\/\/linkxa.es\/linkshop\/wp-json\/wp\/v2\/product_tag?post=239312"}],"curies":[{"name":"wp","href":"https:\/\/api.w.org\/{rel}","templated":true}]}}