{"id":239323,"date":"2025-04-06T12:02:43","date_gmt":"2025-04-06T12:02:43","guid":{"rendered":"https:\/\/linkxa.es\/contratacion\/producto\/punto-acceso-inalambrico-tp-link-eap110-outdoor-n\/"},"modified":"2025-12-08T12:50:52","modified_gmt":"2025-12-08T12:50:52","slug":"punto-acceso-inalambrico-tp-link-eap110-outdoor-n","status":"publish","type":"product","link":"https:\/\/linkxa.es\/linkshop\/producto\/punto-acceso-inalambrico-tp-link-eap110-outdoor-n\/","title":{"rendered":"Punto acceso inalambrico tp &#8211; link eap110 &#8211; outdoor n"},"content":{"rendered":"<div style=\"text-align: center; margin-bottom: 20px;\">\n<h2 style=\"font-size: 22px; font-weight: 600; margin: 0; color: #333;\">Tp &#8211; link\u00a0|\u00a0 Puntos de acceso<\/h2>\n<p><strong>Punto de acceso inalambrico tp &#8211; link eap110 &#8211; outdoor n a 300mbps exterior<\/strong><\/p>\n<\/div>\n<p style=\"max-width: 700px; margin: 0px auto 30px; font-size: 18px; line-height: 1.6; color: #555555; font-style: italic; text-align: left;\">Punto de Acceso Inal\u00e1mbrico N a 300Mbps de Exterior<\/p>\n<p>Ideal para entornos exteriores : carcasa resistente a la intemperie IP65 para<br \/>aplicaciones Wi-Fi en exteriores.<br \/>Wi-Fi r\u00e1pido : Wi-Fi de hasta 300Mbps con 2\u00d72 MIMO.<br \/>Cobertura de largo alcance : amplificador de alta potencia dedicado y antenas<br \/>profesionales.<br \/>Integrado en Omada SDN : Gesti\u00f3n centralizada en la nube y Monitoreo<br \/>inteligente.<br \/>Gesti\u00f3n centralizada : Acceso a la nube y aplicaci\u00f3n Omada para una m\u00e1xima<br \/>comodidad y una gesti\u00f3n sencilla.*<br \/>Compatibilidad con PoE : admite PoE pasivo (adaptador PoE incluido) para una<br \/>implementaci\u00f3n conveniente.<br \/>Red de invitados segura : junto con m\u00faltiples opciones de autenticaci\u00f3n<br \/>(SMS\/Facebook Wi-Fi\/vale, etc.) y abundantes tecnolog\u00edas de seguridad inal\u00e1mbrica.*<br \/>CARACTER\u00cdSTICAS DE HARDWARE<br \/>Interfaz Puerto Fast Ethernet (RJ-45) (Soporta PoE Pasivo)<br \/>Botones Reset<br \/>Fuente de Alimentaci\u00f3n PoE Pasivo 24V (+4,5pins, -7,8pins. Adaptador PoE<br \/>Incluido)<br \/>Consumo de Potencia 3.12 W<br \/>Dimensiones 209 \u00d7 95 \u00d7 42.6 mm. (8.2 \u00d7 3.7 \u00d7 1.7 in)<br \/>Tipo de Antena 2 Antenas Externas Omnidireccionales impermeables de 3dBi<br \/>Carcasa resistente a la intemperie IP65<br \/>Montaje Montaje de Pared\/M\u00e1stil (Kits incluidos)<br \/>CARACTER\u00cdSTICAS INAL\u00c1MBRICAS<br \/>Est\u00e1ndares Inal\u00e1mbricos IEEE 802.11n\/g\/b<br \/>Frecuencia 2.4GHz<br \/>Tasa de Se\u00f1al 11n: Up to 300Mbps(din\u00e1mico)<br \/>11g: Up to 54Mbps(din\u00e1mico)<br \/>11b: Up to 11Mbps(din\u00e1mico)<br \/>Potencia de Transmisi\u00f3n CE: 20 dBm (EIRP)<br \/>FCC: 22 dBm<br \/>Funciones Inal\u00e1mbricas M\u00faltiples SSIDsHasta 8 SSIDs<br \/>Habilitar\/Deshabilitar Emisi\u00f3n Inal\u00e1mbrica<br \/>Asignaci\u00f3n Autom\u00e1tica de Canales<br \/>Control de Transmisi\u00f3n de PotenciaAjuste de Potencia de Transmisi\u00f3n en dBm<br \/>QoS(WMM)<br \/>Balanceo de Cargo<br \/>Tasa L\u00edmite<br \/>Programaci\u00f3n de Reinicios<br \/>Programaci\u00f3n Inal\u00e1mbrica<br \/>Estad\u00edsticas Inal\u00e1mbricas basadas en SSID\/AP\/Cliente<br \/>Seguridad Inal\u00e1mbrica Autenticaci\u00f3n mediante Portal Cautivo<br \/>Control de Acceso<br \/>Filtrado Inal\u00e1mbrico de Direcci\u00f3nes MAC<br \/>Aislamiento Inal\u00e1mbrico entre Clientes<br \/>Mapeo SSID a VLAN<br \/>Detecci\u00f3n de AP No Autorizado<br \/>Soporte 802.1X<br \/>64\/128\/152-bit WEP \/ WPA \/ WPA2-Enterprise,<br \/>WPA-PSK \/ WPA2-PSK<br \/>GESTI\u00d3N<br \/>Omada App S\u00ed<br \/>Gesti\u00f3n Centralizada Controlador basado en la nube Omada<br \/>Controlador de hardware Omada (OC300)<br \/>Controlador de hardware Omada (OC200)<br \/>Controlador de software Omada<br \/>Acceso a la nube S\u00ed (a trav\u00e9s de OC300, OC200, Controlador Omada en la nube o<br \/>Controlador Omada Software)<br \/>Alertas por Correo Electr\u00f3nico S\u00ed<br \/>LED de control ON \/ OFF S\u00ed<br \/>Control de Gesti\u00f3n de Acceso MAC S\u00ed<br \/>SNMP S\u00ed<br \/>Acceso al Registro de Sistema Local\/ Registro del Sistema Remoto S\u00ed<br \/>SSH S\u00ed<br \/>Gesti\u00f3n basada en Web HTTP\/HTTPS<br \/>Gesti\u00f3n L3 S\u00ed<br \/>Gesti\u00f3n Multi-sitio S\u00ed<br \/>VLAN de Gesti\u00f3n S\u00ed<br \/>Otros<br \/>Certificaciones CE, FCC, RoHS<br \/>Contenido del Paquete Punto de Acceso Inal\u00e1mbrico N a 300Mbps de Exterior,<br \/>EAP110-Outdoor<br \/>Adaptador PoE Pasivo<br \/>Cable de Alimentaci\u00f3n<br \/>Kit de Montaje<br \/>Goma Impermeable a la Penetraci\u00f3n<br \/>Antenas Impermeables<br \/>Gu\u00eda de Instalaci\u00f3n<br \/>Requisitos del sistema Microsoft Windows XP, Vista, Windows 7, Windows 8,<br \/>Windows10, Linux, MAC (navegador web)<br \/>Factores Ambientales Temperatura de Funcionamiento: -30~65 (-<br \/>22~149)<br \/>Temperatura de Almacenamiento: -40~70 (-40~158)<br \/>Humedad de Funcionamiento: 10%~90% sin condensaci\u00f3n<br \/>Humedad de Almacenamiento: 5%~90% sin condensaci\u00f3n<\/p>\n","protected":false},"excerpt":{"rendered":"<p>Punto de acceso inalambrico tp &#8211; link eap110 &#8211; outdoor n a 300mbps exterior<\/p>\n","protected":false},"featured_media":239324,"comment_status":"open","ping_status":"open","template":"","meta":{"_et_pb_use_builder":"","_et_pb_old_content":"","_et_gb_content_width":""},"product_brand":[3946],"product_cat":[2058,3299,3261,4005],"product_tag":[3302,3264,3948],"class_list":{"0":"post-239323","1":"product","2":"type-product","3":"status-publish","4":"has-post-thumbnail","6":"product_brand-tp-link","7":"product_cat-dispositivos","8":"product_cat-puntos-de-acceso","9":"product_cat-redes","10":"product_cat-tp-link-puntos-de-acceso","11":"product_tag-puntos-de-acceso","12":"product_tag-redes","13":"product_tag-tp-link","14":"product_shipping_class-2088","15":"pa_canon-digital-impuesto-incluido-de-0-e","16":"pa_categoria-redes","17":"pa_marca-tp-link","18":"pa_peso-3969","19":"pa_referencia-mgs0000012587","21":"first","22":"instock","23":"sale","24":"taxable","25":"shipping-taxable","26":"purchasable","27":"product-type-simple"},"_links":{"self":[{"href":"https:\/\/linkxa.es\/linkshop\/wp-json\/wp\/v2\/product\/239323","targetHints":{"allow":["GET"]}}],"collection":[{"href":"https:\/\/linkxa.es\/linkshop\/wp-json\/wp\/v2\/product"}],"about":[{"href":"https:\/\/linkxa.es\/linkshop\/wp-json\/wp\/v2\/types\/product"}],"replies":[{"embeddable":true,"href":"https:\/\/linkxa.es\/linkshop\/wp-json\/wp\/v2\/comments?post=239323"}],"wp:featuredmedia":[{"embeddable":true,"href":"https:\/\/linkxa.es\/linkshop\/wp-json\/wp\/v2\/media\/239324"}],"wp:attachment":[{"href":"https:\/\/linkxa.es\/linkshop\/wp-json\/wp\/v2\/media?parent=239323"}],"wp:term":[{"taxonomy":"product_brand","embeddable":true,"href":"https:\/\/linkxa.es\/linkshop\/wp-json\/wp\/v2\/product_brand?post=239323"},{"taxonomy":"product_cat","embeddable":true,"href":"https:\/\/linkxa.es\/linkshop\/wp-json\/wp\/v2\/product_cat?post=239323"},{"taxonomy":"product_tag","embeddable":true,"href":"https:\/\/linkxa.es\/linkshop\/wp-json\/wp\/v2\/product_tag?post=239323"}],"curies":[{"name":"wp","href":"https:\/\/api.w.org\/{rel}","templated":true}]}}