{"id":239327,"date":"2025-09-19T01:21:07","date_gmt":"2025-09-19T01:21:07","guid":{"rendered":"https:\/\/linkxa.es\/contratacion\/producto\/punto-acceso-wifi-exterior-tp-link-cpe710\/"},"modified":"2025-12-08T12:51:14","modified_gmt":"2025-12-08T12:51:14","slug":"punto-acceso-wifi-exterior-tp-link-cpe710","status":"publish","type":"product","link":"https:\/\/linkxa.es\/linkshop\/producto\/punto-acceso-wifi-exterior-tp-link-cpe710\/","title":{"rendered":"Punto acceso wifi exterior tp &#8211; link cpe710"},"content":{"rendered":"<div style=\"text-align: center; margin-bottom: 20px;\">\n<h2 style=\"font-size: 22px; font-weight: 600; margin: 0; color: #333;\">Tp &#8211; link\u00a0|\u00a0 Puntos de acceso<\/h2>\n<p><strong>Punto de acceso wifi exterior tp &#8211; link cpe710 ac867<\/strong><\/p>\n<\/div>\n<p style=\"max-width: 700px; margin: 0px auto 30px; font-size: 18px; line-height: 1.6; color: #555555; font-style: italic; text-align: left;\">CPE710<br \/>CPE de Exterior 5GHz AC 867Mbps 23dBi<\/p>\n<p>802.11ac para hasta 867 Mbps con una velocidad de datos inal\u00e1mbrica de 5<br \/>GHz* 1 MIMO 22 direccional de alta ganancia de 23 dBi, ideal para<br \/>transmisiones inal\u00e1mbricas de largo alcance de hasta 30 km* 2<br \/>Excelente directividad del haz, latencia mejorada y cancelaci\u00f3n de ruido<br \/>Las innovadoras piezas de cierre a presi\u00f3n permiten un montaje r\u00e1pido y un<br \/>dise\u00f1o estructural resistente mantiene el CPE710 estable incluso con vientos<br \/>fuertes La carcasa duradera y resistente a la intemperie IP65 m\u00e1s la<br \/>protecci\u00f3n contra rayos ESD de 15 kV y 6 kV garantiza la idoneidad para todo<br \/>tipo de clima* 3 Pharos Control ofrece a los administradores un sistema de<br \/>gesti\u00f3n centralizado y gratuito<br \/>Admite PoE pasivo para permitir una implementaci\u00f3n flexible y una<br \/>instalaci\u00f3n conveniente<br \/>CARACTER\u00cdSTICAS DE HARDWARE<br \/>Procesador Qualcomm 750MHz CPU, MIPS 74Kc<br \/>Memoria 128 MB DDR2 RAM, 16 MB Flash<br \/>Interfaz 1 Puerto 10\/100\/1000 Mbps Shielded Ethernet (LAN\/POE)<br \/>1 Bot\u00f3n Reset<br \/>Fuente de Alimentaci\u00f3n Passive Power over Ethernet via LAN (+4,5pins &#8211;<br \/>7,8pins)<br \/>Voltage range: 16-27V DC<br \/>Dimensiones 366 x 280 x 207 mm (14.4 x 11.0 x 8.1 in.)<br \/>Ganancia de Antena 23 dBi<br \/>Ancho de haz de la Antena 9 (Azimuth)\/7 (Elevation)<br \/>Protecci\u00f3n 15 KV Protecci\u00f3n ESD<br \/>6 KV Protecci\u00f3n contra rayos<br \/>Carcasa Material: Plastico Exterior PC<br \/>Prueba Intemperie: IP65 Dise\u00f1o anti agua y polvo<br \/>CARACTER\u00cdSTICAS INAL\u00c1MBRICAS<br \/>Est\u00e1ndares Inal\u00e1mbricos IEEE 802.11a\/n\/ac<br \/>Velocidad Inal\u00e1mbrica Up to 867 Mbps (80 MHz, Dynamic)<br \/>Up to 400 Mbps (40 MHz, Dynamic)<br \/>Up to 173.4 Mbps (20 MHz, Dynamic)<br \/>Frecuencia 5.155.85 GHz<br \/>Potencia de Transmisi\u00f3n Max. 27 dBm (Potencia ajustable 1dBm)<br \/>CARACTER\u00cdSTICAS DE SOFTWARE<br \/>Configuraci\u00f3n de Red WAN: est\u00e1tico \/ din\u00e1mico \/ PPPoE<br \/>LAN: Est\u00e1tica \/ Din\u00e1mica \/ DHCP<br \/>Reenv\u00edo: ALG \/ UPnP \/ Servidor virtual \/ Activador de puertos<br \/>Seguridad: Firewall SPI \/ Ping prohibido \/ Protecci\u00f3n DoS<br \/>Control de acceso<br \/>enrutamiento estatico<br \/>Control de Ancho de Banda<br \/>Enlace de IP y MAC<br \/>Configuraciones Inal\u00e1mbricas Ancho de canal seleccionable: 20\/40\/80 MHz<br \/>Selecci\u00f3n autom\u00e1tica de canales<br \/>Control de potencia de transmisi\u00f3n<br \/>Selecci\u00f3n de frecuencia din\u00e1mica (DFS)<br \/>WDS Habilitar \/ Deshabilitar<br \/>Seguridad: Cifrado WPA \/ WPA2, WPA-PSK \/ WPA2-PSK (AES \/ TKIP),<br \/>SSID Broadcast Habilitar \/ Deshabilitar<br \/>Multi-SSID con etiquetado VLAN (solo modo AP)<br \/>Distancia \/ Configuraci\u00f3n de tiempo de espera ACK<br \/>filtro direcci\u00f3n MAC in\u00e1lambrico<br \/>Inal\u00e1mbrica avanzada:<br \/>Intervalo de baliza \/ Umbral RTS \/ Umbral de fragmentaci\u00f3n \/ Intervalo DTIM \/<br \/>Aislamiento AP \/ GI corto \/ Multimedia Wi-Fi<br \/>PtP de largo alcance<br \/>Gesti\u00f3n Descubrimiento y gesti\u00f3n remota a trav\u00e9s de la aplicaci\u00f3n Pharos<br \/>Control Administraci\u00f3n basada en web HTTP \/ HTTPS<br \/>Registro del sistema<br \/>Agente SNMP (v2c)<br \/>Ping Watch Dog<br \/>DDNS din\u00e1mico<br \/>Servidor SSH<br \/>Herramientas Del Sistema Indicadores: intensidad de la se\u00f1al \/ ruido \/<br \/>transmisi\u00f3n CCQ \/ CPU \/ memoria<br \/>Monitores: Rendimiento \/ Estaciones \/ Interfaces \/ ARP \/ Rutas \/ WAN \/ DHCP<br \/>Analizador de espectro<br \/>Prueba de velocidad<br \/>Silbido<br \/>Traceroute<br \/>Alineaci\u00f3n de la antena<br \/>Optimizaciones Nivel de Sistema IGMP Snooping Optimizado \/ Proxy para<br \/>aplicaciones multicast<br \/>CARACTER\u00cdSTICAS ADAPTADOR POE<br \/>Dimensiones(W*D*H) 85.843.929.7 mm<br \/>Interfaces 1 Toma AC con protecci\u00f3n tierra<br \/>1 Puerto 10\/100\/1000 Mbps Shielded Ethernet (Energ\u00eda + Datos)<br \/>1 Puerto 10\/100\/1000 Mbps Shielded Ethernet (Datos)<br \/>Bot\u00f3n Bot\u00f3n Reset Remoto<br \/>LEDs de Estado Power Verde<br \/>Entrada 100-240VAC, 50\/60Hz<br \/>Salida 24VDC, 0.5A Max<br \/>+4, 5pins -7, 8pins. (Soporte hasta 60m Energ\u00eda sobre Ethernet)<br \/>Eficiencia &#038;gt,84.29%<br \/>Certificaciones CE\/FCC\/UL\/IC\/GS\/PSB\/C-tick\/SAA\/S-Mark\/KC-mark<br \/>Otros<br \/>Certificaciones CE, FCC, RoHS, IP65, IC<br \/>Contenido del Paquete Outdoor Wireless CPE<br \/>Adaptador 24V 0.5A PoE Passivo PoE<br \/>Kit Montaje en M\u00e1stil<br \/>Cable de energ\u00eda AC<br \/>Gu\u00eda de Instalaci\u00f3n<br \/>Requisitos del sistema Microsoft Windows 98SE, NT, 2000, XP, Vista or<br \/>Windows 10, Windows 8, Windows 7, MAC OS, NetWare, UNIX o Linux.<br \/>Nota: se recomienda el uso de los siguiente navegadores web: Google<br \/>Chrome, Safari, Firefox.<br \/>Factores Ambientales Temperatura en funcionamiento: -40C~70C (-<br \/>40~158)<br \/>Temperatura de almacenamiento: -40~70 (-40~158)<br \/>Humedad en funcionamiento: 10%~90% sin condensaci\u00f3n<br \/>Humedad de almacenamiento: 5%~95% sin condensaci\u00f3n<\/p>\n","protected":false},"excerpt":{"rendered":"<p>Punto de acceso wifi exterior tp &#8211; link cpe710 ac867<\/p>\n","protected":false},"featured_media":239328,"comment_status":"open","ping_status":"open","template":"","meta":{"_et_pb_use_builder":"","_et_pb_old_content":"","_et_gb_content_width":""},"product_brand":[3946],"product_cat":[2058,3299,3261,4005],"product_tag":[3302,3264,3948],"class_list":{"0":"post-239327","1":"product","2":"type-product","3":"status-publish","4":"has-post-thumbnail","6":"product_brand-tp-link","7":"product_cat-dispositivos","8":"product_cat-puntos-de-acceso","9":"product_cat-redes","10":"product_cat-tp-link-puntos-de-acceso","11":"product_tag-puntos-de-acceso","12":"product_tag-redes","13":"product_tag-tp-link","14":"product_shipping_class-2088","15":"pa_canon-digital-impuesto-incluido-de-0-e","16":"pa_categoria-redes","17":"pa_marca-tp-link","18":"pa_peso-4178","19":"pa_referencia-mgs0000012590","21":"first","22":"instock","23":"sale","24":"taxable","25":"shipping-taxable","26":"purchasable","27":"product-type-simple"},"_links":{"self":[{"href":"https:\/\/linkxa.es\/linkshop\/wp-json\/wp\/v2\/product\/239327","targetHints":{"allow":["GET"]}}],"collection":[{"href":"https:\/\/linkxa.es\/linkshop\/wp-json\/wp\/v2\/product"}],"about":[{"href":"https:\/\/linkxa.es\/linkshop\/wp-json\/wp\/v2\/types\/product"}],"replies":[{"embeddable":true,"href":"https:\/\/linkxa.es\/linkshop\/wp-json\/wp\/v2\/comments?post=239327"}],"wp:featuredmedia":[{"embeddable":true,"href":"https:\/\/linkxa.es\/linkshop\/wp-json\/wp\/v2\/media\/239328"}],"wp:attachment":[{"href":"https:\/\/linkxa.es\/linkshop\/wp-json\/wp\/v2\/media?parent=239327"}],"wp:term":[{"taxonomy":"product_brand","embeddable":true,"href":"https:\/\/linkxa.es\/linkshop\/wp-json\/wp\/v2\/product_brand?post=239327"},{"taxonomy":"product_cat","embeddable":true,"href":"https:\/\/linkxa.es\/linkshop\/wp-json\/wp\/v2\/product_cat?post=239327"},{"taxonomy":"product_tag","embeddable":true,"href":"https:\/\/linkxa.es\/linkshop\/wp-json\/wp\/v2\/product_tag?post=239327"}],"curies":[{"name":"wp","href":"https:\/\/api.w.org\/{rel}","templated":true}]}}